{"id":69,"date":"2014-09-18T10:15:07","date_gmt":"2014-09-18T09:15:07","guid":{"rendered":"http:\/\/agora.xtec.cat\/iesdesales\/?page_id=69"},"modified":"2016-07-11T08:13:53","modified_gmt":"2016-07-11T07:13:53","slug":"menjador-escolar","status":"publish","type":"page","link":"https:\/\/agora.xtec.cat\/iesdesales\/serveis\/menjador-escolar\/","title":{"rendered":"Menjador escolar"},"content":{"rendered":"<p style=\"text-align: justify;\">La c<span class=\"txt1\">afeteria i menjador del centre disposa de <\/span>cuina pr\u00f2pia reformada completament al 2011. L&#8217;ambient \u00e9s familiar i agradable. Els menjars s\u00f3n casolans i de qualitat a preus econ\u00f2mics. \u00c9s obert tots els dies de dilluns a divendres.<\/p>\n<p><a href=\"http:\/\/agora.xtec.cat\/iesdesales\/wp-content\/uploads\/usu678\/2014\/09\/Cafeteria.jpg\"><img loading=\"lazy\" decoding=\"async\" class=\"alignnone size-full wp-image-2326\" src=\"http:\/\/agora.xtec.cat\/iesdesales\/wp-content\/uploads\/usu678\/2014\/09\/Cafeteria.jpg\" alt=\"Cafeteria\" width=\"689\" height=\"518\" srcset=\"https:\/\/agora.xtec.cat\/iesdesales\/wp-content\/uploads\/usu678\/2014\/09\/Cafeteria.jpg 689w, https:\/\/agora.xtec.cat\/iesdesales\/wp-content\/uploads\/usu678\/2014\/09\/Cafeteria-300x226.jpg 300w, https:\/\/agora.xtec.cat\/iesdesales\/wp-content\/uploads\/usu678\/2014\/09\/Cafeteria-200x150.jpg 200w\" sizes=\"auto, (max-width: 689px) 100vw, 689px\" \/><\/a><\/p>\n","protected":false},"excerpt":{"rendered":"<p>La cafeteria i menjador del centre disposa de cuina pr\u00f2pia reformada completament al 2011. L&#8217;ambient \u00e9s familiar i agradable. Els menjars s\u00f3n casolans i de qualitat a preus econ\u00f2mics. \u00c9s obert tots els dies de dilluns a divendres.<br \/>\n<a href=\"http:\/\/agora.xtec.cat\/iesdesales\/wp-content\/uploads\/usu678\/2014\/09\/Cafeteria.jpg\"><\/a><\/p>\n","protected":false},"author":1,"featured_media":0,"parent":63,"menu_order":20,"comment_status":"closed","ping_status":"closed","template":"page-templates\/side-menu.php","meta":{"_bbp_topic_count":0,"_bbp_reply_count":0,"_bbp_total_topic_count":0,"_bbp_total_reply_count":0,"_bbp_voice_count":0,"_bbp_anonymous_reply_count":0,"_bbp_topic_count_hidden":0,"_bbp_reply_count_hidden":0,"_bbp_forum_subforum_count":0,"footnotes":""},"class_list":["post-69","page","type-page","status-publish","hentry"],"post_mailing_queue_ids":[],"_links":{"self":[{"href":"https:\/\/agora.xtec.cat\/iesdesales\/wp-json\/wp\/v2\/pages\/69","targetHints":{"allow":["GET"]}}],"collection":[{"href":"https:\/\/agora.xtec.cat\/iesdesales\/wp-json\/wp\/v2\/pages"}],"about":[{"href":"https:\/\/agora.xtec.cat\/iesdesales\/wp-json\/wp\/v2\/types\/page"}],"author":[{"embeddable":true,"href":"https:\/\/agora.xtec.cat\/iesdesales\/wp-json\/wp\/v2\/users\/1"}],"replies":[{"embeddable":true,"href":"https:\/\/agora.xtec.cat\/iesdesales\/wp-json\/wp\/v2\/comments?post=69"}],"version-history":[{"count":3,"href":"https:\/\/agora.xtec.cat\/iesdesales\/wp-json\/wp\/v2\/pages\/69\/revisions"}],"predecessor-version":[{"id":2327,"href":"https:\/\/agora.xtec.cat\/iesdesales\/wp-json\/wp\/v2\/pages\/69\/revisions\/2327"}],"up":[{"embeddable":true,"href":"https:\/\/agora.xtec.cat\/iesdesales\/wp-json\/wp\/v2\/pages\/63"}],"wp:attachment":[{"href":"https:\/\/agora.xtec.cat\/iesdesales\/wp-json\/wp\/v2\/media?parent=69"}],"curies":[{"name":"wp","href":"https:\/\/api.w.org\/{rel}","templated":true}]}}