{"id":46,"date":"2014-09-17T16:53:45","date_gmt":"2014-09-17T16:53:45","guid":{"rendered":"http:\/\/agora.xtec.cat\/iesdesales\/?page_id=46"},"modified":"2020-07-31T17:50:16","modified_gmt":"2020-07-31T15:50:16","slug":"organigrama","status":"publish","type":"page","link":"https:\/\/agora.xtec.cat\/iesdesales\/linstitut\/organigrama\/","title":{"rendered":"Organigrama"},"content":{"rendered":"<p><img loading=\"lazy\" decoding=\"async\" class=\"alignnone size-large wp-image-5309\" src=\"https:\/\/agora.xtec.cat\/iesdesales\/wp-content\/uploads\/usu678\/2020\/07\/RE03.32_Organigrama_INS_Sales_20-21-813x1024.jpg\" alt=\"\" width=\"813\" height=\"1024\" srcset=\"https:\/\/agora.xtec.cat\/iesdesales\/wp-content\/uploads\/usu678\/2020\/07\/RE03.32_Organigrama_INS_Sales_20-21-813x1024.jpg 813w, https:\/\/agora.xtec.cat\/iesdesales\/wp-content\/uploads\/usu678\/2020\/07\/RE03.32_Organigrama_INS_Sales_20-21-238x300.jpg 238w, https:\/\/agora.xtec.cat\/iesdesales\/wp-content\/uploads\/usu678\/2020\/07\/RE03.32_Organigrama_INS_Sales_20-21-768x967.jpg 768w, https:\/\/agora.xtec.cat\/iesdesales\/wp-content\/uploads\/usu678\/2020\/07\/RE03.32_Organigrama_INS_Sales_20-21.jpg 1646w\" sizes=\"auto, (max-width: 813px) 100vw, 813px\" \/><\/p>\n<p>Per a con\u00e8ixer m\u00e9s informaci\u00f3 sobre el Consell Escolar podeu consultar qu\u00e8 \u00e9s i quines s\u00f3n les seves funcions al\u00a0 <a href=\"http:\/\/familiaiescola.gencat.cat\/ca\/escolaritat\/participacio-compromis\/participacio-coresponsabilitzacio\/participacio-funcionament-centre\/consell-escolar\/\">Departament d\u2019Ensenyament<\/a>.<\/p>\n","protected":false},"excerpt":{"rendered":"<p>Per a con\u00e8ixer m\u00e9s informaci\u00f3 sobre el Consell Escolar podeu consultar qu\u00e8 \u00e9s i quines s\u00f3n les seves funcions al\u00a0 <a href=\"http:\/\/familiaiescola.gencat.cat\/ca\/escolaritat\/participacio-compromis\/participacio-coresponsabilitzacio\/participacio-funcionament-centre\/consell-escolar\/\">Departament d\u2019Ensenyament<\/a>.<\/p>\n","protected":false},"author":1,"featured_media":0,"parent":19,"menu_order":50,"comment_status":"closed","ping_status":"closed","template":"page-templates\/side-menu.php","meta":{"_bbp_topic_count":0,"_bbp_reply_count":0,"_bbp_total_topic_count":0,"_bbp_total_reply_count":0,"_bbp_voice_count":0,"_bbp_anonymous_reply_count":0,"_bbp_topic_count_hidden":0,"_bbp_reply_count_hidden":0,"_bbp_forum_subforum_count":0,"footnotes":""},"class_list":["post-46","page","type-page","status-publish","hentry"],"post_mailing_queue_ids":[],"_links":{"self":[{"href":"https:\/\/agora.xtec.cat\/iesdesales\/wp-json\/wp\/v2\/pages\/46","targetHints":{"allow":["GET"]}}],"collection":[{"href":"https:\/\/agora.xtec.cat\/iesdesales\/wp-json\/wp\/v2\/pages"}],"about":[{"href":"https:\/\/agora.xtec.cat\/iesdesales\/wp-json\/wp\/v2\/types\/page"}],"author":[{"embeddable":true,"href":"https:\/\/agora.xtec.cat\/iesdesales\/wp-json\/wp\/v2\/users\/1"}],"replies":[{"embeddable":true,"href":"https:\/\/agora.xtec.cat\/iesdesales\/wp-json\/wp\/v2\/comments?post=46"}],"version-history":[{"count":3,"href":"https:\/\/agora.xtec.cat\/iesdesales\/wp-json\/wp\/v2\/pages\/46\/revisions"}],"predecessor-version":[{"id":5310,"href":"https:\/\/agora.xtec.cat\/iesdesales\/wp-json\/wp\/v2\/pages\/46\/revisions\/5310"}],"up":[{"embeddable":true,"href":"https:\/\/agora.xtec.cat\/iesdesales\/wp-json\/wp\/v2\/pages\/19"}],"wp:attachment":[{"href":"https:\/\/agora.xtec.cat\/iesdesales\/wp-json\/wp\/v2\/media?parent=46"}],"curies":[{"name":"wp","href":"https:\/\/api.w.org\/{rel}","templated":true}]}}