{"id":39,"date":"2014-09-17T16:36:44","date_gmt":"2014-09-17T16:36:44","guid":{"rendered":"http:\/\/agora.xtec.cat\/iesdesales\/?page_id=39"},"modified":"2016-09-22T13:50:03","modified_gmt":"2016-09-22T12:50:03","slug":"instal%c2%b7lacions","status":"publish","type":"page","link":"https:\/\/agora.xtec.cat\/iesdesales\/linstitut\/instal%c2%b7lacions\/","title":{"rendered":"Instal\u00b7lacions"},"content":{"rendered":"\r\n\t<div class=\"slideshow_container slideshow_container_style-light\" style=\"height: 200px; \" data-slideshow-id=\"31\" data-style-name=\"style-light\" data-style-version=\"2.3.1\" >\r\n\r\n\t\t\t\t\t<div class=\"slideshow_loading_icon\"><\/div>\r\n\t\t\r\n\t\t<div class=\"slideshow_content\" style=\"display: none;\">\r\n\r\n\t\t\t<div class=\"slideshow_view\">\r\n\t\t\t\t<div class=\"slideshow_slide slideshow_slide_image\">\r\n\t\t\t\t\t\t\t\t\t\t\t<img src=\"https:\/\/agora.xtec.cat\/iesdesales\/wp-content\/uploads\/usu678\/2016\/09\/institutpanoramica1.jpg\" alt=\"Panor\u00e0mica institut\" width=\"814\" height=\"229\" \/>\r\n\t\t\t\t\t\t\t\t\t\t<div class=\"slideshow_description_box slideshow_transparent\">\r\n\t\t\t\t\t\t<div class=\"slideshow_title\">Panor\u00e0mica institut<\/div>\t\t\t\t\t\t<div class=\"slideshow_description\">Vista panor\u00e0mica del centre i el pati<\/div>\t\t\t\t\t<\/div>\r\n\t\t\t\t<\/div>\r\n\r\n\t\t\t\t\t\t<div style=\"clear: both;\"><\/div><\/div><div class=\"slideshow_view\">\r\n\t\t\t\t<div class=\"slideshow_slide slideshow_slide_image\">\r\n\t\t\t\t\t\t\t\t\t\t\t<img src=\"https:\/\/agora.xtec.cat\/iesdesales\/wp-content\/uploads\/usu678\/2016\/09\/IMG-20160615-WA0011.jpg\" alt=\"Gimn\u00e0s\" width=\"1600\" height=\"361\" \/>\r\n\t\t\t\t\t\t\t\t\t\t<div class=\"slideshow_description_box slideshow_transparent\">\r\n\t\t\t\t\t\t<div class=\"slideshow_title\">Gimn\u00e0s<\/div>\t\t\t\t\t\t<div class=\"slideshow_description\">Vista panor\u00e0mica del gimn\u00e0s<\/div>\t\t\t\t\t<\/div>\r\n\t\t\t\t<\/div>\r\n\r\n\t\t\t\t\t\t<div style=\"clear: both;\"><\/div><\/div><div class=\"slideshow_view\">\r\n\t\t\t\t<div class=\"slideshow_slide slideshow_slide_image\">\r\n\t\t\t\t\t\t\t\t\t\t\t<img src=\"https:\/\/agora.xtec.cat\/iesdesales\/wp-content\/uploads\/usu678\/2016\/09\/odontologia.jpg\" alt=\"Taller d&#039;odontologia\" width=\"668\" height=\"502\" \/>\r\n\t\t\t\t\t\t\t\t\t\t<div class=\"slideshow_description_box slideshow_transparent\">\r\n\t\t\t\t\t\t<div class=\"slideshow_title\">Taller d&#039;odontologia<\/div>\t\t\t\t\t\t<div class=\"slideshow_description\">Taller d&#039;odontologia<\/div>\t\t\t\t\t<\/div>\r\n\t\t\t\t<\/div>\r\n\r\n\t\t\t\t\t\t<div style=\"clear: both;\"><\/div><\/div><div class=\"slideshow_view\">\r\n\t\t\t\t<div class=\"slideshow_slide slideshow_slide_image\">\r\n\t\t\t\t\t\t\t\t\t\t\t<img src=\"https:\/\/agora.xtec.cat\/iesdesales\/wp-content\/uploads\/usu678\/2014\/09\/exemple1b.png\" alt=\"Aules polivalents\" width=\"350\" height=\"250\" \/>\r\n\t\t\t\t\t\t\t\t\t\t<div class=\"slideshow_description_box slideshow_transparent\">\r\n\t\t\t\t\t\t<div class=\"slideshow_title\">Aules polivalents<\/div>\t\t\t\t\t\t<div class=\"slideshow_description\">Breu descripci\u00f3<\/div>\t\t\t\t\t<\/div>\r\n\t\t\t\t<\/div>\r\n\r\n\t\t\t\t\t\t<div style=\"clear: both;\"><\/div><\/div><div class=\"slideshow_view\">\r\n\t\t\t\t<div class=\"slideshow_slide slideshow_slide_image\">\r\n\t\t\t\t\t\t\t\t\t\t\t<img src=\"https:\/\/agora.xtec.cat\/iesdesales\/wp-content\/uploads\/usu678\/2014\/09\/exemple3.png\" alt=\"Sala d&#039;actes\" width=\"800\" height=\"600\" \/>\r\n\t\t\t\t\t\t\t\t\t\t<div class=\"slideshow_description_box slideshow_transparent\">\r\n\t\t\t\t\t\t<div class=\"slideshow_title\">Sala d&#039;actes<\/div>\t\t\t\t\t\t\t\t\t\t\t<\/div>\r\n\t\t\t\t<\/div>\r\n\r\n\t\t\t\t\t\t<div style=\"clear: both;\"><\/div><\/div>\r\n\t\t<\/div>\r\n\r\n\t\t<div class=\"slideshow_controlPanel slideshow_transparent\" style=\"display: none;\"><ul><li class=\"slideshow_togglePlay\" data-play-text=\"Visualitza\" data-pause-text=\"Pausa\"><\/li><\/ul><\/div>\r\n\r\n\t\t<div class=\"slideshow_button slideshow_previous slideshow_transparent\" role=\"button\" data-previous-text=\"Anterior\" style=\"display: none;\"><\/div>\r\n\t\t<div class=\"slideshow_button slideshow_next slideshow_transparent\" role=\"button\" data-next-text=\"Seg\u00fcent\" style=\"display: none;\"><\/div>\r\n\r\n\t\t<div class=\"slideshow_pagination\" style=\"display: none;\" data-go-to-text=\"V\u00e9s a la diapositiva\"><div class=\"slideshow_pagination_center\"><\/div><\/div>\r\n\r\n\t\t<!-- WordPress Slideshow Version 2.3.1 -->\r\n\r\n\t\t\t<\/div>\r\n\r\n\n<p>&nbsp;<\/p>\n<p>Un equipament modern i de qualitat en renovaci\u00f3 constant.<\/p>\n<p>L&#8217;ampliaci\u00f3 i renovaci\u00f3 de l&#8217;institut l&#8217;any 2012 van modernitzar les instal\u00b7lacions ajudant a crear un ambient agradable, funcional i modern.<\/p>\n<p>Es va construir part de la primera planta per tal de donar cabuda als cicles formatius de la branca sanit\u00e0ria i disposar d&#8217;un ventall m\u00e9s ampli d&#8217;aules.<\/p>\n<p>Tamb\u00e9 es va fer un gimn\u00e0s ampli adequat tamb\u00e9 com sala polivalent per fer teatre, confer\u00e8ncies i xerrades amb l&#8217;alumnat i les fam\u00edlies.<\/p>\n<p>El centre disposa de connexi\u00f3 a Internet amb fibra \u00f2ptica i la WIFI \u00e9s accessible a totes les instal\u00b7lacions de l&#8217;institut.<\/p>\n<p><strong><span class=\"txt1\"> Descripci\u00f3 dels equipaments:<\/span><\/strong><\/p>\n<p>\u2022 Camp de futbol i pista poliesportiva exterior<br \/>\n\u2022 Gimn\u00e0s cobert i Sala polivalent<img loading=\"lazy\" decoding=\"async\" class=\"\" src=\"http:\/\/institutdesales.net\/images\/odontologia1.jpg\" width=\"394\" height=\"260\" align=\"right\" \/><br \/>\n\u2022 Aules d\u2019inform\u00e0tica amb 30 ordinadors amb connexi\u00f3 a Internet<br \/>\n\u2022 Aula equipada amb ordinadors port\u00e0tils amb connexi\u00f3 WIFI<br \/>\n\u2022 Laboratori de Ci\u00e8ncies Naturals<br \/>\n\u2022 Laboratori de F\u00edsica<br \/>\n\u2022 Laboratori de Qu\u00edmica<br \/>\n\u2022 Aula ARTIC<br \/>\n\u2022 Aula cient\u00edfica<br \/>\n\u2022 Taller inform\u00e0tic de Tecnologia<br \/>\n\u2022 Aula de M\u00fasica<br \/>\n\u2022 Aules de Dibuix<br \/>\n\u2022 Aula d\u2019acollida<img loading=\"lazy\" decoding=\"async\" class=\"alignright\" src=\"http:\/\/institutdesales.net\/images\/TallerTecno1.jpg\" width=\"396\" height=\"241\" \/><br \/>\n\u2022 Taller d\u2019Higiene Bucodental i de Documentaci\u00f3<\/p>\n<p>\u2022 2 aules de Tecnologia<br \/>\n\u2022 2 aules d\u2019idiomes d\u2019autoaprenentatge per Angl\u00e8s i Franc\u00e8s<br \/>\n\u2022 Taller d\u2019infermeria per als Cicles Formatius<br \/>\n\u2022 Laboratori de Diet\u00e8tica per al Cicle Formatiu de Grau Superior<br \/>\n\u2022 Sala de professors, Departaments i Seminaris connectats en xarxa<br \/>\n\u2022 Biblioteca Isabel de Villena<\/p>\n<p>&nbsp;<\/p>\n","protected":false},"excerpt":{"rendered":"<p>\t\t\t\t\t\tPanor\u00e0mica institut\t\t\t\t\t\tVista panor\u00e0mica del centre i el pati\t\t\t\t\t<\/p>\n<p>\t\t\t\t\t\tGimn\u00e0s\t\t\t\t\t\tVista panor\u00e0mica del gimn\u00e0s\t\t\t\t\t<\/p>\n<p>\t\t\t\t\t\tTaller d&#039;odontologia\t\t\t\t\t\tTaller d&#039;odontologia\t\t\t\t\t<\/p>\n<p>\t\t\t\t\t\tAules polivalents\t\t\t\t\t\tBreu descripci\u00f3\t\t\t\t\t<\/p>\n<p>\t\t\t\t\t\tSala d&#039;actes\t\t\t\t\t\t\t\t\t\t\t<\/p>\n<ul>\n<li class=\"slideshow_togglePlay\" data-play-text=\"Visualitza\" data-pause-text=\"Pausa\"><\/li>\n<\/ul>\n<p>&nbsp;<br \/>\nUn equipament modern i de qualitat en renovaci\u00f3 constant.<br \/>\nL&#8217;ampliaci\u00f3 i renovaci\u00f3 de l&#8217;institut l&#8217;any 2012 van modernitzar les instal\u00b7lacions ajudant a crear un ambient agradable, funcional i&hellip;  <a href=\"https:\/\/agora.xtec.cat\/iesdesales\/linstitut\/instal%c2%b7lacions\/\" title=\"Read Instal\u00b7lacions\">Llegeix m\u00e9s\u00bb<\/a><\/p>\n","protected":false},"author":1,"featured_media":0,"parent":19,"menu_order":30,"comment_status":"closed","ping_status":"closed","template":"page-templates\/side-menu.php","meta":{"_bbp_topic_count":0,"_bbp_reply_count":0,"_bbp_total_topic_count":0,"_bbp_total_reply_count":0,"_bbp_voice_count":0,"_bbp_anonymous_reply_count":0,"_bbp_topic_count_hidden":0,"_bbp_reply_count_hidden":0,"_bbp_forum_subforum_count":0,"footnotes":""},"class_list":["post-39","page","type-page","status-publish","hentry"],"post_mailing_queue_ids":[],"_links":{"self":[{"href":"https:\/\/agora.xtec.cat\/iesdesales\/wp-json\/wp\/v2\/pages\/39","targetHints":{"allow":["GET"]}}],"collection":[{"href":"https:\/\/agora.xtec.cat\/iesdesales\/wp-json\/wp\/v2\/pages"}],"about":[{"href":"https:\/\/agora.xtec.cat\/iesdesales\/wp-json\/wp\/v2\/types\/page"}],"author":[{"embeddable":true,"href":"https:\/\/agora.xtec.cat\/iesdesales\/wp-json\/wp\/v2\/users\/1"}],"replies":[{"embeddable":true,"href":"https:\/\/agora.xtec.cat\/iesdesales\/wp-json\/wp\/v2\/comments?post=39"}],"version-history":[{"count":3,"href":"https:\/\/agora.xtec.cat\/iesdesales\/wp-json\/wp\/v2\/pages\/39\/revisions"}],"predecessor-version":[{"id":2437,"href":"https:\/\/agora.xtec.cat\/iesdesales\/wp-json\/wp\/v2\/pages\/39\/revisions\/2437"}],"up":[{"embeddable":true,"href":"https:\/\/agora.xtec.cat\/iesdesales\/wp-json\/wp\/v2\/pages\/19"}],"wp:attachment":[{"href":"https:\/\/agora.xtec.cat\/iesdesales\/wp-json\/wp\/v2\/media?parent=39"}],"curies":[{"name":"wp","href":"https:\/\/api.w.org\/{rel}","templated":true}]}}