{"id":2994,"date":"2017-06-12T13:29:59","date_gmt":"2017-06-12T11:29:59","guid":{"rendered":"http:\/\/agora.xtec.cat\/iesdesales\/?page_id=2994"},"modified":"2025-07-01T10:12:29","modified_gmt":"2025-07-01T08:12:29","slug":"treballs-destiu","status":"publish","type":"page","link":"https:\/\/agora.xtec.cat\/iesdesales\/departaments-didactics\/treballs-destiu\/","title":{"rendered":"Treballs d&#8217;estiu"},"content":{"rendered":"<p>Aquest estiu gaudiu del sol, descanseu, llegiu, visiteu indrets nous, escriviu un diari, descobriu algun museu&#8230;<\/p>\n<p>A m\u00e9s a m\u00e9s podeu aprofitar per refor\u00e7ar els continguts d&#8217;alguna assignatura que necessiteu refor\u00e7ar de cara al proper curs. Aqu\u00ed anirem enlla\u00e7ant els dossiers de cadascuna.<\/p>\n<p><strong>1r ESO:<\/strong><\/p>\n<hr \/>\n<p><strong><a href=\"https:\/\/drive.google.com\/file\/d\/15wFWwa6qePprzyPQUmLPE2V-SUT_FkkS\/view?usp=drive_link\">Llengua anglesa 1 &#8211; 2024 &#8211; 2025<\/a><\/strong><\/p>\n<p><strong>Llengua catalana 1 &#8211; 2024 &#8211; 2025 &#8211;<\/strong>\u00a0<i>Cap a 2n d&#8217;ESO<\/i>, Ed. Barcanova. ISBN: 978-84-489-5057-6 (deures obligatoris per als alumnes suspesos o AS; cal presentar-los el primer dia de classe)<\/p>\n<p><strong>Llengua castellana 1 &#8211; 2024 &#8211; 2025<\/strong> &#8211; Destino a 2\u00ba de ESO. Ed. Barcanova. ISBN: 9788448950767 (molt recomanats per a alumnes que han susp\u00e8s)<\/p>\n<p><strong><a href=\"https:\/\/agora.xtec.cat\/iesdesales\/wp-content\/uploads\/usu678\/2024\/06\/Z_Feina-Estiu-1r-ESO-2024.pdf\">Matem\u00e0tiques 1 &#8211; 2024 &#8211; 2025<\/a><\/strong><\/p>\n<p><strong><a href=\"https:\/\/agora.xtec.cat\/iesdesales\/wp-content\/uploads\/usu678\/2024\/07\/Feina-estiu-optativa-2024.pdf\">Optativa de matem\u00e0tiques 1 &#8211; 2024 &#8211; 2025<\/a><\/strong><\/p>\n<p>&nbsp;<\/p>\n<p><strong>2n ESO:<\/strong><\/p>\n<hr \/>\n<p><strong><a href=\"https:\/\/drive.google.com\/file\/d\/16q575Vy7g4P92MpuPPs9-Wl5gwAN4qjO\/view?usp=drive_link\">Llengua anglesa 2 &#8211; 2024 &#8211; 2025<\/a><\/strong><\/p>\n<p><strong>Llengua castellana 2 &#8211; 2024 &#8211; 2025 &#8211; <\/strong>Destino a 3\u00ba de ESO. Ed. Barcanova. ISBN:\u00a09788448953669 (molt recomanats per a alumnes que han susp\u00e8s)<\/p>\n<p><strong>Llengua catalana 2 &#8211; 2024 &#8211; 2025 &#8211; <\/strong><i>Cap a 3r d&#8217;ESO<\/i>, Ed. Barcanova. ISBN: 978-84-489-5069-9 (deures obligatoris per als alumnes suspesos; cal presentar-los el primer dia de classe)<\/p>\n<p><strong><a href=\"https:\/\/agora.xtec.cat\/iesdesales\/wp-content\/uploads\/usu678\/2024\/06\/Feina-Estiu_MAT-2n-ESO-2024.docx-2.pdf\">Matem\u00e0tiques 2 &#8211; 2024 &#8211; 2025<\/a><\/strong><\/p>\n<p><strong><a href=\"https:\/\/agora.xtec.cat\/iesdesales\/wp-content\/uploads\/usu678\/2025\/06\/Feina-estiu-2nX.pdf\">Matem\u00e0tiques 2 grup X &#8211; 2024 &#8211; 2025<\/a><\/strong><\/p>\n<p>&nbsp;<\/p>\n<p><strong>3r ESO:<\/strong><\/p>\n<hr \/>\n<p><strong><a href=\"https:\/\/drive.google.com\/file\/d\/1LKhvNu6EO-P0zg6_TD3Lh7Y7qjBXP7sC\/view?usp=drive_link\">Llengua anglesa 3 &#8211; 2024 &#8211; 2025<\/a><\/strong><\/p>\n<p><strong>Llengua catalana 3 &#8211; 2024 &#8211; 2025 &#8211;<\/strong> <i>Cap a 4t d&#8217;ESO<\/i>, Ed. Barcanova. ISBN: 978-84-489-5075-0 (deures obligatoris per als alumnes suspesos; cal presentar-los el primer dia de classe)<\/p>\n<p><strong>Llengua castellana 3 &#8211; 2024 &#8211; 2025<\/strong> &#8211; Destino a 4\u00ba de ESO, Ed. Barcanova. ISBN: 9788448953676 (molt recomanats per a alumnes que han susp\u00e8s)<\/p>\n<p><strong><a href=\"https:\/\/agora.xtec.cat\/iesdesales\/wp-content\/uploads\/usu678\/2025\/06\/Feina-Estiu-3r-ESO-2025.pdf\">Matem\u00e0tiques 3 &#8211; 2024 &#8211; 2025<\/a><\/strong><\/p>\n<p><strong><a href=\"https:\/\/agora.xtec.cat\/iesdesales\/wp-content\/uploads\/usu678\/2025\/07\/Feina-estiu-_MAT-3X-ESO-2025.pdf\">Matem\u00e0tiques 3 grup X &#8211; 2024-2025<\/a><\/strong><\/p>\n<p>&nbsp;<\/p>\n<p><strong>4t ESO:<\/strong><\/p>\n<hr \/>\n<p><a href=\"https:\/\/agora.xtec.cat\/iesdesales\/wp-content\/uploads\/usu678\/2024\/06\/Feina-Estiu_MAT-4t-ESO-2024.pdf\"><strong>Matem\u00e0tiques 4 &#8211; 2024 &#8211; 2025<\/strong><\/a><\/p>\n<p>&nbsp;<\/p>\n<p><strong>1r BAT:<\/strong><\/p>\n<hr \/>\n<p><strong>Matem\u00e0tiques 1BAT &#8211; 2024 &#8211; 2025<\/strong> (hi ha un classroom per fer les feines i les entregues)<\/p>\n<p>&nbsp;<\/p>\n","protected":false},"excerpt":{"rendered":"<p>Aquest estiu gaudiu del sol, descanseu, llegiu, visiteu indrets nous, escriviu un diari, descobriu algun museu&#8230;<br \/>\nA m\u00e9s a m\u00e9s podeu aprofitar per refor\u00e7ar els continguts d&#8217;alguna assignatura que necessiteu refor\u00e7ar de cara al proper curs. Aqu\u00ed anirem enlla\u00e7ant els dossiers de cadascuna.<br \/>\n1r ESO:<\/p>\n<p><a href=\"https:\/\/drive.google.com\/file\/d\/15wFWwa6qePprzyPQUmLPE2V-SUT_FkkS\/view?usp=drive_link\">Llengua anglesa&hellip;  <a href=\"https:\/\/agora.xtec.cat\/iesdesales\/departaments-didactics\/treballs-destiu\/\" title=\"Read Treballs d&#8217;estiu\">Llegeix m\u00e9s\u00bb<\/a><\/p>\n","protected":false},"author":1,"featured_media":0,"parent":2331,"menu_order":0,"comment_status":"closed","ping_status":"closed","template":"","meta":{"_bbp_topic_count":0,"_bbp_reply_count":0,"_bbp_total_topic_count":0,"_bbp_total_reply_count":0,"_bbp_voice_count":0,"_bbp_anonymous_reply_count":0,"_bbp_topic_count_hidden":0,"_bbp_reply_count_hidden":0,"_bbp_forum_subforum_count":0,"footnotes":""},"class_list":["post-2994","page","type-page","status-publish","hentry"],"post_mailing_queue_ids":[],"_links":{"self":[{"href":"https:\/\/agora.xtec.cat\/iesdesales\/wp-json\/wp\/v2\/pages\/2994","targetHints":{"allow":["GET"]}}],"collection":[{"href":"https:\/\/agora.xtec.cat\/iesdesales\/wp-json\/wp\/v2\/pages"}],"about":[{"href":"https:\/\/agora.xtec.cat\/iesdesales\/wp-json\/wp\/v2\/types\/page"}],"author":[{"embeddable":true,"href":"https:\/\/agora.xtec.cat\/iesdesales\/wp-json\/wp\/v2\/users\/1"}],"replies":[{"embeddable":true,"href":"https:\/\/agora.xtec.cat\/iesdesales\/wp-json\/wp\/v2\/comments?post=2994"}],"version-history":[{"count":6,"href":"https:\/\/agora.xtec.cat\/iesdesales\/wp-json\/wp\/v2\/pages\/2994\/revisions"}],"predecessor-version":[{"id":9702,"href":"https:\/\/agora.xtec.cat\/iesdesales\/wp-json\/wp\/v2\/pages\/2994\/revisions\/9702"}],"up":[{"embeddable":true,"href":"https:\/\/agora.xtec.cat\/iesdesales\/wp-json\/wp\/v2\/pages\/2331"}],"wp:attachment":[{"href":"https:\/\/agora.xtec.cat\/iesdesales\/wp-json\/wp\/v2\/media?parent=2994"}],"curies":[{"name":"wp","href":"https:\/\/api.w.org\/{rel}","templated":true}]}}