{"id":2762,"date":"2017-02-16T09:20:40","date_gmt":"2017-02-16T08:20:40","guid":{"rendered":"http:\/\/agora.xtec.cat\/iesdesales\/?page_id=2762"},"modified":"2025-12-03T09:17:50","modified_gmt":"2025-12-03T08:17:50","slug":"tecnic-superior-en-documentacio-sanitaria","status":"publish","type":"page","link":"https:\/\/agora.xtec.cat\/iesdesales\/linstitut\/estudis\/cicles-formatius\/tecnic-superior-en-documentacio-sanitaria\/","title":{"rendered":"T\u00e8cnic superior en DOCUMENTACI\u00d3 I ADMINISTRACI\u00d3 SANIT\u00c0RIES"},"content":{"rendered":"<p style=\"text-align: right;\"><a href=\"https:\/\/agora.xtec.cat\/iesdesales\/wp-content\/uploads\/usu678\/2025\/06\/DAS.pdf\">D\u00edptic DAS<\/a><\/p>\n<p>El Cicle Formatiu de Grau Superior en Documentaci\u00f3 i Administraci\u00f3 Sanit\u00e0ries forma professionals capacitats per gestionar informaci\u00f3 i documentaci\u00f3 cl\u00ednica, codificar i validar dades sanit\u00e0ries, i intervenir en processos d\u2019atenci\u00f3 i gesti\u00f3 de pacients i en la gesti\u00f3 administrativa de centres sanitaris.<\/p>\n<h5>A qui s\u2019adre\u00e7a?<\/h5>\n<p>A persones interessades en l\u2019\u00e0mbit sanitari, la gesti\u00f3 de dades i la documentaci\u00f3 cl\u00ednica. \u00c9s una formaci\u00f3 ideal per a qui vol treballar en hospitals, centres d\u2019atenci\u00f3 prim\u00e0ria, fundacions sanit\u00e0ries o empreses que gestionen informaci\u00f3 cl\u00ednica.<\/p>\n<h5>Qu\u00e8 aprendr\u00e0s?<\/h5>\n<ul>\n<li>Gestionar ingressos, altes, cites i altres processos administratius sanitaris.<\/li>\n<li>Recon\u00e8ixer i aplicar la terminologia cl\u00ednica.<\/li>\n<li>Seleccionar i extreure diagn\u00f2stics i procediments de la documentaci\u00f3 cl\u00ednica.<\/li>\n<li>Gestionar arxius i historials cl\u00ednics.<\/li>\n<li>Aplicar sistemes de classificaci\u00f3 i codificaci\u00f3 sanit\u00e0ria.<\/li>\n<li>Validar, explotar i interpretar dades cl\u00edniques i estad\u00edstiques.<\/li>\n<li>Atendre i orientar pacients utilitzant t\u00e8cniques de comunicaci\u00f3.<\/li>\n<li>Utilitzar eines inform\u00e0tiques espec\u00edfiques per a la gesti\u00f3 sanit\u00e0ria.<\/li>\n<\/ul>\n<h5>Organitzaci\u00f3 del cicle<a href=\"http:\/\/agora.xtec.cat\/iesdesales\/wp-content\/uploads\/usu678\/2017\/02\/documentacio1.jpg\"><img loading=\"lazy\" decoding=\"async\" class=\"size-full wp-image-2763 alignleft\" src=\"http:\/\/agora.xtec.cat\/iesdesales\/wp-content\/uploads\/usu678\/2017\/02\/documentacio1.jpg\" alt=\"documentacio1\" width=\"300\" height=\"168\" \/><\/a><\/h5>\n<p>El cicle dura dos cursos acad\u00e8mics, amb formaci\u00f3 al centre i estades formatives en centres sanitaris.<\/p>\n<p>Durada del cicle formatiu:\u00a02.000 hores<\/p>\n<p>L\u2019horari del grup\u00a0 \u00e9s de 15h a 21:30h<\/p>\n<p>&nbsp;<\/p>\n<h5>Primer curs<\/h5>\n<p>A continuaci\u00f3 es mostra la taula resum d\u2019hores del primer curs:<\/p>\n<table width=\"576\">\n<tbody>\n<tr>\n<td width=\"171\"><strong>M\u00f2dul professional<\/strong><\/td>\n<td width=\"132\"><strong>Hores al centre<\/strong><\/td>\n<td width=\"163\"><strong>Hores a l\u2019empresa<\/strong><\/td>\n<td width=\"110\"><strong>Total hores<\/strong><\/td>\n<\/tr>\n<tr>\n<td width=\"171\">0649. Ofim\u00e0tica i proc\u00e9s de la informaci\u00f3<\/td>\n<td width=\"132\">132 h<\/td>\n<td width=\"163\">99 h<\/td>\n<td width=\"110\">231 h<\/td>\n<\/tr>\n<tr>\n<td width=\"171\">1515. Gesti\u00f3 de pacients<\/td>\n<td width=\"132\">66 h<\/td>\n<td width=\"163\">66 h<\/td>\n<td width=\"110\">132 h<\/td>\n<\/tr>\n<tr>\n<td width=\"171\">1516. Terminologia cl\u00ednica i patologia<\/td>\n<td width=\"132\">66 h<\/td>\n<td width=\"163\">33 h<\/td>\n<td width=\"110\">99 h<\/td>\n<\/tr>\n<tr>\n<td width=\"171\">1517. Extracci\u00f3 de diagn\u00f2stics i procediments<\/td>\n<td width=\"132\">99 h<\/td>\n<td width=\"163\">66 h<\/td>\n<td width=\"110\">165 h<\/td>\n<\/tr>\n<tr>\n<td width=\"171\">1518. Arxiu i documentaci\u00f3 sanitaris<\/td>\n<td width=\"132\">66 h<\/td>\n<td width=\"163\">66 h<\/td>\n<td width=\"110\">132 h<\/td>\n<\/tr>\n<tr>\n<td width=\"171\">1519. Sistemes d\u2019informaci\u00f3 i classificaci\u00f3 sanitaris<\/td>\n<td width=\"132\">66 h<\/td>\n<td width=\"163\">33 h<\/td>\n<td width=\"110\">99 h<\/td>\n<\/tr>\n<tr>\n<td width=\"171\">1521. Atenci\u00f3 psicosocial al pacient\/usuari<\/td>\n<td width=\"132\">33 h<\/td>\n<td width=\"163\">33 h<\/td>\n<td width=\"110\">66 h<\/td>\n<\/tr>\n<tr>\n<td width=\"171\">C076. Catal\u00e0 professional<\/td>\n<td width=\"132\">66 h<\/td>\n<td width=\"163\">\u2013<\/td>\n<td width=\"110\">66 h<\/td>\n<\/tr>\n<tr>\n<td width=\"171\">1665. Digitalitzaci\u00f3 aplicada als sectors productius<\/td>\n<td width=\"132\">33 h<\/td>\n<td width=\"163\">\u2013<\/td>\n<td width=\"110\">33 h<\/td>\n<\/tr>\n<tr>\n<td width=\"171\">1709. Itinerari personal per a l\u2019ocupabilitat I<\/td>\n<td width=\"132\">99 h<\/td>\n<td width=\"163\">\u2013<\/td>\n<td width=\"110\">99 h<\/td>\n<\/tr>\n<tr>\n<td width=\"171\">M\u00f2dul optatiu<\/td>\n<td width=\"132\">66 h<\/td>\n<td width=\"163\">\u2013<\/td>\n<td width=\"110\">66 h<\/td>\n<\/tr>\n<tr>\n<td width=\"171\">Tutoria<\/td>\n<td width=\"132\">33 h<\/td>\n<td width=\"163\">\u2013<\/td>\n<td width=\"110\">33 h<\/td>\n<\/tr>\n<tr>\n<td width=\"171\">TOTAL<\/td>\n<td width=\"132\">891 h<\/td>\n<td width=\"163\">363 h<\/td>\n<td width=\"110\">1.254 h<\/td>\n<\/tr>\n<\/tbody>\n<\/table>\n<h5>Segon curs<\/h5>\n<p>A continuaci\u00f3 es mostra la taula resum del segon curs:<\/p>\n<table width=\"596\">\n<tbody>\n<tr>\n<td width=\"165\"><strong>M\u00f2dul professional<\/strong><\/td>\n<td width=\"129\"><strong>Hores al centre<\/strong><\/td>\n<td width=\"151\"><strong>Hores a l\u2019empresa<\/strong><\/td>\n<td width=\"151\"><strong>Total hores<\/strong><\/td>\n<\/tr>\n<tr>\n<td width=\"165\">1520. Codificaci\u00f3 sanit\u00e0ria<\/td>\n<td width=\"129\">132 h<\/td>\n<td width=\"151\">33 h<\/td>\n<td width=\"151\">165 h<\/td>\n<\/tr>\n<tr>\n<td width=\"165\">1522. Validaci\u00f3 i explotaci\u00f3 de dades<\/td>\n<td width=\"129\">132 h<\/td>\n<td width=\"151\">53 h<\/td>\n<td width=\"151\">185 h<\/td>\n<\/tr>\n<tr>\n<td width=\"165\">1523. Gesti\u00f3 administrativa sanit\u00e0ria<\/td>\n<td width=\"129\">66 h<\/td>\n<td width=\"151\">33 h<\/td>\n<td width=\"151\">99 h<\/td>\n<\/tr>\n<tr>\n<td width=\"165\">1710. Itinerari personal per a l\u2019ocupabilitat II<\/td>\n<td width=\"129\">66 h<\/td>\n<td width=\"151\">\u2013<\/td>\n<td width=\"151\">66 h<\/td>\n<\/tr>\n<tr>\n<td width=\"165\">1708. Sostenibilitat aplicada al sistema productiu<\/td>\n<td width=\"129\">33 h<\/td>\n<td width=\"151\">\u2013<\/td>\n<td width=\"151\">33 h<\/td>\n<\/tr>\n<tr>\n<td width=\"165\">0179. Angl\u00e8s professional<\/td>\n<td width=\"129\">66 h<\/td>\n<td width=\"151\">\u2013<\/td>\n<td width=\"151\">66 h<\/td>\n<\/tr>\n<tr>\n<td width=\"165\">1524. Projecte intermodular<\/td>\n<td width=\"129\">198 h<\/td>\n<td width=\"151\">\u2013<\/td>\n<td width=\"151\">198 h<\/td>\n<\/tr>\n<tr>\n<td width=\"165\">Tutoria<\/td>\n<td width=\"129\">33 h<\/td>\n<td width=\"151\">\u2013<\/td>\n<td width=\"151\">33 h<\/td>\n<\/tr>\n<tr>\n<td width=\"165\">TOTAL<\/td>\n<td width=\"129\">660 h<\/td>\n<td width=\"151\">152 h<\/td>\n<td width=\"151\">812 h<\/td>\n<\/tr>\n<\/tbody>\n<\/table>\n<h5>Sortides professionals<\/h5>\n<ul>\n<li>T\u00e8cnic\/a superior en documentaci\u00f3 i administraci\u00f3 sanit\u00e0ries<\/li>\n<li>Codificador\/a de dades sanit\u00e0ries<\/li>\n<li>Responsable d\u2019arxiu cl\u00ednic<\/li>\n<li>Gestor\/a de processos assistencials i administratius<\/li>\n<li>T\u00e8cnic\/a en sistemes d\u2019informaci\u00f3 sanitaris<\/li>\n<li>Especialista en validaci\u00f3 i explotaci\u00f3 de dades cl\u00edniques<\/li>\n<\/ul>\n<h5>Per qu\u00e8 triar aquest cicle?<\/h5>\n<ul>\n<li>Alta ocupabilitat en centres sanitaris p\u00fablics i privats.<\/li>\n<li>Professionals molt demandats en gesti\u00f3 i informaci\u00f3 cl\u00ednica.<\/li>\n<li>Formaci\u00f3 pr\u00e0ctica i vinculada a la realitat del sector.<\/li>\n<li>Desenvolupament de compet\u00e8ncies en gesti\u00f3, dades i comunicaci\u00f3.<\/li>\n<\/ul>\n","protected":false},"excerpt":{"rendered":"<p><a href=\"https:\/\/agora.xtec.cat\/iesdesales\/wp-content\/uploads\/usu678\/2025\/06\/DAS.pdf\">D\u00edptic DAS<\/a><br \/>\nEl Cicle Formatiu de Grau Superior en Documentaci\u00f3 i Administraci\u00f3 Sanit\u00e0ries forma professionals capacitats per gestionar informaci\u00f3 i documentaci\u00f3 cl\u00ednica, codificar i validar dades sanit\u00e0ries, i intervenir en processos d\u2019atenci\u00f3 i gesti\u00f3 de pacients i en la gesti\u00f3 administrativa de centres sanitaris.<br \/>\nA qui&hellip;  <a href=\"https:\/\/agora.xtec.cat\/iesdesales\/linstitut\/estudis\/cicles-formatius\/tecnic-superior-en-documentacio-sanitaria\/\" title=\"Read T\u00e8cnic superior en DOCUMENTACI\u00d3 I ADMINISTRACI\u00d3 SANIT\u00c0RIES\">Llegeix m\u00e9s\u00bb<\/a><\/p>\n","protected":false},"author":1,"featured_media":0,"parent":8164,"menu_order":0,"comment_status":"closed","ping_status":"closed","template":"","meta":{"_bbp_topic_count":0,"_bbp_reply_count":0,"_bbp_total_topic_count":0,"_bbp_total_reply_count":0,"_bbp_voice_count":0,"_bbp_anonymous_reply_count":0,"_bbp_topic_count_hidden":0,"_bbp_reply_count_hidden":0,"_bbp_forum_subforum_count":0,"footnotes":""},"class_list":["post-2762","page","type-page","status-publish","hentry"],"post_mailing_queue_ids":[],"_links":{"self":[{"href":"https:\/\/agora.xtec.cat\/iesdesales\/wp-json\/wp\/v2\/pages\/2762","targetHints":{"allow":["GET"]}}],"collection":[{"href":"https:\/\/agora.xtec.cat\/iesdesales\/wp-json\/wp\/v2\/pages"}],"about":[{"href":"https:\/\/agora.xtec.cat\/iesdesales\/wp-json\/wp\/v2\/types\/page"}],"author":[{"embeddable":true,"href":"https:\/\/agora.xtec.cat\/iesdesales\/wp-json\/wp\/v2\/users\/1"}],"replies":[{"embeddable":true,"href":"https:\/\/agora.xtec.cat\/iesdesales\/wp-json\/wp\/v2\/comments?post=2762"}],"version-history":[{"count":5,"href":"https:\/\/agora.xtec.cat\/iesdesales\/wp-json\/wp\/v2\/pages\/2762\/revisions"}],"predecessor-version":[{"id":9977,"href":"https:\/\/agora.xtec.cat\/iesdesales\/wp-json\/wp\/v2\/pages\/2762\/revisions\/9977"}],"up":[{"embeddable":true,"href":"https:\/\/agora.xtec.cat\/iesdesales\/wp-json\/wp\/v2\/pages\/8164"}],"wp:attachment":[{"href":"https:\/\/agora.xtec.cat\/iesdesales\/wp-json\/wp\/v2\/media?parent=2762"}],"curies":[{"name":"wp","href":"https:\/\/api.w.org\/{rel}","templated":true}]}}