{"id":2751,"date":"2017-02-15T17:12:12","date_gmt":"2017-02-15T16:12:12","guid":{"rendered":"http:\/\/agora.xtec.cat\/iesdesales\/?page_id=2751"},"modified":"2025-06-05T08:21:11","modified_gmt":"2025-06-05T06:21:11","slug":"politica-de-qualitat","status":"publish","type":"page","link":"https:\/\/agora.xtec.cat\/iesdesales\/projecte-educatiu\/politica-de-qualitat\/","title":{"rendered":"Pol\u00edtica de qualitat"},"content":{"rendered":"<p>La pol\u00edtica de qualitat de l\u2019Institut Sales ha estat des de la seva fundaci\u00f3, i estar\u00e0 en el futur, orientada a satisfer les expectatives i necessitats educatives de l\u2019alumnat en particular, i de la societat en general, oferint-los uns ensenyaments i serveis de qualitat, cercant la millora cont\u00ednua i aspirant a l\u2019excel\u00b7l\u00e8ncia en el servei.<\/p>\n<p>L\u2019Institut forma part del Projecte de Qualitat i Millora Cont\u00ednua del Departament d\u2019Educaci\u00f3 des del curs 2010-2011, encaminat a aconseguir una educaci\u00f3 de millor qualitat. La implantaci\u00f3 i el manteniment del nostre sistema de gesti\u00f3 de qualitat basat en la Norma ISO 9001, que es gestiona per processos, garanteix el compliment d&#8217;aquest objectiu i abasta a tota l&#8217;oferta educativa. En aquest sistema no est\u00e0 previst aplicar el punt 8.3 de disseny.<\/p>\n<h5><b>Comprom\u00eds amb els Objectius de Desenvolupament Sostenible (ODS)<\/b><\/h5>\n<p>L&#8217;Institut Sales, en el seu comprom\u00eds amb la qualitat, la innovaci\u00f3 i la responsabilitat social, reconeix la import\u00e0ncia de l&#8217;<b>Agenda 2030<\/b> i els <b>Objectius de Desenvolupament Sostenible (ODS)<\/b> de les Nacions Unides com a marc global per a un futur m\u00e9s just, equitatiu i sostenible. La nostra pol\u00edtica de qualitat s&#8217;alinea intr\u00ednsecament amb aquests objectius, contribuint activament a la seva consecuci\u00f3, especialment a l&#8217;<b>ODS 4: Educaci\u00f3 de Qualitat<\/b>, aix\u00ed com a d&#8217;altres ODS rellevants per a la nostra activitat educativa i gesti\u00f3 di\u00e0ria.<\/p>\n<h5><b>Els nostres referents de qualitat i la seva contribuci\u00f3 als ODS:<\/b><\/h5>\n<p>La nostra pol\u00edtica d\u2019institut contempla com a referents, els seg\u00fcents, assegurant una contribuci\u00f3 activa als ODS:<\/p>\n<ul>\n<li aria-level=\"1\"><b>La dimensi\u00f3 personal de l&#8217;alumnat:<\/b> Exigeix la satisfacci\u00f3 de les seves necessitats formatives i el seu desenvolupament integral, contribuint directament a l&#8217;assoliment de l&#8217;<b>ODS 4: Educaci\u00f3 de Qualitat<\/b> i promovent el seu benestar (ODS 3: Salut i Benestar).<\/li>\n<li aria-level=\"1\"><b>La dimensi\u00f3 familiar:<\/b> Els pares i mares han de tenir confian\u00e7a i garantia de la qualitat del servei educatiu que reben els seus fills i filles, refor\u00e7ant el nostre comprom\u00eds amb l&#8217;<b>ODS 4: Educaci\u00f3 de Qualitat<\/b> i la transpar\u00e8ncia (ODS 16: Pau, Just\u00edcia i Institucions S\u00f2lides).<\/li>\n<li aria-level=\"1\"><b>La dimensi\u00f3 professional:<\/b> Exigeix complir amb el nostre comprom\u00eds amb la satisfacci\u00f3 del professorat, personal d&#8217;Administraci\u00f3 i Serveis (PAS), empreses, universitats i institucions, fomentant el treball decent i el desenvolupament professional (ODS 8: Treball Decent i Creixement Econ\u00f2mic) i establint aliances estrat\u00e8giques (ODS 17: Aliances per assolir els Objectius).<\/li>\n<li aria-level=\"1\"><b>La dimensi\u00f3 social:<\/b> Reclama millorar la qualitat humana de les persones per tal de millorar la conviv\u00e8ncia i el desenvolupament d&#8217;una societat m\u00e9s inclusiva, equitativa i sostenible (ODS 10: Reducci\u00f3 de les Desigualtats, ODS 11: Ciutats i Comunitats Sostenibles, ODS 16: Pau, Just\u00edcia i Institucions S\u00f2lides).<\/li>\n<li aria-level=\"1\"><b>L\u2019acompliment, actualitzaci\u00f3 i millora cont\u00ednua dels objectius de l&#8217;Institut:<\/b> Incloent els aspectes mediambientals que aborden l&#8217;acci\u00f3 pel clima (ODS 13: Acci\u00f3 pel Clima) i la producci\u00f3 i consum responsables (ODS 12: Producci\u00f3 i Consum Responsables), i les accions preventives envers la seguretat i benestar dels treballadors i alumnes del centre (ODS 3: Salut i Benestar).<\/li>\n<li aria-level=\"1\"><b>La dimensi\u00f3 personal del professorat i del PAS:<\/b> Afavorint la conciliaci\u00f3 de la vida laboral i familiar per a un treball decent i la igualtat de g\u00e8nere (ODS 5: Igualtat de G\u00e8nere, ODS 8: Treball Decent i Creixement Econ\u00f2mic).<\/li>\n<li aria-level=\"1\"><b>L\u2019inter\u00e8s per acomplir i millorar els requisits establerts per l\u2019Administraci\u00f3 Educativa i d\u2019altres lleis i disposicions que siguin d\u2019aplicaci\u00f3:<\/b> Com les normes de prevenci\u00f3 de riscos laborals i les mediambientals, per tal d&#8217;assegurar la reducci\u00f3 dels riscos laborals, l&#8217;eliminaci\u00f3 de la sinistralitat (ODS 3: Salut i Benestar) i preveure, evitar o minimitzar els possibles efectes contaminants (ODS 12: Producci\u00f3 i Consum Responsables, ODS 13: Acci\u00f3 pel Clima), contribuint a unes institucions m\u00e9s s\u00f2lides i transparents (ODS 16: Pau, Just\u00edcia i Institucions S\u00f2lides).<\/li>\n<\/ul>\n<p>&nbsp;<\/p>\n","protected":false},"excerpt":{"rendered":"<p>La pol\u00edtica de qualitat de l\u2019Institut Sales ha estat des de la seva fundaci\u00f3, i estar\u00e0 en el futur, orientada a satisfer les expectatives i necessitats educatives de l\u2019alumnat en particular, i de la societat en general, oferint-los uns ensenyaments i serveis de qualitat, cercant&hellip;  <a href=\"https:\/\/agora.xtec.cat\/iesdesales\/projecte-educatiu\/politica-de-qualitat\/\" title=\"Read Pol\u00edtica de qualitat\">Llegeix m\u00e9s\u00bb<\/a><\/p>\n","protected":false},"author":1,"featured_media":0,"parent":57,"menu_order":20,"comment_status":"closed","ping_status":"closed","template":"page-templates\/side-menu.php","meta":{"_bbp_topic_count":0,"_bbp_reply_count":0,"_bbp_total_topic_count":0,"_bbp_total_reply_count":0,"_bbp_voice_count":0,"_bbp_anonymous_reply_count":0,"_bbp_topic_count_hidden":0,"_bbp_reply_count_hidden":0,"_bbp_forum_subforum_count":0,"footnotes":""},"class_list":["post-2751","page","type-page","status-publish","hentry"],"post_mailing_queue_ids":[],"_links":{"self":[{"href":"https:\/\/agora.xtec.cat\/iesdesales\/wp-json\/wp\/v2\/pages\/2751","targetHints":{"allow":["GET"]}}],"collection":[{"href":"https:\/\/agora.xtec.cat\/iesdesales\/wp-json\/wp\/v2\/pages"}],"about":[{"href":"https:\/\/agora.xtec.cat\/iesdesales\/wp-json\/wp\/v2\/types\/page"}],"author":[{"embeddable":true,"href":"https:\/\/agora.xtec.cat\/iesdesales\/wp-json\/wp\/v2\/users\/1"}],"replies":[{"embeddable":true,"href":"https:\/\/agora.xtec.cat\/iesdesales\/wp-json\/wp\/v2\/comments?post=2751"}],"version-history":[{"count":2,"href":"https:\/\/agora.xtec.cat\/iesdesales\/wp-json\/wp\/v2\/pages\/2751\/revisions"}],"predecessor-version":[{"id":9602,"href":"https:\/\/agora.xtec.cat\/iesdesales\/wp-json\/wp\/v2\/pages\/2751\/revisions\/9602"}],"up":[{"embeddable":true,"href":"https:\/\/agora.xtec.cat\/iesdesales\/wp-json\/wp\/v2\/pages\/57"}],"wp:attachment":[{"href":"https:\/\/agora.xtec.cat\/iesdesales\/wp-json\/wp\/v2\/media?parent=2751"}],"curies":[{"name":"wp","href":"https:\/\/api.w.org\/{rel}","templated":true}]}}