{"id":27,"date":"2014-09-17T16:24:03","date_gmt":"2014-09-17T16:24:03","guid":{"rendered":"http:\/\/agora.xtec.cat\/iesdesales\/?page_id=27"},"modified":"2016-07-11T08:54:13","modified_gmt":"2016-07-11T07:54:13","slug":"historia","status":"publish","type":"page","link":"https:\/\/agora.xtec.cat\/iesdesales\/linstitut\/historia\/","title":{"rendered":"Hist\u00f2ria"},"content":{"rendered":"<p style=\"text-align: justify;\">L\u2019IES de Sales comen\u00e7a la seva traject\u00f2ria el curs 1978-1979 amb el nom de Instituto Nacional de Bachillerato de Viladecans, a l\u2019edifici de la Torre Roja, situat al parc del mateix nom.<\/p>\n<p style=\"text-align: justify;\">Aquesta singular construcci\u00f3 senyorial del segle XII, que despr\u00e9s va ser la seu de l\u2019INEM, era llavors compartida per diferents ens p\u00fablics; d\u2019una banda, pel claustre de professors (menys de 10 en aquells moments) i l\u2019alumnat. D&#8217;altra banda, la resta de l&#8217;edifici allotjava les depend\u00e8ncies de la comissaria de policia municipal.<\/p>\n<p style=\"text-align: justify;\">El 1978 t\u00e9 lloc una sessi\u00f3 extraordin\u00e0ria de l\u2019Ajuntament de Viladecans per a la cessi\u00f3 de terrenys destinats a equipaments comunitaris i dotacions al Barri de Sales, on posteriorment s\u2019hauria de construir el nou Institut.<\/p>\n<p style=\"text-align: justify;\">El juny del 1985 es va construir la base de l\u2019edifici actual, al carrer Antonio Machado s\/n, ara n\u00famero 43. Aquest edifici inicial ha tingut dues ampliacions, la primera va incorporar dos seccions a la zona oest i amb la segona, acabada l\u2019any 2012, es va fer l\u2019ampliaci\u00f3 de la zona est i l\u2019edifici extern del gimn\u00e0s, conferint aix\u00ed l\u2019estructura actual.<\/p>\n<p style=\"text-align: justify;\">El curs 1996-1997 es va implantar a l\u2019Institut de Sales el nou sistema educatiu de l\u2019ESO, i el curs 2000-2001 s\u2019implanten els Cicles formatius de\u00a0 la Fam\u00edlia de Sanitat, conformant una nova tipologia de centre que \u00e9s el que actualment existeix.<\/p>\n","protected":false},"excerpt":{"rendered":"<p>L\u2019IES de Sales comen\u00e7a la seva traject\u00f2ria el curs 1978-1979 amb el nom de Instituto Nacional de Bachillerato de Viladecans, a l\u2019edifici de la Torre Roja, situat al parc del mateix nom.<br \/>\nAquesta singular construcci\u00f3 senyorial del segle XII, que despr\u00e9s va ser la seu de&hellip;  <a href=\"https:\/\/agora.xtec.cat\/iesdesales\/linstitut\/historia\/\" title=\"Read Hist\u00f2ria\">Llegeix m\u00e9s\u00bb<\/a><\/p>\n","protected":false},"author":1,"featured_media":0,"parent":19,"menu_order":20,"comment_status":"closed","ping_status":"closed","template":"page-templates\/side-menu.php","meta":{"_bbp_topic_count":0,"_bbp_reply_count":0,"_bbp_total_topic_count":0,"_bbp_total_reply_count":0,"_bbp_voice_count":0,"_bbp_anonymous_reply_count":0,"_bbp_topic_count_hidden":0,"_bbp_reply_count_hidden":0,"_bbp_forum_subforum_count":0,"footnotes":""},"class_list":["post-27","page","type-page","status-publish","hentry"],"post_mailing_queue_ids":[],"_links":{"self":[{"href":"https:\/\/agora.xtec.cat\/iesdesales\/wp-json\/wp\/v2\/pages\/27","targetHints":{"allow":["GET"]}}],"collection":[{"href":"https:\/\/agora.xtec.cat\/iesdesales\/wp-json\/wp\/v2\/pages"}],"about":[{"href":"https:\/\/agora.xtec.cat\/iesdesales\/wp-json\/wp\/v2\/types\/page"}],"author":[{"embeddable":true,"href":"https:\/\/agora.xtec.cat\/iesdesales\/wp-json\/wp\/v2\/users\/1"}],"replies":[{"embeddable":true,"href":"https:\/\/agora.xtec.cat\/iesdesales\/wp-json\/wp\/v2\/comments?post=27"}],"version-history":[{"count":3,"href":"https:\/\/agora.xtec.cat\/iesdesales\/wp-json\/wp\/v2\/pages\/27\/revisions"}],"predecessor-version":[{"id":2335,"href":"https:\/\/agora.xtec.cat\/iesdesales\/wp-json\/wp\/v2\/pages\/27\/revisions\/2335"}],"up":[{"embeddable":true,"href":"https:\/\/agora.xtec.cat\/iesdesales\/wp-json\/wp\/v2\/pages\/19"}],"wp:attachment":[{"href":"https:\/\/agora.xtec.cat\/iesdesales\/wp-json\/wp\/v2\/media?parent=27"}],"curies":[{"name":"wp","href":"https:\/\/api.w.org\/{rel}","templated":true}]}}