{"id":2562,"date":"2016-09-25T18:45:06","date_gmt":"2016-09-25T17:45:06","guid":{"rendered":"http:\/\/agora.xtec.cat\/iesdesales\/?page_id=2562"},"modified":"2016-09-25T19:12:34","modified_gmt":"2016-09-25T18:12:34","slug":"programmes-internationaux","status":"publish","type":"page","link":"https:\/\/agora.xtec.cat\/iesdesales\/projecte-educatiu\/projectes-internacionals\/programmes-internationaux\/","title":{"rendered":"Programmes internationaux"},"content":{"rendered":"<p><a href=\"http:\/\/agora.xtec.cat\/iesdesales\/projecte-educatiu\/projectes-internacionals\/\"> <img loading=\"lazy\" decoding=\"async\" class=\"alignnone size-large wp-image-2548\" src=\"http:\/\/agora.xtec.cat\/iesdesales\/wp-content\/uploads\/usu678\/2016\/09\/CAT_32.jpg\" alt=\"cat_32\" width=\"32\" height=\"21\" \/><\/a> <a href=\"http:\/\/agora.xtec.cat\/iesdesales\/projecte-educatiu\/projectes-internacionals\/programas-internacionales\/\"><img loading=\"lazy\" decoding=\"async\" class=\"alignnone size-large wp-image-2549\" src=\"http:\/\/agora.xtec.cat\/iesdesales\/wp-content\/uploads\/usu678\/2016\/09\/ESP_32.jpg\" alt=\"esp_32\" width=\"32\" height=\"21\" \/><\/a> <a href=\"http:\/\/agora.xtec.cat\/iesdesales\/projecte-educatiu\/projectes-internacionals\/international-programmes\/\"> <img loading=\"lazy\" decoding=\"async\" class=\"alignnone size-full wp-image-2547\" src=\"http:\/\/agora.xtec.cat\/iesdesales\/wp-content\/uploads\/usu678\/2016\/09\/ANG_32.jpg\" alt=\"ang_32\" width=\"32\" height=\"21\" \/><\/a> <a href=\"http:\/\/agora.xtec.cat\/iesdesales\/projecte-educatiu\/projectes-internacionals\/programmes-internationaux\/\"><img loading=\"lazy\" decoding=\"async\" class=\"alignnone size-large wp-image-2550\" src=\"http:\/\/agora.xtec.cat\/iesdesales\/wp-content\/uploads\/usu678\/2016\/09\/FRA_32.png\" alt=\"fra_32\" width=\"32\" height=\"21\" \/><\/a><\/p>\n<p>Notre \u00e9tablissement s\u2019est toujours montr\u00e9 ouvert \u00e0 la possibilit\u00e9 de cr\u00e9er de nouvelles associations mondiales, sp\u00e9cialement en Europe. La participation de notre lyc\u00e9e dans des projets internationaux s\u2019est initi\u00e9 l\u2019an 2000, avec le projet Lingua-e. Ensuite, se sont succ\u00e9d\u00e9s deux autres projets Comenius d\u2019une dur\u00e9e de trois ann\u00e9es chacun (le premier : de 2003 \u00e0 2005 et le deuxi\u00e8me de 2011 \u00e0 2013).<\/p>\n<p>D\u00fb \u00e0 notre bonne exp\u00e9rience, nous voulons renforcer notre activit\u00e9 internationale en participant dans les programmes de mobilit\u00e9 avec nos \u00e9l\u00e8ves de formation professionnelle du Cycle Sup\u00e9rieur .Nous pensons que ces exp\u00e9riences font progresser leurs comp\u00e9tences professionnelles et linguistiques, requis tr\u00e8s importants pour l\u2019insertion au travail.<\/p>\n<p>Parall\u00e8lement \u00e0 l\u2019int\u00e9r\u00eat et primordialit\u00e9 envers cette mobilit\u00e9 des \u00e9tudiants, nous proposons promouvoir la mobilit\u00e9 des professeurs puisque nous consid\u00e9rons cette possibilit\u00e9 comme tr\u00e8s importante du point de vue de la modernisation de l\u2019\u00e9ducation et pour am\u00e9liorer la qualit\u00e9 \u00e9ducative.<br \/>\nC\u2019est pour cette raison que nous avons demand\u00e9 la Carte Erasmus, requis n\u00e9cessaire pour avoir acc\u00e8s aux projets de mobilit\u00e9 et coop\u00e9ration du Programme \u00c9rasmus +.<\/p>\n<p><a href=\"http:\/\/agora.xtec.cat\/iesdesales\/wp-content\/uploads\/usu678\/2016\/09\/ECHE_D.pdf\">Sol\u00b7licitud ECHE, apartat D<\/a><\/p>\n<p><a href=\"http:\/\/agora.xtec.cat\/iesdesales\/wp-content\/uploads\/usu678\/2016\/09\/Institut-de-Sales-ECHE_ESP.pdf\">Institut de Sales ECHE (Castellano)<\/a><\/p>\n<p><a href=\"http:\/\/agora.xtec.cat\/iesdesales\/wp-content\/uploads\/usu678\/2016\/09\/Institut-de-Sales-ECHE_ENG.pdf\">Institut de Sales ECHE (English)<\/a><\/p>\n<p>&nbsp;<\/p>\n<p><a href=\"http:\/\/eacea.ec.europa.eu\/index_en.php\"><img loading=\"lazy\" decoding=\"async\" class=\"alignnone size-full wp-image-2551\" src=\"http:\/\/agora.xtec.cat\/iesdesales\/wp-content\/uploads\/usu678\/2016\/09\/logo_eacea.gif\" alt=\"logo_eacea\" width=\"172\" height=\"119\" \/><\/a> <a href=\"http:\/\/ec.europa.eu\/avservices\/video\/player.cfm?ref=I083255\"><img loading=\"lazy\" decoding=\"async\" class=\"alignnone size-large wp-image-2552\" src=\"http:\/\/agora.xtec.cat\/iesdesales\/wp-content\/uploads\/usu678\/2016\/09\/logo_erasmus.jpg\" alt=\"logo_erasmus\" width=\"150\" height=\"117\" \/><\/a> <a href=\"http:\/\/www.oapee.es\/oapee\/inicio.html\"><img loading=\"lazy\" decoding=\"async\" class=\"alignnone size-large wp-image-2553\" src=\"http:\/\/agora.xtec.cat\/iesdesales\/wp-content\/uploads\/usu678\/2016\/09\/logo_oapee.png\" alt=\"logo_oapee\" width=\"216\" height=\"77\" \/><\/a><\/p>\n<p><a href=\"http:\/\/europass.cedefop.europa.eu\/es\"><img loading=\"lazy\" decoding=\"async\" class=\"alignnone size-large wp-image-2554\" src=\"http:\/\/agora.xtec.cat\/iesdesales\/wp-content\/uploads\/usu678\/2016\/09\/logo_europass.jpg\" alt=\"logo_europass\" width=\"200\" height=\"70\" \/><\/a> <a href=\"https:\/\/www.xanascat.cat\/shownode.tjc?id=504315\"><img loading=\"lazy\" decoding=\"async\" class=\"alignnone size-large wp-image-2555\" src=\"http:\/\/agora.xtec.cat\/iesdesales\/wp-content\/uploads\/usu678\/2016\/09\/logo_xanascat.jpg\" alt=\"logo_xanascat\" width=\"230\" height=\"52\" \/><\/a> <a href=\"http:\/\/www.eh.ub.edu\/en\/\"><img loading=\"lazy\" decoding=\"async\" class=\"alignnone size-large wp-image-2556\" src=\"http:\/\/agora.xtec.cat\/iesdesales\/wp-content\/uploads\/usu678\/2016\/09\/Logo_UB.jpg\" alt=\"logo_ub\" width=\"170\" height=\"102\" \/><\/a><\/p>\n","protected":false},"excerpt":{"rendered":"<p><a href=\"http:\/\/agora.xtec.cat\/iesdesales\/projecte-educatiu\/projectes-internacionals\/\"> <\/a> <a href=\"http:\/\/agora.xtec.cat\/iesdesales\/projecte-educatiu\/projectes-internacionals\/programas-internacionales\/\"><\/a> <a href=\"http:\/\/agora.xtec.cat\/iesdesales\/projecte-educatiu\/projectes-internacionals\/international-programmes\/\"> <\/a> <a href=\"http:\/\/agora.xtec.cat\/iesdesales\/projecte-educatiu\/projectes-internacionals\/programmes-internationaux\/\"><\/a><br \/>\nNotre \u00e9tablissement s\u2019est toujours montr\u00e9 ouvert \u00e0 la possibilit\u00e9 de cr\u00e9er de nouvelles associations mondiales, sp\u00e9cialement en Europe. La participation de notre lyc\u00e9e dans des projets internationaux s\u2019est initi\u00e9 l\u2019an 2000, avec le projet Lingua-e. Ensuite,&hellip;  <a href=\"https:\/\/agora.xtec.cat\/iesdesales\/projecte-educatiu\/projectes-internacionals\/programmes-internationaux\/\" title=\"Read Programmes internationaux\">Llegeix m\u00e9s\u00bb<\/a><\/p>\n","protected":false},"author":1,"featured_media":0,"parent":2449,"menu_order":0,"comment_status":"closed","ping_status":"closed","template":"","meta":{"_bbp_topic_count":0,"_bbp_reply_count":0,"_bbp_total_topic_count":0,"_bbp_total_reply_count":0,"_bbp_voice_count":0,"_bbp_anonymous_reply_count":0,"_bbp_topic_count_hidden":0,"_bbp_reply_count_hidden":0,"_bbp_forum_subforum_count":0,"footnotes":""},"class_list":["post-2562","page","type-page","status-publish","hentry"],"post_mailing_queue_ids":[],"_links":{"self":[{"href":"https:\/\/agora.xtec.cat\/iesdesales\/wp-json\/wp\/v2\/pages\/2562","targetHints":{"allow":["GET"]}}],"collection":[{"href":"https:\/\/agora.xtec.cat\/iesdesales\/wp-json\/wp\/v2\/pages"}],"about":[{"href":"https:\/\/agora.xtec.cat\/iesdesales\/wp-json\/wp\/v2\/types\/page"}],"author":[{"embeddable":true,"href":"https:\/\/agora.xtec.cat\/iesdesales\/wp-json\/wp\/v2\/users\/1"}],"replies":[{"embeddable":true,"href":"https:\/\/agora.xtec.cat\/iesdesales\/wp-json\/wp\/v2\/comments?post=2562"}],"version-history":[{"count":2,"href":"https:\/\/agora.xtec.cat\/iesdesales\/wp-json\/wp\/v2\/pages\/2562\/revisions"}],"predecessor-version":[{"id":2570,"href":"https:\/\/agora.xtec.cat\/iesdesales\/wp-json\/wp\/v2\/pages\/2562\/revisions\/2570"}],"up":[{"embeddable":true,"href":"https:\/\/agora.xtec.cat\/iesdesales\/wp-json\/wp\/v2\/pages\/2449"}],"wp:attachment":[{"href":"https:\/\/agora.xtec.cat\/iesdesales\/wp-json\/wp\/v2\/media?parent=2562"}],"curies":[{"name":"wp","href":"https:\/\/api.w.org\/{rel}","templated":true}]}}