{"id":2558,"date":"2016-09-25T18:42:53","date_gmt":"2016-09-25T17:42:53","guid":{"rendered":"http:\/\/agora.xtec.cat\/iesdesales\/?page_id=2558"},"modified":"2016-09-25T19:10:24","modified_gmt":"2016-09-25T18:10:24","slug":"programas-internacionales","status":"publish","type":"page","link":"https:\/\/agora.xtec.cat\/iesdesales\/projecte-educatiu\/projectes-internacionals\/programas-internacionales\/","title":{"rendered":"Programas internacionales"},"content":{"rendered":"<p><a href=\"http:\/\/agora.xtec.cat\/iesdesales\/projecte-educatiu\/projectes-internacionals\/\"> <img loading=\"lazy\" decoding=\"async\" class=\"alignnone size-large wp-image-2548\" src=\"http:\/\/agora.xtec.cat\/iesdesales\/wp-content\/uploads\/usu678\/2016\/09\/CAT_32.jpg\" alt=\"cat_32\" width=\"32\" height=\"21\" \/><\/a> <a href=\"http:\/\/agora.xtec.cat\/iesdesales\/projecte-educatiu\/projectes-internacionals\/programas-internacionales\/\"><img loading=\"lazy\" decoding=\"async\" class=\"alignnone size-large wp-image-2549\" src=\"http:\/\/agora.xtec.cat\/iesdesales\/wp-content\/uploads\/usu678\/2016\/09\/ESP_32.jpg\" alt=\"esp_32\" width=\"32\" height=\"21\" \/><\/a> <a href=\"http:\/\/agora.xtec.cat\/iesdesales\/projecte-educatiu\/projectes-internacionals\/international-programmes\/\"> <img loading=\"lazy\" decoding=\"async\" class=\"alignnone size-full wp-image-2547\" src=\"http:\/\/agora.xtec.cat\/iesdesales\/wp-content\/uploads\/usu678\/2016\/09\/ANG_32.jpg\" alt=\"ang_32\" width=\"32\" height=\"21\" \/><\/a> <a href=\"http:\/\/agora.xtec.cat\/iesdesales\/projecte-educatiu\/projectes-internacionals\/programmes-internationaux\/\"><img loading=\"lazy\" decoding=\"async\" class=\"alignnone size-large wp-image-2550\" src=\"http:\/\/agora.xtec.cat\/iesdesales\/wp-content\/uploads\/usu678\/2016\/09\/FRA_32.png\" alt=\"fra_32\" width=\"32\" height=\"21\" \/><\/a><\/p>\n<p>Nuestro centro siempre ha estado interesado en crear nuevas asociaciones en todo el mundo, especialment en Europa. La participaci\u00f3n de nuestro Instituto en proyectos internacionales se inicia en el a\u00f1o 2000 con el proyecto Lingua-e, a \u00e9ste le siguieron dos proyectos Comenius en los periodos 2003-2005 y 2011-2013.<\/p>\n<p>Queremos reforzar nuestra actividad internacional participando en los programas de movilidad de nuestros estudiantes de Educaci\u00f3n Superior (Grados superiores de Formaci\u00f3n Profesional), puesto que consideramos que estas experiencias mejorar\u00e1n sus competencias profesionales y ling\u00fc\u00edsticas lo cual comportar\u00e1 una mejora de sus posibilidades de inserci\u00f3n laboral.<\/p>\n<p>Junto con la potenciaci\u00f3n de la movilidad de los estudiantes nos proponemos seguir impulsando la movilidad del profesorado ya que consideramos que \u00e9sta constituye una pieza clave en la modernizaci\u00f3n de la educaci\u00f3n y en la mejora de la calidad educativa.<\/p>\n<p>Es por todo lo anterior que hemos solicitado la Carta Erasmus, requisito imprescindible para acceder a los proyectos de movilidad i cooperaci\u00f3n del programa Erasmus+.<\/p>\n<p><a href=\"http:\/\/agora.xtec.cat\/iesdesales\/wp-content\/uploads\/usu678\/2016\/09\/ECHE_D.pdf\">Solicitud ECHE, apartado D<\/a><\/p>\n<p><a href=\"http:\/\/agora.xtec.cat\/iesdesales\/wp-content\/uploads\/usu678\/2016\/09\/Institut-de-Sales-ECHE_ESP.pdf\">Institut de Sales ECHE (Castellano)<\/a><\/p>\n<p><a href=\"http:\/\/agora.xtec.cat\/iesdesales\/wp-content\/uploads\/usu678\/2016\/09\/Institut-de-Sales-ECHE_ENG.pdf\">Institut de Sales ECHE (English)<\/a><\/p>\n<p>&nbsp;<\/p>\n<p><a href=\"http:\/\/eacea.ec.europa.eu\/index_en.php\"><img loading=\"lazy\" decoding=\"async\" class=\"alignnone size-full wp-image-2551\" src=\"http:\/\/agora.xtec.cat\/iesdesales\/wp-content\/uploads\/usu678\/2016\/09\/logo_eacea.gif\" alt=\"logo_eacea\" width=\"172\" height=\"119\" \/><\/a> <a href=\"http:\/\/ec.europa.eu\/avservices\/video\/player.cfm?ref=I083255\"><img loading=\"lazy\" decoding=\"async\" class=\"alignnone size-large wp-image-2552\" src=\"http:\/\/agora.xtec.cat\/iesdesales\/wp-content\/uploads\/usu678\/2016\/09\/logo_erasmus.jpg\" alt=\"logo_erasmus\" width=\"150\" height=\"117\" \/><\/a> <a href=\"http:\/\/www.oapee.es\/oapee\/inicio.html\"><img loading=\"lazy\" decoding=\"async\" class=\"alignnone size-large wp-image-2553\" src=\"http:\/\/agora.xtec.cat\/iesdesales\/wp-content\/uploads\/usu678\/2016\/09\/logo_oapee.png\" alt=\"logo_oapee\" width=\"216\" height=\"77\" \/><\/a><\/p>\n<p><a href=\"http:\/\/europass.cedefop.europa.eu\/es\"><img loading=\"lazy\" decoding=\"async\" class=\"alignnone size-large wp-image-2554\" src=\"http:\/\/agora.xtec.cat\/iesdesales\/wp-content\/uploads\/usu678\/2016\/09\/logo_europass.jpg\" alt=\"logo_europass\" width=\"200\" height=\"70\" \/><\/a> <a href=\"https:\/\/www.xanascat.cat\/shownode.tjc?id=504315\"><img loading=\"lazy\" decoding=\"async\" class=\"alignnone size-large wp-image-2555\" src=\"http:\/\/agora.xtec.cat\/iesdesales\/wp-content\/uploads\/usu678\/2016\/09\/logo_xanascat.jpg\" alt=\"logo_xanascat\" width=\"230\" height=\"52\" \/><\/a> <a href=\"http:\/\/www.eh.ub.edu\/en\/\"><img loading=\"lazy\" decoding=\"async\" class=\"alignnone size-large wp-image-2556\" src=\"http:\/\/agora.xtec.cat\/iesdesales\/wp-content\/uploads\/usu678\/2016\/09\/Logo_UB.jpg\" alt=\"logo_ub\" width=\"170\" height=\"102\" \/><\/a><\/p>\n","protected":false},"excerpt":{"rendered":"<p><a href=\"http:\/\/agora.xtec.cat\/iesdesales\/projecte-educatiu\/projectes-internacionals\/\"> <\/a> <a href=\"http:\/\/agora.xtec.cat\/iesdesales\/projecte-educatiu\/projectes-internacionals\/programas-internacionales\/\"><\/a> <a href=\"http:\/\/agora.xtec.cat\/iesdesales\/projecte-educatiu\/projectes-internacionals\/international-programmes\/\"> <\/a> <a href=\"http:\/\/agora.xtec.cat\/iesdesales\/projecte-educatiu\/projectes-internacionals\/programmes-internationaux\/\"><\/a><br \/>\nNuestro centro siempre ha estado interesado en crear nuevas asociaciones en todo el mundo, especialment en Europa. La participaci\u00f3n de nuestro Instituto en proyectos internacionales se inicia en el a\u00f1o 2000 con el proyecto Lingua-e, a&hellip;  <a href=\"https:\/\/agora.xtec.cat\/iesdesales\/projecte-educatiu\/projectes-internacionals\/programas-internacionales\/\" title=\"Read Programas internacionales\">Llegeix m\u00e9s\u00bb<\/a><\/p>\n","protected":false},"author":1,"featured_media":0,"parent":2449,"menu_order":0,"comment_status":"closed","ping_status":"closed","template":"","meta":{"_bbp_topic_count":0,"_bbp_reply_count":0,"_bbp_total_topic_count":0,"_bbp_total_reply_count":0,"_bbp_voice_count":0,"_bbp_anonymous_reply_count":0,"_bbp_topic_count_hidden":0,"_bbp_reply_count_hidden":0,"_bbp_forum_subforum_count":0,"footnotes":""},"class_list":["post-2558","page","type-page","status-publish","hentry"],"post_mailing_queue_ids":[],"_links":{"self":[{"href":"https:\/\/agora.xtec.cat\/iesdesales\/wp-json\/wp\/v2\/pages\/2558","targetHints":{"allow":["GET"]}}],"collection":[{"href":"https:\/\/agora.xtec.cat\/iesdesales\/wp-json\/wp\/v2\/pages"}],"about":[{"href":"https:\/\/agora.xtec.cat\/iesdesales\/wp-json\/wp\/v2\/types\/page"}],"author":[{"embeddable":true,"href":"https:\/\/agora.xtec.cat\/iesdesales\/wp-json\/wp\/v2\/users\/1"}],"replies":[{"embeddable":true,"href":"https:\/\/agora.xtec.cat\/iesdesales\/wp-json\/wp\/v2\/comments?post=2558"}],"version-history":[{"count":2,"href":"https:\/\/agora.xtec.cat\/iesdesales\/wp-json\/wp\/v2\/pages\/2558\/revisions"}],"predecessor-version":[{"id":2569,"href":"https:\/\/agora.xtec.cat\/iesdesales\/wp-json\/wp\/v2\/pages\/2558\/revisions\/2569"}],"up":[{"embeddable":true,"href":"https:\/\/agora.xtec.cat\/iesdesales\/wp-json\/wp\/v2\/pages\/2449"}],"wp:attachment":[{"href":"https:\/\/agora.xtec.cat\/iesdesales\/wp-json\/wp\/v2\/media?parent=2558"}],"curies":[{"name":"wp","href":"https:\/\/api.w.org\/{rel}","templated":true}]}}