{"id":2449,"date":"2016-09-22T14:51:19","date_gmt":"2016-09-22T13:51:19","guid":{"rendered":"http:\/\/agora.xtec.cat\/iesdesales\/?page_id=2449"},"modified":"2024-07-08T11:02:03","modified_gmt":"2024-07-08T09:02:03","slug":"projectes-internacionals","status":"publish","type":"page","link":"https:\/\/agora.xtec.cat\/iesdesales\/projecte-educatiu\/projectes-internacionals\/","title":{"rendered":"Programes internacionals"},"content":{"rendered":"<p><a href=\"http:\/\/agora.xtec.cat\/iesdesales\/projecte-educatiu\/projectes-internacionals\/\"> <img loading=\"lazy\" decoding=\"async\" class=\"alignnone size-large wp-image-2548\" src=\"http:\/\/agora.xtec.cat\/iesdesales\/wp-content\/uploads\/usu678\/2016\/09\/CAT_32.jpg\" alt=\"cat_32\" width=\"32\" height=\"21\" \/><\/a> \u00a0 <a href=\"http:\/\/agora.xtec.cat\/iesdesales\/projecte-educatiu\/projectes-internacionals\/programas-internacionales\/\"><img loading=\"lazy\" decoding=\"async\" class=\"alignnone size-large wp-image-2549\" src=\"http:\/\/agora.xtec.cat\/iesdesales\/wp-content\/uploads\/usu678\/2016\/09\/ESP_32.jpg\" alt=\"esp_32\" width=\"32\" height=\"21\" \/><\/a> <a href=\"http:\/\/agora.xtec.cat\/iesdesales\/projecte-educatiu\/projectes-internacionals\/international-programmes\/\">\u00a0 <img loading=\"lazy\" decoding=\"async\" class=\"alignnone size-full wp-image-2547\" src=\"http:\/\/agora.xtec.cat\/iesdesales\/wp-content\/uploads\/usu678\/2016\/09\/ANG_32.jpg\" alt=\"ang_32\" width=\"32\" height=\"21\" \/><\/a>\u00a0 <a href=\"http:\/\/agora.xtec.cat\/iesdesales\/projecte-educatiu\/projectes-internacionals\/programmes-internationaux\/\"><img loading=\"lazy\" decoding=\"async\" class=\"alignnone size-large wp-image-2550\" src=\"http:\/\/agora.xtec.cat\/iesdesales\/wp-content\/uploads\/usu678\/2016\/09\/FRA_32.png\" alt=\"fra_32\" width=\"32\" height=\"21\" \/><\/a><\/p>\n<p>El nostre centre ha estat sempre molt interessat en crear noves associacions a tot el m\u00f3n, especialment a Europa. La participaci\u00f3 del nostre Institut en projectes internacionals s&#8217;inicia l&#8217;any 2000 amb el projecte Lingua-e, a aquest li van seguir dos projectes Comenius en els per\u00edodes 2003-2005 i 2011-2013.<\/p>\n<p>Volem refor\u00e7ar la nostra activitat internacional participant en els programes de mobilitat dels nostres estudiants d&#8217;Educaci\u00f3 Superior (Graus superiors de Formaci\u00f3 Professional), ja que considerem que aquestes experi\u00e8ncies milloraran les seves compet\u00e8ncies professionals i ling\u00fc\u00edstiques i amb aix\u00f2 milloraran les seves possibilitats d\u2019inserci\u00f3 laboral.<\/p>\n<p>Juntament amb la potenciaci\u00f3 de la mobilitat dels estudiants ens proposem seguir impulsant la mobilitat del professorat ja que considerem que aquesta constitueix una pe\u00e7a clau en la modernitzaci\u00f3 de l&#8217;educaci\u00f3 i en la millora de la qualitat educativa .<\/p>\n<p>\u00c9s per tot aix\u00f2 que hem sol\u00b7licitat la Carta Erasmus, requisit imprescindible per accedir als projectes de mobilitat i cooperaci\u00f3 del programa Erasmus +.<\/p>\n<p><a href=\"http:\/\/agora.xtec.cat\/iesdesales\/wp-content\/uploads\/usu678\/2016\/09\/ECHE_D.pdf\">Sol\u00b7licitud ECHE, apartat D<\/a><\/p>\n<p><a href=\"https:\/\/agora.xtec.cat\/iesdesales\/wp-content\/uploads\/usu678\/2021\/04\/ECHE-2127.pdf\">Institut de Sales ECHE (English)<\/a><\/p>\n<p><a href=\"https:\/\/agora.xtec.cat\/iesdesales\/wp-content\/uploads\/usu678\/2024\/07\/convocatoria-beques-mobilitat-alumnat-2324.pdf\">Convocat\u00f2ria beques mobilitat alumnat 23-24<\/a><\/p>\n<p><a href=\"https:\/\/agora.xtec.cat\/iesdesales\/wp-content\/uploads\/usu678\/2024\/07\/Resolucio-provisional-beques-mobilitat-alumnat-2324.pdf\">Resoluci\u00f3 provisional beques mobilitat alumnat 23-24<\/a><\/p>\n<p><a href=\"https:\/\/agora.xtec.cat\/iesdesales\/wp-content\/uploads\/usu678\/2024\/07\/Resolucio-definitiva-beques-mobilitat-alumnat-2324.pdf\">Resoluci\u00f3 definitiva beques mobilitat alumnat 2324<\/a><\/p>\n<p>&nbsp;<\/p>\n<p><a href=\"https:\/\/agora.xtec.cat\/iesdesales\/wp-content\/uploads\/usu678\/2024\/07\/logo-erasmus.png\"><img loading=\"lazy\" decoding=\"async\" class=\"alignnone  wp-image-8775\" src=\"https:\/\/agora.xtec.cat\/iesdesales\/wp-content\/uploads\/usu678\/2024\/07\/logo-erasmus-1024x215.png\" alt=\"\" width=\"400\" height=\"84\" srcset=\"https:\/\/agora.xtec.cat\/iesdesales\/wp-content\/uploads\/usu678\/2024\/07\/logo-erasmus-1024x215.png 1024w, https:\/\/agora.xtec.cat\/iesdesales\/wp-content\/uploads\/usu678\/2024\/07\/logo-erasmus-300x63.png 300w, https:\/\/agora.xtec.cat\/iesdesales\/wp-content\/uploads\/usu678\/2024\/07\/logo-erasmus-768x161.png 768w, https:\/\/agora.xtec.cat\/iesdesales\/wp-content\/uploads\/usu678\/2024\/07\/logo-erasmus-1536x322.png 1536w, https:\/\/agora.xtec.cat\/iesdesales\/wp-content\/uploads\/usu678\/2024\/07\/logo-erasmus-2048x429.png 2048w\" sizes=\"auto, (max-width: 400px) 100vw, 400px\" \/><\/a><\/p>\n<p>&nbsp;<\/p>\n<p>&nbsp;<\/p>\n","protected":false},"excerpt":{"rendered":"<p><a href=\"http:\/\/agora.xtec.cat\/iesdesales\/projecte-educatiu\/projectes-internacionals\/\"> <\/a> \u00a0 <a href=\"http:\/\/agora.xtec.cat\/iesdesales\/projecte-educatiu\/projectes-internacionals\/programas-internacionales\/\"><\/a> <a href=\"http:\/\/agora.xtec.cat\/iesdesales\/projecte-educatiu\/projectes-internacionals\/international-programmes\/\">\u00a0 <\/a>\u00a0 <a href=\"http:\/\/agora.xtec.cat\/iesdesales\/projecte-educatiu\/projectes-internacionals\/programmes-internationaux\/\"><\/a><br \/>\nEl nostre centre ha estat sempre molt interessat en crear noves associacions a tot el m\u00f3n, especialment a Europa. La participaci\u00f3 del nostre Institut en projectes internacionals s&#8217;inicia l&#8217;any 2000 amb el projecte Lingua-e, a&hellip;  <a href=\"https:\/\/agora.xtec.cat\/iesdesales\/projecte-educatiu\/projectes-internacionals\/\" title=\"Read Programes internacionals\">Llegeix m\u00e9s\u00bb<\/a><\/p>\n","protected":false},"author":1,"featured_media":0,"parent":57,"menu_order":100,"comment_status":"closed","ping_status":"closed","template":"page-templates\/side-menu.php","meta":{"_bbp_topic_count":0,"_bbp_reply_count":0,"_bbp_total_topic_count":0,"_bbp_total_reply_count":0,"_bbp_voice_count":0,"_bbp_anonymous_reply_count":0,"_bbp_topic_count_hidden":0,"_bbp_reply_count_hidden":0,"_bbp_forum_subforum_count":0,"footnotes":""},"class_list":["post-2449","page","type-page","status-publish","hentry"],"post_mailing_queue_ids":[],"_links":{"self":[{"href":"https:\/\/agora.xtec.cat\/iesdesales\/wp-json\/wp\/v2\/pages\/2449","targetHints":{"allow":["GET"]}}],"collection":[{"href":"https:\/\/agora.xtec.cat\/iesdesales\/wp-json\/wp\/v2\/pages"}],"about":[{"href":"https:\/\/agora.xtec.cat\/iesdesales\/wp-json\/wp\/v2\/types\/page"}],"author":[{"embeddable":true,"href":"https:\/\/agora.xtec.cat\/iesdesales\/wp-json\/wp\/v2\/users\/1"}],"replies":[{"embeddable":true,"href":"https:\/\/agora.xtec.cat\/iesdesales\/wp-json\/wp\/v2\/comments?post=2449"}],"version-history":[{"count":7,"href":"https:\/\/agora.xtec.cat\/iesdesales\/wp-json\/wp\/v2\/pages\/2449\/revisions"}],"predecessor-version":[{"id":8776,"href":"https:\/\/agora.xtec.cat\/iesdesales\/wp-json\/wp\/v2\/pages\/2449\/revisions\/8776"}],"up":[{"embeddable":true,"href":"https:\/\/agora.xtec.cat\/iesdesales\/wp-json\/wp\/v2\/pages\/57"}],"wp:attachment":[{"href":"https:\/\/agora.xtec.cat\/iesdesales\/wp-json\/wp\/v2\/media?parent=2449"}],"curies":[{"name":"wp","href":"https:\/\/api.w.org\/{rel}","templated":true}]}}