{"id":2349,"date":"2016-07-19T18:39:02","date_gmt":"2016-07-19T17:39:02","guid":{"rendered":"http:\/\/agora.xtec.cat\/iesdesales\/?page_id=2349"},"modified":"2023-07-19T09:07:42","modified_gmt":"2023-07-19T07:07:42","slug":"projectes-de-centre","status":"publish","type":"page","link":"https:\/\/agora.xtec.cat\/iesdesales\/projecte-educatiu\/projectes-de-centre\/","title":{"rendered":"Projectes de centre"},"content":{"rendered":"<p><strong><span class=\"txt1\">PROJECTE ILEC<\/span><\/strong><br \/>\nEl Projecte d\u2019Impuls a la Lectura es va iniciar al curs 2012. \u00c9s un projecte complementari del que ja es feia al centre del \u201cGust per la Lectura\u201d des del 2008 i pret\u00e9n fomentar l\u2019h\u00e0bit lector i la comprensi\u00f3 lectora dels alumnes a 1r i 2n d\u2019ESO. Les activitats lligades al projecte van des de la lectura i proposta de llibres entre els participants i la visita d\u2019escriptors de llibres llegits, a sessions de teatre dins i fora del centre, a la creaci\u00f3 del portafolis de lectura i tantes altres.<\/p>\n<p><strong><span class=\"txt1\">PROJECTE DE REUTILITZACI\u00d3 DELS LLIBRES DE TEXT<\/span><\/strong><br \/>\nDes de fa uns anys, juntament amb l&#8217;AMPA, estem duent a terme el projecte de reutilitzaci\u00f3 dels llibre de text a l&#8217;ESO. Aquest projecte suposa un estalvi al voltant del 60 % en l&#8217;adquisici\u00f3 dels llibres de text, aix\u00ed com tamb\u00e9 garanteix a tots els alumnes l&#8217;adquisici\u00f3 dels material de text b\u00e0sic.<\/p>\n<p><span class=\"txt1\"><strong>PROJECTE &#8220;ESPORT A L&#8217;ESCOLA&#8221;<\/strong><br \/>\n<\/span>Projecte promogut des de la Secretaria General de l\u2019Esport i el Departament d\u2019Educaci\u00f3 amb l\u2019objectiu de millorar l\u2019activitat esportiva, la cohesi\u00f3 social i la salut dels nois i noies. Des d\u2019aquest projecte s\u2019ha iniciat una acci\u00f3 de promoci\u00f3 de l\u2019esport adre\u00e7at als alumnes de l\u2019Escola Dr. Trueta i l\u2019Escola Pau Casals dins el programa de l\u2019Ajuntament de Viladecans \u201cl\u2019Escola al barri\u201d.<\/p>\n<p><strong><span class=\"txt1\">PROJECTE ESCOLA VERDA<\/span><\/strong><br \/>\nAquest projecte es desenvolupa des de l\u2019any 2007. L&#8217;any 2009 es va aconseguir el distintiu d\u2019Escola Verda. Des d&#8217;aleshores s\u2019han dut a terme diverses actuacions per aconseguir els objectius previstos, des de l\u2019hort i el compostatge fins al projecte de reciclatge de residus. Sempre amb la intenci\u00f3 de fer del nostre entorn un espai el m\u00e9s sostenible possible.<\/p>\n<p><strong><span class=\"txt1\">PROJECTE \u00d2RBITA<\/span><\/strong><br \/>\nProjecte de ciutat promogut des del Pla Educatiu d\u2019Entorn a trav\u00e9s de la Xarxa Educativa. Mitjan\u00e7ant un conveni entre l\u2019Ajuntament de Viladecans i el Departament d\u2019Educaci\u00f3 s\u2019ofereixen estades en empreses del municipi a alumnes amb risc d\u2019aband\u00f3 escolar per motivar-los coneixent el m\u00f3n laboral i la necessitat que tenen d\u2019estar formats per fer una inserci\u00f3 laboral adequada.<\/p>\n<p><strong>PROJECTE &#8220;SHARING TO LEARN&#8221;<br \/>\n<\/strong>Projecte d&#8217;innovaci\u00f3 en lleng\u00fces estrangeres en col\u00b7laboraci\u00f3 amb les escoles Pau Casals i Doctor Trueta, sorgit del treball en xarxa del municipi entre Prim\u00e0ria i Secund\u00e0ria. Alumnes voluntaris de 1r de batxillerat amb un bon nivell d&#8217;angl\u00e8s, una o dues tardes a les escoles, fan de <em>Language Assistants<\/em> (ajudants ling\u00fc\u00edstics) amb els nens de 5\u00e8 i 6\u00e8 de prim\u00e0ria sempre amb la col\u00b7laboraci\u00f3 del professor especialista de l&#8217;escola.<\/p>\n<p><strong>PROJECTE PADRINS DE LECTURA<br \/>\n<\/strong>Projecte compartit amb l&#8217;escola Pau Casals. Alumnes de 3r i 4t d&#8217;ESO de l&#8217;institut fan una sessi\u00f3 setmanal de lectura amb alumnes de 1r, 2n i 3r de prim\u00e0ria. Aquesta activitat t\u00e9 per objectiu fomentar el plaer de la lectura i millorar el proc\u00e9s d&#8217;aprenentatge de la lectoescriptura, aix\u00ed com refor\u00e7ar l&#8217;autonomia, responsabilitat i autoestima dels alumnes de secund\u00e0ria.<\/p>\n<p><span class=\"txt1\"><strong>PROJECTE DE &#8220;PREVENCI\u00d3 D&#8217;ABSENTISME ESCOLAR&#8221;<\/strong> <\/span><br \/>\nProjecte promogut des del Pla d\u2019Educatiu d\u2019Entorn per prevenir l\u2019absentisme escolar. Setmanalment la professional del projecte juntament amb la professional de refer\u00e8ncia dels centres fan un seguiment d\u2019aquells alumnes que presenten comportaments que poden derivar en absentisme escolar.<\/p>\n<p><strong><span class=\"txt1\">PROJECTE ESCOLA OBERTA AL BARRI<\/span><\/strong><br \/>\nAquest projecte es compon de dues vessants principals: l&#8217;obertura de la biblioteca Ia Biblioteca Isabel de Villena al barri i d&#8217;altra la col\u00b7laboraci\u00f3 amb l&#8217;associaci\u00f3 de ve\u00efns per tal de mantenir el nostre hort escolar.<\/p>\n<p><span class=\"txt1\"><strong> PROJECTE MART XXI<\/strong> <\/span><br \/>\nDes de l\u2019Universitat Polit\u00e8cnica de Catalunya del Campus de Castelldefels s\u2019organitza una activitat per fomentar la motivaci\u00f3 i l\u2019inter\u00e8s dels alumnes pels estudis de branques cient\u00edfiques i tecnol\u00f2giques. El projecte consisteix en treballar com seria la vida a Mart. Participen tots els centres de secund\u00e0ria de Viladecans.<\/p>\n<p><strong><span class=\"txt1\">PROJECTE DE FORMACI\u00d3 DEL PROFESSORAT<\/span><\/strong><br \/>\nEl centre col\u00b7labora amb les Universitats en la realitzaci\u00f3 M\u00e0ster del Professorat\u00a0 per a la formaci\u00f3 dels \u00a0dels futurs professors d\u2019ESO, Batxillerat i Cicles Formatius a trav\u00e9s dels Practicums que realitzen al centre.<\/p>\n<p><strong><span class=\"txt1\">PROJECTE DE QUALITAT I MILLORA CONT\u00cdNUA<\/span><\/strong><br \/>\n\u00c9s un projecte que pret\u00e9n\u00a0 aconseguir, a trav\u00e9s de la millora de la gesti\u00f3, la m\u00e0xima qualitat\u00a0 en el processos propis del centre.\u00a0Els objectius es centren en:<\/p>\n<p>\u2022\u00a0Satisfer les expectatives i necessitats educatives de l\u2019alumnat i fam\u00edlia.<br \/>\n\u2022\u00a0Contribuir a l\u2019assoliment dels objectius que la societat li assigna com a Institut d\u2019Educaci\u00f3 Secund\u00e0ria i Post Obligat\u00f2ria.<br \/>\n\u2022\u00a0Desenvolupar i implicar el conjunt de l\u2019equip hum\u00e0 de l\u2019Institut per tal d\u2019assegurar un alt nivell de satisfacci\u00f3.<br \/>\n\u2022\u00a0La millora cont\u00ednua de les activitats i els serveis que desenvolupa i presta.<\/p>\n","protected":false},"excerpt":{"rendered":"<p>PROJECTE ILEC<br \/>\nEl Projecte d\u2019Impuls a la Lectura es va iniciar al curs 2012. \u00c9s un projecte complementari del que ja es feia al centre del \u201cGust per la Lectura\u201d des del 2008 i pret\u00e9n fomentar l\u2019h\u00e0bit lector i la comprensi\u00f3 lectora dels alumnes a 1r&hellip;  <a href=\"https:\/\/agora.xtec.cat\/iesdesales\/projecte-educatiu\/projectes-de-centre\/\" title=\"Read Projectes de centre\">Llegeix m\u00e9s\u00bb<\/a><\/p>\n","protected":false},"author":1,"featured_media":0,"parent":57,"menu_order":60,"comment_status":"closed","ping_status":"closed","template":"page-templates\/side-menu.php","meta":{"_bbp_topic_count":0,"_bbp_reply_count":0,"_bbp_total_topic_count":0,"_bbp_total_reply_count":0,"_bbp_voice_count":0,"_bbp_anonymous_reply_count":0,"_bbp_topic_count_hidden":0,"_bbp_reply_count_hidden":0,"_bbp_forum_subforum_count":0,"footnotes":""},"class_list":["post-2349","page","type-page","status-publish","hentry"],"post_mailing_queue_ids":[],"_links":{"self":[{"href":"https:\/\/agora.xtec.cat\/iesdesales\/wp-json\/wp\/v2\/pages\/2349","targetHints":{"allow":["GET"]}}],"collection":[{"href":"https:\/\/agora.xtec.cat\/iesdesales\/wp-json\/wp\/v2\/pages"}],"about":[{"href":"https:\/\/agora.xtec.cat\/iesdesales\/wp-json\/wp\/v2\/types\/page"}],"author":[{"embeddable":true,"href":"https:\/\/agora.xtec.cat\/iesdesales\/wp-json\/wp\/v2\/users\/1"}],"replies":[{"embeddable":true,"href":"https:\/\/agora.xtec.cat\/iesdesales\/wp-json\/wp\/v2\/comments?post=2349"}],"version-history":[{"count":4,"href":"https:\/\/agora.xtec.cat\/iesdesales\/wp-json\/wp\/v2\/pages\/2349\/revisions"}],"predecessor-version":[{"id":7772,"href":"https:\/\/agora.xtec.cat\/iesdesales\/wp-json\/wp\/v2\/pages\/2349\/revisions\/7772"}],"up":[{"embeddable":true,"href":"https:\/\/agora.xtec.cat\/iesdesales\/wp-json\/wp\/v2\/pages\/57"}],"wp:attachment":[{"href":"https:\/\/agora.xtec.cat\/iesdesales\/wp-json\/wp\/v2\/media?parent=2349"}],"curies":[{"name":"wp","href":"https:\/\/api.w.org\/{rel}","templated":true}]}}