{"id":2340,"date":"2016-09-20T09:39:34","date_gmt":"2016-09-20T08:39:34","guid":{"rendered":"http:\/\/agora.xtec.cat\/iesdesales\/?page_id=2340"},"modified":"2023-10-04T10:34:48","modified_gmt":"2023-10-04T08:34:48","slug":"activitats-educatives","status":"publish","type":"page","link":"https:\/\/agora.xtec.cat\/iesdesales\/projecte-educatiu\/activitats-educatives\/","title":{"rendered":"Sortides i activitats complement\u00e0ries"},"content":{"rendered":"<p>Al calendari de la p\u00e0gina principal podeu consultar totes sortides i activitats complement\u00e0ries que fem al centre durant el curs. Cadascuna d&#8217;elles est\u00e0 dissenyada per a millorar la motivaci\u00f3, el creixement personal i l&#8217;aprenentatge dels nostres alumnes.<\/p>\n<p>Aquestes s\u00f3n algunes de les sortides i activitats que formen part de la nostra programaci\u00f3 anual:<\/p>\n<ul>\n<li>1r ESO:\n<ul>\n<li>Projecte hort urb\u00e0 que promou la sostenibilitat i bon \u00fas dels residus org\u00e0nics originats al centre per tal de regenerar un nou espai verd dins de l\u2019institut de Sales.<\/li>\n<li>Taller de r\u00e8ptils.<\/li>\n<li>Participaci\u00f3 en l&#8217;espectacle de m\u00e0gia en angl\u00e8s \u201cJack, the magician\u201d.<\/li>\n<li>Col\u00f2nies durant tres dies del mes de juny l&#8217;alumnat fa activitats l\u00fadiques-esportives en un entorn natural.<\/li>\n<li>Concert de m\u00fasica (M\u00fasica): a final de curs tots l&#8217;alumnat de 1r, 2n d&#8217;ESO i l&#8217;alumnat de 4t d&#8217;ESO de l&#8217;optativa de m\u00fasica fan un concert en qu\u00e8 poden assistir amics i familiars.<\/li>\n<\/ul>\n<\/li>\n<li>2n ESO:\n<ul>\n<li>Projecte sobre l&#8217;energia (interdisciplinari): projecte de treball en grups cooperatius durant el qual es potencia la motivaci\u00f3, l&#8217;autonomia i la creativitat dels nostres alumnes.<\/li>\n<li>Projecte de creaci\u00f3 d&#8217;una revista o blog on l&#8217;alumnat informar\u00e0 a la resta de la comunitat educativa de les not\u00edcies que es produeixen en el centre, fomentant la comunicaci\u00f3 i les eines TIC.<\/li>\n<li>Visita al MMACA (Museu de les matem\u00e0tiques de Catalunya) a Cornell\u00e0.<\/li>\n<li>Visita al museu de les Aig\u00fces de Cornell\u00e0.<\/li>\n<li>Sortida per con\u00e8ixer el patrimoni hist\u00f2ric de Viladecans.<\/li>\n<li>Concert de m\u00fasica (M\u00fasica): a final de curs tots l&#8217;alumnat de 1r, 2n d&#8217;ESO i l&#8217;alumnat de 4t d&#8217;ESO de l&#8217;optativa de m\u00fasica fan un concert en qu\u00e8 poden assistir amics i familiars.<\/li>\n<li>Esquiada (Educaci\u00f3 F\u00edsica): els alumnes de 2n i 3r fan una sortida a de tres dies a esquiar a la Masella.<\/li>\n<\/ul>\n<\/li>\n<li>3r ESO:\n<ul>\n<li>Projecte de publicitat (interdisciplinari): projecte de treball en grups cooperatius durant el qual es potencia la motivaci\u00f3, l&#8217;autonomia i la creativitat dels nostres alumnes.<\/li>\n<li>Esquiada (Educaci\u00f3 F\u00edsica): els alumnes de 2n i 3r fan una sortida a de tres dies a esquiar a la Masella.<\/li>\n<li>Viatge a Par\u00eds (Franc\u00e8s): els alumnes de 3r d&#8217;ESO i 1r de Batxillerat que fan Franc\u00e8s fan una sortida a Par\u00eds de 4 dies.<\/li>\n<\/ul>\n<\/li>\n<li>4t ESO:\n<ul>\n<li>Concurs Problemes a l&#8217;esprint (Matem\u00e0tiques): un dia de febrer durant dues hores els alumnes de 3r i 4t d&#8217;ESO poden participar en grup a un concurs d&#8217;\u00e0mbit catal\u00e0 on han resoldre diversos problemes matem\u00e0tics.Viatge de final d&#8217;etapa a It\u00e0lia (tutoria): com a viatge de fi d&#8217;etapa els alumnes de 4t d&#8217;ESO visiten a Roma els monuments i museus m\u00e9s importants.<\/li>\n<li>Concert de m\u00fasica (M\u00fasica): a final de curs tots l&#8217;alumnat de 1r, 2n d&#8217;ESO i l&#8217;alumnat de 4t d&#8217;ESO de l&#8217;optativa de m\u00fasica fan un concert en qu\u00e8 poden assistir amics i familiars.<\/li>\n<li>Projecte Poetry Slam (taller de creaci\u00f3 de poesia urbana) L\u2019activitat, subvencionada per l\u2019ajuntament de Viladecans, fa que l\u2019alumnat vagi trobant la manera d\u2019expressar els seus pensaments mitjan\u00e7ant activitats amb l\u2019objectiu que tots i totes acabin creant els seus poemes.<\/li>\n<li>Projecte Xcelence: l&#8217;alumnat participa en visites i xerrades en empreses de la zona dintre de la seva formaci\u00f3 i orientaci\u00f3 laboral.<\/li>\n<li>Taller de criptografia de l\u00b4\u00d2scar Font.<\/li>\n<\/ul>\n<\/li>\n<\/ul>\n<ul>\n<li>1r BAT:\n<ul>\n<li>Viatge a Par\u00eds (Franc\u00e8s): els alumnes de 3r d&#8217;ESO i 1r de Batxillerat que fan Franc\u00e8s fan una sortida a Par\u00eds de 4 dies.<\/li>\n<li>Viatge a una ciutat europea: l&#8217;alumnat, com a viatge de fi de curs, visiten una ciutat europea (els darrers cursos aquesta ciutat ha estat Londres).<\/li>\n<li>Visites i xerrades a l&#8217;arxiu municipal per preparar el treball de recerca.<\/li>\n<\/ul>\n<\/li>\n<li>2n BAT:\n<ul>\n<li>Jornada orientaci\u00f3 acad\u00e8mica i laboral a l&#8217;Atrium.<\/li>\n<li>Visita de portes obertes a la UAB.<\/li>\n<li>Visites culturals a museus com poden ser MNAC, Sitges i CCCB,&#8230;<\/li>\n<\/ul>\n<\/li>\n<li>CF:\n<ul>\n<li>Viatge a Moj\u00e1car: els alumnes de Cicles Formatius realitzen un viatge a Moj\u00e1car (Almeria) com a viatge de final de curs.<\/li>\n<\/ul>\n<\/li>\n<\/ul>\n<p>Tots els alumnes de l&#8217;institut poden, a final de curs, fer una sortida l\u00fadica a Port Aventura d&#8217;un dia.<\/p>\n<p>Per a tots els viatges a l&#8217;estranger els alumnes cal tenir en compte la documentaci\u00f3 necess\u00e0ria per tal de poder fer el viatge.<\/p>\n","protected":false},"excerpt":{"rendered":"<p>Al calendari de la p\u00e0gina principal podeu consultar totes sortides i activitats complement\u00e0ries que fem al centre durant el curs. Cadascuna d&#8217;elles est\u00e0 dissenyada per a millorar la motivaci\u00f3, el creixement personal i l&#8217;aprenentatge dels nostres alumnes.<br \/>\nAquestes s\u00f3n algunes de les sortides i activitats que&hellip;  <a href=\"https:\/\/agora.xtec.cat\/iesdesales\/projecte-educatiu\/activitats-educatives\/\" title=\"Read Sortides i activitats complement\u00e0ries\">Llegeix m\u00e9s\u00bb<\/a><\/p>\n","protected":false},"author":1,"featured_media":0,"parent":57,"menu_order":80,"comment_status":"closed","ping_status":"closed","template":"page-templates\/side-menu.php","meta":{"_bbp_topic_count":0,"_bbp_reply_count":0,"_bbp_total_topic_count":0,"_bbp_total_reply_count":0,"_bbp_voice_count":0,"_bbp_anonymous_reply_count":0,"_bbp_topic_count_hidden":0,"_bbp_reply_count_hidden":0,"_bbp_forum_subforum_count":0,"footnotes":""},"class_list":["post-2340","page","type-page","status-publish","hentry"],"post_mailing_queue_ids":[],"_links":{"self":[{"href":"https:\/\/agora.xtec.cat\/iesdesales\/wp-json\/wp\/v2\/pages\/2340","targetHints":{"allow":["GET"]}}],"collection":[{"href":"https:\/\/agora.xtec.cat\/iesdesales\/wp-json\/wp\/v2\/pages"}],"about":[{"href":"https:\/\/agora.xtec.cat\/iesdesales\/wp-json\/wp\/v2\/types\/page"}],"author":[{"embeddable":true,"href":"https:\/\/agora.xtec.cat\/iesdesales\/wp-json\/wp\/v2\/users\/1"}],"replies":[{"embeddable":true,"href":"https:\/\/agora.xtec.cat\/iesdesales\/wp-json\/wp\/v2\/comments?post=2340"}],"version-history":[{"count":6,"href":"https:\/\/agora.xtec.cat\/iesdesales\/wp-json\/wp\/v2\/pages\/2340\/revisions"}],"predecessor-version":[{"id":8145,"href":"https:\/\/agora.xtec.cat\/iesdesales\/wp-json\/wp\/v2\/pages\/2340\/revisions\/8145"}],"up":[{"embeddable":true,"href":"https:\/\/agora.xtec.cat\/iesdesales\/wp-json\/wp\/v2\/pages\/57"}],"wp:attachment":[{"href":"https:\/\/agora.xtec.cat\/iesdesales\/wp-json\/wp\/v2\/media?parent=2340"}],"curies":[{"name":"wp","href":"https:\/\/api.w.org\/{rel}","templated":true}]}}