{"id":2331,"date":"2016-07-11T08:41:06","date_gmt":"2016-07-11T07:41:06","guid":{"rendered":"http:\/\/agora.xtec.cat\/iesdesales\/?page_id=2331"},"modified":"2021-03-19T11:16:38","modified_gmt":"2021-03-19T10:16:38","slug":"departaments-didactics","status":"publish","type":"page","link":"https:\/\/agora.xtec.cat\/iesdesales\/departaments-didactics\/","title":{"rendered":"Departaments did\u00e0ctics"},"content":{"rendered":"<p>Els nostre institut est\u00e0 organitzat amb departaments did\u00e0ctics:<\/p>\n<ul>\n<li>Departament de Cicles Formatius<\/li>\n<li>Departament de Ci\u00e8ncies de la Naturalesa<\/li>\n<li>Departament de Ci\u00e8ncies Socials, Filosofia i Religi\u00f3<\/li>\n<li>Departament d&#8217;Expressi\u00f3<\/li>\n<li>Departament de Llengua Castellana i Literatura i Cultura Cl\u00e0ssica<\/li>\n<li>Departament de Llengua Catalana i Literatura<\/li>\n<li>Departament de Lleng\u00fces Estrangeres<\/li>\n<li>Departament de Matem\u00e0tiques<\/li>\n<li>Departament d&#8217;Orientaci\u00f3 Educativa<\/li>\n<li>Departament de Tecnologia<\/li>\n<\/ul>\n","protected":false},"excerpt":{"rendered":"<p>Els nostre institut est\u00e0 organitzat amb departaments did\u00e0ctics:<\/p>\n<ul>\n<li>Departament de Cicles Formatius<\/li>\n<li>Departament de Ci\u00e8ncies de la Naturalesa<\/li>\n<li>Departament de Ci\u00e8ncies Socials, Filosofia i Religi\u00f3<\/li>\n<li>Departament d&#8217;Expressi\u00f3<\/li>\n<li>Departament de Llengua Castellana i Literatura i Cultura Cl\u00e0ssica<\/li>\n<li>Departament de Llengua Catalana i Literatura<\/li>\n<li>Departament de Lleng\u00fces Estrangeres<\/li>\n<li>Departament de Matem\u00e0tiques<\/li>\n<li>Departament d&#8217;Orientaci\u00f3 Educativa<\/li>\n<li>Departament de Tecnologia<\/li>\n<\/ul>\n","protected":false},"author":1,"featured_media":0,"parent":0,"menu_order":0,"comment_status":"closed","ping_status":"closed","template":"","meta":{"_bbp_topic_count":0,"_bbp_reply_count":0,"_bbp_total_topic_count":0,"_bbp_total_reply_count":0,"_bbp_voice_count":0,"_bbp_anonymous_reply_count":0,"_bbp_topic_count_hidden":0,"_bbp_reply_count_hidden":0,"_bbp_forum_subforum_count":0,"footnotes":""},"class_list":["post-2331","page","type-page","status-publish","hentry"],"post_mailing_queue_ids":[],"_links":{"self":[{"href":"https:\/\/agora.xtec.cat\/iesdesales\/wp-json\/wp\/v2\/pages\/2331","targetHints":{"allow":["GET"]}}],"collection":[{"href":"https:\/\/agora.xtec.cat\/iesdesales\/wp-json\/wp\/v2\/pages"}],"about":[{"href":"https:\/\/agora.xtec.cat\/iesdesales\/wp-json\/wp\/v2\/types\/page"}],"author":[{"embeddable":true,"href":"https:\/\/agora.xtec.cat\/iesdesales\/wp-json\/wp\/v2\/users\/1"}],"replies":[{"embeddable":true,"href":"https:\/\/agora.xtec.cat\/iesdesales\/wp-json\/wp\/v2\/comments?post=2331"}],"version-history":[{"count":2,"href":"https:\/\/agora.xtec.cat\/iesdesales\/wp-json\/wp\/v2\/pages\/2331\/revisions"}],"predecessor-version":[{"id":5794,"href":"https:\/\/agora.xtec.cat\/iesdesales\/wp-json\/wp\/v2\/pages\/2331\/revisions\/5794"}],"wp:attachment":[{"href":"https:\/\/agora.xtec.cat\/iesdesales\/wp-json\/wp\/v2\/media?parent=2331"}],"curies":[{"name":"wp","href":"https:\/\/api.w.org\/{rel}","templated":true}]}}