{"id":2318,"date":"2016-07-09T14:05:12","date_gmt":"2016-07-09T13:05:12","guid":{"rendered":"http:\/\/agora.xtec.cat\/iesdesales\/?page_id=2318"},"modified":"2023-05-16T17:58:26","modified_gmt":"2023-05-16T15:58:26","slug":"associacio-de-pares-i-mares","status":"publish","type":"page","link":"https:\/\/agora.xtec.cat\/iesdesales\/serveis\/associacio-de-pares-i-mares\/","title":{"rendered":"Associaci\u00f3 de pares i mares (AMPA)"},"content":{"rendered":"<p><span class=\"txt1\">L&#8217;Associaci\u00f3 <\/span><span class=\"txt1\">de Mares i Pares d&#8217;alumnes<\/span> de l&#8217;INSTITUT de SALES \u00e9s una associaci\u00f3 sense \u00e0nim de lucre, que treballa durant tot el curs per ajudar a les fam\u00edlies i\u00a0 col\u00b7laborar amb l&#8217;Institut per millorar l\u2019educaci\u00f3 dels vostres fills i filles<\/p>\n<p>Fa molts anys que es va formar l&#8217;AMPA de l\u2019INSTITUT DE SALES, la qual cosa ens ha perm\u00e8s treballar plegats en un mateix projecte: la millora de l&#8217;educaci\u00f3 mitjan\u00e7ant el suport a l&#8217;escola p\u00fablica.<\/p>\n<p>Sempre hem treballat per promoure un ensenyament de qualitat per a tothom, sense distincions socials de cap mena, demanant la col\u00b7laboraci\u00f3 de les fam\u00edlies i afavorint la integraci\u00f3 i la cohesi\u00f3 social dels alumnes.<\/p>\n<p>A l&#8217;AMPA ens mou l&#8217;inter\u00e8s per tots els aspectes de l&#8217;escola dels nostres fills. Per aix\u00f2:<br \/>\n&#8211; Formem part del Consell Escolar del centre.<br \/>\n&#8211; Participem activament en el Consell Escolar Municipal.<br \/>\n&#8211; Som part activa de la Comissi\u00f3 d&#8217;Escolaritzaci\u00f3.<br \/>\n&#8211; Portem endavant, juntament amb l\u2019institut, el Projecte de socialitzaci\u00f3 de llibres de text.<br \/>\n&#8211; Participem en totes les activitats del centre: Fira de l\u2019Escola p\u00fablica, Sant Jordi, Carnestoltes&#8230;..<\/p>\n<p>Les activitats que organitza l\u2019Associaci\u00f3\u00a0 s\u00f3n obertes a tots els alumnes de l\u2019escola, i al col\u00b7lectiu de mares i pares en funci\u00f3 de l\u2019activitat.<\/p>\n<p>Podeu obtenir m\u00e9s informaci\u00f3 de l&#8217;AMPA a la seva p\u00e0gina web: <a href=\"https:\/\/ampainstitutdesales.com\/\">https:\/\/ampainstitutdesales.com\/<\/a><\/p>\n<p><a href=\"https:\/\/ampainstitutdesales.com\/\"><img loading=\"lazy\" decoding=\"async\" class=\"alignnone size-large wp-image-7564\" src=\"https:\/\/agora.xtec.cat\/iesdesales\/wp-content\/uploads\/usu678\/2023\/05\/AMPA-1024x387.jpg\" alt=\"\" width=\"1024\" height=\"387\" srcset=\"https:\/\/agora.xtec.cat\/iesdesales\/wp-content\/uploads\/usu678\/2023\/05\/AMPA-1024x387.jpg 1024w, https:\/\/agora.xtec.cat\/iesdesales\/wp-content\/uploads\/usu678\/2023\/05\/AMPA-300x113.jpg 300w, https:\/\/agora.xtec.cat\/iesdesales\/wp-content\/uploads\/usu678\/2023\/05\/AMPA-768x290.jpg 768w, https:\/\/agora.xtec.cat\/iesdesales\/wp-content\/uploads\/usu678\/2023\/05\/AMPA.jpg 1279w\" sizes=\"auto, (max-width: 1024px) 100vw, 1024px\" \/><\/a><\/p>\n","protected":false},"excerpt":{"rendered":"<p>L&#8217;Associaci\u00f3 de Mares i Pares d&#8217;alumnes de l&#8217;INSTITUT de SALES \u00e9s una associaci\u00f3 sense \u00e0nim de lucre, que treballa durant tot el curs per ajudar a les fam\u00edlies i\u00a0 col\u00b7laborar amb l&#8217;Institut per millorar l\u2019educaci\u00f3 dels vostres fills i filles<br \/>\nFa molts anys que es va&hellip;  <a href=\"https:\/\/agora.xtec.cat\/iesdesales\/serveis\/associacio-de-pares-i-mares\/\" title=\"Read Associaci\u00f3 de pares i mares (AMPA)\">Llegeix m\u00e9s\u00bb<\/a><\/p>\n","protected":false},"author":1,"featured_media":0,"parent":63,"menu_order":20,"comment_status":"closed","ping_status":"closed","template":"page-templates\/side-menu.php","meta":{"_bbp_topic_count":0,"_bbp_reply_count":0,"_bbp_total_topic_count":0,"_bbp_total_reply_count":0,"_bbp_voice_count":0,"_bbp_anonymous_reply_count":0,"_bbp_topic_count_hidden":0,"_bbp_reply_count_hidden":0,"_bbp_forum_subforum_count":0,"footnotes":""},"class_list":["post-2318","page","type-page","status-publish","hentry"],"post_mailing_queue_ids":[],"_links":{"self":[{"href":"https:\/\/agora.xtec.cat\/iesdesales\/wp-json\/wp\/v2\/pages\/2318","targetHints":{"allow":["GET"]}}],"collection":[{"href":"https:\/\/agora.xtec.cat\/iesdesales\/wp-json\/wp\/v2\/pages"}],"about":[{"href":"https:\/\/agora.xtec.cat\/iesdesales\/wp-json\/wp\/v2\/types\/page"}],"author":[{"embeddable":true,"href":"https:\/\/agora.xtec.cat\/iesdesales\/wp-json\/wp\/v2\/users\/1"}],"replies":[{"embeddable":true,"href":"https:\/\/agora.xtec.cat\/iesdesales\/wp-json\/wp\/v2\/comments?post=2318"}],"version-history":[{"count":3,"href":"https:\/\/agora.xtec.cat\/iesdesales\/wp-json\/wp\/v2\/pages\/2318\/revisions"}],"predecessor-version":[{"id":7571,"href":"https:\/\/agora.xtec.cat\/iesdesales\/wp-json\/wp\/v2\/pages\/2318\/revisions\/7571"}],"up":[{"embeddable":true,"href":"https:\/\/agora.xtec.cat\/iesdesales\/wp-json\/wp\/v2\/pages\/63"}],"wp:attachment":[{"href":"https:\/\/agora.xtec.cat\/iesdesales\/wp-json\/wp\/v2\/media?parent=2318"}],"curies":[{"name":"wp","href":"https:\/\/api.w.org\/{rel}","templated":true}]}}