{"id":1223,"date":"2012-07-03T22:51:06","date_gmt":"2012-07-03T21:51:06","guid":{"rendered":"http:\/\/agora.xtec.cat\/iesdesales\/intraweb\/llibres-de-text\/"},"modified":"2025-09-04T15:26:00","modified_gmt":"2025-09-04T13:26:00","slug":"llibres-de-text","status":"publish","type":"page","link":"https:\/\/agora.xtec.cat\/iesdesales\/linstitut\/llibres-de-text\/","title":{"rendered":"Llibres de text"},"content":{"rendered":"<p>A continuaci\u00f3 podeu consultar els llistats dels llibres de text del curs segons els estudis:<\/p>\n<p style=\"padding-left: 30px;\"><a href=\"https:\/\/agora.xtec.cat\/iesdesales\/wp-content\/uploads\/usu678\/2025\/07\/RS04.03_Llistat_llibres_text_1ESO_INSTITUT-SALES_curs_2025-2026.pdf\"><strong>Llibres 1r ESO (curs 2025-2026)<\/strong><\/a> &#8211; actualitzaci\u00f3 <strong>1\/7\/2025<\/strong><\/p>\n<p style=\"padding-left: 30px;\"><a href=\"https:\/\/agora.xtec.cat\/iesdesales\/wp-content\/uploads\/usu678\/2025\/07\/RS04.03_Llistat_llibres_text_2ESO_INSTITUT-SALES_curs_2025-2026.pdf\"><strong>Llibres 2n ESO (curs 2025-2026)<\/strong><\/a> &#8211; actualitzaci\u00f3<strong> 1\/7\/2025<\/strong><\/p>\n<p style=\"padding-left: 30px;\"><a href=\"https:\/\/agora.xtec.cat\/iesdesales\/wp-content\/uploads\/usu678\/2025\/07\/RS04.03_Llistat_llibres_text_3ESO_INSTITUT-SALES_curs_2025-2026.pdf\"><strong>Llibres 3r ESO (curs 2025-2026)<\/strong><\/a> &#8211; actualitzaci\u00f3 <strong>1\/7\/2025<\/strong><\/p>\n<p style=\"padding-left: 30px;\"><a href=\"https:\/\/agora.xtec.cat\/iesdesales\/wp-content\/uploads\/usu678\/2025\/07\/RS04.03_Llistat_llibres_text_4ESO_INSTITUT-SALES_curs_2025-2026.pdf\"><strong>Llibres 4t ESO (curs 2025-2026)<\/strong><\/a> &#8211; actualitzaci\u00f3<strong> 1\/7\/2025<\/strong><\/p>\n<p style=\"padding-left: 30px;\"><a href=\"https:\/\/agora.xtec.cat\/iesdesales\/wp-content\/uploads\/usu678\/2025\/07\/RS04.03_Llistat_llibres_text_1Batxillerat_Institut-de-Sales_curs_2025-2026.pdf\"><strong>Llibres 1 BAT (curs 2025-2026)<\/strong> <\/a>&#8211; actualitzaci\u00f3 <strong>1\/7\/2025<\/strong><\/p>\n<p style=\"padding-left: 30px;\"><a href=\"https:\/\/agora.xtec.cat\/iesdesales\/wp-content\/uploads\/usu678\/2025\/07\/RS04.03_Llistat_llibres_text_2Batxillerat_Institut-de-Sales_curs_2025-2026.pdf\"><strong>Llibres 2 BAT (curs 2025-2026)<\/strong><\/a> &#8211; actualitzaci\u00f3<strong> 1\/7\/2025<\/strong><\/p>\n<p style=\"padding-left: 30px;\"><a href=\"https:\/\/agora.xtec.cat\/iesdesales\/wp-content\/uploads\/usu678\/2025\/07\/FOL-i-EIE_llibres-CURS-2025-2026-.pdf\"><strong>FOL i EIE llibres (curs <\/strong><strong>2025<\/strong><strong>-2026)<\/strong><\/a> &#8211; <strong>per a tots el cicles formatius<\/strong> &#8211;\u00a0 actualitzaci\u00f3 <strong>2\/<\/strong><strong>7\/2025<\/strong><\/p>\n<p style=\"padding-left: 30px;\"><a href=\"https:\/\/agora.xtec.cat\/iesdesales\/wp-content\/uploads\/usu678\/2025\/07\/CAI_Llista-llibres-CURS-2025-26.docx.pdf\"><strong>Llibres CAI (curs 2025-2026)<\/strong> <\/a>&#8211; actualitzaci\u00f3<strong> 4\/7\/2025<\/strong><\/p>\n<p><strong>La resta dels llibres de cicles formatius es comunicaran al setembre.<\/strong><\/p>\n<p>&nbsp;<\/p>\n<p>La compra de <strong>llibres d&#8217;ESO i Batxillerat<\/strong> es pot fer a trav\u00e8s de l&#8217;empresa Iddink. Aquesta empresa dona l&#8217;opci\u00f3 de comprar cada llibre nou o de segona m\u00e0 (amb un 60% de descompte). Permet fer el pagament al moment o en diferit. A m\u00e9s a m\u00e9s, es pot utilitzar el Val Escolar.<\/p>\n<p>Podeu fer la compra per dues vies:<\/p>\n<ul>\n<li>A la web d&#8217;<a href=\"http:\/\/Iddink.cat\">Iddink.cat<\/a><\/li>\n<li>A l&#8217;institut, el dia 3 de juliol de 9:30 a 14h o de 16 a 18h<\/li>\n<\/ul>\n<p>A continuaci\u00f3 teniu informaci\u00f3 m\u00e9s detallada sobre el proc\u00e9s de compra de llibres:<\/p>\n<p><a href=\"https:\/\/agora.xtec.cat\/iesdesales\/wp-content\/uploads\/usu678\/2025\/06\/Iddink2025.pdf\"><img loading=\"lazy\" decoding=\"async\" class=\"alignnone size-large wp-image-9681\" src=\"https:\/\/agora.xtec.cat\/iesdesales\/wp-content\/uploads\/usu678\/2025\/06\/Iddink2025-724x1024.jpg\" alt=\"\" width=\"724\" height=\"1024\" srcset=\"https:\/\/agora.xtec.cat\/iesdesales\/wp-content\/uploads\/usu678\/2025\/06\/Iddink2025-724x1024.jpg 724w, https:\/\/agora.xtec.cat\/iesdesales\/wp-content\/uploads\/usu678\/2025\/06\/Iddink2025-212x300.jpg 212w, https:\/\/agora.xtec.cat\/iesdesales\/wp-content\/uploads\/usu678\/2025\/06\/Iddink2025-768x1087.jpg 768w, https:\/\/agora.xtec.cat\/iesdesales\/wp-content\/uploads\/usu678\/2025\/06\/Iddink2025-1085x1536.jpg 1085w, https:\/\/agora.xtec.cat\/iesdesales\/wp-content\/uploads\/usu678\/2025\/06\/Iddink2025-1447x2048.jpg 1447w, https:\/\/agora.xtec.cat\/iesdesales\/wp-content\/uploads\/usu678\/2025\/06\/Iddink2025-scaled.jpg 1809w\" sizes=\"auto, (max-width: 724px) 100vw, 724px\" \/><\/a><\/p>\n","protected":false},"excerpt":{"rendered":"<p>A continuaci\u00f3 podeu consultar els llistats dels llibres de text del curs segons els estudis:<br \/>\n<a href=\"https:\/\/agora.xtec.cat\/iesdesales\/wp-content\/uploads\/usu678\/2025\/07\/RS04.03_Llistat_llibres_text_1ESO_INSTITUT-SALES_curs_2025-2026.pdf\">Llibres 1r ESO (curs 2025-2026)<\/a> &#8211; actualitzaci\u00f3 1\/7\/2025<br \/>\n<a href=\"https:\/\/agora.xtec.cat\/iesdesales\/wp-content\/uploads\/usu678\/2025\/07\/RS04.03_Llistat_llibres_text_2ESO_INSTITUT-SALES_curs_2025-2026.pdf\">Llibres 2n ESO (curs 2025-2026)<\/a> &#8211; actualitzaci\u00f3 1\/7\/2025<br \/>\n<a href=\"https:\/\/agora.xtec.cat\/iesdesales\/wp-content\/uploads\/usu678\/2025\/07\/RS04.03_Llistat_llibres_text_3ESO_INSTITUT-SALES_curs_2025-2026.pdf\">Llibres 3r ESO (curs 2025-2026)<\/a> &#8211; actualitzaci\u00f3 1\/7\/2025<br \/>\n<a href=\"https:\/\/agora.xtec.cat\/iesdesales\/wp-content\/uploads\/usu678\/2025\/07\/RS04.03_Llistat_llibres_text_4ESO_INSTITUT-SALES_curs_2025-2026.pdf\">Llibres 4t ESO (curs 2025-2026)<\/a> &#8211;&hellip;  <a href=\"https:\/\/agora.xtec.cat\/iesdesales\/linstitut\/llibres-de-text\/\" title=\"Read Llibres de text\">Llegeix m\u00e9s\u00bb<\/a><\/p>\n","protected":false},"author":1,"featured_media":0,"parent":19,"menu_order":0,"comment_status":"closed","ping_status":"closed","template":"page-templates\/side-menu.php","meta":{"_bbp_topic_count":0,"_bbp_reply_count":0,"_bbp_total_topic_count":0,"_bbp_total_reply_count":0,"_bbp_voice_count":0,"_bbp_anonymous_reply_count":0,"_bbp_topic_count_hidden":0,"_bbp_reply_count_hidden":0,"_bbp_forum_subforum_count":0,"footnotes":""},"class_list":["post-1223","page","type-page","status-publish","hentry"],"post_mailing_queue_ids":[],"_links":{"self":[{"href":"https:\/\/agora.xtec.cat\/iesdesales\/wp-json\/wp\/v2\/pages\/1223","targetHints":{"allow":["GET"]}}],"collection":[{"href":"https:\/\/agora.xtec.cat\/iesdesales\/wp-json\/wp\/v2\/pages"}],"about":[{"href":"https:\/\/agora.xtec.cat\/iesdesales\/wp-json\/wp\/v2\/types\/page"}],"author":[{"embeddable":true,"href":"https:\/\/agora.xtec.cat\/iesdesales\/wp-json\/wp\/v2\/users\/1"}],"replies":[{"embeddable":true,"href":"https:\/\/agora.xtec.cat\/iesdesales\/wp-json\/wp\/v2\/comments?post=1223"}],"version-history":[{"count":8,"href":"https:\/\/agora.xtec.cat\/iesdesales\/wp-json\/wp\/v2\/pages\/1223\/revisions"}],"predecessor-version":[{"id":9788,"href":"https:\/\/agora.xtec.cat\/iesdesales\/wp-json\/wp\/v2\/pages\/1223\/revisions\/9788"}],"up":[{"embeddable":true,"href":"https:\/\/agora.xtec.cat\/iesdesales\/wp-json\/wp\/v2\/pages\/19"}],"wp:attachment":[{"href":"https:\/\/agora.xtec.cat\/iesdesales\/wp-json\/wp\/v2\/media?parent=1223"}],"curies":[{"name":"wp","href":"https:\/\/api.w.org\/{rel}","templated":true}]}}