{"id":1214,"date":"2011-01-17T15:36:23","date_gmt":"2011-01-17T14:36:23","guid":{"rendered":"http:\/\/agora.xtec.cat\/iesdesales\/intraweb\/revista-fonendo\/"},"modified":"2019-06-03T14:28:50","modified_gmt":"2019-06-03T12:28:50","slug":"revista-fonendo","status":"publish","type":"page","link":"https:\/\/agora.xtec.cat\/iesdesales\/serveis\/revista-fonendo\/","title":{"rendered":"Revista Fonendo"},"content":{"rendered":"<p>La revista de cicles\u00a0 formatius, del Institut de Sales,\u00a0 <strong>El Fonendo<\/strong> va n\u00e9ixer per commemorar el 10\u00e8 aniversari de la implantaci\u00f3 al nostre centre\u00a0 dels cicles formatius. El que sabem es que amb aquesta publicaci\u00f3 hem encetat un nou proc\u00e9s de comunicaci\u00f3 entre el professorat, els alumnes i altres estaments del centre i de la comunitat educativa; tot per donar una visi\u00f3 del que fem i farem. Segur que falten m\u00e9s seccions, m\u00e9s fotos, m\u00e9s informacions&#8230; per\u00f2 per alguna cosa es comen\u00e7a. La periodicitat vindr\u00e0 marcada per els esdeveniments, per\u00f2 en principi comen\u00e7arem amb dos n\u00fameros per cada curs: un per Nadal i altre per Sant Jordi. La publicaci\u00f3, esta oberta a tothom el que vulgui col.laborar. Esperen que us agradi i de ben segur que anirem millorant.<\/p>\n<p>Gaudiu dels n\u00fameros publicats!<\/p>\n<ul>\n<li style=\"list-style-type: none;\">\n<ul>\n<li><a title=\"Revista Fonendo 1\" href=\"http:\/\/docs.google.com\/viewer?a=v&amp;pid=explorer&amp;chrome=true&amp;srcid=0BwcYai1JRTvsMWQ5MDNiZmQtYThjZC00NGZhLTk1ZjEtYTg5YzljYmEzNDQ2&amp;hl=en&amp;authkey=CP6n_bQJ\" target=\"_blank\" rel=\"noopener noreferrer\">N\u00famero 1, El Fonendo &#8211; maig 2010<\/a><\/li>\n<li><a title=\"Revista Fonendo 2\" href=\"http:\/\/docs.google.com\/viewer?a=v&amp;pid=explorer&amp;chrome=true&amp;srcid=0BwcYai1JRTvsNWJjYTZjNTQtN2Y0Mi00YjFlLWI3YTAtNmMyMjJiMDA4ZTY0&amp;hl=en&amp;authkey=CK-0zHw\" target=\"_blank\" rel=\"noopener noreferrer\">N\u00famero 2, El Fonendo &#8211; desembre 2010<\/a><\/li>\n<li><a title=\"Revista Fonendo 3\" href=\"http:\/\/docs.google.com\/viewer?a=v&amp;pid=explorer&amp;chrome=true&amp;srcid=0BwcYai1JRTvsNDJkNThmNjItODc3My00MWViLWE5NDYtM2JmMjgxNTExNWQ4&amp;hl=ca&amp;authkey=CKuWjjU\" target=\"_blank\" rel=\"noopener noreferrer\">N\u00famero 3, El Fonendo &#8211; abril 2011<\/a><\/li>\n<li><a title=\"Revista El Fonendo 4\" href=\"https:\/\/docs.google.com\/open?id=0BwcYai1JRTvsMmI0N2U3MmYtNDIwMy00MzhmLWEyZTYtZmUyZmQ1OWQzYWNl\" target=\"_blank\" rel=\"noopener noreferrer\">N\u00famero 4, El Fonendo &#8211; desembre 2011<\/a><\/li>\n<li><a title=\"Revista El Fonendo 5\" href=\"https:\/\/docs.google.com\/open?id=0BwcYai1JRTvsRGxQM29MQjNoVzg\">N\u00famero 5, El Fonendo &#8211; abril 2012<\/a><\/li>\n<li><a title=\"Revista El Fonendo 6\" href=\"https:\/\/docs.google.com\/open?id=0BwcYai1JRTvsOTdfck5tNkduVjg\" target=\"_blank\" rel=\"noopener noreferrer\">N\u00famero 6, El Fonendo &#8211; desembre 2012<\/a><\/li>\n<li><a title=\"Revista El Fonendo 7\" href=\"https:\/\/docs.google.com\/file\/d\/0BwcYai1JRTvsSFNzbGo5YU9yNTQ\/edit?usp=sharing\">N\u00famero 7, El Fonendo &#8211; abril 2013<\/a><\/li>\n<li><a title=\"Revista El Fonendo 8\" href=\"https:\/\/drive.google.com\/file\/d\/0BwcYai1JRTvsdDZYYVZ6Mzhmd2M\/edit?usp=sharing\" target=\"_blank\" rel=\"noopener noreferrer\">N\u00famero 8, El Fonendo &#8211; desembre 2013<\/a><\/li>\n<li><a title=\"Revista El Fonendo 9\" href=\"https:\/\/drive.google.com\/file\/d\/0BwcYai1JRTvscWxNWGRYNEItaWc\/edit?usp=sharing\" target=\"_blank\" rel=\"noopener noreferrer\">N\u00famero 9, El Fonendo &#8211; abril 2014<\/a><\/li>\n<li><a title=\"Revista El Fonendo 10\" href=\"https:\/\/drive.google.com\/file\/d\/0BwcYai1JRTvsQXVXRnMxbWp3Vjg\/view?usp=sharing\" target=\"_blank\" rel=\"noopener noreferrer\">N\u00famero 10, El Fonendo &#8211; desembre 2014<\/a><\/li>\n<li><a title=\"Revista El Fonendo 11\" href=\"https:\/\/drive.google.com\/file\/d\/0BwcYai1JRTvsb05Yb2hNNmxmdTQ\/view?usp=sharing\" target=\"_blank\" rel=\"noopener noreferrer\">N\u00famero 11, El Fonendo &#8211; abril 2015<\/a><\/li>\n<li><a title=\"El Fonendo, n.12\" href=\"https:\/\/drive.google.com\/open?id=0BwcYai1JRTvsTjRTWGIxLTl2Y0U\" target=\"_blank\" rel=\"noopener noreferrer\">N\u00famero 12, El Fonendo &#8211; desembre 2015<\/a><\/li>\n<li><a title=\"El Fonendo, n.13\" href=\"https:\/\/drive.google.com\/file\/d\/0BwcYai1JRTvsYmJjZEkwSll4LW8\/view?usp=sharing\" target=\"_blank\" rel=\"noopener noreferrer\">N\u00famero 13, El Fonendo &#8211; abril 2016<\/a><\/li>\n<li><a title=\"El Fonendo, n.13\" href=\"https:\/\/drive.google.com\/file\/d\/0BwcYai1JRTvsa1o3RVJtOWxrcjg\/view?usp=sharing\" target=\"_blank\" rel=\"noopener noreferrer\">N\u00famero 14, El Fonendo &#8211; desembre 2016<\/a><\/li>\n<li><a href=\"https:\/\/drive.google.com\/file\/d\/0BwcYai1JRTvsdmJfQXB0T0ZPeE0\/view?usp=sharing\">N\u00famero 15, El Fonendo &#8211; maig 2017<\/a><\/li>\n<li><a title=\"El Fonendo, n.13\" href=\"https:\/\/drive.google.com\/file\/d\/1Py9S1Hqh3sHUHv9t8m25n9hyvqX459iF\/view?usp=sharing\" target=\"_blank\" rel=\"noopener noreferrer\">N\u00famero 16, El Fonendo &#8211; desembre 2017<\/a><\/li>\n<li><a title=\"El Fonendo, n.13\" href=\"https:\/\/drive.google.com\/file\/d\/1Q07I6pJjYMSWIOl5VLhd1EBlp4zqHiU0\/view?usp=sharing\" target=\"_blank\" rel=\"noopener noreferrer\">N\u00famero 17, El Fonendo &#8211; maig 2018<\/a><\/li>\n<li><a href=\"https:\/\/drive.google.com\/file\/d\/1AINpxMwX2a7kA1f07fR3l_QkuhgTopgR\/view?usp=sharing\">N\u00famero 18, El Fonendo &#8211; maig 2019<\/a><\/li>\n<\/ul>\n<\/li>\n<\/ul>\n","protected":false},"excerpt":{"rendered":"<p>La revista de cicles\u00a0 formatius, del Institut de Sales,\u00a0 El Fonendo va n\u00e9ixer per commemorar el 10\u00e8 aniversari de la implantaci\u00f3 al nostre centre\u00a0 dels cicles formatius. El que sabem es que amb aquesta publicaci\u00f3 hem encetat un nou proc\u00e9s de comunicaci\u00f3 entre el professorat,&hellip;  <a href=\"https:\/\/agora.xtec.cat\/iesdesales\/serveis\/revista-fonendo\/\" title=\"Read Revista Fonendo\">Llegeix m\u00e9s\u00bb<\/a><\/p>\n","protected":false},"author":1,"featured_media":0,"parent":63,"menu_order":0,"comment_status":"closed","ping_status":"closed","template":"page-templates\/side-menu.php","meta":{"_bbp_topic_count":0,"_bbp_reply_count":0,"_bbp_total_topic_count":0,"_bbp_total_reply_count":0,"_bbp_voice_count":0,"_bbp_anonymous_reply_count":0,"_bbp_topic_count_hidden":0,"_bbp_reply_count_hidden":0,"_bbp_forum_subforum_count":0,"footnotes":""},"class_list":["post-1214","page","type-page","status-publish","hentry"],"post_mailing_queue_ids":[],"_links":{"self":[{"href":"https:\/\/agora.xtec.cat\/iesdesales\/wp-json\/wp\/v2\/pages\/1214","targetHints":{"allow":["GET"]}}],"collection":[{"href":"https:\/\/agora.xtec.cat\/iesdesales\/wp-json\/wp\/v2\/pages"}],"about":[{"href":"https:\/\/agora.xtec.cat\/iesdesales\/wp-json\/wp\/v2\/types\/page"}],"author":[{"embeddable":true,"href":"https:\/\/agora.xtec.cat\/iesdesales\/wp-json\/wp\/v2\/users\/1"}],"replies":[{"embeddable":true,"href":"https:\/\/agora.xtec.cat\/iesdesales\/wp-json\/wp\/v2\/comments?post=1214"}],"version-history":[{"count":3,"href":"https:\/\/agora.xtec.cat\/iesdesales\/wp-json\/wp\/v2\/pages\/1214\/revisions"}],"predecessor-version":[{"id":4182,"href":"https:\/\/agora.xtec.cat\/iesdesales\/wp-json\/wp\/v2\/pages\/1214\/revisions\/4182"}],"up":[{"embeddable":true,"href":"https:\/\/agora.xtec.cat\/iesdesales\/wp-json\/wp\/v2\/pages\/63"}],"wp:attachment":[{"href":"https:\/\/agora.xtec.cat\/iesdesales\/wp-json\/wp\/v2\/media?parent=1214"}],"curies":[{"name":"wp","href":"https:\/\/api.w.org\/{rel}","templated":true}]}}