{"id":1205,"date":"2010-06-01T12:23:29","date_gmt":"2010-06-01T11:23:29","guid":{"rendered":"http:\/\/agora.xtec.cat\/iesdesales\/intraweb\/mediacio-escolar\/"},"modified":"2023-10-04T10:44:03","modified_gmt":"2023-10-04T08:44:03","slug":"mediacio-escolar","status":"publish","type":"page","link":"https:\/\/agora.xtec.cat\/iesdesales\/serveis\/mediacio-escolar\/","title":{"rendered":"Mediaci\u00f3 escolar"},"content":{"rendered":"<p align=\"justify\">Durant el curs 2007-2008, un grup format per professorat, pares, mares i alumnat del centre, vam realitzar un curs sobre Mediaci\u00f3 Escolar. Aquest, va estar impulsat pel Departament d\u2019Educaci\u00f3 de la Generalitat de Catalunya, amb la finalitat de poder aplicar aquesta t\u00e8cnica en la resoluci\u00f3 dels conflictes que es puguin produir en les relacions interpersonals que es desenvolupen en el nostre centre educatiu.<\/p>\n<p>La mediaci\u00f3\u00a0 entre persones en\u00a0 situaci\u00f3 de conflicte suposa una gran aportaci\u00f3 a la cultura del di\u00e0leg, el consens i la pau. Mitjan\u00e7ant aquestes t\u00e8cniques, els nois i noies desenvolupen habilitats que els permeten fer front per si mateixos als conflictes que, de manera natural, viuran al llarg de la seva vida.<\/p>\n<p>La mediaci\u00f3 t\u00e9 en compte\u00a0 elements com:<\/p>\n<p>&#8211;\u00a0\u00a0\u00a0 Totes les persones som diferents i valuoses. La diversitat de maneres de fer i pensar \u00e9s una riquesa humana: no es tracta de canviar les persones ni les seves idees.<\/p>\n<p>&#8211;\u00a0\u00a0\u00a0 Els conflictes formen part natural de la vida. Cal aprendre a conviure-hi, afrontar-los i resoldre\u2019ls.<\/p>\n<p>&#8211;\u00a0\u00a0\u00a0 Cal crear consens per ajudar a evitar enfrontaments in\u00fatils.<\/p>\n<p>&#8211;\u00a0\u00a0\u00a0 Cal actuar preventivament abans que un conflicte es faci massa gran.<\/p>\n<p>&#8211;\u00a0\u00a0\u00a0 La viol\u00e8ncia no porta enlloc.<\/p>\n<p>La mediaci\u00f3 parteix d\u2019aquests principis b\u00e0sics:<\/p>\n<p>&#8211;\u00a0\u00a0\u00a0 Respecta i no substitueix la normativa escolar.<\/p>\n<p>&#8211;\u00a0\u00a0\u00a0 Es basa en el di\u00e0leg, la cooperaci\u00f3 i la responsabilitat personal per al manteniment d\u2019un clima pac\u00edfic.<\/p>\n<p>&#8211;\u00a0\u00a0\u00a0 \u00c9s confidencial.<\/p>\n<p>&#8211;\u00a0\u00a0\u00a0 Cadasc\u00fa pot defensar els seus punts de vista.<\/p>\n<p>&#8211;\u00a0\u00a0\u00a0 Ajuda a canvia all\u00f2 que no funciona.<\/p>\n<p>&#8211;\u00a0\u00a0\u00a0 Tothom ha de sortir guanyant.<\/p>\n<p>Els mediadors escolten i ajuden a que les persones en conflicte puguin arribar a trobar una soluci\u00f3 justa. Els mediadors no critiquen, no jutgen, no imposen c\u00e0stigs ni donen consells. S\u00f3n persones que formen part de la nostra comunitat educativa: professors, alumnes, pares i mares, que s\u2019han preparat per ajudar-vos.<\/p>\n<p>Al seg\u00fcent v\u00eddeo teniu una petita mostra del que pot ser una mediaci\u00f3:<\/p>\n<div align=\"justify\">\u00a0<iframe loading=\"lazy\" title=\"YouTube video player\" src=\"https:\/\/www.youtube.com\/embed\/fuhtUrDp_4Q?si=wYWP9VF1wUXfGqkY\" width=\"560\" height=\"315\" frameborder=\"0\" allowfullscreen=\"allowfullscreen\"><\/iframe><\/div>\n<div align=\"justify\"><\/div>\n<div align=\"justify\"><\/div>\n<p align=\"justify\">L\u2019espai escollit com a sala de Servei de Mediaci\u00f3 va ser l\u2019Aula d\u2019Acollida, un espai tranquil i c\u00f2mode. Est\u00e0 ubicat a la segona planta, la qual cosa beneficia tant a la confidencialitat de qui utilitza el servei de mediaci\u00f3, com a la tranquil\u00b7litat, ja que com les mediacions es fan a l\u2019hora del pati, no hi ha xivarri al voltant.<\/p>\n<p>Durant el curs 2008-2009 es va posar en marxa el Servei de Mediaci\u00f3 Escolar de l\u2019Institut Sales. Va tenir una molt bona acollida, es van fer un total de 10 mediacions, en les que es van veure implicats 24 alumnes, la majoria corresponents als cursos de primer i segon d\u2019ESO., que \u00e9s on hi ha normalment m\u00e9s malentesos, i tamb\u00e9 s\u00f3n les mediacions que donen millor resultat a llarg termini.<\/p>\n<p>La valoraci\u00f3 del Servei de Mediaci\u00f3 ha estat molt positiva.\u00a0 \u00c9s efectiva en un 90% dels casos. De forma general, els acords es compleixen i mantenen, la qual cosa repercuteix de forma positiva en la millora de la conviv\u00e8ncia en la comunitat educativa.<\/p>\n<p>Els alumnes que han fet \u00fas del mateix, ho veuen com una eina molt \u00fatil per resoldre els conflictes: els obliga a reflexionar sobre la situaci\u00f3 produ\u00efda, a prendre consci\u00e8ncia de les seves accions i de les conseq\u00fc\u00e8ncies que se\u2019n deriven, aix\u00ed com tamb\u00e9 aprenen a posar en pr\u00e0ctica l\u2019escolta activa.<\/p>\n<p>Durant el primer curs en que es va posar en marxa el Servei de Mediaci\u00f3 els alumnes hi anaven quan els hi ho recomanava algun professor, a hores d\u2019ara, la gran majoria de les mediacions fetes han estat per iniciativa dels mateixos alumnes, que veuen i senten aquest servei com un espai objectiu per exposar la situaci\u00f3 conflictiva, i d\u2019on surten amb un acord satisfactori i positiu per ambdues parts.<\/p>\n<p>&nbsp;<\/p>\n","protected":false},"excerpt":{"rendered":"<p>Durant el curs 2007-2008, un grup format per professorat, pares, mares i alumnat del centre, vam realitzar un curs sobre Mediaci\u00f3 Escolar. Aquest, va estar impulsat pel Departament d\u2019Educaci\u00f3 de la Generalitat de Catalunya, amb la finalitat de poder aplicar aquesta t\u00e8cnica en la resoluci\u00f3&hellip;  <a href=\"https:\/\/agora.xtec.cat\/iesdesales\/serveis\/mediacio-escolar\/\" title=\"Read Mediaci\u00f3 escolar\">Llegeix m\u00e9s\u00bb<\/a><\/p>\n","protected":false},"author":1,"featured_media":0,"parent":63,"menu_order":0,"comment_status":"closed","ping_status":"closed","template":"page-templates\/side-menu.php","meta":{"_bbp_topic_count":0,"_bbp_reply_count":0,"_bbp_total_topic_count":0,"_bbp_total_reply_count":0,"_bbp_voice_count":0,"_bbp_anonymous_reply_count":0,"_bbp_topic_count_hidden":0,"_bbp_reply_count_hidden":0,"_bbp_forum_subforum_count":0,"footnotes":""},"class_list":["post-1205","page","type-page","status-publish","hentry"],"post_mailing_queue_ids":[],"_links":{"self":[{"href":"https:\/\/agora.xtec.cat\/iesdesales\/wp-json\/wp\/v2\/pages\/1205","targetHints":{"allow":["GET"]}}],"collection":[{"href":"https:\/\/agora.xtec.cat\/iesdesales\/wp-json\/wp\/v2\/pages"}],"about":[{"href":"https:\/\/agora.xtec.cat\/iesdesales\/wp-json\/wp\/v2\/types\/page"}],"author":[{"embeddable":true,"href":"https:\/\/agora.xtec.cat\/iesdesales\/wp-json\/wp\/v2\/users\/1"}],"replies":[{"embeddable":true,"href":"https:\/\/agora.xtec.cat\/iesdesales\/wp-json\/wp\/v2\/comments?post=1205"}],"version-history":[{"count":5,"href":"https:\/\/agora.xtec.cat\/iesdesales\/wp-json\/wp\/v2\/pages\/1205\/revisions"}],"predecessor-version":[{"id":8146,"href":"https:\/\/agora.xtec.cat\/iesdesales\/wp-json\/wp\/v2\/pages\/1205\/revisions\/8146"}],"up":[{"embeddable":true,"href":"https:\/\/agora.xtec.cat\/iesdesales\/wp-json\/wp\/v2\/pages\/63"}],"wp:attachment":[{"href":"https:\/\/agora.xtec.cat\/iesdesales\/wp-json\/wp\/v2\/media?parent=1205"}],"curies":[{"name":"wp","href":"https:\/\/api.w.org\/{rel}","templated":true}]}}