{"id":1198,"date":"2010-02-24T18:54:04","date_gmt":"2010-02-24T17:54:04","guid":{"rendered":"http:\/\/agora.xtec.cat\/iesdesales\/intraweb\/biblioteca-isabel-de-villena\/"},"modified":"2019-10-11T18:14:05","modified_gmt":"2019-10-11T16:14:05","slug":"biblioteca-isabel-de-villena","status":"publish","type":"page","link":"https:\/\/agora.xtec.cat\/iesdesales\/serveis\/biblioteca-isabel-de-villena\/","title":{"rendered":"Biblioteca Isabel de Villena"},"content":{"rendered":"<p>La Biblioteca de l\u2019institut, anomenada Isabel de Villena, \u00e9s un espai d&#8217;\u00fas habitual al nostre centre.<\/p>\n<p>Tamb\u00e9 \u00e9s un espai obert al p\u00fablic en horari de tarda de 15:30 a 18:30.<\/p>\n<p><a href=\"http:\/\/agora.xtec.cat\/iesdesales\/wp-content\/uploads\/usu678\/2010\/02\/Biblioteca.jpg\"><img loading=\"lazy\" decoding=\"async\" class=\"alignnone wp-image-2321\" src=\"http:\/\/agora.xtec.cat\/iesdesales\/wp-content\/uploads\/usu678\/2010\/02\/Biblioteca.jpg\" alt=\"Biblioteca\" width=\"395\" height=\"303\" srcset=\"https:\/\/agora.xtec.cat\/iesdesales\/wp-content\/uploads\/usu678\/2010\/02\/Biblioteca.jpg 552w, https:\/\/agora.xtec.cat\/iesdesales\/wp-content\/uploads\/usu678\/2010\/02\/Biblioteca-300x230.jpg 300w\" sizes=\"auto, (max-width: 395px) 100vw, 395px\" \/><\/a><a href=\"http:\/\/agora.xtec.cat\/iesdesales\/wp-content\/uploads\/usu678\/2010\/02\/Biblioteca2.jpg\">\u00a0\u00a0\u00a0\u00a0\u00a0 <img loading=\"lazy\" decoding=\"async\" class=\"alignnone wp-image-2322\" src=\"http:\/\/agora.xtec.cat\/iesdesales\/wp-content\/uploads\/usu678\/2010\/02\/Biblioteca2.jpg\" alt=\"Biblioteca2\" width=\"473\" height=\"302\" srcset=\"https:\/\/agora.xtec.cat\/iesdesales\/wp-content\/uploads\/usu678\/2010\/02\/Biblioteca2.jpg 516w, https:\/\/agora.xtec.cat\/iesdesales\/wp-content\/uploads\/usu678\/2010\/02\/Biblioteca2-300x191.jpg 300w\" sizes=\"auto, (max-width: 473px) 100vw, 473px\" \/><\/a><\/p>\n<p>La biblioteca disposa d&#8217;un fons de llibres, DVDs, treballs de recerca d&#8217;alumnes i aix\u00ed com tamb\u00e9 alguns ordinadors de consulta.<\/p>\n<p>La biblioteca est\u00e0 oberta per a l&#8217;alumnat tamb\u00e9 com espai d&#8217;estudi i treball. A m\u00e9s a m\u00e9s, es disposa del servei de pr\u00e9stec de llibres i documents.<\/p>\n<p>A l&#8217;hora del pati del mat\u00ed, de 11:00 a 11:30, i a la tarda de 15,30 a 18,30 la biblioteca \u00e9s oberta per atendre l&#8217;alumnat i per al servei de pr\u00e9stec.<\/p>\n<p>Durant uns anys es van publicar uns butlletins amb articles molt interessants. Els teniu a continuaci\u00f3:<\/p>\n<blockquote><p><a title=\"Butllet\u00ed de la Biblioteca de linstitut de Sales n. 1\" href=\"http:\/\/agora.xtec.cat\/iesdesales\/wp-content\/uploads\/usu678\/2016\/07\/BB1.pdf\">Butllet\u00ed n.1 &#8211; mar\u00e7 2009<\/a><\/p><\/blockquote>\n<blockquote><p><a title=\"Butllet\u00ed de la Biblioteca de linstitut de Sales n. 2\" href=\"http:\/\/agora.xtec.cat\/iesdesales\/wp-content\/uploads\/usu678\/2016\/07\/BB2.pdf\">Butllet\u00ed n.2 &#8211; abril 2009<\/a><\/p><\/blockquote>\n<blockquote><p><a title=\"Butllet\u00ed de la Biblioteca de linstitut de Sales n. 3\" href=\"http:\/\/agora.xtec.cat\/iesdesales\/wp-content\/uploads\/usu678\/2016\/07\/BB3.pdf\">Butllet\u00ed n.3 &#8211; maig 2009<\/a><\/p><\/blockquote>\n<blockquote><p><a title=\"Butllet\u00ed de la Biblioteca de linstitut de Sales n. 4\" href=\"http:\/\/agora.xtec.cat\/iesdesales\/wp-content\/uploads\/usu678\/2016\/07\/BB4.pdf\">Butllet\u00ed n.4 &#8211; octubre 2009 <\/a><\/p>\n<p><a title=\"Butllet\u00ed de la Biblioteca de linstitut de Sales n. 5\" href=\"http:\/\/agora.xtec.cat\/iesdesales\/wp-content\/uploads\/usu678\/2016\/07\/BB5.pdf\">Butllet\u00ed n.5 &#8211; novembre\/desembre 2009 <\/a><\/p>\n<p><a title=\"Butllet\u00ed de la Biblioteca de linstitut de Sales n. 6\" href=\"http:\/\/agora.xtec.cat\/iesdesales\/wp-content\/uploads\/usu678\/2016\/07\/BB6.pdf\">Butllet\u00ed n.6 &#8211; gener\/febrer 2010 <\/a><\/p>\n<p><a title=\"Butllet\u00ed de la Biblioteca de linstitut de Sales n. 7\" href=\"http:\/\/agora.xtec.cat\/iesdesales\/wp-content\/uploads\/usu678\/2016\/07\/BB7.pdf\">Butllet\u00ed n.7 &#8211; mar\u00e7 2010 <\/a><\/p>\n<p><a title=\"Butllet\u00ed de la Biblioteca de linstitut de Sales n. 8\" href=\"http:\/\/agora.xtec.cat\/iesdesales\/wp-content\/uploads\/usu678\/2016\/07\/BB8.pdf\">Butllet\u00ed n.8 &#8211; abril\/maig 2010<\/a><\/p>\n<p><a title=\"Butllet\u00ed de la Biblioteca de linstitut de Sales n. 9\" href=\"http:\/\/agora.xtec.cat\/iesdesales\/wp-content\/uploads\/usu678\/2016\/07\/BB9.pdf\">Butllet\u00ed n.9 &#8211; juny 2010<\/a><\/p>\n<p><a title=\"Butllet\u00ed de la Biblioteca de linstitut de Sales n. 10\" href=\"http:\/\/agora.xtec.cat\/iesdesales\/wp-content\/uploads\/usu678\/2016\/07\/BB10.pdf\">Butllet\u00ed n.10 &#8211; octubre\/novembre 2010<\/a><\/p>\n<p><a title=\"Butllet\u00ed de la Biblioteca de linstitut de Sales n. 11\" href=\"http:\/\/agora.xtec.cat\/iesdesales\/wp-content\/uploads\/usu678\/2016\/07\/BB11.pdf\">Butllet\u00ed n.11 &#8211; desembre 2010<\/a><\/p>\n<p><a title=\"Butllet\u00ed de la Biblioteca de linstitut de Sales n. 12\" href=\"http:\/\/agora.xtec.cat\/iesdesales\/wp-content\/uploads\/usu678\/2016\/07\/BB12.pdf\">Butllet\u00ed n.12 &#8211; gener\/febrer 2011<\/a><\/p>\n<p><a title=\"Butllet\u00ed de la Biblioteca de linstitut de Sales n. 13\" href=\"http:\/\/agora.xtec.cat\/iesdesales\/wp-content\/uploads\/usu678\/2016\/07\/BB13.pdf\">Butllet\u00ed n.13 &#8211; mar\u00e7 2011<\/a><\/p>\n<p><a title=\"Butllet\u00ed de la Biblioteca de linstitut de Sales n. 14\" href=\"http:\/\/agora.xtec.cat\/iesdesales\/wp-content\/uploads\/usu678\/2016\/07\/BB14.pdf\">Butllet\u00ed n.14 &#8211; abril 2011<\/a><\/p><\/blockquote>\n<p>&nbsp;<\/p>\n","protected":false},"excerpt":{"rendered":"<p>La Biblioteca de l\u2019institut, anomenada Isabel de Villena, \u00e9s un espai d&#8217;\u00fas habitual al nostre centre.<br \/>\nTamb\u00e9 \u00e9s un espai obert al p\u00fablic en horari de tarda de 15:30 a 18:30.<br \/>\n<a href=\"http:\/\/agora.xtec.cat\/iesdesales\/wp-content\/uploads\/usu678\/2010\/02\/Biblioteca.jpg\"><\/a><a href=\"http:\/\/agora.xtec.cat\/iesdesales\/wp-content\/uploads\/usu678\/2010\/02\/Biblioteca2.jpg\">\u00a0\u00a0\u00a0\u00a0\u00a0 <\/a><br \/>\nLa biblioteca disposa d&#8217;un fons de llibres, DVDs, treballs de recerca d&#8217;alumnes i&hellip;  <a href=\"https:\/\/agora.xtec.cat\/iesdesales\/serveis\/biblioteca-isabel-de-villena\/\" title=\"Read Biblioteca Isabel de Villena\">Llegeix m\u00e9s\u00bb<\/a><\/p>\n","protected":false},"author":1,"featured_media":0,"parent":63,"menu_order":30,"comment_status":"closed","ping_status":"closed","template":"page-templates\/side-menu.php","meta":{"_bbp_topic_count":0,"_bbp_reply_count":0,"_bbp_total_topic_count":0,"_bbp_total_reply_count":0,"_bbp_voice_count":0,"_bbp_anonymous_reply_count":0,"_bbp_topic_count_hidden":0,"_bbp_reply_count_hidden":0,"_bbp_forum_subforum_count":0,"footnotes":""},"class_list":["post-1198","page","type-page","status-publish","hentry"],"post_mailing_queue_ids":[],"_links":{"self":[{"href":"https:\/\/agora.xtec.cat\/iesdesales\/wp-json\/wp\/v2\/pages\/1198","targetHints":{"allow":["GET"]}}],"collection":[{"href":"https:\/\/agora.xtec.cat\/iesdesales\/wp-json\/wp\/v2\/pages"}],"about":[{"href":"https:\/\/agora.xtec.cat\/iesdesales\/wp-json\/wp\/v2\/types\/page"}],"author":[{"embeddable":true,"href":"https:\/\/agora.xtec.cat\/iesdesales\/wp-json\/wp\/v2\/users\/1"}],"replies":[{"embeddable":true,"href":"https:\/\/agora.xtec.cat\/iesdesales\/wp-json\/wp\/v2\/comments?post=1198"}],"version-history":[{"count":3,"href":"https:\/\/agora.xtec.cat\/iesdesales\/wp-json\/wp\/v2\/pages\/1198\/revisions"}],"predecessor-version":[{"id":2339,"href":"https:\/\/agora.xtec.cat\/iesdesales\/wp-json\/wp\/v2\/pages\/1198\/revisions\/2339"}],"up":[{"embeddable":true,"href":"https:\/\/agora.xtec.cat\/iesdesales\/wp-json\/wp\/v2\/pages\/63"}],"wp:attachment":[{"href":"https:\/\/agora.xtec.cat\/iesdesales\/wp-json\/wp\/v2\/media?parent=1198"}],"curies":[{"name":"wp","href":"https:\/\/api.w.org\/{rel}","templated":true}]}}