{"id":699,"date":"2015-12-01T17:57:42","date_gmt":"2015-12-01T16:57:42","guid":{"rendered":"http:\/\/agora.xtec.cat\/iesdelvoltreganes\/?page_id=699"},"modified":"2025-01-10T12:47:10","modified_gmt":"2025-01-10T11:47:10","slug":"projectes","status":"publish","type":"page","link":"https:\/\/agora.xtec.cat\/iesdelvoltreganes\/projecte-educatiu\/projectes\/","title":{"rendered":"Projectes"},"content":{"rendered":"<p><a href=\"https:\/\/drive.google.com\/a\/insvoltreganes.cat\/file\/d\/0B4VWcRy_fwaNTnJsbHo2R3d4cnM\/view\" target=\"_blank\" rel=\"noopener noreferrer\">Conviure \u00e9s m\u00e9s f\u00e0cil amb un somRIURE<\/a><\/p>\n<p><a href=\"https:\/\/drive.google.com\/a\/insvoltreganes.cat\/file\/d\/0B1tDPGzV-iEzZG9zWlVpVFd3NlE\/view\" target=\"_blank\" rel=\"noopener noreferrer\">Projecte de tutories<\/a><\/p>\n<p><a href=\"https:\/\/drive.google.com\/a\/insvoltreganes.cat\/file\/d\/0B1tDPGzV-iEzX0dacy1KVkxfY3c\/view\" target=\"_blank\" rel=\"noopener noreferrer\">Junts sumem<\/a><\/p>\n<p><a href=\"https:\/\/drive.google.com\/file\/d\/145BFVuvnzoU7RGzY2rKyt2eEklEpjmOp\/view?usp=sharing\" target=\"_blank\" rel=\"noopener noreferrer\">M\u00f2bils.edu<\/a><\/p>\n<p><a href=\"https:\/\/drive.google.com\/file\/d\/1mVebd4jOXP6ST9xRGneSzrb52c5PfCkR\/view?usp=sharing\" target=\"_blank\" rel=\"noopener noreferrer\">STEAM<\/a><\/p>\n<p><a href=\"https:\/\/drive.google.com\/file\/d\/1hxvG_VPr8xhdqxaqu4cuWGf3HY2UDV6G\/view?usp=sharing\" target=\"_blank\" rel=\"noopener noreferrer\">GEP (Generaci\u00f3 pluriling\u00fce)<\/a><\/p>\n<p><a href=\"https:\/\/drive.google.com\/file\/d\/1X_T2luc0EJeESD2UGS2CnOrawI5dGPIw\/view?usp=sharing\" target=\"_blank\" rel=\"noopener noreferrer\">EOI<\/a><\/p>\n<p><a href=\"https:\/\/drive.google.com\/file\/d\/1_yco2S5AIu3Ag1EjdnHvSQ8wmr-FFW6x\/view?usp=sharing\" target=\"_blank\" rel=\"noopener noreferrer\">eTwinning<\/a><\/p>\n","protected":false},"excerpt":{"rendered":"<p><a href=\"https:\/\/drive.google.com\/a\/insvoltreganes.cat\/file\/d\/0B4VWcRy_fwaNTnJsbHo2R3d4cnM\/view\" target=\"_blank\" rel=\"noopener noreferrer\">Conviure \u00e9s m\u00e9s f\u00e0cil amb un somRIURE<\/a><br \/>\n<a href=\"https:\/\/drive.google.com\/a\/insvoltreganes.cat\/file\/d\/0B1tDPGzV-iEzZG9zWlVpVFd3NlE\/view\" target=\"_blank\" rel=\"noopener noreferrer\">Projecte de tutories<\/a><br \/>\n<a href=\"https:\/\/drive.google.com\/a\/insvoltreganes.cat\/file\/d\/0B1tDPGzV-iEzX0dacy1KVkxfY3c\/view\" target=\"_blank\" rel=\"noopener noreferrer\">Junts sumem<\/a><br \/>\n<a href=\"https:\/\/drive.google.com\/file\/d\/145BFVuvnzoU7RGzY2rKyt2eEklEpjmOp\/view?usp=sharing\" target=\"_blank\" rel=\"noopener noreferrer\">M\u00f2bils.edu<\/a><br \/>\n<a href=\"https:\/\/drive.google.com\/file\/d\/1mVebd4jOXP6ST9xRGneSzrb52c5PfCkR\/view?usp=sharing\" target=\"_blank\" rel=\"noopener noreferrer\">STEAM<\/a><br \/>\n<a href=\"https:\/\/drive.google.com\/file\/d\/1hxvG_VPr8xhdqxaqu4cuWGf3HY2UDV6G\/view?usp=sharing\" target=\"_blank\" rel=\"noopener noreferrer\">GEP (Generaci\u00f3 pluriling\u00fce)<\/a><br \/>\n<a href=\"https:\/\/drive.google.com\/file\/d\/1X_T2luc0EJeESD2UGS2CnOrawI5dGPIw\/view?usp=sharing\" target=\"_blank\" rel=\"noopener noreferrer\">EOI<\/a><br \/>\n<a href=\"https:\/\/drive.google.com\/file\/d\/1_yco2S5AIu3Ag1EjdnHvSQ8wmr-FFW6x\/view?usp=sharing\" target=\"_blank\" rel=\"noopener noreferrer\">eTwinning<\/a><\/p>\n","protected":false},"author":6,"featured_media":0,"parent":57,"menu_order":2,"comment_status":"closed","ping_status":"closed","template":"page-templates\/side-menu.php","meta":{"_bbp_topic_count":0,"_bbp_reply_count":0,"_bbp_total_topic_count":0,"_bbp_total_reply_count":0,"_bbp_voice_count":0,"_bbp_anonymous_reply_count":0,"_bbp_topic_count_hidden":0,"_bbp_reply_count_hidden":0,"_bbp_forum_subforum_count":0,"footnotes":""},"class_list":["post-699","page","type-page","status-publish","hentry"],"post_mailing_queue_ids":[],"_links":{"self":[{"href":"https:\/\/agora.xtec.cat\/iesdelvoltreganes\/wp-json\/wp\/v2\/pages\/699","targetHints":{"allow":["GET"]}}],"collection":[{"href":"https:\/\/agora.xtec.cat\/iesdelvoltreganes\/wp-json\/wp\/v2\/pages"}],"about":[{"href":"https:\/\/agora.xtec.cat\/iesdelvoltreganes\/wp-json\/wp\/v2\/types\/page"}],"author":[{"embeddable":true,"href":"https:\/\/agora.xtec.cat\/iesdelvoltreganes\/wp-json\/wp\/v2\/users\/6"}],"replies":[{"embeddable":true,"href":"https:\/\/agora.xtec.cat\/iesdelvoltreganes\/wp-json\/wp\/v2\/comments?post=699"}],"version-history":[{"count":3,"href":"https:\/\/agora.xtec.cat\/iesdelvoltreganes\/wp-json\/wp\/v2\/pages\/699\/revisions"}],"predecessor-version":[{"id":4825,"href":"https:\/\/agora.xtec.cat\/iesdelvoltreganes\/wp-json\/wp\/v2\/pages\/699\/revisions\/4825"}],"up":[{"embeddable":true,"href":"https:\/\/agora.xtec.cat\/iesdelvoltreganes\/wp-json\/wp\/v2\/pages\/57"}],"wp:attachment":[{"href":"https:\/\/agora.xtec.cat\/iesdelvoltreganes\/wp-json\/wp\/v2\/media?parent=699"}],"curies":[{"name":"wp","href":"https:\/\/api.w.org\/{rel}","templated":true}]}}