{"id":474,"date":"2015-01-29T08:54:04","date_gmt":"2015-01-29T07:54:04","guid":{"rendered":"http:\/\/agora.xtec.cat\/iesdeltebre\/?page_id=474"},"modified":"2024-02-09T09:36:02","modified_gmt":"2024-02-09T08:36:02","slug":"tutoria-3r-eso","status":"publish","type":"page","link":"https:\/\/agora.xtec.cat\/iesdeltebre\/tutoria-3r-eso\/","title":{"rendered":"Tutoria 3r ESO"},"content":{"rendered":"<table style=\"width: 889px; height: 1381px;\">\n<tbody>\n<tr>\n<td style=\"width: 82.5px;\"><\/td>\n<td style=\"width: 158.5px;\">1a setmana<\/td>\n<td style=\"width: 243.75px;\">2a setmana<\/td>\n<td style=\"width: 246.75px;\">3a setmana<\/td>\n<td style=\"width: 143.5px;\">4a setmana<\/td>\n<\/tr>\n<tr>\n<td style=\"width: 82.5px;\">setembre<\/td>\n<td style=\"width: 158.5px;\">. <a href=\"http:\/\/agora.xtec.cat\/iesdeltebre\/wp-content\/uploads\/usu809\/2015\/01\/NORMES-CONVIV\u00c8NCIA-definitiu.ppt\">Normes de conviv\u00e8ncia<\/a><\/td>\n<td style=\"width: 243.75px;\">\u00a0<a href=\"http:\/\/agora.xtec.cat\/iesdeltebre\/wp-content\/uploads\/usu809\/2015\/01\/Reuni\u00f3-d\u2019Inici-de-Curs-3r.pptx\">Reuni\u00f3 d\u2019Inici de Curs 3r<\/a><\/td>\n<td style=\"width: 246.75px;\"><a href=\"http:\/\/www.estamosgrabando.com\/publish\/2\/super-antonio\/\">\u00a0Super Antonio<\/a><\/td>\n<td style=\"width: 143.5px;\">. <a href=\"http:\/\/agora.xtec.cat\/iesdeltebre\/wp-content\/uploads\/usu809\/2015\/01\/elecci\u00f3-delegats.odt\">elecci\u00f3 delegat\/da subdelegat\/da<\/a><\/td>\n<\/tr>\n<tr>\n<td style=\"width: 82.5px;\">octubre<\/td>\n<td style=\"width: 158.5px;\"><a href=\"https:\/\/www.youtube.com\/watch?v=BLxx59JLCCY#t=50\">\u00a0Curmetratge empatia<\/a><a href=\"http:\/\/agora.xtec.cat\/iesdeltebre\/wp-content\/uploads\/usu809\/2015\/01\/EXEMPLES-DIN\u00c0MIQUES-PER-TREBALLAR-HABILITATS-I-EMOCIONS.doc\">EXEMPLES DIN\u00c0MIQUES PER TREBALLAR HABILITATS I EMOCIONS<\/a><\/p>\n<p><a href=\"https:\/\/agora.xtec.cat\/iesdeltebre\/wp-content\/uploads\/usu809\/2022\/09\/Pacta-la-senyal-de-paraula.pdf\">Cercle de confian\u00e7a<\/a><\/p>\n<p><a href=\"https:\/\/agora.xtec.cat\/iesdeltebre\/wp-content\/uploads\/usu809\/2022\/10\/1-doctubre-DIA-INTERNACIONAL-DE-LA-GENT-GRAN.pdf\">Dia mundial de la gent gran<\/a><\/td>\n<td style=\"width: 243.75px;\">\u00a0&#8211; 16 octubre: dia internacional de l&#8217;alimentaci\u00f3<\/p>\n<p><a href=\"http:\/\/www.sinazucar.org\/\">sin azucar<\/a><\/p>\n<p><a href=\"https:\/\/www.youtube.com\/watch?v=lBgL3qOGyXI\">Jamie oliver<\/a><a href=\"http:\/\/www.natursan.net\/el-chef-britanico-jamie-oliver-gana-su-demanda-contra-macdonalds\/\">Jamie Oliver 2<\/a><\/td>\n<td style=\"width: 246.75px;\">\u00a0Pe\u00b7l\u00edcula Sanwo y su abuela<\/p>\n<p><a href=\"https:\/\/agora.xtec.cat\/iesdeltebre\/wp-content\/uploads\/usu809\/2022\/10\/LA-MOTIVACIO.odt\">Motivaci\u00f3<\/a><\/td>\n<td style=\"width: 143.5px;\">\u00a0continuaci\u00f3 pel\u00b7l\u00edcula<\/p>\n<p><a href=\"http:\/\/agora.xtec.cat\/iesdeltebre\/wp-content\/uploads\/usu809\/2018\/09\/Presentaci\u00f3-projecte-alumnat.pptx\">Presentaci\u00f3 projecte alumnat aqu\u00edprou bullying<\/a><\/td>\n<\/tr>\n<tr>\n<td style=\"width: 82.5px;\">novembre<\/td>\n<td style=\"width: 158.5px;\">Continuaci\u00f3 m\u00f2dul 1 aqu\u00edproubullying<\/p>\n<p>&nbsp;<\/p>\n<p>continuaci\u00f3 pel\u00b7l\u00edcula<\/p>\n<p>&nbsp;<\/p>\n<p><a href=\"https:\/\/agora.xtec.cat\/iesdeltebre\/wp-content\/uploads\/usu809\/2020\/11\/dossier-bola.pdf\">dossier bola<\/a><\/td>\n<td style=\"width: 243.75px;\"><a href=\"https:\/\/docs.google.com\/forms\/d\/e\/1FAIpQLScveAX1Celaq4iEWJceJ_ZPW5xBomNRiuwZoqRg2vXgwgLt5w\/viewform?usp=sf_link\">Valoraci\u00f3 m\u00f2dul 1 aqu\u00edproubullying<\/a><\/p>\n<p><a href=\"https:\/\/docs.google.com\/forms\/d\/e\/1FAIpQLSfNc3dhSLv-7VZWHtuZ0pDXxA1-ExE_Grwa-HzkRTGLV3XiCA\/viewform?usp=sf_link\">Q\u00fcestionari elecci\u00f3 servei comunitari<\/a><\/p>\n<p>&nbsp;<\/p>\n<p><a href=\"https:\/\/docs.google.com\/forms\/d\/e\/1FAIpQLSepSq4b2Oxlgc_Rp4Or9hxbZ5zX7A3Ap6KbHtSPzFQ_LRMI_g\/viewform?c=0&amp;w=1\">Enquesta alumnat escoles verdes<\/a><\/td>\n<td style=\"width: 246.75px;\">25\/11 Dia mundial en contra de la viol\u00e8ncia de g\u00e8nere.<a href=\"http:\/\/www.nuriajorba.com\/cat\/index.php\/blog2\/120-les-relacions-t%C3%B2xiques.html\">Article: Les relacions t\u00f2xiques<\/a><\/p>\n<p><a href=\"http:\/\/www.ccma.cat\/tv3\/alacarta\/merli\/merli-freud-capitol-21\/video\/5627618\/\">Cap\u00edtol: Merl\u00ed<\/a><\/p>\n<p><a href=\"https:\/\/www.youtube.com\/watch?v=gBXlUxvWQPY\">curnetratge querido papa<\/a><\/p>\n<p><a href=\"http:\/\/agora.xtec.cat\/iesdeltebre\/wp-content\/uploads\/usu809\/2018\/09\/modul-2-COMPET\u00c8NCIES-SOCIOEMOCIONALS-3reso.pptx\">m\u00f2dul 2: aqu\u00edproubullying<\/a><\/p>\n<p><a href=\"https:\/\/agora.xtec.cat\/iesdeltebre\/wp-content\/uploads\/usu809\/2019\/11\/VIOL\u00c8NCIA-VISIBLE-I-VIOL\u00c8NCIA-INVISIBLE.odt\">VIOL\u00c8NCIA VISIBLE I VIOL\u00c8NCIA INVISIBLE<\/a><\/p>\n<p><a href=\"https:\/\/agora.xtec.cat\/iesdeltebre\/wp-content\/uploads\/usu809\/2019\/11\/12-CARTELLS-A3-MICOD-25N.pdf\">12 CARTELLS A3 MICOD 25N<\/a><\/p>\n<p><a href=\"https:\/\/agora.xtec.cat\/iesdeltebre\/wp-content\/uploads\/usu809\/2019\/11\/25-DE-NOVEMBRE-DIA-INTERNACIONAL-CONTRA-LA-VIOLENCIA-DE-GENERE.odt\">25 DE NOVEMBRE DIA INTERNACIONAL CONTRA LA VIOLENCIA DE GENERE<\/a><\/p>\n<p><a href=\"https:\/\/agora.xtec.cat\/iesdeltebre\/wp-content\/uploads\/usu809\/2019\/11\/25-DE-NOVEMBRE-DIA-INTERNACIONAL-CONTRA-LA-VIOLENCIA-DE-GENERE-1.odt\">25 DE NOVEMBRE DIA INTERNACIONAL CONTRA LA VIOLENCIA DE GENERE<\/a><\/p>\n<p><a href=\"https:\/\/agora.xtec.cat\/iesdeltebre\/wp-content\/uploads\/usu809\/2019\/11\/ES-VIOLENCIA-de-g\u00e8nere.odt\">ES VIOLENCIA de g\u00e8nere<\/a><\/p>\n<p><a href=\"https:\/\/agora.xtec.cat\/iesdeltebre\/wp-content\/uploads\/usu809\/2021\/11\/Manifest-25N-2021.pdf\">Manifest-25N-2021<\/a><\/td>\n<td style=\"width: 143.5px;\">\u00a0<a href=\"https:\/\/docs.google.com\/forms\/d\/1LPRqijaLNqPMaWpQWp2y7A_fmlFx2GnswwLyBGYJmFc\/edit\">q\u00fcestionari previ xerrada prevenci\u00f3 maltractament a la gent gran<\/a><\/p>\n<p>&nbsp;<\/p>\n<p>A qui em crec<a href=\"https:\/\/agora.xtec.cat\/iesdeltebre\/wp-content\/uploads\/usu809\/2021\/11\/eduCAC_UD3_informacio_A_qui_em_crec.pdf\">eduCAC_UD3_informacio_A_qui_em_crec<\/a><\/td>\n<\/tr>\n<tr>\n<td style=\"width: 82.5px;\">desembre<\/td>\n<td style=\"width: 158.5px;\"><a href=\"https:\/\/www.ccma.cat\/tv3\/alacarta\/marato\/video-divulgatiu-de-la-marato-2021-salut-mental\/video\/6121261\/\">\u00a0\u00a0La marat\u00f3: salut mental<\/a><\/td>\n<td style=\"width: 243.75px;\">\u00a0continuaci\u00f3: marat\u00f3 malalties minorit\u00e0ries<\/td>\n<td style=\"width: 246.75px;\">\u00a0<a href=\"https:\/\/docs.google.com\/forms\/d\/e\/1FAIpQLSeiJspfbuTM1u8mYopyN904Nwt45uOLkHnHHmNGWpbbSRKdBg\/viewform?c=0&amp;w=1\">enquesta: com estudiem?<\/a><\/p>\n<p><a href=\"https:\/\/docs.google.com\/forms\/d\/1rgZs_tJSBKmXY9DKHP7POARkxg1ZvQAy77exB65WlYM\/edit\">continuaci\u00f3 enquesta<\/a><\/td>\n<td style=\"width: 143.5px;\"><\/td>\n<\/tr>\n<tr>\n<td style=\"width: 82.5px;\">gener<\/td>\n<td style=\"width: 158.5px;\">\u00a0<a href=\"http:\/\/agora.xtec.cat\/iesdeltebre\/wp-content\/uploads\/usu809\/2015\/01\/Aval.Individual-Tutoria-1.doc\">Aval.Individual Tutoria (1)<\/a><\/p>\n<p><a href=\"http:\/\/www.xtec.cat\/~jcruz\/t_estudi\/\">T\u00e8cniques d&#8217;estudi. El meu horari<\/a><\/td>\n<td style=\"width: 243.75px;\">\u00a0.<a href=\"http:\/\/agora.xtec.cat\/iesdeltebre\/wp-content\/uploads\/usu809\/2015\/01\/entrevista-inicial-orientaci\u00f3-3r.odt\">entrevista inicial orientaci\u00f3<\/a><\/p>\n<p><a href=\"https:\/\/docs.google.com\/forms\/d\/e\/1FAIpQLSfLgmt4SJp4j6GMYm0om6f0QjlglSjfhDnPNG93rIBMqBYrRA\/viewform?usp=sf_link\">VALORACI\u00d3 M\u00d2DUL 2 AQU\u00cdPROUBULLYING<\/a><\/p>\n<p><a href=\"http:\/\/agora.xtec.cat\/iesdeltebre\/wp-content\/uploads\/usu809\/2018\/09\/M\u00f2dul-3-GESTI\u00d3-POSITIVA-DELS-CONFLICTES-3r-ESO.pptx\">M\u00f2dul 3 aqu\u00edproubullying GESTI\u00d3 POSITIVA DELS CONFLICTES 3r ESO<\/a><\/td>\n<td style=\"width: 246.75px;\"><a href=\"http:\/\/agora.xtec.cat\/iesdeltebre\/wp-content\/uploads\/usu809\/2015\/01\/power-orientaci\u00f3.ppt\"> power orientaci\u00f3<\/a><\/td>\n<td style=\"width: 143.5px;\">. <a href=\"http:\/\/agora.xtec.cat\/iesdeltebre\/wp-content\/uploads\/usu809\/2015\/01\/din\u00e0miques-dia-de-la-o-viol\u00e8ncia-i-la-pau-1.docx\">din\u00e0miques dia de la pau<\/a><a href=\"http:\/\/agora.xtec.cat\/iesdeltebre\/wp-content\/uploads\/usu809\/2015\/01\/gandhi-1.jpg\">. infografia Gandhi<\/a><\/td>\n<\/tr>\n<tr>\n<td style=\"width: 82.5px;\">febrer<\/td>\n<td style=\"width: 158.5px;\">\u00a0<a href=\"http:\/\/xtec.gencat.cat\/ca\/recursos\/tecinformacio\/internet_segura\/diainternet\/index.html\">internet segura<\/a><\/td>\n<td style=\"width: 243.75px;\">\u00a0Visualitzaci\u00f3 documental informe robinson: Miguel Ochoa de Olza<\/p>\n<p>&nbsp;<\/td>\n<td style=\"width: 246.75px;\">\u00a0<a href=\"http:\/\/queestudiar.gencat.cat\/ca\/orientacio\/joves\/conec-interessos\/questionari-autoconeixement\/\">q\u00fcestionari d&#8217;autoconeixement<\/a><\/td>\n<td style=\"width: 143.5px;\"><a href=\"http:\/\/agora.xtec.cat\/iesdeltebre\/wp-content\/uploads\/usu809\/2015\/01\/Tutorial-proves-dacc\u00e8s-1-para-combinar.docx\">Tutorial proves d&#8217;acc\u00e9s<\/a><\/td>\n<\/tr>\n<tr>\n<td style=\"width: 82.5px;\">mar\u00e7<\/td>\n<td style=\"width: 158.5px;\"><a href=\"http:\/\/agora.xtec.cat\/iesdeltebre\/wp-content\/uploads\/usu809\/2015\/01\/infografia-prova-acc\u00e9s2018.odt\">infografia-prova-acc\u00e9s2018<\/a><\/td>\n<td style=\"width: 243.75px;\">\u00a0<a href=\"http:\/\/queestudiar.gencat.cat\/ca\/orientacio\/joves\/informo-ensenyaments\/explora_mapa_destudis\/\">Mapa sobre els sistema educatiu a Catalunya<\/a><\/p>\n<p><a href=\"http:\/\/www.xtec.cat\/~mvert2\/espurna\/dona\/indexd.htm\">Dia de la dona<\/a><\/p>\n<p><a href=\"https:\/\/docs.google.com\/forms\/d\/e\/1FAIpQLSc7xIWR0b5Jv1epzt1Wpky2HDjy6DfBrd6GFhBf9kVfYA6ADA\/viewform?usp=sf_link\">valoraci\u00f3 m\u00f2dul 3 aqu\u00edproubullying<\/a><\/td>\n<td style=\"width: 246.75px;\">\u00a0<a href=\"https:\/\/mestralitzat.com\/2017\/03\/04\/el-dia-de-la-dona-recursos-per-treballar-el-sexisme-a-laula\/\">Dia internacional de la dona<\/a><\/p>\n<p><a href=\"https:\/\/agora.xtec.cat\/iesdeltebre\/wp-content\/uploads\/usu809\/2019\/03\/modul-4-com-detectar-i-aturar-lassetjament-3r-eso_ppdef.pptx\">modul 4 com detectar i aturar l&#8217;assetjament 3r eso_ppdef<\/a><\/td>\n<td style=\"width: 143.5px;\">\u00a0<a href=\"http:\/\/www.welcometomycountry.es\/es\/player?video=25min\">el pa\u00eds de los refugiados<\/a><a href=\"https:\/\/www.youtube.com\/watch?v=P20pVIcb904\">invisibles<\/a><\/p>\n<p><a href=\"https:\/\/docs.google.com\/forms\/d\/e\/1FAIpQLScgt0nk_rn3cyPHl0JDBqJJjmF73yq_041Daju7nOEdhdvyhg\/viewform?usp=sf_linkformulari:\">Valoraci\u00f3 m\u00f2dul 4 aqu\u00edproubullying<\/a><\/td>\n<\/tr>\n<tr>\n<td style=\"width: 82.5px;\">abril<\/td>\n<td style=\"width: 158.5px;\">\u00a0<a href=\"https:\/\/www.youtube.com\/watch?v=kb8mJ0r8Guk&amp;t=13s\">dia mundial s\u00edndrome de down<\/a><\/p>\n<p><a href=\"http:\/\/agora.xtec.cat\/iesdeltebre\/wp-content\/uploads\/usu809\/2018\/09\/M\u00f2dul-5-\u00daS-SEGUR-I-REPONSABLE-A-LES-XARXES-3r-ESO.pptx\">M\u00f2dul 5\u00a0 aqu\u00edproubullying \u00daS SEGUR I REPONSABLE A LES XARXES 3r ESO<\/a><\/td>\n<td style=\"width: 243.75px;\">\u00a0setmana santa<\/td>\n<td style=\"width: 246.75px;\">\u00a0setmana santa<\/td>\n<td style=\"width: 143.5px;\"><a href=\"https:\/\/docs.google.com\/forms\/d\/e\/1FAIpQLSdbVr2xXoLq9uw715Bj_kOT_Jv88MYlfWn36Fe31HEEep8Qhw\/viewform?vc=0&amp;c=0&amp;w=1\">valoraci\u00f3 m\u00f2dul 5 aquiproubullying<\/a><\/td>\n<\/tr>\n<tr>\n<td style=\"width: 82.5px;\">maig<\/td>\n<td style=\"width: 158.5px;\"><a href=\"http:\/\/agora.xtec.cat\/iesdeltebre\/wp-content\/uploads\/usu809\/2018\/09\/M\u00f2dul-6-COM-DETECTAR-I-ATURAR-EL-CIBERASSETJAMENT-3r-ESO.pptx\">M\u00f2dul 6 aqu\u00ed prou bullying COM DETECTAR I ATURAR EL CIBERASSETJAMENT 3r ESO<\/a><\/p>\n<p><a href=\"https:\/\/www.rac1.cat\/programes\/no-ho-se\/20201212\/491014943534\/mirada-estrabica-xiula-canco-diversitat-lluna-rikki-arjuna-no-ho-se-agnes-marques.html\">dia 2. dia mundial contra l&#8217;assetjament escolar. Proposta mirada estr\u00e0bica. Xiula<\/a><\/td>\n<td style=\"width: 243.75px;\"><a href=\"https:\/\/docs.google.com\/forms\/d\/e\/1FAIpQLSd0oZmUJdopfGoMdNWWbgr6qPZl2VNqnhJkJeIi87o3FFZ8mA\/viewform?vc=0&amp;c=0&amp;w=1\">valoraci\u00f3 m\u00f2dul 6 aqu\u00edproubullying<\/a><\/td>\n<td style=\"width: 246.75px;\"><\/td>\n<td style=\"width: 143.5px;\"><\/td>\n<\/tr>\n<tr>\n<td style=\"width: 82.5px;\">juny<\/td>\n<td style=\"width: 158.5px;\"><\/td>\n<td style=\"width: 243.75px;\"><\/td>\n<td style=\"width: 246.75px;\"><\/td>\n<td style=\"width: 143.5px;\"><\/td>\n<\/tr>\n<\/tbody>\n<\/table>\n","protected":false},"excerpt":{"rendered":"<p>1a setmana<br \/>\n2a setmana<br \/>\n3a setmana<br \/>\n4a setmana<\/p>\n<p>setembre<br \/>\n. <a href=\"http:\/\/agora.xtec.cat\/iesdeltebre\/wp-content\/uploads\/usu809\/2015\/01\/NORMES-CONVIV\u00c8NCIA-definitiu.ppt\">Normes de conviv\u00e8ncia<\/a><br \/>\n\u00a0<a href=\"http:\/\/agora.xtec.cat\/iesdeltebre\/wp-content\/uploads\/usu809\/2015\/01\/Reuni\u00f3-d\u2019Inici-de-Curs-3r.pptx\">Reuni\u00f3 d\u2019Inici de Curs 3r<\/a><br \/>\n<a href=\"http:\/\/www.estamosgrabando.com\/publish\/2\/super-antonio\/\">\u00a0Super Antonio<\/a><br \/>\n. <a href=\"http:\/\/agora.xtec.cat\/iesdeltebre\/wp-content\/uploads\/usu809\/2015\/01\/elecci\u00f3-delegats.odt\">elecci\u00f3 delegat\/da subdelegat\/da<\/a><\/p>\n<p>octubre<br \/>\n<a href=\"https:\/\/www.youtube.com\/watch?v=BLxx59JLCCY#t=50\">\u00a0Curmetratge empatia<\/a><a href=\"http:\/\/agora.xtec.cat\/iesdeltebre\/wp-content\/uploads\/usu809\/2015\/01\/EXEMPLES-DIN\u00c0MIQUES-PER-TREBALLAR-HABILITATS-I-EMOCIONS.doc\">EXEMPLES DIN\u00c0MIQUES PER TREBALLAR HABILITATS I EMOCIONS<\/a><br \/>\n<a href=\"https:\/\/agora.xtec.cat\/iesdeltebre\/wp-content\/uploads\/usu809\/2022\/09\/Pacta-la-senyal-de-paraula.pdf\">Cercle de confian\u00e7a<\/a><br \/>\n<a href=\"https:\/\/agora.xtec.cat\/iesdeltebre\/wp-content\/uploads\/usu809\/2022\/10\/1-doctubre-DIA-INTERNACIONAL-DE-LA-GENT-GRAN.pdf\">Dia mundial de la gent gran<\/a><br \/>\n\u00a0&#8211; 16 octubre: dia internacional de l&#8217;alimentaci\u00f3<br \/>\n<a href=\"http:\/\/www.sinazucar.org\/\">sin&hellip;  <a href=\"https:\/\/agora.xtec.cat\/iesdeltebre\/tutoria-3r-eso\/\" title=\"Read Tutoria 3r ESO\">Llegeix m\u00e9s\u00bb<\/a><\/p>\n","protected":false},"author":1,"featured_media":0,"parent":0,"menu_order":0,"comment_status":"closed","ping_status":"closed","template":"","meta":{"_bbp_topic_count":0,"_bbp_reply_count":0,"_bbp_total_topic_count":0,"_bbp_total_reply_count":0,"_bbp_voice_count":0,"_bbp_anonymous_reply_count":0,"_bbp_topic_count_hidden":0,"_bbp_reply_count_hidden":0,"_bbp_forum_subforum_count":0,"footnotes":""},"class_list":["post-474","page","type-page","status-publish","hentry"],"post_mailing_queue_ids":[],"_links":{"self":[{"href":"https:\/\/agora.xtec.cat\/iesdeltebre\/wp-json\/wp\/v2\/pages\/474","targetHints":{"allow":["GET"]}}],"collection":[{"href":"https:\/\/agora.xtec.cat\/iesdeltebre\/wp-json\/wp\/v2\/pages"}],"about":[{"href":"https:\/\/agora.xtec.cat\/iesdeltebre\/wp-json\/wp\/v2\/types\/page"}],"author":[{"embeddable":true,"href":"https:\/\/agora.xtec.cat\/iesdeltebre\/wp-json\/wp\/v2\/users\/1"}],"replies":[{"embeddable":true,"href":"https:\/\/agora.xtec.cat\/iesdeltebre\/wp-json\/wp\/v2\/comments?post=474"}],"version-history":[{"count":4,"href":"https:\/\/agora.xtec.cat\/iesdeltebre\/wp-json\/wp\/v2\/pages\/474\/revisions"}],"predecessor-version":[{"id":19465,"href":"https:\/\/agora.xtec.cat\/iesdeltebre\/wp-json\/wp\/v2\/pages\/474\/revisions\/19465"}],"wp:attachment":[{"href":"https:\/\/agora.xtec.cat\/iesdeltebre\/wp-json\/wp\/v2\/media?parent=474"}],"curies":[{"name":"wp","href":"https:\/\/api.w.org\/{rel}","templated":true}]}}