{"id":472,"date":"2015-01-29T08:53:38","date_gmt":"2015-01-29T07:53:38","guid":{"rendered":"http:\/\/agora.xtec.cat\/iesdeltebre\/?page_id=472"},"modified":"2023-01-10T12:35:51","modified_gmt":"2023-01-10T11:35:51","slug":"tutoria-2on-eso","status":"publish","type":"page","link":"https:\/\/agora.xtec.cat\/iesdeltebre\/tutoria-2on-eso\/","title":{"rendered":"Tutoria 2n ESO"},"content":{"rendered":"<table>\n<tbody>\n<tr>\n<td style=\"width: 103px;\"><\/td>\n<td style=\"width: 113px;\">1a setmana<\/td>\n<td style=\"width: 188px;\">2a setmana<\/td>\n<td style=\"width: 134px;\">3a setmana<\/td>\n<td style=\"width: 163px;\">4a setmana<\/td>\n<\/tr>\n<tr>\n<td style=\"width: 103px;\">setembre<\/td>\n<td style=\"width: 113px;\"><\/td>\n<td style=\"width: 188px;\">. <a href=\"http:\/\/agora.xtec.cat\/iesdeltebre\/wp-content\/uploads\/usu809\/2015\/01\/NORMES-CONVIV\u00c8NCIA.ppt\">Normes de conviv\u00e8ncia<\/a><\/p>\n<p><a href=\"http:\/\/agora.xtec.cat\/iesdeltebre\/wp-content\/uploads\/usu809\/2015\/01\/Reuni\u00f3-d\u2019Inici-de-Curs-2n.pptx\">Presentaci\u00f3 d\u2019Inici de Curs 2n<\/a><\/td>\n<td style=\"width: 134px;\">\u00a0<a href=\"http:\/\/www.estamosgrabando.com\/publish\/2\/super-antonio\/\">Super Antonio<\/a><\/td>\n<td style=\"width: 163px;\">. <a href=\"http:\/\/agora.xtec.cat\/iesdeltebre\/wp-content\/uploads\/usu809\/2015\/01\/elecci\u00f3-delegats.odt\">Elecci\u00f3 delegat\/da subdelegat\/da<\/a><a href=\"http:\/\/agora.xtec.cat\/iesdeltebre\/wp-content\/uploads\/usu809\/2015\/01\/Presentaci\u00f3-funcions-delegats-2.odp\">. <\/a><a href=\"http:\/\/agora.xtec.cat\/iesdeltebre\/wp-content\/uploads\/usu809\/2015\/01\/Presentaci\u00f3-funcions-delegats-2.odp\">. Power caracter\u00edstiques d&#8217;un bon delegat\/da<\/a><\/td>\n<\/tr>\n<tr>\n<td style=\"width: 103px;\">octubre<\/td>\n<td style=\"width: 113px;\"><a style=\"color: #2795b6;\" href=\"https:\/\/docs.google.com\/forms\/d\/e\/1FAIpQLScveAX1Celaq4iEWJceJ_ZPW5xBomNRiuwZoqRg2vXgwgLt5w\/viewform?usp=sf_link\">Cercle de Confian\u00e7a<\/a><\/p>\n<p><a href=\"http:\/\/agora.xtec.cat\/iesdeltebre\/wp-content\/uploads\/usu809\/2015\/01\/T\u00edtol-din\u00e0mica-confian\u00e7a-grupal.docx\">T\u00edtol din\u00e0mica confian\u00e7a <\/a><a style=\"font-family: inherit; font-size: 1em;\" href=\"http:\/\/agora.xtec.cat\/iesdeltebre\/wp-content\/uploads\/usu809\/2015\/01\/T\u00edtol-din\u00e0mica-confian\u00e7a-grupal.docx\">gr<\/a><a style=\"font-family: inherit; font-size: 1em;\" href=\"http:\/\/agora.xtec.cat\/iesdeltebre\/wp-content\/uploads\/usu809\/2015\/01\/T\u00edtol-din\u00e0mica-confian\u00e7a-grupal.docx\">upal<\/a><\/td>\n<td style=\"width: 188px;\">\u00a0Continuaci\u00f3 de les activitats de relaxaci\u00f3- 16 octubre: dia internacional de l&#8217;alimentaci\u00f3<a href=\"http:\/\/www.natursan.net\/el-chef-britanico-jamie-oliver-gana-su-demanda-contra-macdonalds\/\">demanda mcdonals jamie oliver<\/a><a href=\"https:\/\/www.youtube.com\/watch?v=lBgL3qOGyXI\">Jamie oliver<\/a><\/td>\n<td style=\"width: 134px;\"><a href=\"https:\/\/www.youtube.com\/watch?v=8YJxfTYTnQY\">soufian el\u00a0<\/a><a href=\"https:\/\/www.youtube.com\/watch?v=8YJxfTYTnQY\">nen que volia volar<\/a><\/td>\n<td style=\"width: 163px;\"><a href=\"https:\/\/agora.xtec.cat\/iesdeltebre\/wp-content\/uploads\/usu809\/2019\/10\/Padrines-19_20.pptx\">Projecte tutoria entre iguals Padrines 19_20<\/a><\/td>\n<\/tr>\n<tr>\n<td style=\"width: 103px;\">novembre<\/td>\n<td style=\"width: 113px;\">\u00a0continuaci\u00f3 m\u00f2dul 1 aqu\u00edproubullying<\/td>\n<td style=\"width: 188px;\"><a href=\"https:\/\/docs.google.com\/forms\/d\/e\/1FAIpQLScveAX1Celaq4iEWJceJ_ZPW5xBomNRiuwZoqRg2vXgwgLt5w\/viewform?usp=sf_link\">\u00a0valoraci\u00f3 m\u00f2du<\/a><a style=\"font-family: inherit; font-size: 0.875em;\" href=\"https:\/\/docs.google.com\/forms\/d\/e\/1FAIpQLScveAX1Celaq4iEWJceJ_ZPW5xBomNRiuwZoqRg2vXgwgLt5w\/viewform?usp=sf_link\">l 1 aqu\u00edproubullying<\/a><\/td>\n<td style=\"width: 134px;\">\u00a0 Dia mundial en contra de la viol\u00e8ncia de g\u00e8nere.<a href=\"https:\/\/www.ryapsicologos.net\/relaciones-toxicas\/\">Article: Les relacions t\u00f2xiques<\/a><\/p>\n<p><a href=\"https:\/\/agora.xtec.cat\/iesdeltebre\/wp-content\/uploads\/usu809\/2021\/11\/Manifest-25N-2021.pdf\">Manifest-25N-2021<\/a><\/td>\n<td style=\"width: 163px;\">\u00a0<a href=\"https:\/\/agora.xtec.cat\/iesdeltebre\/wp-content\/uploads\/usu809\/2018\/12\/modul-2-COMPET\u00c8NCIES-SOCIOEMOCIONALS-2neso.pptx\">m\u00f2dul 2: compet\u00e8ncies socioemocionals aqu\u00edporubullying<\/a><\/p>\n<p>A qui em crec?<a href=\"https:\/\/agora.xtec.cat\/iesdeltebre\/wp-content\/uploads\/usu809\/2021\/11\/eduCAC_UD3_informacio_A_qui_em_crec.pdf\">eduCAC_UD3_informacio_A_qui_em_crec<\/a><\/td>\n<\/tr>\n<tr>\n<td style=\"width: 103px;\">desembre<\/td>\n<td style=\"width: 113px;\">Continuaci\u00f3 m\u00f2dul 2 aqu\u00edproubullying<\/p>\n<p><a href=\"https:\/\/www.ccma.cat\/tv3\/alacarta\/marato\/video-divulgatiu-de-la-marato-2021-salut-mental\/video\/6121261\/\">La marat\u00f3: salut mental<\/a><\/td>\n<td style=\"width: 188px;\">\u00a0<a href=\"http:\/\/agora.xtec.cat\/iesdeltebre\/wp-content\/uploads\/usu809\/2015\/01\/Aval.Individual-Tutoria-1.doc\">Aval.Individual Tutoria (1)<\/a><\/p>\n<p>V\u00eddeo estigma en la malaltia mental<\/td>\n<td style=\"width: 134px;\">\u00a0xerrada l&#8217;estigma en la malaltia mental18 i 19\/12<\/td>\n<td style=\"width: 163px;\"><\/td>\n<\/tr>\n<tr>\n<td style=\"width: 103px;\">gener<\/td>\n<td style=\"width: 113px;\"><a href=\"http:\/\/www.xtec.cat\/~jcruz\/t_estudi\/\">\u00a0T\u00e8cniques d&#8217;estudi. El meu horari<\/a><\/td>\n<td style=\"width: 188px;\"><a href=\"http:\/\/www.xtec.cat\/~jcruz\/t_estudi\/\">\u00a0t\u00e8cniques d&#8217;estudi<\/a><\/p>\n<p><a href=\"https:\/\/docs.google.com\/forms\/d\/e\/1FAIpQLSchzhrvqXAGoe8B7ISw6Cvc3z-gUYyWn6DIvshwPy0diPJRjw\/viewform?usp=sf_link\">valoraci\u00f3 m\u00f2dul 2 aqu\u00edproubullying<\/a><\/p>\n<p><a href=\"http:\/\/agora.xtec.cat\/iesdeltebre\/wp-content\/uploads\/usu809\/2018\/09\/M\u00f2dul-3-GESTI\u00d3-POSITIVA-DELS-CONFLICTES-2nESO.pptx\">m\u00f2dul 3: Aqu\u00edproubullying<\/a><\/td>\n<td style=\"width: 134px;\">\u00a0preparaci\u00f3 dia de la pau<\/p>\n<p><a href=\"https:\/\/www.youtube.com\/watch?v=7QSqptI8xA4\">Ni\u00f1os de Siria<\/a><\/p>\n<p><a href=\"https:\/\/www.youtube.com\/watch?v=69vRtEt6I6k\">Aniversari nena siriana<\/a><\/p>\n<p><a href=\"https:\/\/www.youtube.com\/watch?v=6_ocZ_JaeRw\">Txarango i els camps de refugiats<\/a><\/td>\n<td style=\"width: 163px;\"><a href=\"http:\/\/agora.xtec.cat\/iesdeltebre\/wp-content\/uploads\/usu809\/2015\/01\/din\u00e0miques-dia-de-la-o-viol\u00e8ncia-i-la-pau-1.docx\">. Din\u00e0miques dia de la pau<\/a><a href=\"http:\/\/agora.xtec.cat\/iesdeltebre\/wp-content\/uploads\/usu809\/2015\/01\/gandhi-1.jpg\">. <\/a><a href=\"http:\/\/agora.xtec.cat\/iesdeltebre\/wp-content\/uploads\/usu809\/2015\/01\/gandhi-1.jpg\">. Infografia Gandhi<\/a><\/td>\n<\/tr>\n<tr>\n<td style=\"width: 103px;\">febrer<\/td>\n<td style=\"width: 113px;\"><a href=\"http:\/\/xtec.gencat.cat\/ca\/recursos\/tecinformacio\/internet_segura\/diainternet\/index.html\"> internet segura<\/a><\/td>\n<td style=\"width: 188px;\"><\/td>\n<td style=\"width: 134px;\">\u00a0Visualitzaci\u00f3 pel\u00b7l\u00edcula <em>camino a la escuela<\/em><\/td>\n<td style=\"width: 163px;\">. <a href=\"http:\/\/agora.xtec.cat\/iesdeltebre\/wp-content\/uploads\/usu809\/2015\/01\/material_didactico_camino_a_la_escuela1-1.pdf\">material did\u00e0ctic pel\u00b7l\u00edcula<\/a><a href=\"https:\/\/docs.google.com\/a\/xtec.cat\/forms\/d\/1GkpfOJ3yt-tLk-BmzfcGe18ZXFTmZYlcwuTa2wZpP2o\/viewform?usp=send_form\">. Valoraci\u00f3 pel\u00b7l\u00edcula<\/a><\/td>\n<\/tr>\n<tr>\n<td style=\"width: 103px;\">mar\u00e7<\/td>\n<td style=\"width: 113px;\"><a href=\"https:\/\/mestralitzat.com\/2017\/03\/04\/el-dia-de-la-dona-recursos-per-treballar-el-sexisme-a-laula\/\">\u00a0dia internacional de la dona<\/a><\/td>\n<td style=\"width: 188px;\">\u00a0<a href=\"http:\/\/www.xtec.cat\/~mvert2\/espurna\/dona\/indexd.htm\">dia de la dona<\/a><\/p>\n<p><a href=\"https:\/\/www.youtube.com\/watch?v=1vFpF4c2GCg\">te&#8217;n podria dir mil<\/a><\/p>\n<p><a href=\"https:\/\/docs.google.com\/forms\/d\/e\/1FAIpQLSc7xIWR0b5Jv1epzt1Wpky2HDjy6DfBrd6GFhBf9kVfYA6ADA\/viewform?usp=sf_link\">valoraci\u00f3 m\u00f2dul 3 aqu\u00edproubullying<\/a><\/td>\n<td style=\"width: 134px;\"><a href=\"https:\/\/www.youtube.com\/watch?v=Waf6uk1ESio\">\u00a0dia mundial s\u00edndrome de down<\/a><\/p>\n<p><a href=\"https:\/\/agora.xtec.cat\/iesdeltebre\/wp-content\/uploads\/usu809\/2019\/03\/modul-4-detectar-i-aturar-lassetjament-2neso.pptx\">modul 4 detectar i aturar l&#8217;assetjament 2neso<\/a><\/td>\n<td style=\"width: 163px;\"><a href=\"https:\/\/vimeo.com\/20235933\">Educaci\u00f3 intercultural<\/a><\/p>\n<p><a href=\"http:\/\/www.welcometomycountry.es\/es\/player?video=25min\">El pa\u00eds de los refugiados<\/a><a href=\"https:\/\/www.youtube.com\/watch?v=P20pVIcb904\">invisibles<\/a><\/p>\n<p><a href=\"https:\/\/docs.google.com\/forms\/d\/e\/1FAIpQLScgt0nk_rn3cyPHl0JDBqJJjmF73yq_041Daju7nOEdhdvyhg\/viewform?usp=sf_linkformulari:\">Valoraci\u00f3 m\u00f2dul 4 aqu\u00edproubullying<\/a><\/td>\n<\/tr>\n<tr>\n<td style=\"width: 103px;\">abril<\/td>\n<td style=\"width: 113px;\"><a href=\"https:\/\/agora.xtec.cat\/iesdeltebre\/wp-content\/uploads\/usu809\/2019\/04\/modul-5-US-SEGUR-I-RESPONSABLEDE-LES-XARXES-2n-ESO.pptx\">\u00a0m\u00f2dul 5: aqu\u00edproubullying<\/a><\/td>\n<td style=\"width: 188px;\">\u00a0setmana santa<\/td>\n<td style=\"width: 134px;\">\u00a0setmana santa<\/td>\n<td style=\"width: 163px;\"><a href=\"https:\/\/docs.google.com\/forms\/d\/e\/1FAIpQLSdbVr2xXoLq9uw715Bj_kOT_Jv88MYlfWn36Fe31HEEep8Qhw\/viewform?vc=0&amp;c=0&amp;w=1\">valoraci\u00f3 m\u00f2dul 5 aqu\u00edproubullying<\/a><\/td>\n<\/tr>\n<tr>\n<td style=\"width: 103px;\">maig<\/td>\n<td style=\"width: 113px;\"><a href=\"http:\/\/agora.xtec.cat\/iesdeltebre\/wp-content\/uploads\/usu809\/2018\/09\/M\u00f2dul-6-COM-DETECTAR-I-ATURAR-EL-CIBERASSETJAMENT-2n-ESO.pptx\">\u00a0m\u00f2dul 6:aqu\u00edproubullying<\/a><\/p>\n<p><a href=\"https:\/\/www.rac1.cat\/programes\/no-ho-se\/20201212\/491014943534\/mirada-estrabica-xiula-canco-diversitat-lluna-rikki-arjuna-no-ho-se-agnes-marques.html\">dia 2. dia mundial contra l&#8217;assetjament escolar. Proposta mirada estr\u00e0bica. Xiula<\/a><\/td>\n<td style=\"width: 188px;\"><a href=\"https:\/\/docs.google.com\/forms\/d\/e\/1FAIpQLSd0oZmUJdopfGoMdNWWbgr6qPZl2VNqnhJkJeIi87o3FFZ8mA\/viewform?vc=0&amp;c=0&amp;w=1\">valoraci\u00f3 m\u00f2dul 6 aqu\u00edproubullying<\/a><\/td>\n<td style=\"width: 134px;\"><\/td>\n<td style=\"width: 163px;\">\u00a0<a href=\"http:\/\/www.slideshare.net\/institutdeltebre\/marxa-solidaritat?utm_source=slideshow02&amp;utm_medium=ssemail&amp;utm_campaign=share_slideshow\">Power marxa solidaritat<\/a><\/td>\n<\/tr>\n<tr>\n<td style=\"width: 103px;\">juny<\/td>\n<td style=\"width: 113px;\"><\/td>\n<td style=\"width: 188px;\"><\/td>\n<td style=\"width: 134px;\"><\/td>\n<td style=\"width: 163px;\"><\/td>\n<\/tr>\n<\/tbody>\n<\/table>\n<p>&nbsp;<\/p>\n","protected":false},"excerpt":{"rendered":"<p>1a setmana<br \/>\n2a setmana<br \/>\n3a setmana<br \/>\n4a setmana<\/p>\n<p>setembre<\/p>\n<p>. <a href=\"http:\/\/agora.xtec.cat\/iesdeltebre\/wp-content\/uploads\/usu809\/2015\/01\/NORMES-CONVIV\u00c8NCIA.ppt\">Normes de conviv\u00e8ncia<\/a><br \/>\n<a href=\"http:\/\/agora.xtec.cat\/iesdeltebre\/wp-content\/uploads\/usu809\/2015\/01\/Reuni\u00f3-d\u2019Inici-de-Curs-2n.pptx\">Presentaci\u00f3 d\u2019Inici de Curs 2n<\/a><br \/>\n\u00a0<a href=\"http:\/\/www.estamosgrabando.com\/publish\/2\/super-antonio\/\">Super Antonio<\/a><br \/>\n. <a href=\"http:\/\/agora.xtec.cat\/iesdeltebre\/wp-content\/uploads\/usu809\/2015\/01\/elecci\u00f3-delegats.odt\">Elecci\u00f3 delegat\/da subdelegat\/da<\/a><a href=\"http:\/\/agora.xtec.cat\/iesdeltebre\/wp-content\/uploads\/usu809\/2015\/01\/Presentaci\u00f3-funcions-delegats-2.odp\">. <\/a><a href=\"http:\/\/agora.xtec.cat\/iesdeltebre\/wp-content\/uploads\/usu809\/2015\/01\/Presentaci\u00f3-funcions-delegats-2.odp\">. Power caracter\u00edstiques d&#8217;un bon delegat\/da<\/a><\/p>\n<p>octubre<br \/>\n<a style=\"color: #2795b6;\" href=\"https:\/\/docs.google.com\/forms\/d\/e\/1FAIpQLScveAX1Celaq4iEWJceJ_ZPW5xBomNRiuwZoqRg2vXgwgLt5w\/viewform?usp=sf_link\">Cercle de Confian\u00e7a<\/a><br \/>\n<a href=\"http:\/\/agora.xtec.cat\/iesdeltebre\/wp-content\/uploads\/usu809\/2015\/01\/T\u00edtol-din\u00e0mica-confian\u00e7a-grupal.docx\">T\u00edtol din\u00e0mica confian\u00e7a <\/a><a style=\"font-family: inherit; font-size: 1em;\" href=\"http:\/\/agora.xtec.cat\/iesdeltebre\/wp-content\/uploads\/usu809\/2015\/01\/T\u00edtol-din\u00e0mica-confian\u00e7a-grupal.docx\">gr<\/a><a style=\"font-family: inherit; font-size:&hellip;  <a href=\"https:\/\/agora.xtec.cat\/iesdeltebre\/tutoria-2on-eso\/\" title=\"Read Tutoria 2n ESO\">Llegeix m\u00e9s\u00bb<\/a><\/p>\n","protected":false},"author":1,"featured_media":0,"parent":0,"menu_order":0,"comment_status":"closed","ping_status":"closed","template":"","meta":{"_bbp_topic_count":0,"_bbp_reply_count":0,"_bbp_total_topic_count":0,"_bbp_total_reply_count":0,"_bbp_voice_count":0,"_bbp_anonymous_reply_count":0,"_bbp_topic_count_hidden":0,"_bbp_reply_count_hidden":0,"_bbp_forum_subforum_count":0,"footnotes":""},"class_list":["post-472","page","type-page","status-publish","hentry"],"post_mailing_queue_ids":[],"_links":{"self":[{"href":"https:\/\/agora.xtec.cat\/iesdeltebre\/wp-json\/wp\/v2\/pages\/472","targetHints":{"allow":["GET"]}}],"collection":[{"href":"https:\/\/agora.xtec.cat\/iesdeltebre\/wp-json\/wp\/v2\/pages"}],"about":[{"href":"https:\/\/agora.xtec.cat\/iesdeltebre\/wp-json\/wp\/v2\/types\/page"}],"author":[{"embeddable":true,"href":"https:\/\/agora.xtec.cat\/iesdeltebre\/wp-json\/wp\/v2\/users\/1"}],"replies":[{"embeddable":true,"href":"https:\/\/agora.xtec.cat\/iesdeltebre\/wp-json\/wp\/v2\/comments?post=472"}],"version-history":[{"count":4,"href":"https:\/\/agora.xtec.cat\/iesdeltebre\/wp-json\/wp\/v2\/pages\/472\/revisions"}],"predecessor-version":[{"id":19559,"href":"https:\/\/agora.xtec.cat\/iesdeltebre\/wp-json\/wp\/v2\/pages\/472\/revisions\/19559"}],"wp:attachment":[{"href":"https:\/\/agora.xtec.cat\/iesdeltebre\/wp-json\/wp\/v2\/media?parent=472"}],"curies":[{"name":"wp","href":"https:\/\/api.w.org\/{rel}","templated":true}]}}