{"id":468,"date":"2015-01-28T08:48:21","date_gmt":"2015-01-28T07:48:21","guid":{"rendered":"http:\/\/agora.xtec.cat\/iesdeltebre\/?page_id=468"},"modified":"2022-11-16T13:13:58","modified_gmt":"2022-11-16T12:13:58","slug":"tutoria-1r-eso","status":"publish","type":"page","link":"https:\/\/agora.xtec.cat\/iesdeltebre\/tutoria-1r-eso\/","title":{"rendered":"Tutoria 1r ESO"},"content":{"rendered":"<table>\n<tbody>\n<tr>\n<td><\/td>\n<td>1a setmana<\/td>\n<td>2a setmana<\/td>\n<td>3a setmana<\/td>\n<td>4a setmana<\/td>\n<\/tr>\n<tr>\n<td>setembre<\/td>\n<td><\/td>\n<td><a href=\"http:\/\/agora.xtec.cat\/iesdeltebre\/wp-content\/uploads\/usu809\/2015\/01\/NORMES-CONVIV\u00c8NCIA.ppt\">. Normes de conviv\u00e8ncia<\/a><a href=\"http:\/\/agora.xtec.cat\/iesdeltebre\/wp-content\/uploads\/usu809\/2015\/01\/din\u00e0miques-1r-eso-cohesi\u00f3-grupal.docx\">. <\/a><a href=\"http:\/\/agora.xtec.cat\/iesdeltebre\/wp-content\/uploads\/usu809\/2015\/01\/din\u00e0miques-1r-eso-cohesi\u00f3-grupal.docx\">.Din\u00e0mica: presentaci\u00f3<\/a><a href=\"http:\/\/agora.xtec.cat\/iesdeltebre\/wp-content\/uploads\/usu809\/2015\/01\/din\u00e0mica-presentaci\u00f3.pdf\">Activitat:presentaci\u00f3<\/a><\/p>\n<p><a href=\"http:\/\/agora.xtec.cat\/iesdeltebre\/wp-content\/uploads\/usu809\/2015\/01\/power-tutoria.odp\">Presentaci\u00f3 inici de curs<\/a><\/td>\n<td>. <a href=\"http:\/\/agora.xtec.cat\/iesdeltebre\/wp-content\/uploads\/usu809\/2015\/01\/Dinamica-BINGO.doc\">Din\u00e0mica bingo<\/a><a href=\"http:\/\/www.estamosgrabando.com\/publish\/2\/super-antonio\/\">. Super Antonio<\/a><\/p>\n<p><a href=\"http:\/\/agora.xtec.cat\/iesdeltebre\/wp-content\/uploads\/usu809\/2015\/01\/DIN\u00c0MICA-la-teranyina.doc\">DIN\u00c0MICA la teranyina<\/a><\/td>\n<td>\u00a0. <a href=\"http:\/\/agora.xtec.cat\/iesdeltebre\/wp-content\/uploads\/usu809\/2015\/01\/elecci\u00f3-delegats.odt\">Elecci\u00f3 delegat\/da subdelegat\/da<\/a><a href=\"http:\/\/agora.xtec.cat\/iesdeltebre\/wp-content\/uploads\/usu809\/2015\/01\/Presentaci\u00f3-funcions-delegats-2.odp\">. <\/a><a href=\"http:\/\/agora.xtec.cat\/iesdeltebre\/wp-content\/uploads\/usu809\/2015\/01\/Presentaci\u00f3-funcions-delegats-2.odp\">. Power caracter\u00edstiques d&#8217;un bon delegat\/da<\/a><\/td>\n<\/tr>\n<tr>\n<td>octubre<\/td>\n<td><a href=\"https:\/\/www.youtube.com\/watch?v=od2lg1ZC20s\">\u00a0Visualitzaci\u00f3 curtmetratge <em>el circo de las mariposas<\/em><\/a><a style=\"color: #2795b6;\" href=\"http:\/\/agora.xtec.cat\/iesdeltebre\/wp-content\/uploads\/usu809\/2018\/09\/Presentaci\u00f3-projecte-alumnat.pptx\">Presentaci\u00f3 projecte alumnat aqu\u00ed prou bullying<\/a><\/p>\n<p><a style=\"color: #2795b6;\" href=\"https:\/\/agora.xtec.cat\/iesdeltebre\/wp-content\/uploads\/usu809\/2022\/09\/Pacta-la-senyal-de-paraula.pdf\">Cercle de confian\u00e7a<\/a><\/td>\n<td><a href=\"https:\/\/agora.xtec.cat\/iesdeltebre\/wp-content\/uploads\/usu809\/2022\/10\/GUIO-ALUMNAT_10.pdf\">Material dia mundial de l&#8217;alimentaci\u00f3<\/a><\/p>\n<p><a href=\"https:\/\/www.canva.com\/design\/DAFODvs2rYY\/4TGsV9CdJshgLrhajuLCgw\/view?utm_content=DAFODvs2rYY&amp;utm_campaign=designshare&amp;utm_medium=link&amp;utm_source=publishsharelink#1\">Presentaci\u00f3 dia mundial de l&#8217;alimentaci\u00f3<\/a><\/td>\n<td><a href=\"https:\/\/www.youtube.com\/watch?v=cvyxQq_BDzg#t=81\">. Com em sento si&#8230;<\/a><a href=\"https:\/\/www.youtube.com\/watch?v=BLxx59JLCCY#t=50\">. <\/a><a href=\"https:\/\/www.youtube.com\/watch?v=BLxx59JLCCY#t=50\">. Curtmetratge empatia<\/a><a href=\"https:\/\/www.youtube.com\/watch?v=BUUjZduPECY#t=144\">.Curtmetratge valor de la col\u00b7laboraci\u00f3<\/a><\/td>\n<td><a style=\"color: #2795b6;\" href=\"https:\/\/www.youtube.com\/watch?v=od2lg1ZC20s\">Visualitzaci\u00f3 curtmetratge\u00a0<em>el circo de las mariposas<\/em><\/a><\/td>\n<\/tr>\n<tr>\n<td>novembre<\/td>\n<td>continuaci\u00f3 projecte aqu\u00ed prou bullying<\/p>\n<p><a href=\"http:\/\/agora.xtec.cat\/iesdeltebre\/wp-content\/uploads\/usu809\/2015\/01\/tecniques-estudi-1.docx\">t\u00e8cniques estudi 1<\/a><\/td>\n<td><a href=\"http:\/\/agora.xtec.cat\/iesdeltebre\/wp-content\/uploads\/usu809\/2015\/01\/FREAK-THE-MIGHTY.docx\">Activitats: Un mundo a su medida<\/a><\/p>\n<p><a href=\"https:\/\/docs.google.com\/forms\/d\/e\/1FAIpQLScveAX1Celaq4iEWJceJ_ZPW5xBomNRiuwZoqRg2vXgwgLt5w\/viewform?usp=sf_link\">Valoraci\u00f3 alumnat m\u00f2dul 1 aqu\u00edproubullying<\/a><\/td>\n<td>25\/11 Dia mundial en contra de la viol\u00e8ncia de g\u00e8nere<a href=\"https:\/\/www.ryapsicologos.net\/relaciones-toxicas\/\">.Article: Les relacions t\u00f2xiques<\/a><\/p>\n<p><a href=\"https:\/\/agora.xtec.cat\/iesdeltebre\/wp-content\/uploads\/usu809\/2021\/11\/Manifest-25N-2021.pdf\">Manifest-25N-2021<\/a><\/td>\n<td>\u00a0<a href=\"https:\/\/agora.xtec.cat\/iesdeltebre\/wp-content\/uploads\/usu809\/2020\/11\/modul-2-COMPET\u00c8NCIES-SOCIOEMOCIONALS-1r-eso.pptx\">m\u00f2dul 2 aqu\u00edproubullying: compet\u00e8ncies socioemocionals<\/a><\/p>\n<p><a href=\"https:\/\/boiraeditorial.com\/ca\/formacio\/pedagogia\/prevencio-del-bullying\">Trenquem la idea del &#8220;xivato&#8221;<\/a><\/p>\n<p>A qui em crec?<a href=\"https:\/\/agora.xtec.cat\/iesdeltebre\/wp-content\/uploads\/usu809\/2021\/11\/eduCAC_UD3_informacio_A_qui_em_crec.pdf\">eduCAC_UD3_informacio_A_qui_em_crec<\/a><\/td>\n<\/tr>\n<tr>\n<td>desembre<\/td>\n<td><a href=\"https:\/\/www.ccma.cat\/tv3\/alacarta\/marato\/video-divulgatiu-de-la-marato-2021-salut-mental\/video\/6121261\/\">\u00a0La marat\u00f3: Salut mental<\/a><\/p>\n<p>continuaci\u00f3 m\u00f2dul 2 aqu\u00edproubullying<\/p>\n<p><a href=\"https:\/\/agora.xtec.cat\/iesdeltebre\/wp-content\/uploads\/usu809\/2022\/11\/04_02_Tambors_de_pau_1r_i_2nESO_CAT.pdf\">04_02_Tambors_de_pau_1r_i_2nESO_CAT<\/a><\/p>\n<p><a href=\"https:\/\/view.genial.ly\/62ceb688f2dcf800175b0bc3\/interactive-content-tambors-de-pauabans\">Joc Gamificat obra de teatre tambors de pau<\/a><\/td>\n<td>\u00a0continuaci\u00f3 m\u00f2dul 2 aqu\u00edproubullying<\/td>\n<td>\u00a0<a href=\"http:\/\/agora.xtec.cat\/iesdeltebre\/wp-content\/uploads\/usu809\/2015\/01\/Aval.Individual-Tutoria-1.doc\">Aval.Individual Tutoria (1)<\/a><\/td>\n<td><\/td>\n<\/tr>\n<tr>\n<td>gener<\/td>\n<td><a href=\"http:\/\/www.xtec.cat\/~jcruz\/t_estudi\/\">\u00a0t\u00e8cniques d&#8217;estudi. Fem el nostre horari de treball<\/a><\/td>\n<td>\u00a0<a href=\"http:\/\/www.xtec.cat\/~jcruz\/t_estudi\/\">t\u00e8cniques d&#8217;estudi<\/a><\/p>\n<p><a href=\"https:\/\/docs.google.com\/forms\/d\/e\/1FAIpQLSfLq4b29U_Q0QXrsLoGuRGDqSFLdqsUl5RXOPCRP5YwnWUw0g\/viewform?usp=sf_link\">valoraci\u00f3 m\u00f2dul2 aqu\u00edproubullying<\/a><\/p>\n<p><a href=\"http:\/\/agora.xtec.cat\/iesdeltebre\/wp-content\/uploads\/usu809\/2018\/09\/M\u00f2dul-3-GESTI\u00d3-POSITIVA-DELS-CONFLICTES-1r-ESO.pptx\">\u00a0m\u00f2dul 3. gesti\u00f3 positiva del conflicte<\/a><\/td>\n<td>preparaci\u00f3 setmana de la pau<\/p>\n<p><a href=\"https:\/\/www.youtube.com\/watch?v=6_ocZ_JaeRw\">camps de refugiats txarango<\/a><\/p>\n<p><a href=\"https:\/\/www.youtube.com\/watch?v=69vRtEt6I6k\">la vida d&#8217;una nena refugiada<\/a><\/p>\n<p><a href=\"https:\/\/www.youtube.com\/watch?v=7QSqptI8xA4\">Ni\u00f1os de siria<\/a><\/td>\n<td>. <a href=\"http:\/\/agora.xtec.cat\/iesdeltebre\/wp-content\/uploads\/usu809\/2015\/01\/din\u00e0miques-dia-de-la-o-viol\u00e8ncia-i-la-pau-1.docx\">din\u00e0miques dia de la no viol\u00e8ncia i la pau\u00a0<\/a><a href=\"http:\/\/agora.xtec.cat\/iesdeltebre\/wp-content\/uploads\/usu809\/2015\/01\/La-paraulapau-diferents-idiomes.docx\">. pau en diferents <\/a><a href=\"http:\/\/agora.xtec.cat\/iesdeltebre\/wp-content\/uploads\/usu809\/2015\/01\/gandhi-1.jpg\">idiomes<\/a><a href=\"http:\/\/agora.xtec.cat\/iesdeltebre\/wp-content\/uploads\/usu809\/2015\/01\/gandhi-1.jpg\">. <\/a><a href=\"http:\/\/agora.xtec.cat\/iesdeltebre\/wp-content\/uploads\/usu809\/2015\/01\/gandhi-1.jpg\">. Infografia Gandhi<\/a><\/p>\n<p><a href=\"https:\/\/www.youtube.com\/watch?v=WEKAO0T8nGk&amp;list=PLHKPCTdzZliLK7YkwtSQ6coiwIzfWHVFX\">Binta y la gran idea<\/a><\/td>\n<\/tr>\n<tr>\n<td>febrer<\/td>\n<td><a href=\"http:\/\/xtec.gencat.cat\/ca\/recursos\/tecinformacio\/internet_segura\/diainternet\/index.html\"> Internet segura<\/a><\/td>\n<td><\/td>\n<td>.Visualitzaci\u00f3 pel\u00b7l\u00edcula <em>camino a la escuela<\/em><\/td>\n<td>.\u00a0 <a href=\"http:\/\/agora.xtec.cat\/iesdeltebre\/wp-content\/uploads\/usu809\/2015\/01\/material_didactico_camino_a_la_escuela1-1.pdf\">Guia did\u00e0ctica pel\u00b7l\u00edcula<\/a><a href=\"https:\/\/docs.google.com\/a\/xtec.cat\/forms\/d\/1GkpfOJ3yt-tLk-BmzfcGe18ZXFTmZYlcwuTa2wZpP2o\/viewform?usp=send_form\">. <\/a><a href=\"https:\/\/docs.google.com\/a\/xtec.cat\/forms\/d\/1GkpfOJ3yt-tLk-BmzfcGe18ZXFTmZYlcwuTa2wZpP2o\/viewform?usp=send_form\">. Valoraci\u00f3 alumnat<\/a><\/td>\n<\/tr>\n<tr>\n<td>mar\u00e7<\/td>\n<td>&nbsp;<\/p>\n<p><a href=\"http:\/\/www.xtec.cat\/~mvert2\/espurna\/dona\/indexd.htm\">Dia de la dona<\/a><\/td>\n<td>&nbsp;<\/p>\n<p><a href=\"https:\/\/mestralitzat.com\/2017\/03\/04\/el-dia-de-la-dona-recursos-per-treballar-el-sexisme-a-laula\/\">Dia internacional de la dona<\/a><\/p>\n<p><a href=\"https:\/\/www.youtube.com\/watch?v=1vFpF4c2GCg\">te&#8217;n podria mil<\/a><\/p>\n<p><a href=\"https:\/\/docs.google.com\/forms\/d\/e\/1FAIpQLSc7xIWR0b5Jv1epzt1Wpky2HDjy6DfBrd6GFhBf9kVfYA6ADA\/viewform?usp=sf_link\">valoraci\u00f3 m\u00f2dul 3: aquiproubullying<\/a><\/td>\n<td>&nbsp;<\/p>\n<p><a href=\"https:\/\/www.youtube.com\/watch?v=TEXcnUF3qZY\">dia mundial s\u00edndrome de down<\/a><\/p>\n<p><a href=\"https:\/\/agora.xtec.cat\/iesdeltebre\/wp-content\/uploads\/usu809\/2019\/03\/modul-4-Com-detectar-i-aturar-lassetjament1-eso-def.pptx\">m\u00f2dul 4: com detectar i aturar l&#8217;assetjament<\/a><\/td>\n<td><a href=\"https:\/\/docs.google.com\/forms\/d\/e\/1FAIpQLScgt0nk_rn3cyPHl0JDBqJJjmF73yq_041Daju7nOEdhdvyhg\/viewform?usp=sf_linkformulari:\">\u00a0valoraci\u00f3 m\u00f2dul 4 aqu\u00edproubullying<\/a><\/td>\n<\/tr>\n<tr>\n<td>abril<\/td>\n<td><a href=\"http:\/\/agora.xtec.cat\/iesdeltebre\/wp-content\/uploads\/usu809\/2018\/09\/M\u00f2dul-5-\u00daS-SEGUR-I-RESPONSABLE-DE-LES-XARXES-1r-ESO.pptx\">\u00a0m\u00f2dul 5 : \u00fas segur i responsable de les xarxes<\/a><\/td>\n<td><a href=\"https:\/\/docs.google.com\/forms\/d\/e\/1FAIpQLSdbVr2xXoLq9uw715Bj_kOT_Jv88MYlfWn36Fe31HEEep8Qhw\/viewform?vc=0&amp;c=0&amp;w=1\">valoraci\u00f3 m\u00f2dul 5 aqu\u00edproubullying<\/a><\/td>\n<td><\/td>\n<td>\u00a0. <a href=\"http:\/\/www.welcometomycountry.es\/es\/player?video=25min\">el pa\u00eds de los refugiados<\/a><a href=\"https:\/\/www.youtube.com\/watch?v=P20pVIcb904\">. invisibles<\/a><\/td>\n<\/tr>\n<tr>\n<td>maig<\/td>\n<td>Tutoria entre iguals: presentaci\u00f3 projectes padrins. voluntaris per curs seg\u00fcent.<\/p>\n<p><a href=\"https:\/\/www.rac1.cat\/programes\/no-ho-se\/20201212\/491014943534\/mirada-estrabica-xiula-canco-diversitat-lluna-rikki-arjuna-no-ho-se-agnes-marques.html\">dia 2. dia mundial contra l&#8217;assetjament escolar. Proposta mirada estr\u00e0bica. Xiula<\/a><\/td>\n<td>\u00a0<a href=\"https:\/\/agora.xtec.cat\/iesdeltebre\/wp-content\/uploads\/usu809\/2019\/05\/M\u00f2dul-6-COM-DETECTAR-I-ATURAR-EL-CIBERASSETJAMENT-1r-ESO.pptx\">m\u00f2dul 6: com detectar i aturar l&#8217;assetjament<\/a><\/td>\n<td><a href=\"https:\/\/docs.google.com\/forms\/d\/e\/1FAIpQLSd0oZmUJdopfGoMdNWWbgr6qPZl2VNqnhJkJeIi87o3FFZ8mA\/viewform?vc=0&amp;c=0&amp;w=1\">Valoraci\u00f3 m\u00f2dul 6 aqu\u00edproubullying<\/a><\/p>\n<p>valoraci\u00f3 global projecte<\/td>\n<td>\u00a0Power marxa solidaritat<\/td>\n<\/tr>\n<tr>\n<td>juny<\/td>\n<td><\/td>\n<td><\/td>\n<td><\/td>\n<td><\/td>\n<\/tr>\n<\/tbody>\n<\/table>\n<p>&nbsp;<\/p>\n","protected":false},"excerpt":{"rendered":"<p>1a setmana<br \/>\n2a setmana<br \/>\n3a setmana<br \/>\n4a setmana<\/p>\n<p>setembre<\/p>\n<p><a href=\"http:\/\/agora.xtec.cat\/iesdeltebre\/wp-content\/uploads\/usu809\/2015\/01\/NORMES-CONVIV\u00c8NCIA.ppt\">. Normes de conviv\u00e8ncia<\/a><a href=\"http:\/\/agora.xtec.cat\/iesdeltebre\/wp-content\/uploads\/usu809\/2015\/01\/din\u00e0miques-1r-eso-cohesi\u00f3-grupal.docx\">. <\/a><a href=\"http:\/\/agora.xtec.cat\/iesdeltebre\/wp-content\/uploads\/usu809\/2015\/01\/din\u00e0miques-1r-eso-cohesi\u00f3-grupal.docx\">.Din\u00e0mica: presentaci\u00f3<\/a><a href=\"http:\/\/agora.xtec.cat\/iesdeltebre\/wp-content\/uploads\/usu809\/2015\/01\/din\u00e0mica-presentaci\u00f3.pdf\">Activitat:presentaci\u00f3<\/a><br \/>\n<a href=\"http:\/\/agora.xtec.cat\/iesdeltebre\/wp-content\/uploads\/usu809\/2015\/01\/power-tutoria.odp\">Presentaci\u00f3 inici de curs<\/a><br \/>\n. <a href=\"http:\/\/agora.xtec.cat\/iesdeltebre\/wp-content\/uploads\/usu809\/2015\/01\/Dinamica-BINGO.doc\">Din\u00e0mica bingo<\/a><a href=\"http:\/\/www.estamosgrabando.com\/publish\/2\/super-antonio\/\">. Super Antonio<\/a><br \/>\n<a href=\"http:\/\/agora.xtec.cat\/iesdeltebre\/wp-content\/uploads\/usu809\/2015\/01\/DIN\u00c0MICA-la-teranyina.doc\">DIN\u00c0MICA la teranyina<\/a><br \/>\n\u00a0. <a href=\"http:\/\/agora.xtec.cat\/iesdeltebre\/wp-content\/uploads\/usu809\/2015\/01\/elecci\u00f3-delegats.odt\">Elecci\u00f3 delegat\/da subdelegat\/da<\/a><a href=\"http:\/\/agora.xtec.cat\/iesdeltebre\/wp-content\/uploads\/usu809\/2015\/01\/Presentaci\u00f3-funcions-delegats-2.odp\">. <\/a><a href=\"http:\/\/agora.xtec.cat\/iesdeltebre\/wp-content\/uploads\/usu809\/2015\/01\/Presentaci\u00f3-funcions-delegats-2.odp\">. Power caracter\u00edstiques d&#8217;un bon delegat\/da<\/a><\/p>\n<p>octubre<br \/>\n<a href=\"https:\/\/www.youtube.com\/watch?v=od2lg1ZC20s\">\u00a0Visualitzaci\u00f3 curtmetratge el circo de las&hellip;  <a href=\"https:\/\/agora.xtec.cat\/iesdeltebre\/tutoria-1r-eso\/\" title=\"Read Tutoria 1r ESO\">Llegeix m\u00e9s\u00bb<\/a><\/p>\n","protected":false},"author":6,"featured_media":0,"parent":0,"menu_order":0,"comment_status":"closed","ping_status":"closed","template":"","meta":{"_bbp_topic_count":0,"_bbp_reply_count":0,"_bbp_total_topic_count":0,"_bbp_total_reply_count":0,"_bbp_voice_count":0,"_bbp_anonymous_reply_count":0,"_bbp_topic_count_hidden":0,"_bbp_reply_count_hidden":0,"_bbp_forum_subforum_count":0,"footnotes":""},"class_list":["post-468","page","type-page","status-publish","hentry"],"post_mailing_queue_ids":[],"_links":{"self":[{"href":"https:\/\/agora.xtec.cat\/iesdeltebre\/wp-json\/wp\/v2\/pages\/468","targetHints":{"allow":["GET"]}}],"collection":[{"href":"https:\/\/agora.xtec.cat\/iesdeltebre\/wp-json\/wp\/v2\/pages"}],"about":[{"href":"https:\/\/agora.xtec.cat\/iesdeltebre\/wp-json\/wp\/v2\/types\/page"}],"author":[{"embeddable":true,"href":"https:\/\/agora.xtec.cat\/iesdeltebre\/wp-json\/wp\/v2\/users\/6"}],"replies":[{"embeddable":true,"href":"https:\/\/agora.xtec.cat\/iesdeltebre\/wp-json\/wp\/v2\/comments?post=468"}],"version-history":[{"count":4,"href":"https:\/\/agora.xtec.cat\/iesdeltebre\/wp-json\/wp\/v2\/pages\/468\/revisions"}],"predecessor-version":[{"id":19479,"href":"https:\/\/agora.xtec.cat\/iesdeltebre\/wp-json\/wp\/v2\/pages\/468\/revisions\/19479"}],"wp:attachment":[{"href":"https:\/\/agora.xtec.cat\/iesdeltebre\/wp-json\/wp\/v2\/media?parent=468"}],"curies":[{"name":"wp","href":"https:\/\/api.w.org\/{rel}","templated":true}]}}