{"id":333,"date":"2014-11-03T23:40:24","date_gmt":"2014-11-03T23:40:24","guid":{"rendered":"http:\/\/agora.xtec.cat\/iesdeltebre\/?page_id=333"},"modified":"2017-02-03T12:02:58","modified_gmt":"2017-02-03T11:02:58","slug":"families","status":"publish","type":"page","link":"https:\/\/agora.xtec.cat\/iesdeltebre\/families\/","title":{"rendered":"FAMILIES"},"content":{"rendered":"<ul>\n<li><strong>Cr\u00e9ixer en Fam\u00edlia.<\/strong><\/li>\n<\/ul>\n<p>La Direcci\u00f3 General de Fam\u00edlies del Departament de Treball, Afers Socials i Fam\u00edlies, impulsa el\u00a0programa d\u2019orientaci\u00f3 educativa\u00a0per a fam\u00edlies \u201c<b>Cr\u00e9ixer en Fam\u00edlia\u201c\u00a0<\/b>adre\u00e7at a pares i mares amb fills i filles de 0 a 18 any<b>.<\/b><\/p>\n<p>Aquest programa est\u00e0 basat en el concepte de <b>parentalitat positiva<\/b>, i est\u00e0 dirigit a orientar, refor\u00e7ar i donar eines a les fam\u00edlies per a exercir el seu paper educatiu, amb l\u2019objectiu de potenciar el reconeixement i la confian\u00e7a en les pr\u00f2pies capacitats dels progenitors i la millora del seu benestar.<\/p>\n<p>Us convidem a visitar la p\u00e0gina<a href=\"http:\/\/treballiaferssocials.gencat.cat\/ca\/ambits_tematics\/families\/formacio_per_a_pares_i_mares\/creixer_en_familia\/\" target=\"_blank\" data-saferedirecturl=\"https:\/\/www.google.com\/url?hl=ca&amp;q=http:\/\/treballiaferssocials.gencat.cat\/ca\/ambits_tematics\/families\/formacio_per_a_pares_i_mares\/creixer_en_familia\/&amp;source=gmail&amp;ust=1486205729176000&amp;usg=AFQjCNE1d4VYr31Zm1783YdVb6atbXKoCw\"> web del \u201cCreixer en fam\u00edlia\u201d<\/a> on trobareu tota la informaci\u00f3 del programa, un <a href=\"http:\/\/treballiaferssocials.gencat.cat\/ca\/ambits_tematics\/families\/formacio_per_a_pares_i_mares\/creixer_en_familia\/calaix_recursos\/\" target=\"_blank\" data-saferedirecturl=\"https:\/\/www.google.com\/url?hl=ca&amp;q=http:\/\/treballiaferssocials.gencat.cat\/ca\/ambits_tematics\/families\/formacio_per_a_pares_i_mares\/creixer_en_familia\/calaix_recursos\/&amp;source=gmail&amp;ust=1486205729176000&amp;usg=AFQjCNHJhEpJGiGVaerwo9XQiLKjkNtk-w\">calaix de recursos<\/a> \u00fatils per a les fam\u00edlies i \u00a0el material did\u00e0ctic: \u201c<a href=\"http:\/\/treballiaferssocials.gencat.cat\/ca\/el_departament\/publicacions\/families\/\" target=\"_blank\" data-saferedirecturl=\"https:\/\/www.google.com\/url?hl=ca&amp;q=http:\/\/treballiaferssocials.gencat.cat\/ca\/el_departament\/publicacions\/families\/&amp;source=gmail&amp;ust=1486205729176000&amp;usg=AFQjCNFSVsuDaFSEZHAFS7CRwRpgz-n5AQ\">Guies per a les dinamitzadores i els dinamitzadors\u201d.<\/a><\/p>\n<ul>\n<li>Ponencia de Carles Capdevila en\u00a0<strong>Gestionando Hijos<\/strong><\/li>\n<\/ul>\n<p><iframe loading=\"lazy\" title=\"Carles Capdevila: El papel del padre en la educaci\u00f3n de los hijos\" width=\"500\" height=\"281\" src=\"https:\/\/www.youtube.com\/embed\/dd_z-pnGKaU?feature=oembed\" frameborder=\"0\" allow=\"accelerometer; autoplay; clipboard-write; encrypted-media; gyroscope; picture-in-picture; web-share\" referrerpolicy=\"strict-origin-when-cross-origin\" allowfullscreen><\/iframe> \u00a0<\/p>\n","protected":false},"excerpt":{"rendered":"<ul>\n<li>Cr\u00e9ixer en Fam\u00edlia.<\/li>\n<\/ul>\n<p>La Direcci\u00f3 General de Fam\u00edlies del Departament de Treball, Afers Socials i Fam\u00edlies, impulsa el\u00a0programa d\u2019orientaci\u00f3 educativa\u00a0per a fam\u00edlies \u201cCr\u00e9ixer en Fam\u00edlia\u201c\u00a0adre\u00e7at a pares i mares amb fills i filles de 0 a 18 any.<br \/>\nAquest programa est\u00e0 basat en el concepte de parentalitat&hellip;  <a href=\"https:\/\/agora.xtec.cat\/iesdeltebre\/families\/\" title=\"Read FAMILIES\">Llegeix m\u00e9s\u00bb<\/a><\/p>\n","protected":false},"author":1,"featured_media":0,"parent":0,"menu_order":1,"comment_status":"closed","ping_status":"closed","template":"page-templates\/side-menu.php","meta":{"_bbp_topic_count":0,"_bbp_reply_count":0,"_bbp_total_topic_count":0,"_bbp_total_reply_count":0,"_bbp_voice_count":0,"_bbp_anonymous_reply_count":0,"_bbp_topic_count_hidden":0,"_bbp_reply_count_hidden":0,"_bbp_forum_subforum_count":0,"footnotes":""},"class_list":["post-333","page","type-page","status-publish","hentry"],"post_mailing_queue_ids":[],"_links":{"self":[{"href":"https:\/\/agora.xtec.cat\/iesdeltebre\/wp-json\/wp\/v2\/pages\/333","targetHints":{"allow":["GET"]}}],"collection":[{"href":"https:\/\/agora.xtec.cat\/iesdeltebre\/wp-json\/wp\/v2\/pages"}],"about":[{"href":"https:\/\/agora.xtec.cat\/iesdeltebre\/wp-json\/wp\/v2\/types\/page"}],"author":[{"embeddable":true,"href":"https:\/\/agora.xtec.cat\/iesdeltebre\/wp-json\/wp\/v2\/users\/1"}],"replies":[{"embeddable":true,"href":"https:\/\/agora.xtec.cat\/iesdeltebre\/wp-json\/wp\/v2\/comments?post=333"}],"version-history":[{"count":5,"href":"https:\/\/agora.xtec.cat\/iesdeltebre\/wp-json\/wp\/v2\/pages\/333\/revisions"}],"predecessor-version":[{"id":19821,"href":"https:\/\/agora.xtec.cat\/iesdeltebre\/wp-json\/wp\/v2\/pages\/333\/revisions\/19821"}],"wp:attachment":[{"href":"https:\/\/agora.xtec.cat\/iesdeltebre\/wp-json\/wp\/v2\/media?parent=333"}],"curies":[{"name":"wp","href":"https:\/\/api.w.org\/{rel}","templated":true}]}}