{"id":27,"date":"2014-09-17T16:24:03","date_gmt":"2014-09-17T16:24:03","guid":{"rendered":"http:\/\/agora.xtec.cat\/iesdeltebre\/\/?page_id=27"},"modified":"2025-02-27T10:09:31","modified_gmt":"2025-02-27T09:09:31","slug":"historia","status":"publish","type":"page","link":"https:\/\/agora.xtec.cat\/iesdeltebre\/institut\/historia\/","title":{"rendered":"Hist\u00f2ria"},"content":{"rendered":"<hr \/>\n<p>L\u2019Institut de Deltebre \u00e9s l\u2019\u00fanic centre de secund\u00e0ria del municipi de Deltebre que complementa la formaci\u00f3 de tots els nois i noies de les tres escoles de prim\u00e0ria de Deltebre, Sant Jaume d\u2019Enveja, Balada i els Muntells. A aquests alumnes se sumen els nouvinguts d\u2019altres pa\u00efsos i tamb\u00e9 els que ens arriben de l\u2019entorn de grans ciutats.<\/p>\n<p>Naix l\u2019any 1978 com una secci\u00f3 de l\u2019Institut Polit\u00e8cnic Comte de Rius de Tarragona. El centre, ubicat en l\u2019antic sequers de Jes\u00fas i Maria, enceta en el seu primer any acad\u00e8mic la secci\u00f3 d\u2019FP de primer grau en les branques administratiu-comercial i mec\u00e0nica-el\u00e8ctrica. No \u00e9s fins el curs 1987-1988 que comen\u00e7a a funcionar com a IES Deltebre.<\/p>\n<p>Al llarg d\u2019aquest anys han estat diversos els estudis que s\u2019hi han impartit, des de la formaci\u00f3 professional inicial, passant per l\u2019antic BUP i COU, fins els actuals plans d\u2019estudis d\u2019ESO i Batxillerat. Avui dia, amb un nombre aproximat de 600 alumnes i 60 professors, \u00a0el centre ofereix tamb\u00e9 CFGM d\u2019administratiu i, fins fa ben poc, comptava amb un CFGM de manteniment electromec\u00e0nic.<\/p>\n<hr \/>\n<p>&nbsp;<\/p>\n","protected":false},"excerpt":{"rendered":"<p>L\u2019Institut de Deltebre \u00e9s l\u2019\u00fanic centre de secund\u00e0ria del municipi de Deltebre que complementa la formaci\u00f3 de tots els nois i noies de les tres escoles de prim\u00e0ria de Deltebre, Sant Jaume d\u2019Enveja, Balada i els Muntells. A aquests alumnes se sumen els nouvinguts d\u2019altres&hellip;  <a href=\"https:\/\/agora.xtec.cat\/iesdeltebre\/institut\/historia\/\" title=\"Read Hist\u00f2ria\">Llegeix m\u00e9s\u00bb<\/a><\/p>\n","protected":false},"author":1,"featured_media":0,"parent":19,"menu_order":20,"comment_status":"closed","ping_status":"closed","template":"page-templates\/side-menu.php","meta":{"_bbp_topic_count":0,"_bbp_reply_count":0,"_bbp_total_topic_count":0,"_bbp_total_reply_count":0,"_bbp_voice_count":0,"_bbp_anonymous_reply_count":0,"_bbp_topic_count_hidden":0,"_bbp_reply_count_hidden":0,"_bbp_forum_subforum_count":0,"footnotes":""},"class_list":["post-27","page","type-page","status-publish","hentry"],"post_mailing_queue_ids":[],"_links":{"self":[{"href":"https:\/\/agora.xtec.cat\/iesdeltebre\/wp-json\/wp\/v2\/pages\/27","targetHints":{"allow":["GET"]}}],"collection":[{"href":"https:\/\/agora.xtec.cat\/iesdeltebre\/wp-json\/wp\/v2\/pages"}],"about":[{"href":"https:\/\/agora.xtec.cat\/iesdeltebre\/wp-json\/wp\/v2\/types\/page"}],"author":[{"embeddable":true,"href":"https:\/\/agora.xtec.cat\/iesdeltebre\/wp-json\/wp\/v2\/users\/1"}],"replies":[{"embeddable":true,"href":"https:\/\/agora.xtec.cat\/iesdeltebre\/wp-json\/wp\/v2\/comments?post=27"}],"version-history":[{"count":4,"href":"https:\/\/agora.xtec.cat\/iesdeltebre\/wp-json\/wp\/v2\/pages\/27\/revisions"}],"predecessor-version":[{"id":20097,"href":"https:\/\/agora.xtec.cat\/iesdeltebre\/wp-json\/wp\/v2\/pages\/27\/revisions\/20097"}],"up":[{"embeddable":true,"href":"https:\/\/agora.xtec.cat\/iesdeltebre\/wp-json\/wp\/v2\/pages\/19"}],"wp:attachment":[{"href":"https:\/\/agora.xtec.cat\/iesdeltebre\/wp-json\/wp\/v2\/media?parent=27"}],"curies":[{"name":"wp","href":"https:\/\/api.w.org\/{rel}","templated":true}]}}