{"id":19414,"date":"2022-09-07T09:55:55","date_gmt":"2022-09-07T07:55:55","guid":{"rendered":"https:\/\/agora.xtec.cat\/iesdeltebre\/?page_id=19414"},"modified":"2022-09-07T09:55:55","modified_gmt":"2022-09-07T07:55:55","slug":"tutorials-moodle","status":"publish","type":"page","link":"https:\/\/agora.xtec.cat\/iesdeltebre\/eines-tic\/tutorials-moodle\/","title":{"rendered":"Tutorials Moodle"},"content":{"rendered":"<p>Als enlla\u00e7os seg\u00fcents trobareu informaci\u00f3 diversa sobre el Moodle del nostre institut.<\/p>\n<p><a href=\"https:\/\/agora.xtec.cat\/iesdeltebre\/wp-content\/uploads\/usu809\/2022\/09\/Tutorial-copies-seguretat-Moodle.pdf\" target=\"_blank\" rel=\"noopener\">Com fer c\u00f2pies de seguretat<\/a><\/p>\n<p><a href=\"https:\/\/agora.xtec.cat\/iesdeltebre\/wp-content\/uploads\/usu809\/2022\/09\/Tutorial-carregar-copia-seguretat-Moodle.pdf\" target=\"_blank\" rel=\"noopener\">Caregar una c\u00f2pia de seguretat a un curs de Moodle<\/a><\/p>\n","protected":false},"excerpt":{"rendered":"<p>Als enlla\u00e7os seg\u00fcents trobareu informaci\u00f3 diversa sobre el Moodle del nostre institut.<br \/>\n<a href=\"https:\/\/agora.xtec.cat\/iesdeltebre\/wp-content\/uploads\/usu809\/2022\/09\/Tutorial-copies-seguretat-Moodle.pdf\" target=\"_blank\" rel=\"noopener\">Com fer c\u00f2pies de seguretat<\/a><br \/>\n<a href=\"https:\/\/agora.xtec.cat\/iesdeltebre\/wp-content\/uploads\/usu809\/2022\/09\/Tutorial-carregar-copia-seguretat-Moodle.pdf\" target=\"_blank\" rel=\"noopener\">Caregar una c\u00f2pia de seguretat a un curs de Moodle<\/a><\/p>\n","protected":false},"author":1,"featured_media":0,"parent":16243,"menu_order":1,"comment_status":"closed","ping_status":"closed","template":"","meta":{"_bbp_topic_count":0,"_bbp_reply_count":0,"_bbp_total_topic_count":0,"_bbp_total_reply_count":0,"_bbp_voice_count":0,"_bbp_anonymous_reply_count":0,"_bbp_topic_count_hidden":0,"_bbp_reply_count_hidden":0,"_bbp_forum_subforum_count":0,"footnotes":""},"class_list":["post-19414","page","type-page","status-publish","hentry"],"post_mailing_queue_ids":[],"_links":{"self":[{"href":"https:\/\/agora.xtec.cat\/iesdeltebre\/wp-json\/wp\/v2\/pages\/19414","targetHints":{"allow":["GET"]}}],"collection":[{"href":"https:\/\/agora.xtec.cat\/iesdeltebre\/wp-json\/wp\/v2\/pages"}],"about":[{"href":"https:\/\/agora.xtec.cat\/iesdeltebre\/wp-json\/wp\/v2\/types\/page"}],"author":[{"embeddable":true,"href":"https:\/\/agora.xtec.cat\/iesdeltebre\/wp-json\/wp\/v2\/users\/1"}],"replies":[{"embeddable":true,"href":"https:\/\/agora.xtec.cat\/iesdeltebre\/wp-json\/wp\/v2\/comments?post=19414"}],"version-history":[{"count":1,"href":"https:\/\/agora.xtec.cat\/iesdeltebre\/wp-json\/wp\/v2\/pages\/19414\/revisions"}],"predecessor-version":[{"id":19417,"href":"https:\/\/agora.xtec.cat\/iesdeltebre\/wp-json\/wp\/v2\/pages\/19414\/revisions\/19417"}],"up":[{"embeddable":true,"href":"https:\/\/agora.xtec.cat\/iesdeltebre\/wp-json\/wp\/v2\/pages\/16243"}],"wp:attachment":[{"href":"https:\/\/agora.xtec.cat\/iesdeltebre\/wp-json\/wp\/v2\/media?parent=19414"}],"curies":[{"name":"wp","href":"https:\/\/api.w.org\/{rel}","templated":true}]}}