{"id":19328,"date":"2022-03-31T12:26:40","date_gmt":"2022-03-31T10:26:40","guid":{"rendered":"https:\/\/agora.xtec.cat\/iesdeltebre\/?page_id=19328"},"modified":"2022-03-31T12:27:19","modified_gmt":"2022-03-31T10:27:19","slug":"fp-dual","status":"publish","type":"page","link":"https:\/\/agora.xtec.cat\/iesdeltebre\/fpdual\/fp-dual\/","title":{"rendered":"FP Dual"},"content":{"rendered":"<header class=\"entry-header\">\n<h1 class=\"entry-title\"><\/h1>\n<\/header>\n<div class=\"entry-content\">\n<p>A l\u2019Institut de Deltebre ja disposem de la FP Dual! Una formaci\u00f3 avan\u00e7ada que aporta molts de beneficis tant per als alumnes com per a les empreses.<\/p>\n<p><strong>Qu\u00e8 \u00e9s la Formaci\u00f3 Professional Dual?<\/strong><\/p>\n<p>La Formaci\u00f3 Professional (FP) dual \u00e9s la modalitat de formaci\u00f3 professional en la qual l\u2019estudiant esdev\u00e9 aprenent i combina la formaci\u00f3 en el centre educatiu amb l\u2019activitat a l\u2019empresa.<\/p>\n<p><strong>Qu\u00e8 implica la FP Dual per a les empreses?<\/strong><\/p>\n<p><a href=\"https:\/\/agora.xtec.cat\/iesdeltebre\/wp-content\/uploads\/usu809\/2021\/02\/Qu%C3%A8-implica-la-dual-per-lempresa-1-410x1024.png\"><img loading=\"lazy\" decoding=\"async\" class=\"alignnone size-large wp-image-16540\" src=\"https:\/\/agora.xtec.cat\/iesdeltebre\/wp-content\/uploads\/usu809\/2021\/02\/Qu%C3%A8-implica-la-dual-per-lempresa-1-410x1024-410x1024.png\" sizes=\"auto, (max-width: 410px) 100vw, 410px\" srcset=\"https:\/\/agora.xtec.cat\/iesdeltebre\/wp-content\/uploads\/usu809\/2021\/02\/Qu\u00e8-implica-la-dual-per-lempresa-1-410x1024.png 410w, https:\/\/agora.xtec.cat\/iesdeltebre\/wp-content\/uploads\/usu809\/2021\/02\/Qu\u00e8-implica-la-dual-per-lempresa-1-410x1024-120x300.png 120w\" alt=\"\" width=\"410\" height=\"1024\" \/><\/a><\/p>\n<p>Per a obtenir informaci\u00f3 m\u00e9s detallada d\u2019aquesta formaci\u00f3 professional i tot el seu proc\u00e9s, entreu en aquest enlla\u00e7:\u00a0<a href=\"https:\/\/agora.xtec.cat\/fpdual\/\">https:\/\/agora.xtec.cat\/fpdual\/<\/a><\/p>\n<p><a href=\"https:\/\/agora.xtec.cat\/iesdeltebre\/wp-content\/uploads\/usu809\/2021\/02\/1r_fp_dual_junto_texto.jpg\"><img loading=\"lazy\" decoding=\"async\" class=\"alignnone wp-image-16544\" src=\"https:\/\/agora.xtec.cat\/iesdeltebre\/wp-content\/uploads\/usu809\/2021\/02\/1r_fp_dual_junto_texto.jpg\" sizes=\"auto, (max-width: 143px) 100vw, 143px\" srcset=\"https:\/\/agora.xtec.cat\/iesdeltebre\/wp-content\/uploads\/usu809\/2021\/02\/1r_fp_dual_junto_texto.jpg 500w, https:\/\/agora.xtec.cat\/iesdeltebre\/wp-content\/uploads\/usu809\/2021\/02\/1r_fp_dual_junto_texto-150x150.jpg 150w, https:\/\/agora.xtec.cat\/iesdeltebre\/wp-content\/uploads\/usu809\/2021\/02\/1r_fp_dual_junto_texto-300x300.jpg 300w\" alt=\"\" width=\"143\" height=\"143\" \/><\/a><\/p>\n<\/div>\n","protected":false},"excerpt":{"rendered":"<p>A l\u2019Institut de Deltebre ja disposem de la FP Dual! Una formaci\u00f3 avan\u00e7ada que aporta molts de beneficis tant per als alumnes com per a les empreses.<br \/>\nQu\u00e8 \u00e9s la Formaci\u00f3 Professional Dual?<br \/>\nLa Formaci\u00f3 Professional (FP) dual \u00e9s la modalitat de formaci\u00f3 professional en la qual&hellip;  <a href=\"https:\/\/agora.xtec.cat\/iesdeltebre\/fpdual\/fp-dual\/\" title=\"Read FP Dual\">Llegeix m\u00e9s\u00bb<\/a><\/p>\n","protected":false},"author":146,"featured_media":0,"parent":16539,"menu_order":0,"comment_status":"closed","ping_status":"closed","template":"","meta":{"_bbp_topic_count":0,"_bbp_reply_count":0,"_bbp_total_topic_count":0,"_bbp_total_reply_count":0,"_bbp_voice_count":0,"_bbp_anonymous_reply_count":0,"_bbp_topic_count_hidden":0,"_bbp_reply_count_hidden":0,"_bbp_forum_subforum_count":0,"footnotes":""},"class_list":["post-19328","page","type-page","status-publish","hentry"],"post_mailing_queue_ids":[],"_links":{"self":[{"href":"https:\/\/agora.xtec.cat\/iesdeltebre\/wp-json\/wp\/v2\/pages\/19328","targetHints":{"allow":["GET"]}}],"collection":[{"href":"https:\/\/agora.xtec.cat\/iesdeltebre\/wp-json\/wp\/v2\/pages"}],"about":[{"href":"https:\/\/agora.xtec.cat\/iesdeltebre\/wp-json\/wp\/v2\/types\/page"}],"author":[{"embeddable":true,"href":"https:\/\/agora.xtec.cat\/iesdeltebre\/wp-json\/wp\/v2\/users\/146"}],"replies":[{"embeddable":true,"href":"https:\/\/agora.xtec.cat\/iesdeltebre\/wp-json\/wp\/v2\/comments?post=19328"}],"version-history":[{"count":2,"href":"https:\/\/agora.xtec.cat\/iesdeltebre\/wp-json\/wp\/v2\/pages\/19328\/revisions"}],"predecessor-version":[{"id":19330,"href":"https:\/\/agora.xtec.cat\/iesdeltebre\/wp-json\/wp\/v2\/pages\/19328\/revisions\/19330"}],"up":[{"embeddable":true,"href":"https:\/\/agora.xtec.cat\/iesdeltebre\/wp-json\/wp\/v2\/pages\/16539"}],"wp:attachment":[{"href":"https:\/\/agora.xtec.cat\/iesdeltebre\/wp-json\/wp\/v2\/media?parent=19328"}],"curies":[{"name":"wp","href":"https:\/\/api.w.org\/{rel}","templated":true}]}}