{"id":19306,"date":"2022-03-31T09:20:47","date_gmt":"2022-03-31T07:20:47","guid":{"rendered":"https:\/\/agora.xtec.cat\/iesdeltebre\/?page_id=19306"},"modified":"2022-04-04T16:10:30","modified_gmt":"2022-04-04T14:10:30","slug":"grau-mitja-de-formacio-professional-edificacio-i-obra-civil","status":"publish","type":"page","link":"https:\/\/agora.xtec.cat\/iesdeltebre\/fpdual\/grau-mitja-de-formacio-professional-edificacio-i-obra-civil\/","title":{"rendered":"Grau Mitj\u00e0 de Formaci\u00f3 professional Edificaci\u00f3 i obra civil"},"content":{"rendered":"<p>Descripci\u00f3<\/p>\n<p>Aquests estudis capaciten per executar obres de paleta i de formig\u00f3, complint les condicions i terminis establerts aix\u00ed<br \/>\ncom les prescripcions de qualitat, seguretat i medi ambient, organitzant-ne, controlant-ne i valorant-ne els treballs.<br \/>\nLa durada \u00e9s de 2.000 hores distribu\u00efdes en dos cursos acad\u00e8mics.<br \/>\nAquest estudi substitueix els cicles Obres de Formig\u00f3 i Obres de la Construcci\u00f3 (LOGSE).<\/p>\n<p>&nbsp;<\/p>\n<p><a href=\"https:\/\/agora.xtec.cat\/iesdeltebre\/wp-content\/uploads\/usu809\/2022\/03\/Fitxa_CFPM____EO20_CA-1.pdf\">CFGM Edificaci\u00f3 i obra civil<\/a><\/p>\n<p><a href=\"https:\/\/agora.xtec.cat\/iesdeltebre\/wp-content\/uploads\/usu809\/2022\/04\/Imprimible_-Triptic-_CFGM-Construccio_EO20.pdf\">Tr\u00edptic Edificaci\u00f3 i obra civil Institut de Deltebre<\/a><\/p>\n","protected":false},"excerpt":{"rendered":"<p>Descripci\u00f3<br \/>\nAquests estudis capaciten per executar obres de paleta i de formig\u00f3, complint les condicions i terminis establerts aix\u00ed<br \/>\ncom les prescripcions de qualitat, seguretat i medi ambient, organitzant-ne, controlant-ne i valorant-ne els treballs.<br \/>\nLa durada \u00e9s de 2.000 hores distribu\u00efdes en dos cursos acad\u00e8mics.<br \/>\nAquest estudi substitueix els&hellip;  <a href=\"https:\/\/agora.xtec.cat\/iesdeltebre\/fpdual\/grau-mitja-de-formacio-professional-edificacio-i-obra-civil\/\" title=\"Read Grau Mitj\u00e0 de Formaci\u00f3 professional Edificaci\u00f3 i obra civil\">Llegeix m\u00e9s\u00bb<\/a><\/p>\n","protected":false},"author":146,"featured_media":0,"parent":16539,"menu_order":0,"comment_status":"closed","ping_status":"closed","template":"","meta":{"_bbp_topic_count":0,"_bbp_reply_count":0,"_bbp_total_topic_count":0,"_bbp_total_reply_count":0,"_bbp_voice_count":0,"_bbp_anonymous_reply_count":0,"_bbp_topic_count_hidden":0,"_bbp_reply_count_hidden":0,"_bbp_forum_subforum_count":0,"footnotes":""},"class_list":["post-19306","page","type-page","status-publish","hentry"],"post_mailing_queue_ids":[],"_links":{"self":[{"href":"https:\/\/agora.xtec.cat\/iesdeltebre\/wp-json\/wp\/v2\/pages\/19306","targetHints":{"allow":["GET"]}}],"collection":[{"href":"https:\/\/agora.xtec.cat\/iesdeltebre\/wp-json\/wp\/v2\/pages"}],"about":[{"href":"https:\/\/agora.xtec.cat\/iesdeltebre\/wp-json\/wp\/v2\/types\/page"}],"author":[{"embeddable":true,"href":"https:\/\/agora.xtec.cat\/iesdeltebre\/wp-json\/wp\/v2\/users\/146"}],"replies":[{"embeddable":true,"href":"https:\/\/agora.xtec.cat\/iesdeltebre\/wp-json\/wp\/v2\/comments?post=19306"}],"version-history":[{"count":3,"href":"https:\/\/agora.xtec.cat\/iesdeltebre\/wp-json\/wp\/v2\/pages\/19306\/revisions"}],"predecessor-version":[{"id":19361,"href":"https:\/\/agora.xtec.cat\/iesdeltebre\/wp-json\/wp\/v2\/pages\/19306\/revisions\/19361"}],"up":[{"embeddable":true,"href":"https:\/\/agora.xtec.cat\/iesdeltebre\/wp-json\/wp\/v2\/pages\/16539"}],"wp:attachment":[{"href":"https:\/\/agora.xtec.cat\/iesdeltebre\/wp-json\/wp\/v2\/media?parent=19306"}],"curies":[{"name":"wp","href":"https:\/\/api.w.org\/{rel}","templated":true}]}}