{"id":19304,"date":"2022-03-30T14:15:30","date_gmt":"2022-03-30T12:15:30","guid":{"rendered":"https:\/\/agora.xtec.cat\/iesdeltebre\/?page_id=19304"},"modified":"2022-03-31T11:57:53","modified_gmt":"2022-03-31T09:57:53","slug":"fp-basica-informatica-doficina","status":"publish","type":"page","link":"https:\/\/agora.xtec.cat\/iesdeltebre\/fpdual\/fp-basica-informatica-doficina\/","title":{"rendered":"FP B\u00e0sica &#8211; Inform\u00e0tica d&#8217;oficina"},"content":{"rendered":"<p style=\"text-align: left;\">Aquest estudis capaciten per fer operacions auxiliars de muntatge i manteniment de sistemes microinform\u00e0tics,<br \/>\nperif\u00e8rics i xarxes de comunicaci\u00f3 de dades, i de tractament, reproducci\u00f3 i arxiu de documents, operant amb<br \/>\nla qualitat indicada, observant les normes de prevenci\u00f3 de riscos laborals i protecci\u00f3 mediambiental corresponents, i<br \/>\ntamb\u00e9 per comunicar-se de manera oral i escrita en llengua catalana i castellana, aix\u00ed com a nivell b\u00e0sic en llengua<br \/>\nanglesa.<\/p>\n<p>&nbsp;<\/p>\n<p><a href=\"https:\/\/agora.xtec.cat\/iesdeltebre\/wp-content\/uploads\/usu809\/2022\/03\/CFPB-Informatica-dOficina.pdf\">CFPB Inform\u00e0tica d&#8217;Oficina<\/a><\/p>\n<p><a href=\"https:\/\/agora.xtec.cat\/iesdeltebre\/wp-content\/uploads\/usu809\/2022\/03\/Triptic-IES-Deltebre-bo_compressed.pdf\">Tr\u00edptic Institut de Deltebre Inform\u00e0tica d&#8217;oficina<\/a><\/p>\n","protected":false},"excerpt":{"rendered":"<p>Aquest estudis capaciten per fer operacions auxiliars de muntatge i manteniment de sistemes microinform\u00e0tics,<br \/>\nperif\u00e8rics i xarxes de comunicaci\u00f3 de dades, i de tractament, reproducci\u00f3 i arxiu de documents, operant amb<br \/>\nla qualitat indicada, observant les normes de prevenci\u00f3 de riscos laborals i protecci\u00f3 mediambiental corresponents, i<br \/>\ntamb\u00e9&hellip;  <a href=\"https:\/\/agora.xtec.cat\/iesdeltebre\/fpdual\/fp-basica-informatica-doficina\/\" title=\"Read FP B\u00e0sica &#8211; Inform\u00e0tica d&#8217;oficina\">Llegeix m\u00e9s\u00bb<\/a><\/p>\n","protected":false},"author":146,"featured_media":0,"parent":16539,"menu_order":0,"comment_status":"closed","ping_status":"closed","template":"","meta":{"_bbp_topic_count":0,"_bbp_reply_count":0,"_bbp_total_topic_count":0,"_bbp_total_reply_count":0,"_bbp_voice_count":0,"_bbp_anonymous_reply_count":0,"_bbp_topic_count_hidden":0,"_bbp_reply_count_hidden":0,"_bbp_forum_subforum_count":0,"footnotes":""},"class_list":["post-19304","page","type-page","status-publish","hentry"],"post_mailing_queue_ids":[],"_links":{"self":[{"href":"https:\/\/agora.xtec.cat\/iesdeltebre\/wp-json\/wp\/v2\/pages\/19304","targetHints":{"allow":["GET"]}}],"collection":[{"href":"https:\/\/agora.xtec.cat\/iesdeltebre\/wp-json\/wp\/v2\/pages"}],"about":[{"href":"https:\/\/agora.xtec.cat\/iesdeltebre\/wp-json\/wp\/v2\/types\/page"}],"author":[{"embeddable":true,"href":"https:\/\/agora.xtec.cat\/iesdeltebre\/wp-json\/wp\/v2\/users\/146"}],"replies":[{"embeddable":true,"href":"https:\/\/agora.xtec.cat\/iesdeltebre\/wp-json\/wp\/v2\/comments?post=19304"}],"version-history":[{"count":3,"href":"https:\/\/agora.xtec.cat\/iesdeltebre\/wp-json\/wp\/v2\/pages\/19304\/revisions"}],"predecessor-version":[{"id":19321,"href":"https:\/\/agora.xtec.cat\/iesdeltebre\/wp-json\/wp\/v2\/pages\/19304\/revisions\/19321"}],"up":[{"embeddable":true,"href":"https:\/\/agora.xtec.cat\/iesdeltebre\/wp-json\/wp\/v2\/pages\/16539"}],"wp:attachment":[{"href":"https:\/\/agora.xtec.cat\/iesdeltebre\/wp-json\/wp\/v2\/media?parent=19304"}],"curies":[{"name":"wp","href":"https:\/\/api.w.org\/{rel}","templated":true}]}}