{"id":19036,"date":"2019-03-22T09:13:39","date_gmt":"2019-03-22T08:13:39","guid":{"rendered":"http:\/\/projectes.xtec.cat\/programacioirobotica\/?page_id=19036"},"modified":"2019-03-22T09:13:39","modified_gmt":"2019-03-22T08:13:39","slug":"sessio-10-programacio-i-instruccions-del-vostre-gameover","status":"publish","type":"page","link":"https:\/\/agora.xtec.cat\/iesdeltebre\/curs-scratch\/modul-5-scratch-viu-i-en-directe-scratch-3-0\/sessio-10-programacio-i-instruccions-del-vostre-gameover\/","title":{"rendered":"Sessi\u00f3 10. Programaci\u00f3 i instruccions del vostre GameOver"},"content":{"rendered":"<h2>Pla de treball<\/h2>\n<div style=\"padding-left: 50px;\">\n<ul>\n<li>Programaci\u00f3 del vostre projecte.<\/li>\n<li>Verificaci\u00f3 del funcionament dels circuits.<\/li>\n<\/ul>\n<\/div>\n<hr \/>\n<h2>Programaci\u00f3 del projecte, redisseny i depuraci\u00f3<\/h2>\n<p>Arribada aquesta sessi\u00f3 us toca fer la programaci\u00f3 de cadascuna de les parts que formen el vostre projecte i integrar-les totes en el tauler que heu constru\u00eft. Us cal, tamb\u00e9, comprovar que els circuits funcionen de forma correcta i que les connexions s\u00f3n les que hav\u00edeu definit.<\/p>\n<p>\u00c9s el moment de redactar, de forma clara, les <strong>instruccions per als jugadors<\/strong>. Aquestes instruccions haurien de respondre a les\u00a0preguntes:<\/p>\n<div style=\"padding-left: 50px;\">\n<ul>\n<li>En qu\u00e8 consisteix el joc?<\/li>\n<li>Quins s\u00f3n els comandaments?<\/li>\n<li>Com es guanya\/es perd?<\/li>\n<li>Quants jugadors poden jugar?<\/li>\n<li>Hi ha un temps fixat?<\/li>\n<li>&#8230;.<\/li>\n<\/ul>\n<\/div>\n<p>Un cop redactades, reviseu que estiguin ben clares i proveu-les vosaltres mateixos.<\/p>\n","protected":false},"excerpt":{"rendered":"<p>Pla de treball<\/p>\n<ul>\n<li>Programaci\u00f3 del vostre projecte.<\/li>\n<li>Verificaci\u00f3 del funcionament dels circuits.<\/li>\n<\/ul>\n<p>Programaci\u00f3 del projecte, redisseny i depuraci\u00f3<br \/>\nArribada aquesta sessi\u00f3 us toca fer la programaci\u00f3 de cadascuna de les parts que formen el vostre projecte i integrar-les totes en el tauler que heu constru\u00eft. Us cal, tamb\u00e9, comprovar&hellip;  <a href=\"https:\/\/agora.xtec.cat\/iesdeltebre\/curs-scratch\/modul-5-scratch-viu-i-en-directe-scratch-3-0\/sessio-10-programacio-i-instruccions-del-vostre-gameover\/\" title=\"Read Sessi\u00f3 10. Programaci\u00f3 i instruccions del vostre GameOver\">Llegeix m\u00e9s\u00bb<\/a><\/p>\n","protected":false},"author":1,"featured_media":0,"parent":19016,"menu_order":15,"comment_status":"closed","ping_status":"closed","template":"page-templates\/side-menu.php","meta":{"_bbp_topic_count":0,"_bbp_reply_count":0,"_bbp_total_topic_count":0,"_bbp_total_reply_count":0,"_bbp_voice_count":0,"_bbp_anonymous_reply_count":0,"_bbp_topic_count_hidden":0,"_bbp_reply_count_hidden":0,"_bbp_forum_subforum_count":0,"footnotes":""},"class_list":["post-19036","page","type-page","status-publish","hentry"],"post_mailing_queue_ids":[],"_links":{"self":[{"href":"https:\/\/agora.xtec.cat\/iesdeltebre\/wp-json\/wp\/v2\/pages\/19036","targetHints":{"allow":["GET"]}}],"collection":[{"href":"https:\/\/agora.xtec.cat\/iesdeltebre\/wp-json\/wp\/v2\/pages"}],"about":[{"href":"https:\/\/agora.xtec.cat\/iesdeltebre\/wp-json\/wp\/v2\/types\/page"}],"author":[{"embeddable":true,"href":"https:\/\/agora.xtec.cat\/iesdeltebre\/wp-json\/wp\/v2\/users\/1"}],"replies":[{"embeddable":true,"href":"https:\/\/agora.xtec.cat\/iesdeltebre\/wp-json\/wp\/v2\/comments?post=19036"}],"version-history":[{"count":0,"href":"https:\/\/agora.xtec.cat\/iesdeltebre\/wp-json\/wp\/v2\/pages\/19036\/revisions"}],"up":[{"embeddable":true,"href":"https:\/\/agora.xtec.cat\/iesdeltebre\/wp-json\/wp\/v2\/pages\/19016"}],"wp:attachment":[{"href":"https:\/\/agora.xtec.cat\/iesdeltebre\/wp-json\/wp\/v2\/media?parent=19036"}],"curies":[{"name":"wp","href":"https:\/\/api.w.org\/{rel}","templated":true}]}}