{"id":19018,"date":"2019-03-22T09:05:33","date_gmt":"2019-03-22T08:05:33","guid":{"rendered":"http:\/\/projectes.xtec.cat\/programacioirobotica\/?page_id=19018"},"modified":"2019-03-22T09:05:33","modified_gmt":"2019-03-22T08:05:33","slug":"sessio-1-lscratch-surt-de-la-pantalla","status":"publish","type":"page","link":"https:\/\/agora.xtec.cat\/iesdeltebre\/curs-scratch\/modul-5-scratch-viu-i-en-directe-scratch-3-0\/sessio-1-lscratch-surt-de-la-pantalla\/","title":{"rendered":"Sessi\u00f3 1. L&#8217;Scratch surt de la pantalla"},"content":{"rendered":"<h2>Pla de treball.<\/h2>\n<div style=\"padding-left: 50px;\">\n<ul>\n<li>Plantejament del projecte del m\u00f2dul.<\/li>\n<li>Organitzaci\u00f3 dels grups.<\/li>\n<\/ul>\n<\/div>\n\n<hr \/>\n<h2>Qu\u00e8 treballem en aquest m\u00f2dul?<\/h2>\n<p>En aquest m\u00f2dul 5 farem que la programaci\u00f3 en Scratch pugui prendre vida. Crearem objectes reals que relacionarem amb la programaci\u00f3, de forma que, al manipular-los, aquests objectes ens donin una resposta quan interactuem amb ells: sons, imatges,&#8230; \u00c9s a dir, passarem de la pantalla als objectes. Per aconseguir-ho, necessitarem con\u00e8ixer el funcionament d&#8217;un nou estri, una placa que fa la connexi\u00f3 entre l&#8217;objecte i l&#8217;ordinador, i tamb\u00e9 dissenyar els circuits el\u00e8ctrics que permetran aquesta connexi\u00f3.<\/p>\n<p>El projecte que heu d&#8217;anar creant al llarg de les sessions es dir\u00e0 <strong>GameOver<\/strong> i consistir\u00e0 en un joc complet format pels\u00a0components que trieu de les diferents propostes que us fem, per tal que sigui el m\u00e9s personal possible. Aquestes propostes les trobareu a les sessions de la 3 a la 8.<\/p>\n<p>Per poder anar recollint les idees del vostre projecte i per organitzar-vos, haureu de crear un\u00a0<strong>document de text\u00a0<\/strong>compartit entre els membres del grup i tamb\u00e9 amb el vostre professor o professora. Comencem?<\/p>\n<hr \/>\n<h2>Quin ser\u00e0 el vostre projecte?<\/h2>\n<p>Recordeu que podeu accedir als m\u00f2duls anteriors per consultar dubtes que us vagin sorgint.<\/p>\n<p><img decoding=\"async\" class=\"alignnone\" src=\"http:\/\/projectes.xtec.cat\/programacioirobotica\/wp-content\/uploads\/usu604\/2017\/06\/scratch-icona_tasques.png\" alt=\"Icona tasques\" width=\"32\" \/><strong>Fem-ho pas a pas<\/strong><\/p>\n<p>El vostre GameOver constar\u00e0 de:<\/p>\n<div style=\"padding-left: 50px;\">\n<ul>\n<li>La tria i posterior proposta de barreja de jocs que voleu que conformin el vostre GameOver.<\/li>\n<li>Una planxa: una superf\u00edcie on instal\u00b7lar els circuits per a qu\u00e8 el joc es programi amb plaques makey-makey i que dissenyareu amb el vostre grup.<\/li>\n<li>La placa makey-makey.<\/li>\n<li>La programaci\u00f3 amb Scratch de la placa.<\/li>\n<\/ul>\n<\/div>\n\n<p>El GameOver\u00a0us ha de permetre agafar propostes de diferents jocs i crear una combinaci\u00f3 segons el vostre inter\u00e8s. \u00a0L&#8217;objectiu \u00e9s que el vostre joc serveixi per aprendre i practicar sobre\u00a0diferents temes: de geografia, del cos hum\u00e0, de llengua, d&#8217;operacions matem\u00e0tiques, &#8230; o per relacionar: dibuixos i paraules, oposats, planells, formes i colors, geometria,&#8230; o crear melodies, hist\u00f2ries, jocs de repetici\u00f3 de s\u00e8ries i moviments, panells informatius, jugar a jocs d&#8217;arreu del m\u00f3n, fer un connecta&#8230;<\/p>\n<p>Que gaudiu molt elaborant el vostre GameOver!<\/p>\n<hr \/>\n<h2>I com ens organitzarem?<\/h2>\n<p>Comenceu parlant dins del grup sobre com us organitzareu: com us agrupareu, qui far\u00e0 qu\u00e8 &#8230; Podeu fer-vos una llista i anar marcant les coses resoltes, repartir-vos les tasques i planificar-vos. Treballeu en equip com treballen els programadors i programadores, tothom aporteu i opineu per anar construint el vostre projecte.<\/p>\n<p>Els reptes programats els continuareu guardant obrint un nou repte al vostre compte de la p\u00e0gina scratch.mit.edu. Pel que fa a la resta de produccions, acordeu amb el vostre professor o professora\u00a0a quin compte de Drive o a quina aplicaci\u00f3 ho desareu, pensant sempre que cal guardar com a fons tots els recursos generats per a qu\u00e8 els vostres companys en puguin fer \u00fas.<\/p>\n<p>Us \u00a0proposem tamb\u00e9 recollir i explicar amb les<strong> cartes<\/strong><b>\u00a0<\/b>el contingut generat i desenvolupat a totes les sessions per a qu\u00e8 d&#8217;altres grups trobin respostes a necessitats que tinguin i posin en pr\u00e0ctica les vostres propostes.<\/p>\n<hr \/>\n<p><img decoding=\"async\" class=\"alignnone\" src=\"http:\/\/projectes.xtec.cat\/programacioirobotica\/wp-content\/uploads\/usu604\/2017\/06\/scratch-icona_projecte2.png\" alt=\"Icona projecte\" width=\"32\" \/>\u00a0\u00a0<strong>El nostre projecte creix&#8230;.<\/strong><\/p>\n<p>En aquest m\u00f2dul les plaques ens donen autonomia i fan que el giny que hem creat surti de la pantalla.<\/p>\n<p>En aquesta primera sessi\u00f3 heu de fer tres\u00a0tasques :<\/p>\n<div style=\"padding-left: 50px;\">\n<ul>\n<li>Fer un passeig per les <strong>sessions 3 a 8<\/strong> que us ha d&#8217;ajudar a fer una primera tria de les<strong> tres sessions<\/strong> del m\u00f2dul en les que basareu el vostre GameOver.<\/li>\n<li>Comen\u00e7ar a pensar i dissenyar la planxa del vostre joc: la distribuci\u00f3 dels punts dels circuit segons el tipus de jocs que incorporareu.<\/li>\n<li>Crear un\u00a0<strong>document de text <\/strong>on anireu recollint el vostre treball,<strong>\u00a0<\/strong>definint el joc i anar-lo replantejant despr\u00e9s de cada sessi\u00f3. Anomeneu aquest document amb el\u00a0<strong>nom del vostre equip<\/strong>. El vostre professor o professora us dir\u00e0 com compartir-lo.<span style=\"font-family: inherit; font-size: 1em;\">Tamb\u00e9 heu de crear el vostre projecte a Scratch, que anomenareu <b>GameOver<\/b><\/span><span style=\"font-family: inherit; font-size: 1em;\">, i que anireu construint i programant poc a poc.<\/span><\/li>\n<\/ul>\n<\/div>\n","protected":false},"excerpt":{"rendered":"<p>Pla de treball.<\/p>\n<ul>\n<li>Plantejament del projecte del m\u00f2dul.<\/li>\n<li>Organitzaci\u00f3 dels grups.<\/li>\n<\/ul>\n<p>Qu\u00e8 treballem en aquest m\u00f2dul?<br \/>\nEn aquest m\u00f2dul 5 farem que la programaci\u00f3 en Scratch pugui prendre vida. Crearem objectes reals que relacionarem amb la programaci\u00f3, de forma que, al manipular-los, aquests objectes ens donin una resposta quan&hellip;  <a href=\"https:\/\/agora.xtec.cat\/iesdeltebre\/curs-scratch\/modul-5-scratch-viu-i-en-directe-scratch-3-0\/sessio-1-lscratch-surt-de-la-pantalla\/\" title=\"Read Sessi\u00f3 1. L&#8217;Scratch surt de la pantalla\">Llegeix m\u00e9s\u00bb<\/a><\/p>\n","protected":false},"author":1,"featured_media":0,"parent":19016,"menu_order":10,"comment_status":"closed","ping_status":"closed","template":"page-templates\/side-menu.php","meta":{"_bbp_topic_count":0,"_bbp_reply_count":0,"_bbp_total_topic_count":0,"_bbp_total_reply_count":0,"_bbp_voice_count":0,"_bbp_anonymous_reply_count":0,"_bbp_topic_count_hidden":0,"_bbp_reply_count_hidden":0,"_bbp_forum_subforum_count":0,"footnotes":""},"class_list":["post-19018","page","type-page","status-publish","hentry"],"post_mailing_queue_ids":[],"_links":{"self":[{"href":"https:\/\/agora.xtec.cat\/iesdeltebre\/wp-json\/wp\/v2\/pages\/19018","targetHints":{"allow":["GET"]}}],"collection":[{"href":"https:\/\/agora.xtec.cat\/iesdeltebre\/wp-json\/wp\/v2\/pages"}],"about":[{"href":"https:\/\/agora.xtec.cat\/iesdeltebre\/wp-json\/wp\/v2\/types\/page"}],"author":[{"embeddable":true,"href":"https:\/\/agora.xtec.cat\/iesdeltebre\/wp-json\/wp\/v2\/users\/1"}],"replies":[{"embeddable":true,"href":"https:\/\/agora.xtec.cat\/iesdeltebre\/wp-json\/wp\/v2\/comments?post=19018"}],"version-history":[{"count":0,"href":"https:\/\/agora.xtec.cat\/iesdeltebre\/wp-json\/wp\/v2\/pages\/19018\/revisions"}],"up":[{"embeddable":true,"href":"https:\/\/agora.xtec.cat\/iesdeltebre\/wp-json\/wp\/v2\/pages\/19016"}],"wp:attachment":[{"href":"https:\/\/agora.xtec.cat\/iesdeltebre\/wp-json\/wp\/v2\/media?parent=19018"}],"curies":[{"name":"wp","href":"https:\/\/api.w.org\/{rel}","templated":true}]}}