{"id":18684,"date":"2019-03-11T11:18:09","date_gmt":"2019-03-11T10:18:09","guid":{"rendered":"http:\/\/projectes.xtec.cat\/programacioirobotica\/?page_id=18684"},"modified":"2019-03-11T11:18:09","modified_gmt":"2019-03-11T10:18:09","slug":"sessio-1-presentacio-del-projecte-la-volta-al-mon-en-etapes-nova-m4","status":"publish","type":"page","link":"https:\/\/agora.xtec.cat\/iesdeltebre\/curs-scratch\/modul-4-fem-la-nostra-volta-al-mon-en-etapes-scratch-3-0\/sessio-1-presentacio-del-projecte-la-volta-al-mon-en-etapes-nova-m4\/","title":{"rendered":"Sessi\u00f3 1. Presentaci\u00f3 del projecte: La volta al m\u00f3n en etapes"},"content":{"rendered":"<h2>Pla de treball<\/h2>\n<div style=\"padding-left: 50px;\">\n<ul>\n<li>Presentaci\u00f3 del m\u00f2dul.<\/li>\n<li>Plantejament del projecte de l&#8217;equip.<\/li>\n<\/ul>\n<\/div>\n<hr \/>\n\n<hr \/>\n<h2>Qu\u00e8 treballarem en aquest m\u00f2dul?<\/h2>\n<p>En aquest m\u00f2dul 4 us proposem dissenyar un gran viatge, la vostra pr\u00f2pia Volta al M\u00f3n, dividida en tantes etapes com vosaltres decidiu i plena de jocs, enigmes, preguntes i sorpreses.<br \/>\nPer ajudar-vos, a cada sessi\u00f3 anireu trobant petits reptes que podreu aprofitar en el vostre projecte. Les sessions tenen la seg\u00fcent estructura:<\/p>\n<div style=\"padding-left: 50px;\">\n<ul>\n<li>El pla de treball, que resumeix qu\u00e8 treballarem al llarg de la sessi\u00f3.<\/li>\n<li>Instruccions i blocs de programaci\u00f3 explicats pas a pas.<\/li>\n<li>Reptes proposats per poder posar-vos a prova.<\/li>\n<li>El nostre projecte creix, us guiar\u00e0 per anar construint poc a poc el vostre projecte.<\/li>\n<li>Finalment, l&#8217;apartat &#8220;Com que som programadors i programadores parlem de&#8230;&#8221; recull tots els termes que hem treballat a la sessi\u00f3.<\/li>\n<\/ul>\n<\/div>\n<p>A les sessions us<strong>\u00a0proposem diferents maneres de desenvolupar<\/strong>\u00a0<strong>la vostra Volta al M\u00f3n<\/strong> i us oferim possibles proves per incorporar a les diferents etapes.\u00a0Haureu de<strong>\u00a0<\/strong>plantejar-vos que la vostra hist\u00f2ria ha de seguir diferents\u00a0itineraris,\u00a0o diferents<strong>\u00a0<\/strong>moviments d&#8217;objectes<strong>\u00a0<\/strong>on el factor\u00a0temps<strong>\u00a0<\/strong>sigui decisiu, o<strong>\u00a0<\/strong>preguntes i respostes,\u00a0o\u00a0laberints,\u00a0o\u00a0quin ser\u00e0 el control de la hist\u00f2ria que proposareu.<br \/>\nPer compartir amb els altres equips tota la vostra feina, dissenyareu unes\u00a0<strong>cartes<\/strong>\u00a0on explicareu qu\u00e8 heu aconseguit desenvolupar, de forma que d&#8217;altres puguin fer variacions i millores.<br \/>\n<strong>I al final del m\u00f2dul dues sessions<\/strong>\u00a0per acabar d&#8217;arrodonir el vostre projecte:\u00a0la vostra Volta al m\u00f3n per etapes.<\/p>\n<hr \/>\n<h2>Quin ser\u00e0 el nostre projecte?<\/h2>\n<p><strong>Recordeu que podeu accedir als m\u00f2duls anteriors per consultar dubtes<\/strong>.<\/p>\n<p>Abans de comen\u00e7ar a dissenyar el programa, heu de decidir com voleu que sigui la vostra Volta al M\u00f3n en etapes. Aqu\u00ed tenim algunes q\u00fcestions que us heu de plantejar:<\/p>\n<p><img decoding=\"async\" class=\"alignnone\" src=\"http:\/\/projectes.xtec.cat\/programacioirobotica\/wp-content\/uploads\/usu604\/2017\/06\/scratch-icona_tasques.png\" alt=\"Icona tasques\" width=\"32\" \/><strong>Fem-ho pas a pas<\/strong><\/p>\n<div style=\"padding-left: 50px;\">\n<ul>\n<li>Quin \u00e9s\u00a0<strong>el tema<\/strong>\u00a0de la vostra Volta al M\u00f3n?<\/li>\n<li>Quina hist\u00f2ria passar\u00e0?\u00a0<strong>L&#8217;inici, el desenvolupament i el desenlla\u00e7.<\/strong><\/li>\n<li>Quins\u00a0<strong>personatges<\/strong>\u00a0apareixen?<\/li>\n<li>Quin \u00e9s el paper del personatge 1?<\/li>\n<li>Quin \u00e9s el paper del personatge 2? (i tots els que apareguin)<\/li>\n<li>Quins\u00a0<strong>moviments<\/strong>\u00a0hauran de fer els personatges?<\/li>\n<li>Quin moviment far\u00e0 el personatge 1?<\/li>\n<li>Quin moviment far\u00e0 el personatge 2? (i tots els que apareguin)<\/li>\n<li>Quin ser\u00e0\u00a0<strong>el di\u00e0leg<\/strong>\u00a0que tindran entre ells?<\/li>\n<li>Quins s\u00f3n\u00a0<strong>els escenaris<\/strong>\u00a0que apareixen?<\/li>\n<li>Quin \u00e9s l&#8217;escenari 1 i quan apareix?<\/li>\n<li>Quin \u00e9s l&#8217;escenari 2 i quan apareix? (i tots els que apareguin)<\/li>\n<li>Quins<strong>\u00a0efectes<\/strong>\u00a0aplicarem als personatges i als escenaris?<\/li>\n<li>Quins efectes al personatge 1? Quan?<\/li>\n<li>Quins efectes al personatge 2? Quan? (i tots els que apareguin)<\/li>\n<li>Quins efectes a l&#8217;escenari 1? Quan?<\/li>\n<li>Quins efectes a l&#8217;escenari 1? Quan? (i tots els que apareguin).<\/li>\n<\/ul>\n<\/div>\n<hr \/>\n<h2>\u00a0<strong>Aprofitem d&#8217;altres projectes<\/strong><\/h2>\n<p>Al llarg de totes les sessions hem realitzat molts projectes que podem recuperar per afegir parcialment a la nostra hist\u00f2ria interactiva. L&#8217;Scratch ens permet copiar parts d&#8217;un projecte per aprofitar-les a un altre. Podem copiar: sons, fons, personatges per\u00f2 tamb\u00e9 programes. D&#8217;aquesta forma, si hem fet una feina la podem &#8220;reutilitzar&#8221; amb facilitat.<\/p>\n<p><img decoding=\"async\" class=\"alignnone\" src=\"http:\/\/projectes.xtec.cat\/programacioirobotica\/wp-content\/uploads\/usu604\/2017\/06\/scratch-icona_tasques.png\" alt=\"Icona tasques\" width=\"32\" \/><strong>Fem-ho pas a pas<\/strong><\/p>\n<div style=\"padding-left: 50px;\">\n<ul>\n<li>Obrim el projecte on es troba l&#8217;element que volem copiar. A la part inferior de la pantalla de l&#8217;Scratch hi ha una petita fletxa, cliquem sobre ella i s&#8217;obrir\u00e0 l&#8217;espai de la\u00a0<strong>motxilla<\/strong><\/li>\n<li>Ens situem a la part que volem copiar. Pot ser un personatge que hem creat, un escenari, un so, per\u00f2 tamb\u00e9 algun programa relacionat amb un personatge o amb un escenari<\/li>\n<li>Amb el ratol\u00ed arrosseguem la part que volem aprofitar a la motxilla<\/li>\n<li>Obrim el projecte on volem fer servir el que hem arrossegat a la motxilla, obrim la motxilla i ho arrosseguem al lloc corresponent. Hem d&#8217;estar segur que col\u00b7loquem el nou element en el lloc adient.<\/li>\n<li>Amb la motxilla enlloc de reinventar podeu aprofitar una creaci\u00f3 puntual: <strong>cal que entengueu que cal fer l&#8217;\u00fas responsable i que cal fer la menci\u00f3 en els cr\u00e8dits de tot element que agafeu d&#8217;un altre usuari.<\/strong><\/li>\n<\/ul>\n<\/div>\n<p><img loading=\"lazy\" decoding=\"async\" class=\"size-full wp-image-18126 aligncenter\" src=\"https:\/\/projectes.xtec.cat\/programacioirobotica\/wp-content\/uploads\/usu604\/2019\/02\/s11m2motxilla.jpg\" alt=\"\" width=\"794\" height=\"173\" \/><\/p>\n<hr \/>\n<p><strong><img decoding=\"async\" class=\"alignnone\" src=\"http:\/\/projectes.xtec.cat\/programacioirobotica\/wp-content\/uploads\/usu604\/2017\/06\/scratch-icona_projecte2.png\" alt=\"Icona projecte\" width=\"32\" \/>\u00a0 \u00a0El nostre projecte creix &#8230;<\/strong><\/p>\n<p>Ja ho teniu tot a punt per comen\u00e7ar a programar la vostra Volta al M\u00f3n en etapes. Heu de crear un <strong>document de text<\/strong> on anireu definint i replantejant-vos la vostra Volta al m\u00f3n.\u00a0<strong>Treballem en equip<\/strong>\u00a0com treballen els programadors i programadores, tothom aportem i opinem per anar construint el nostre projecte.<\/p>\n<p>Recordeu que en aquest apartat de cada sessi\u00f3 anireu recollint, revisant i reflexionant sobre el projecte que aneu construint. Al llarg de totes les sessions anireu treballant en diferents propostes que podreu incorporar, o no, al vostre projecte i, per tant, haureu de revisar aquest document al final de cada sessi\u00f3. Quant m\u00e9s detallat sigui aquest document, m\u00e9s f\u00e0cil us ser\u00e0 desenvolupar el programa. No oblideu, primer hem de pensar i despr\u00e9s &#8220;actuar&#8221;.<\/p>\n<p>Anomeneu aquest document amb el <strong>nom del vostre equip<\/strong>. El vostre professor o professora us dir\u00e0 com compartir-lo.<\/p>\n<p>Tamb\u00e9 heu de crear el vostre projecte a Scratch, que anomenareu <strong>viatge<\/strong>, i que anireu programant poc a poc<\/p>\n","protected":false},"excerpt":{"rendered":"<p>Pla de treball<\/p>\n<ul>\n<li>Presentaci\u00f3 del m\u00f2dul.<\/li>\n<li>Plantejament del projecte de l&#8217;equip.<\/li>\n<\/ul>\n<p>Qu\u00e8 treballarem en aquest m\u00f2dul?<br \/>\nEn aquest m\u00f2dul 4 us proposem dissenyar un gran viatge, la vostra pr\u00f2pia Volta al M\u00f3n, dividida en tantes etapes com vosaltres decidiu i plena de jocs, enigmes, preguntes i sorpreses.<br \/>\nPer ajudar-vos, a&hellip;  <a href=\"https:\/\/agora.xtec.cat\/iesdeltebre\/curs-scratch\/modul-4-fem-la-nostra-volta-al-mon-en-etapes-scratch-3-0\/sessio-1-presentacio-del-projecte-la-volta-al-mon-en-etapes-nova-m4\/\" title=\"Read Sessi\u00f3 1. Presentaci\u00f3 del projecte: La volta al m\u00f3n en etapes\">Llegeix m\u00e9s\u00bb<\/a><\/p>\n","protected":false},"author":1,"featured_media":0,"parent":18682,"menu_order":1,"comment_status":"closed","ping_status":"closed","template":"page-templates\/side-menu.php","meta":{"_bbp_topic_count":0,"_bbp_reply_count":0,"_bbp_total_topic_count":0,"_bbp_total_reply_count":0,"_bbp_voice_count":0,"_bbp_anonymous_reply_count":0,"_bbp_topic_count_hidden":0,"_bbp_reply_count_hidden":0,"_bbp_forum_subforum_count":0,"footnotes":""},"class_list":["post-18684","page","type-page","status-publish","hentry"],"post_mailing_queue_ids":[],"_links":{"self":[{"href":"https:\/\/agora.xtec.cat\/iesdeltebre\/wp-json\/wp\/v2\/pages\/18684","targetHints":{"allow":["GET"]}}],"collection":[{"href":"https:\/\/agora.xtec.cat\/iesdeltebre\/wp-json\/wp\/v2\/pages"}],"about":[{"href":"https:\/\/agora.xtec.cat\/iesdeltebre\/wp-json\/wp\/v2\/types\/page"}],"author":[{"embeddable":true,"href":"https:\/\/agora.xtec.cat\/iesdeltebre\/wp-json\/wp\/v2\/users\/1"}],"replies":[{"embeddable":true,"href":"https:\/\/agora.xtec.cat\/iesdeltebre\/wp-json\/wp\/v2\/comments?post=18684"}],"version-history":[{"count":0,"href":"https:\/\/agora.xtec.cat\/iesdeltebre\/wp-json\/wp\/v2\/pages\/18684\/revisions"}],"up":[{"embeddable":true,"href":"https:\/\/agora.xtec.cat\/iesdeltebre\/wp-json\/wp\/v2\/pages\/18682"}],"wp:attachment":[{"href":"https:\/\/agora.xtec.cat\/iesdeltebre\/wp-json\/wp\/v2\/media?parent=18684"}],"curies":[{"name":"wp","href":"https:\/\/api.w.org\/{rel}","templated":true}]}}