{"id":18682,"date":"2019-03-11T11:13:14","date_gmt":"2019-03-11T10:13:14","guid":{"rendered":"http:\/\/projectes.xtec.cat\/programacioirobotica\/?page_id=18682"},"modified":"2021-03-08T14:21:09","modified_gmt":"2021-03-08T13:21:09","slug":"modul-4-fem-la-nostra-volta-al-mon-en-etapes-scratch-3-0","status":"publish","type":"page","link":"https:\/\/agora.xtec.cat\/iesdeltebre\/curs-scratch\/modul-4-fem-la-nostra-volta-al-mon-en-etapes-scratch-3-0\/","title":{"rendered":"M\u00f2dul 4. Fem la nostra Volta al M\u00f3n en etapes (Scratch 3.0)"},"content":{"rendered":"\n<p>En aquest m\u00f2dul us proposem dissenyar la vostra pr\u00f2pia Volta al M\u00f3n dividida en tantes etapes com decidiu. Una volta plena de sorpreses i de jocs.<\/p>\n<p>En aquesta ocasi\u00f3 podeu compartir diferents llocs que coneixeu i a la vegada gamificar la vostra proposta i fer-la molt divertida. A les sessions del m\u00f2dul us hem facilitat molts recursos per a qu\u00e8 els incorporeu.<\/p>\n<p>Tamb\u00e9 podeu, com als m\u00f2duls anteriors, trobar\u00a0refer\u00e8ncies i enlla\u00e7os a funcions treballades a d&#8217;altres sessions. D\u2019aquesta forma podeu anar retrocedir\u00a0i consultar aquells punts en concret que us puguin donar una empenta all\u00e0 on us atureu.<\/p>\n<p>Inventeu el vostre viatge seguint diferents itineraris, o diferents moviments d&#8217;objectes on el temps sigui decisiu, o preguntes i respostes, o laberints &#8230;<\/p>\n<p>Compartiu les vostres cartes amb els altres equips i tamb\u00e9 podreu recollir propostes de variaci\u00f3 o de millora.<\/p>\n<p>Al final del m\u00f2dul teniu m\u00e9s temps per revisar, comprovar i modificar la vostra Volta al M\u00f3n.<\/p>\n<p>Us convertireu d&#8217;aquesta manera en viatgers i jugant donareu la Volta al M\u00f3n.<\/p>\n<p>&nbsp;<\/p>\n<table style=\"width: 790px;\">\n<tbody>\n<tr style=\"height: 31px;\">\n<td style=\"width: 122px; height: 31px;\">SESSI\u00d3<\/td>\n<td style=\"width: 243px; height: 31px;\">PLANS DE TREBALL<\/td>\n<td style=\"width: 415px; height: 31px;\">ACTIVITATS<\/td>\n<\/tr>\n<tr style=\"height: 42px;\">\n<td style=\"width: 122px; height: 42px;\">Sessi\u00f3 1<\/p>\n<p>Presentaci\u00f3 del projecte: la Volta al m\u00f3n en etapes<\/td>\n<td style=\"width: 243px;\">Presentaci\u00f3 del m\u00f2dul.<\/p>\n<p>Plantejament del projecte de l&#8217;equip.<\/td>\n<td style=\"width: 415px; height: 42px;\">\n<ul>\n<li>Presentaci\u00f3 del projecte de l&#8217;equip.<\/li>\n<li>Presentaci\u00f3 dels continguts que es treballaran al llarg del m\u00f2dul.<\/li>\n<\/ul>\n<\/td>\n<\/tr>\n<tr style=\"height: 18px;\">\n<td style=\"width: 122px; height: 18px;\">Sessi\u00f3 2<\/p>\n<p>Els escenaris i els personatges: els canvis de fons i els efectes de transici\u00f3<\/td>\n<td style=\"width: 243px;\">\n<div>\n<p>Les transicions d\u2019escenaris.<\/p>\n<p>Els efectes de transici\u00f3.<\/p>\n<\/div>\n<\/td>\n<td style=\"width: 415px; height: 18px;\">\n<ul>\n<li>Programaci\u00f3 dels canvis d&#8217;escenaris.<\/li>\n<li>Com aplicar canvis de transici\u00f3 als escenaris.<\/li>\n<li>Efectes sobre els personatges.<\/li>\n<\/ul>\n<\/td>\n<\/tr>\n<tr style=\"height: 141px;\">\n<td style=\"width: 122px; height: 141px;\">Sessi\u00f3 3<\/p>\n<p>M\u00e9s usos de llistes. Jocs de preguntes i respostes<\/td>\n<td style=\"width: 243px;\">Les llistes<\/p>\n<p>Preguntes i respostes<\/p>\n<p>Aleatorietat<\/td>\n<td style=\"width: 415px; height: 141px;\">\n<ul>\n<li>Fer \u00fas de les llistes als jocs de respostes i preguntes.<\/li>\n<li>Fer un passaparaula.<\/li>\n<\/ul>\n<\/td>\n<\/tr>\n<tr style=\"height: 130px;\">\n<td style=\"width: 122px; height: 130px;\">Sessi\u00f3 4<\/p>\n<p>M\u00e9s mirades: els itineraris i els laberints<\/td>\n<td style=\"width: 243px;\">\n<div>\n<p>Treball d\u2019itineraris: el llapis, els moviments.\u00a0<a href=\"http:\/\/projectes.xtec.cat\/programacioirobotica\/curs-scratch-primaria\/modul-1\/sessio-5\/\">Ens movem i dibuixem<\/a><\/p>\n<p>Situaci\u00f3 del personatge a l\u2019espai: coordenades<\/p>\n<p>Els laberints<\/p>\n<\/div>\n<\/td>\n<td style=\"width: 415px; height: 130px;\">\n<ul>\n<li>Inventar un itinerari.<\/li>\n<li>Dibuixar laberints.<\/li>\n<li>Programacions dels moviments dels personatges amb tecles i autom\u00e0ticament.<\/li>\n<li>Fer \u00fas dels sensors per programar moviments dels personatges segons els colors de les parets dels laberints.<\/li>\n<\/ul>\n<\/td>\n<\/tr>\n<tr style=\"height: 118px;\">\n<td style=\"width: 122px; height: 118px;\">Sessi\u00f3 5<\/p>\n<p>Els sensors: els sentits de les m\u00e0quines<\/td>\n<td style=\"width: 243px;\">\n<div>\n<p>Qu\u00e8 s\u00f3n els sensors?<\/p>\n<p>Per a qu\u00e8 serveixen?<\/p>\n<p>La l\u00f2gica<\/p>\n<p>Detectar objectes i donar respostes<\/p>\n<\/div>\n<\/td>\n<td style=\"width: 415px; height: 118px;\">\n<ul>\n<li>Practicar l&#8217;\u00fas de sensors.<\/li>\n<li>Fer un seguidor de l\u00ednia.<\/li>\n<li>Programar diferents moviments dels personatges.<\/li>\n<\/ul>\n<\/td>\n<\/tr>\n<tr style=\"height: 29px;\">\n<td style=\"width: 122px; height: 29px;\">Sessi\u00f3 6<\/p>\n<p>Les matem\u00e0tiques us ajuden amb els operadors<\/td>\n<td style=\"width: 243px; height: 29px;\">Qu\u00e8 s\u00f3n els operadors?<\/p>\n<p>Quin s\u00f3n els seus usos?<\/p>\n<p>Les operacions matem\u00e0tiques i les cadenes de text<\/td>\n<td style=\"width: 415px; height: 29px;\">\n<ul>\n<li>Programar la calculadora.<\/li>\n<li>Practicar la programaci\u00f3 de les diferents operacions matem\u00e0tiques.<\/li>\n<\/ul>\n<\/td>\n<\/tr>\n<tr style=\"height: 74px;\">\n<td style=\"width: 122px; height: 74px;\">Sessi\u00f3 7<\/p>\n<p>La c\u00e0mera de v\u00eddeo i l&#8217;Scratch<\/td>\n<td>\n<div>\n<p>Els sensors de v\u00eddeo.<\/p>\n<p>La gesti\u00f3 dels blocs.<\/p>\n<p>Els personatges i l\u2019escenari detecten moviments.<\/p>\n<p>La imatge de l\u2019usuari productor del moviment: visible\/invisible.<\/p>\n<\/div>\n<\/td>\n<td style=\"width: 415px; height: 74px;\">\n<ul>\n<li>Fer que els personatges detectin moviments dels usuaris.<\/li>\n<li>Fer canvis d&#8217;escenaris detectant moviments.<\/li>\n<li>Fer \u00fas de la transpar\u00e8ncia de la c\u00e0mera.<\/li>\n<li>Fer \u00fas dels efectes de transici\u00f3.<\/li>\n<\/ul>\n<\/td>\n<\/tr>\n<tr style=\"height: 89px;\">\n<td style=\"width: 122px; height: 89px;\">Sessi\u00f3 8<\/p>\n<p>Ens inventem els nostres blocs<\/td>\n<td>\n<div>\n<p>La funci\u00f3 de m\u00e9s blocs.<\/p>\n<p>Un bloc que es reprodueix en diferents moments del vostre projecte.<\/p>\n<p>Programar seq\u00fc\u00e8ncies.<\/p>\n<\/div>\n<\/td>\n<td style=\"width: 415px; height: 89px;\">\n<ul>\n<li>\u00a0Crear els nostres blocs que controlin el despla\u00e7ament dels nostres personatges i poder cridar el bloc amb diferents personatges i a diferents moments.<\/li>\n<li>Controlar els moviments dels personatges i fer-los reals.<\/li>\n<li>Crear blocs i fer girs dels personatges.<\/li>\n<\/ul>\n<\/td>\n<\/tr>\n<tr style=\"height: 143px;\">\n<td style=\"width: 122px; height: 143px;\">Sessi\u00f3 9<\/p>\n<p>Les Cartes: Una eina de recollida de processos<\/td>\n<td>Qu\u00e8 s\u00f3n les cartes.<\/p>\n<p>Apartats de les cartes.<\/p>\n<p>El refinament i les propostes de millora dels reptes.<\/p>\n<p>Eina per compartir diferents solucions als reptes.<\/p>\n<p>La consulta de les Cartes.<\/td>\n<td style=\"width: 415px; height: 143px;\">\n<ul>\n<li>Crear diferents models de cartes per recollir els reptes de les diferents etapes.<\/li>\n<li>Dividir les cartes en diferents apartats: la cap\u00e7alera i el cos de la carta ( el qu\u00e8; la programaci\u00f3; la imatge; la URL; els punts febles i forts i l&#8217;autoria).<\/li>\n<li>Fer els resums dels processos.<\/li>\n<li>Fer tractament de les dades, produir els documents i fer enlla\u00e7os multimedia als reptes.<\/li>\n<li>Acordar el lloc per guardar les cartes i el funcionament de la seva consulta.<\/li>\n<\/ul>\n<\/td>\n<\/tr>\n<tr style=\"height: 97px;\">\n<td style=\"width: 122px; height: 97px;\">Sessi\u00f3 10<\/p>\n<p>I ara acabem el nostre projecte<\/td>\n<td>\n<div>\n<p>Planificaci\u00f3 del projecte.<\/p>\n<p>Observaci\u00f3 d\u2019exemples.<\/p>\n<\/div>\n<\/td>\n<td style=\"width: 415px; height: 97px;\">\n<ul>\n<li>Con\u00e8ixer projectes d&#8217;altres.<\/li>\n<li>Recuperar de la motxilla parts de projectes d&#8217;altres que ens han interessat.<\/li>\n<li>Acabar el document de text que recull la definici\u00f3 i el plantejament de la Volta al M\u00f3n.<\/li>\n<\/ul>\n<\/td>\n<\/tr>\n<tr style=\"height: 120px;\">\n<td style=\"width: 122px; height: 120px;\">Sessi\u00f3 11<\/p>\n<p>Acabem de perfilar la nostra Volta al m\u00f3n<\/td>\n<td>\n<div>\n<p>Revisi\u00f3 definitiva de la programaci\u00f3 del projecte.<\/p>\n<p>Control del funcionament del projecte.<\/p>\n<\/div>\n<\/td>\n<td style=\"width: 415px; height: 120px;\">\n<ul>\n<li>Revisar la Volta al M\u00f3n en general: els escenaris, els personatges i les etapes<\/li>\n<li>Acabar d&#8217;actualitzar \u00a0el document de text que recull la Volta al M\u00f3n.<\/li>\n<li>Darrera revisi\u00f3 de les tasques pendents i resoluci\u00f3.<\/li>\n<\/ul>\n<\/td>\n<\/tr>\n<tr style=\"height: 97px;\">\n<td style=\"width: 122px; height: 97px;\">Sessi\u00f3 12<\/p>\n<p>Presentem el nostre projecte i el valorem<\/td>\n<td>Com fer una presentaci\u00f3?<\/p>\n<p>Ens autoavaluem<\/p>\n<p>Ens avaluem com a grup<strong>\u00a0<\/strong><\/td>\n<td style=\"width: 415px; height: 97px;\">\n<ul>\n<li>Pautes per dur a terme la presentaci\u00f3 del projecte<\/li>\n<li>Coavaluaci\u00f3 del grup<\/li>\n<li>Autoavaluaci\u00f3 dels alumnes<\/li>\n<\/ul>\n<\/td>\n<\/tr>\n<\/tbody>\n<\/table>\n","protected":false},"excerpt":{"rendered":"<p>En aquest m\u00f2dul us proposem dissenyar la vostra pr\u00f2pia Volta al M\u00f3n dividida en tantes etapes com decidiu. Una volta plena de sorpreses i de jocs.<br \/>\nEn aquesta ocasi\u00f3 podeu compartir diferents llocs que coneixeu i a la vegada gamificar la vostra proposta i fer-la molt&hellip;  <a href=\"https:\/\/agora.xtec.cat\/iesdeltebre\/curs-scratch\/modul-4-fem-la-nostra-volta-al-mon-en-etapes-scratch-3-0\/\" title=\"Read M\u00f2dul 4. Fem la nostra Volta al M\u00f3n en etapes (Scratch 3.0)\">Llegeix m\u00e9s\u00bb<\/a><\/p>\n","protected":false},"author":1,"featured_media":0,"parent":19063,"menu_order":40,"comment_status":"closed","ping_status":"closed","template":"page-templates\/side-menu.php","meta":{"_bbp_topic_count":0,"_bbp_reply_count":0,"_bbp_total_topic_count":0,"_bbp_total_reply_count":0,"_bbp_voice_count":0,"_bbp_anonymous_reply_count":0,"_bbp_topic_count_hidden":0,"_bbp_reply_count_hidden":0,"_bbp_forum_subforum_count":0,"footnotes":""},"class_list":["post-18682","page","type-page","status-publish","hentry"],"post_mailing_queue_ids":[],"_links":{"self":[{"href":"https:\/\/agora.xtec.cat\/iesdeltebre\/wp-json\/wp\/v2\/pages\/18682","targetHints":{"allow":["GET"]}}],"collection":[{"href":"https:\/\/agora.xtec.cat\/iesdeltebre\/wp-json\/wp\/v2\/pages"}],"about":[{"href":"https:\/\/agora.xtec.cat\/iesdeltebre\/wp-json\/wp\/v2\/types\/page"}],"author":[{"embeddable":true,"href":"https:\/\/agora.xtec.cat\/iesdeltebre\/wp-json\/wp\/v2\/users\/1"}],"replies":[{"embeddable":true,"href":"https:\/\/agora.xtec.cat\/iesdeltebre\/wp-json\/wp\/v2\/comments?post=18682"}],"version-history":[{"count":1,"href":"https:\/\/agora.xtec.cat\/iesdeltebre\/wp-json\/wp\/v2\/pages\/18682\/revisions"}],"predecessor-version":[{"id":19074,"href":"https:\/\/agora.xtec.cat\/iesdeltebre\/wp-json\/wp\/v2\/pages\/18682\/revisions\/19074"}],"up":[{"embeddable":true,"href":"https:\/\/agora.xtec.cat\/iesdeltebre\/wp-json\/wp\/v2\/pages\/19063"}],"wp:attachment":[{"href":"https:\/\/agora.xtec.cat\/iesdeltebre\/wp-json\/wp\/v2\/media?parent=18682"}],"curies":[{"name":"wp","href":"https:\/\/api.w.org\/{rel}","templated":true}]}}