{"id":18427,"date":"2019-03-01T09:59:32","date_gmt":"2019-03-01T08:59:32","guid":{"rendered":"http:\/\/projectes.xtec.cat\/programacioirobotica\/?page_id=18427"},"modified":"2019-03-01T09:59:32","modified_gmt":"2019-03-01T08:59:32","slug":"sessio-10-cap-al-nostre-repte-final","status":"publish","type":"page","link":"https:\/\/agora.xtec.cat\/iesdeltebre\/curs-scratch\/modul-3-dissenyem-el-nostre-scapescratch-scratch-3-0\/sessio-10-cap-al-nostre-repte-final\/","title":{"rendered":"Sessi\u00f3 10. Cap al nostre repte final"},"content":{"rendered":"<h2>Pla de treball<\/h2>\n<div style=\"padding-left: 50px;\">\n<ul>\n<li>Observaci\u00f3 d&#8217;exemples d&#8217;escape room<\/li>\n<\/ul>\n<\/div>\n<hr \/>\n<h2>Alguns exemples per inspirar-nos<\/h2>\n<p>Ha arribat el moment de dedicar-nos totalment al nostre repte final. Al llarg de totes les sessions heu anat fent la descripci\u00f3 i segur que ja heu comen\u00e7at a fer algunes de les parts.<\/p>\n<p>Per acabar-vos d&#8217;inspirar, aqu\u00ed teniu alguns exemples d&#8217;escape room que us poden servir. Ja sabeu que podeu accedir als programes per veure com han utilitzat els blocs i quines estructures de programaci\u00f3 han emprat, per\u00f2 tamb\u00e9 \u00e9s important observar quines pistes, proves i enigmes han plantejat.<\/p>\n<p>I sobre tot, jugueu, \u00e9s la forma d&#8217;entendre com funcionen !!<\/p>\n<p><iframe loading=\"lazy\" class=\"aligncenter\" src=\"\/\/scratch.mit.edu\/projects\/embed\/16215228\/?autostart=false\" width=\"485\" height=\"402\" frameborder=\"0\" allowfullscreen=\"allowfullscreen\"><\/iframe><\/p>\n<p><iframe loading=\"lazy\" class=\"aligncenter\" src=\"\/\/scratch.mit.edu\/projects\/embed\/55084950\/?autostart=false\" width=\"485\" height=\"402\" frameborder=\"0\" allowfullscreen=\"allowfullscreen\"><\/iframe><\/p>\n<p><iframe loading=\"lazy\" class=\"aligncenter\" src=\"\/\/scratch.mit.edu\/projects\/embed\/122419854\/?autostart=false\" width=\"485\" height=\"402\" frameborder=\"0\" allowfullscreen=\"allowfullscreen\"><\/iframe><\/p>\n<div style=\"padding-left: 50px;\"><\/div>\n","protected":false},"excerpt":{"rendered":"<p>Pla de treball<\/p>\n<ul>\n<li>Observaci\u00f3 d&#8217;exemples d&#8217;escape room<\/li>\n<\/ul>\n<p>Alguns exemples per inspirar-nos<br \/>\nHa arribat el moment de dedicar-nos totalment al nostre repte final. Al llarg de totes les sessions heu anat fent la descripci\u00f3 i segur que ja heu comen\u00e7at a fer algunes de les parts.<br \/>\nPer acabar-vos d&#8217;inspirar, aqu\u00ed&hellip;  <a href=\"https:\/\/agora.xtec.cat\/iesdeltebre\/curs-scratch\/modul-3-dissenyem-el-nostre-scapescratch-scratch-3-0\/sessio-10-cap-al-nostre-repte-final\/\" title=\"Read Sessi\u00f3 10. Cap al nostre repte final\">Llegeix m\u00e9s\u00bb<\/a><\/p>\n","protected":false},"author":1,"featured_media":0,"parent":18286,"menu_order":10,"comment_status":"closed","ping_status":"closed","template":"page-templates\/side-menu.php","meta":{"_bbp_topic_count":0,"_bbp_reply_count":0,"_bbp_total_topic_count":0,"_bbp_total_reply_count":0,"_bbp_voice_count":0,"_bbp_anonymous_reply_count":0,"_bbp_topic_count_hidden":0,"_bbp_reply_count_hidden":0,"_bbp_forum_subforum_count":0,"footnotes":""},"class_list":["post-18427","page","type-page","status-publish","hentry"],"post_mailing_queue_ids":[],"_links":{"self":[{"href":"https:\/\/agora.xtec.cat\/iesdeltebre\/wp-json\/wp\/v2\/pages\/18427","targetHints":{"allow":["GET"]}}],"collection":[{"href":"https:\/\/agora.xtec.cat\/iesdeltebre\/wp-json\/wp\/v2\/pages"}],"about":[{"href":"https:\/\/agora.xtec.cat\/iesdeltebre\/wp-json\/wp\/v2\/types\/page"}],"author":[{"embeddable":true,"href":"https:\/\/agora.xtec.cat\/iesdeltebre\/wp-json\/wp\/v2\/users\/1"}],"replies":[{"embeddable":true,"href":"https:\/\/agora.xtec.cat\/iesdeltebre\/wp-json\/wp\/v2\/comments?post=18427"}],"version-history":[{"count":0,"href":"https:\/\/agora.xtec.cat\/iesdeltebre\/wp-json\/wp\/v2\/pages\/18427\/revisions"}],"up":[{"embeddable":true,"href":"https:\/\/agora.xtec.cat\/iesdeltebre\/wp-json\/wp\/v2\/pages\/18286"}],"wp:attachment":[{"href":"https:\/\/agora.xtec.cat\/iesdeltebre\/wp-json\/wp\/v2\/media?parent=18427"}],"curies":[{"name":"wp","href":"https:\/\/api.w.org\/{rel}","templated":true}]}}