{"id":18416,"date":"2019-03-01T09:57:28","date_gmt":"2019-03-01T08:57:28","guid":{"rendered":"http:\/\/projectes.xtec.cat\/programacioirobotica\/?page_id=18416"},"modified":"2019-03-01T09:57:28","modified_gmt":"2019-03-01T08:57:28","slug":"sessio-5-plantegem-missatges-per-resoldre","status":"publish","type":"page","link":"https:\/\/agora.xtec.cat\/iesdeltebre\/curs-scratch\/modul-3-dissenyem-el-nostre-scapescratch-scratch-3-0\/sessio-5-plantegem-missatges-per-resoldre\/","title":{"rendered":"Sessi\u00f3 5. Plantegem missatges per resoldre"},"content":{"rendered":"<h2>Pla de treball<\/h2>\n<div style=\"padding-left: 50px;\">\n<ul>\n<li>Unir paraules en un missatge<\/li>\n<li>Mostrar les lletres per separat d&#8217;un missatge<\/li>\n<li>Comparar paraules<\/li>\n<\/ul>\n<\/div>\n<hr \/>\n<h2>Missatges que amaguen pistes<\/h2>\n<p>A una escape room podem trobar missatges que hem de desxifrar, enigmes que hem de resoldre o contrasenyes que cal con\u00e8ixer per tal que es produeixin accions a l&#8217;escenari. Hi ha moltes possibilitats per generar aquests missatges. Al llarg de les properes sessions veurem\u00a0alguns exemples.<\/p>\n<p>Comen\u00e7arem treballant amb els blocs del men\u00fa d&#8217;operadors que ens permeten establir comparacions i fer accions amb les respostes que anem introduint quan el programa ens realitza una pregunta.<\/p>\n<hr \/>\n<p><img decoding=\"async\" class=\"alignnone\" src=\"http:\/\/projectes.xtec.cat\/programacioirobotica\/wp-content\/uploads\/usu604\/2017\/06\/scratch-icona_tasques.png\" alt=\"Pas a pas\" width=\"32\" \/> <strong>Fem-ho pas a pas<\/strong><\/p>\n<div style=\"padding-left: 50px;\">\n<ul>\n<li>Creem un nou projecte que anomenarem <strong>m3repte51<\/strong>.<\/li>\n<li>Feu una ullada a les possibilitats que en ofereix el men\u00fa d&#8217;operadors. Treballarem amb els blocs relacionats amb les <strong>cadenes (strings)<\/strong>, \u00e9s a dir, paraules.<\/li>\n<\/ul>\n<p><img loading=\"lazy\" decoding=\"async\" class=\"alignnone size-full wp-image-18532\" src=\"https:\/\/projectes.xtec.cat\/programacioirobotica\/wp-content\/uploads\/usu604\/2019\/02\/s5m3operadors.png\" alt=\"\" width=\"237\" height=\"686\" \/><\/p>\n<\/div>\n<hr \/>\n<p><img decoding=\"async\" class=\"alignnone\" src=\"http:\/\/projectes.xtec.cat\/programacioirobotica\/wp-content\/uploads\/usu604\/2017\/06\/scratch-icona_repte.png\" alt=\"Icona repte\" width=\"32\" \/> <img decoding=\"async\" class=\"alignnone\" src=\"http:\/\/projectes.xtec.cat\/programacioirobotica\/wp-content\/uploads\/usu604\/2017\/06\/scratch-repte1.png\" alt=\"Repte 1\" width=\"100\" \/>\u00a0Feu que un personatge us pregunti el vostre nom, la vostra ciutat i quin nick voleu fer servir. A continuaci\u00f3 feu que el personatge us saludi dient: &#8220;Hola&#8221;, el vostre nom a continuaci\u00f3, &#8220;El teu nick \u00e9s&#8221; i el nick triat.<\/p>\n<p><img decoding=\"async\" class=\"alignnone\" src=\"http:\/\/projectes.xtec.cat\/programacioirobotica\/wp-content\/uploads\/usu604\/2017\/06\/scratch-icona_pista.png\" alt=\"Icona pista\" width=\"24\" \/>\u00a0Pista: Cal que feu servir el bloc\u00a0 <img loading=\"lazy\" decoding=\"async\" class=\"alignnone size-full wp-image-18534\" src=\"https:\/\/projectes.xtec.cat\/programacioirobotica\/wp-content\/uploads\/usu604\/2019\/02\/s5m3uneix.png\" alt=\"\" width=\"122\" height=\"27\" \/>\u00a0. Qu\u00e8 podeu fer per a qu\u00e8 quedin espais entre les paraules?<\/p>\n<hr \/>\n<p><img decoding=\"async\" class=\"alignnone\" src=\"http:\/\/projectes.xtec.cat\/programacioirobotica\/wp-content\/uploads\/usu604\/2017\/06\/scratch-icona_repte.png\" alt=\"Icona repte\" width=\"32\" \/> <img decoding=\"async\" class=\"alignnone\" src=\"http:\/\/projectes.xtec.cat\/programacioirobotica\/wp-content\/uploads\/usu604\/2017\/06\/scratch-repte2.png\" alt=\"Repte 2\" width=\"100\" \/>\u00a0Modifiqueu el vostre projecte <strong>m3repte51<\/strong> per a qu\u00e8 el personatge digui, despr\u00e9s de la salutaci\u00f3, el nom de la vostra ciutat lletra a lletra i que quedi visible el nom de la ciutat a la pantalla de la forma seg\u00fcent:<\/p>\n<p><img loading=\"lazy\" decoding=\"async\" class=\"alignnone size-full wp-image-18540\" src=\"https:\/\/projectes.xtec.cat\/programacioirobotica\/wp-content\/uploads\/usu604\/2019\/02\/s5m3paraulabarcelo.png\" alt=\"\" width=\"292\" height=\"208\" \/><\/p>\n<p><img decoding=\"async\" class=\"alignnone\" src=\"http:\/\/projectes.xtec.cat\/programacioirobotica\/wp-content\/uploads\/usu604\/2017\/06\/scratch-icona_pista.png\" alt=\"Icona pista\" width=\"24\" \/>\u00a0Pista: Cal que feu servir els blocs \u00a0\u00a0<img loading=\"lazy\" decoding=\"async\" class=\"alignnone size-full wp-image-18539\" src=\"https:\/\/projectes.xtec.cat\/programacioirobotica\/wp-content\/uploads\/usu604\/2019\/02\/s5m3lletrallargada.png\" alt=\"\" width=\"198\" height=\"22\" \/><\/p>\n<hr \/>\n<p><img decoding=\"async\" class=\"alignnone\" src=\"http:\/\/projectes.xtec.cat\/programacioirobotica\/wp-content\/uploads\/usu604\/2017\/06\/scratch-icona_tasques.png\" alt=\"Pas a pas\" width=\"32\" \/> <strong>Fem-ho pas a pas<\/strong><\/p>\n<div style=\"padding-left: 50px;\">\n<ul>\n<li>Aprofitarem el programa per plantejar el primer enigma fent algunes modificacions.<\/li>\n<li>Canviem el programa per aconseguir que en lloc d&#8217;apar\u00e8ixer el nom correcte aparegui una paraula de la mateixa longitud formada per les lletres del nom de la nostra ciutat triades de forma aleat\u00f2ria. Aix\u00f2 ens donar\u00e0 una paraula amb lletres repetides i desordenades per\u00f2 amb el mateix nombre de lletres de la nostra ciutat.<\/li>\n<li>Hem de fer servir el bloc \u00a0<img loading=\"lazy\" decoding=\"async\" class=\"alignnone size-full wp-image-18546\" src=\"https:\/\/projectes.xtec.cat\/programacioirobotica\/wp-content\/uploads\/usu604\/2019\/02\/s5m3nombrealatzar.png\" alt=\"\" width=\"172\" height=\"32\" \/>combinat amb el bloc <img loading=\"lazy\" decoding=\"async\" class=\"alignnone size-full wp-image-10601\" src=\"http:\/\/projectes.xtec.cat\/programacioirobotica\/wp-content\/uploads\/usu604\/2017\/08\/scratch-escape48.png\" alt=\"\" width=\"115\" height=\"20\" \/> per aconseguir que les lletres que apareixen vagin variant a l&#8217;atzar.<\/li>\n<\/ul>\n<p><img loading=\"lazy\" decoding=\"async\" class=\"alignnone wp-image-10609 size-full\" src=\"https:\/\/projectes.xtec.cat\/programacioirobotica\/wp-content\/uploads\/usu604\/2017\/08\/scratch-escape52.png\" alt=\"\" width=\"373\" height=\"233\" \/><\/p>\n<\/div>\n<hr \/>\n<p><img decoding=\"async\" class=\"alignnone\" src=\"http:\/\/projectes.xtec.cat\/programacioirobotica\/wp-content\/uploads\/usu604\/2017\/06\/scratch-icona_repte.png\" alt=\"Icona repte\" width=\"32\" \/> <img decoding=\"async\" class=\"alignnone\" src=\"http:\/\/projectes.xtec.cat\/programacioirobotica\/wp-content\/uploads\/usu604\/2017\/06\/scratch-repte3.png\" alt=\"Repte 3\" width=\"100\" \/>\u00a0 Afegiu els blocs necessaris que permetin comparar lletra a lletra la nova paraula creada a l&#8217;atzar amb el nom real de la vostra ciutat i feu apar\u00e8ixer un missatge que indiqui quantes coincid\u00e8ncies hi ha de lletres en la mateixa posici\u00f3 entre les dues paraules.<\/p>\n<hr \/>\n<p><img decoding=\"async\" class=\"alignnone\" src=\"http:\/\/projectes.xtec.cat\/programacioirobotica\/wp-content\/uploads\/usu604\/2017\/06\/scratch-icona_repte.png\" alt=\"Icona repte\" width=\"32\" \/> <img decoding=\"async\" class=\"alignnone\" src=\"http:\/\/projectes.xtec.cat\/programacioirobotica\/wp-content\/uploads\/usu604\/2017\/06\/scratch-repte4.png\" alt=\"Repte 4\" width=\"100\" \/>\u00a0Acabem de construir l&#8217;enigma. Feu que no es mostri el missatge de coincid\u00e8ncies i que sigui el personatge qui pregunti quantes coincid\u00e8ncies de lletres hi ha. Si la resposta \u00e9s correcta feu que es produeixi alguna acci\u00f3: un so, apar\u00e8ixer un objecte,&#8230;<\/p>\n<hr \/>\n<p><img decoding=\"async\" class=\"alignnone\" src=\"http:\/\/projectes.xtec.cat\/programacioirobotica\/wp-content\/uploads\/usu604\/2017\/06\/scratch-icona_projecte2.png\" alt=\"Icona projecte\" width=\"32\" \/> <strong>El nostre projecte creix&#8230;<\/strong><\/p>\n<p>En aquesta sessi\u00f3 hem treballat amb els blocs d&#8217;operadors per veure quines s\u00f3n les seves possibilitats de fer-los servir per crear missatges i pistes. Segur que a vosaltres se us acudeixen moltes altres possibilitats.<\/p>\n<p>Repasseu el llistat de proves que hav\u00edeu definit en la descripci\u00f3 del vostre repte final i feu les modificacions que siguin necess\u00e0ries tenint en compte el qu\u00e8 ara coneixeu. Podeu fer proves amb els blocs treballats?<\/p>\n<hr \/>\n<p><img decoding=\"async\" class=\"alignnone\" src=\"http:\/\/projectes.xtec.cat\/programacioirobotica\/wp-content\/uploads\/usu604\/2017\/06\/scratch-icona_glosari.png\" alt=\"Icona glosari\" width=\"32\" \/> <strong>Com que som programadors i programadores parlem de&#8230;<\/strong><\/p>\n<div style=\"padding-left: 50px;\">\n<ul>\n<li><strong>Cadenes (strings)<\/strong>: conjunt de car\u00e0cters que poden ser lletres, n\u00fameros o car\u00e0cters especials sobre els quals no es poden fer operacions num\u00e8riques ja que es consideren com a &#8220;paraules&#8221;<\/li>\n<\/ul>\n<\/div>\n","protected":false},"excerpt":{"rendered":"<p>Pla de treball<\/p>\n<ul>\n<li>Unir paraules en un missatge<\/li>\n<li>Mostrar les lletres per separat d&#8217;un missatge<\/li>\n<li>Comparar paraules<\/li>\n<\/ul>\n<p>Missatges que amaguen pistes<br \/>\nA una escape room podem trobar missatges que hem de desxifrar, enigmes que hem de resoldre o contrasenyes que cal con\u00e8ixer per tal que es produeixin accions a l&#8217;escenari.&hellip;  <a href=\"https:\/\/agora.xtec.cat\/iesdeltebre\/curs-scratch\/modul-3-dissenyem-el-nostre-scapescratch-scratch-3-0\/sessio-5-plantegem-missatges-per-resoldre\/\" title=\"Read Sessi\u00f3 5. Plantegem missatges per resoldre\">Llegeix m\u00e9s\u00bb<\/a><\/p>\n","protected":false},"author":1,"featured_media":0,"parent":18286,"menu_order":0,"comment_status":"closed","ping_status":"closed","template":"page-templates\/side-menu.php","meta":{"_bbp_topic_count":0,"_bbp_reply_count":0,"_bbp_total_topic_count":0,"_bbp_total_reply_count":0,"_bbp_voice_count":0,"_bbp_anonymous_reply_count":0,"_bbp_topic_count_hidden":0,"_bbp_reply_count_hidden":0,"_bbp_forum_subforum_count":0,"footnotes":""},"class_list":["post-18416","page","type-page","status-publish","hentry"],"post_mailing_queue_ids":[],"_links":{"self":[{"href":"https:\/\/agora.xtec.cat\/iesdeltebre\/wp-json\/wp\/v2\/pages\/18416","targetHints":{"allow":["GET"]}}],"collection":[{"href":"https:\/\/agora.xtec.cat\/iesdeltebre\/wp-json\/wp\/v2\/pages"}],"about":[{"href":"https:\/\/agora.xtec.cat\/iesdeltebre\/wp-json\/wp\/v2\/types\/page"}],"author":[{"embeddable":true,"href":"https:\/\/agora.xtec.cat\/iesdeltebre\/wp-json\/wp\/v2\/users\/1"}],"replies":[{"embeddable":true,"href":"https:\/\/agora.xtec.cat\/iesdeltebre\/wp-json\/wp\/v2\/comments?post=18416"}],"version-history":[{"count":0,"href":"https:\/\/agora.xtec.cat\/iesdeltebre\/wp-json\/wp\/v2\/pages\/18416\/revisions"}],"up":[{"embeddable":true,"href":"https:\/\/agora.xtec.cat\/iesdeltebre\/wp-json\/wp\/v2\/pages\/18286"}],"wp:attachment":[{"href":"https:\/\/agora.xtec.cat\/iesdeltebre\/wp-json\/wp\/v2\/media?parent=18416"}],"curies":[{"name":"wp","href":"https:\/\/api.w.org\/{rel}","templated":true}]}}