{"id":18016,"date":"2019-02-08T13:45:57","date_gmt":"2019-02-08T12:45:57","guid":{"rendered":"http:\/\/projectes.xtec.cat\/programacioirobotica\/?page_id=18016"},"modified":"2019-02-08T13:45:57","modified_gmt":"2019-02-08T12:45:57","slug":"sessio-10-i-ara-el-repte-final","status":"publish","type":"page","link":"https:\/\/agora.xtec.cat\/iesdeltebre\/curs-scratch\/modul-2-i-si-fem-un-joc-o-dos-scratch-3\/sessio-10-i-ara-el-repte-final\/","title":{"rendered":"Sessi\u00f3 10. I ara el repte final"},"content":{"rendered":"<h2>Pla de treball<\/h2>\n<div style=\"padding-left: 50px;\">\n<ul>\n<li>Observaci\u00f3 d&#8217;exemples de pinball<\/li>\n<li>Com moure les raquetes<\/li>\n<li>Obstacles<\/li>\n<\/ul>\n<\/div>\n<hr \/>\n<h2>Alguns exemples per inspirar-nos<\/h2>\n<p>A la sessi\u00f3 anterior hem fet un rep\u00e0s de tot all\u00f2 que hem d&#8217;haver preparat per desenvolupar el pinball. A hores d&#8217;ara ja hem de tenir una bona part solucionada, sobre tot tenint en compte que hem pogut aprofitar parts del pong que hem anat creant al llarg del m\u00f2dul.<\/p>\n<p>Per tenir algunes idees que facin del nostre pinball el millor dels millors, podem veure alguns exemples acabats<br \/>\n<iframe loading=\"lazy\" src=\"\/\/scratch.mit.edu\/projects\/embed\/1929490\/?autostart=false\" width=\"485\" height=\"402\" frameborder=\"0\" allowfullscreen=\"allowfullscreen\"><\/iframe><iframe loading=\"lazy\" src=\"\/\/scratch.mit.edu\/projects\/embed\/681997\/?autostart=false\" width=\"485\" height=\"402\" frameborder=\"0\" allowfullscreen=\"allowfullscreen\"><\/iframe><\/p>\n<p>Podem veure&#8217;n molts m\u00e9s a:\u00a0<a href=\"https:\/\/scratch.mit.edu\/search\/projects?q=pinball\">https:\/\/scratch.mit.edu\/search\/projects?q=pinball<\/a><\/p>\n<h2>Moviment de les raquetes<\/h2>\n<p>Per moure les raquetes que impedeixen que la pilota caigui al final de la pantalla podem fer servir el seg\u00fcent m\u00f2dul<\/p>\n<p><img loading=\"lazy\" decoding=\"async\" class=\"alignnone size-full wp-image-18263\" src=\"https:\/\/projectes.xtec.cat\/programacioirobotica\/wp-content\/uploads\/usu604\/2019\/02\/s10m2movraquetes.png\" alt=\"\" width=\"848\" height=\"848\" \/><\/p>\n<h2>Rebot en els obstacles<\/h2>\n<p>Una forma senzilla de controlar el rebot de la pilota en els obstacles que hem col\u00b7locat en el <strong>pinball<\/strong> \u00e9s fer-ho mitjan\u00e7ant el sensor de color, ja que si fem servir molts personatges ho haur\u00edem de fer controlant cadascun.<\/p>\n<p>Per poder fer aquest control, podem pintar el voltant de cada personatge que fem servir d&#8217;obstacle del mateix color. Aix\u00f2 nom\u00e9s ser\u00e0 possible si els personatges s\u00f3n vectorials. A la galeria de personatges de l&#8217;Scratch podem veure quins s\u00f3n d&#8217;aquest tipus<\/p>\n<p><img loading=\"lazy\" decoding=\"async\" class=\"alignnone wp-image-18122 size-medium\" src=\"https:\/\/projectes.xtec.cat\/programacioirobotica\/wp-content\/uploads\/usu604\/2019\/02\/s10m2personatges-300x221.jpg\" alt=\"\" width=\"300\" height=\"221\" \/><\/p>\n<p>Quan hem triat un d&#8217;aquests personatges vectorials, l&#8217;editem per canviar el color del contorn. Per fer-ho, triem l&#8217;eina d&#8217;omplir, la col\u00b7loquem sobre la vora i triem el color que ens interessi. Repetim aquesta operaci\u00f3 amb tots els personatges que volem fer servir d&#8217;obstacles.<\/p>\n<p><img loading=\"lazy\" decoding=\"async\" class=\"alignnone wp-image-18290\" src=\"https:\/\/projectes.xtec.cat\/programacioirobotica\/wp-content\/uploads\/usu604\/2019\/02\/s10m2voracolor.jpg\" alt=\"\" width=\"369\" height=\"375\" \/><\/p>\n","protected":false},"excerpt":{"rendered":"<p>Pla de treball<\/p>\n<ul>\n<li>Observaci\u00f3 d&#8217;exemples de pinball<\/li>\n<li>Com moure les raquetes<\/li>\n<li>Obstacles<\/li>\n<\/ul>\n<p>Alguns exemples per inspirar-nos<br \/>\nA la sessi\u00f3 anterior hem fet un rep\u00e0s de tot all\u00f2 que hem d&#8217;haver preparat per desenvolupar el pinball. A hores d&#8217;ara ja hem de tenir una bona part solucionada, sobre tot tenint en&hellip;  <a href=\"https:\/\/agora.xtec.cat\/iesdeltebre\/curs-scratch\/modul-2-i-si-fem-un-joc-o-dos-scratch-3\/sessio-10-i-ara-el-repte-final\/\" title=\"Read Sessi\u00f3 10. I ara el repte final\">Llegeix m\u00e9s\u00bb<\/a><\/p>\n","protected":false},"author":1,"featured_media":0,"parent":17995,"menu_order":10,"comment_status":"closed","ping_status":"closed","template":"page-templates\/side-menu.php","meta":{"_bbp_topic_count":0,"_bbp_reply_count":0,"_bbp_total_topic_count":0,"_bbp_total_reply_count":0,"_bbp_voice_count":0,"_bbp_anonymous_reply_count":0,"_bbp_topic_count_hidden":0,"_bbp_reply_count_hidden":0,"_bbp_forum_subforum_count":0,"footnotes":""},"class_list":["post-18016","page","type-page","status-publish","hentry"],"post_mailing_queue_ids":[],"_links":{"self":[{"href":"https:\/\/agora.xtec.cat\/iesdeltebre\/wp-json\/wp\/v2\/pages\/18016","targetHints":{"allow":["GET"]}}],"collection":[{"href":"https:\/\/agora.xtec.cat\/iesdeltebre\/wp-json\/wp\/v2\/pages"}],"about":[{"href":"https:\/\/agora.xtec.cat\/iesdeltebre\/wp-json\/wp\/v2\/types\/page"}],"author":[{"embeddable":true,"href":"https:\/\/agora.xtec.cat\/iesdeltebre\/wp-json\/wp\/v2\/users\/1"}],"replies":[{"embeddable":true,"href":"https:\/\/agora.xtec.cat\/iesdeltebre\/wp-json\/wp\/v2\/comments?post=18016"}],"version-history":[{"count":0,"href":"https:\/\/agora.xtec.cat\/iesdeltebre\/wp-json\/wp\/v2\/pages\/18016\/revisions"}],"up":[{"embeddable":true,"href":"https:\/\/agora.xtec.cat\/iesdeltebre\/wp-json\/wp\/v2\/pages\/17995"}],"wp:attachment":[{"href":"https:\/\/agora.xtec.cat\/iesdeltebre\/wp-json\/wp\/v2\/media?parent=18016"}],"curies":[{"name":"wp","href":"https:\/\/api.w.org\/{rel}","templated":true}]}}