{"id":17517,"date":"2019-02-08T13:24:13","date_gmt":"2019-02-08T12:24:13","guid":{"rendered":"http:\/\/projectes.xtec.cat\/programacioirobotica\/?page_id=17517"},"modified":"2019-02-08T13:24:13","modified_gmt":"2019-02-08T12:24:13","slug":"sessio-11-i-ara-acabem-el-nostre-projecte","status":"publish","type":"page","link":"https:\/\/agora.xtec.cat\/iesdeltebre\/curs-scratch\/modul-1-comenca-lscratch-aventura-scratch-3\/sessio-11-i-ara-acabem-el-nostre-projecte\/","title":{"rendered":"Sessi\u00f3 11. I ara acabem el nostre projecte"},"content":{"rendered":"<h2>Pla de treball<\/h2>\n<div style=\"padding-left: 50px;\">\n<ul>\n<li>Revisi\u00f3 de la descripci\u00f3 del projecte<\/li>\n<li>Programaci\u00f3 del projecte<\/li>\n<li>Aprofitar altres projectes o programes<\/li>\n<li>Control de funcionament del projecte<\/li>\n<\/ul>\n<\/div>\n<hr \/>\n<h2>A per feina&#8230;<\/h2>\n<p>Al llarg de totes les sessions anteriors, hem anat aprenent moltes de les possibilitats que t\u00e9 l&#8217;Scratch i hem resolt tots els reptes que s&#8217;han plantejat. En aquests moments ja sou uns programadors i unes programadores d&#8217;all\u00f2 m\u00e9s eficients.<br \/>\nTamb\u00e9 hem anat desenvolupant i revisant la descripci\u00f3 de la vostra postal interactiva a mesura que avan\u00e7\u00e0vem per les possibilitats que ens ofereix l&#8217;Scratch. Primer de tot hem de fer un rep\u00e0s d&#8217;aquesta descripci\u00f3 per comprovar que ho tenim tot controlat consultant-la al nostre projecte <strong>postal<\/strong>.<\/p>\n<p><img decoding=\"async\" class=\"alignnone\" src=\"http:\/\/projectes.xtec.cat\/programacioirobotica\/wp-content\/uploads\/usu604\/2017\/06\/scratch-icona_tasques.png\" alt=\"Icona tasques\" width=\"32\" \/><strong>Fem-ho pas a pas<\/strong><\/p>\n<div style=\"padding-left: 50px;\">\n<ul>\n<li>Quin \u00e9s el tema de la nostra postal?<\/li>\n<li>Quina hist\u00f2ria passar\u00e0 a la nostra postal?<\/li>\n<li>Quins personatges apareixen a la nostra postal?\n<ul>\n<li>Quin \u00e9s el paper del personatge 1?<\/li>\n<li>Quin \u00e9s el paper del personatge 2? (i tots els que apareguin a la postal)<\/li>\n<\/ul>\n<\/li>\n<li>Quins moviments hauran de fer els personatges?\n<ul>\n<li>Quin moviment far\u00e0 el personatge 1?<\/li>\n<li>Quin moviment far\u00e0 el personatge 2? (i tots els que apareguin a la postal)<\/li>\n<\/ul>\n<\/li>\n<li>Quin ser\u00e0 el di\u00e0leg que tindran entre ells?<\/li>\n<li>Quins s\u00f3n els escenaris que apareixen?\n<ul>\n<li>Quin \u00e9s l&#8217;escenari 1 i quan apareix?<\/li>\n<li>Quin \u00e9s l&#8217;escenari 2 i quan apareix? (i tots els que apareguin a la postal)<\/li>\n<\/ul>\n<\/li>\n<li>Quins efectes aplicarem?\n<ul>\n<li>Quins efectes al personatge 1? Quan?<\/li>\n<li>Quins efectes al personatge 2? Quan? (i tots els que apareguin a la postal)<\/li>\n<li>Quins efectes a l&#8217;escenari 1? Quan?<\/li>\n<li>Quins efectes a l&#8217;escenari 1? Quan? (i tots els que apareguin a la postal)<\/li>\n<\/ul>\n<\/li>\n<\/ul>\n<\/div>\n<hr \/>\n<h2>Aprofitem la feina feta<\/h2>\n<p>Al llarg de totes les sessions hem realitzat molts projectes que podem recuperar per afegir parcialment a la nostra postal. L&#8217;Scratch ens permet copiar parts d&#8217;un projecte per aprofitar-les a un altre. Podem copiar: sons, fons, personatges per\u00f2 tamb\u00e9 programes. D&#8217;aquesta forma, si hem fet una feina de la que estem especialment orgullosos i ens ha portat molt de temps, la podem &#8220;reutilitzar&#8221; amb facilitat.<\/p>\n<p><img decoding=\"async\" class=\"alignnone\" src=\"http:\/\/projectes.xtec.cat\/programacioirobotica\/wp-content\/uploads\/usu604\/2017\/06\/scratch-icona_tasques.png\" alt=\"Icona tasques\" width=\"32\" \/><strong>Fem-ho pas a pas<\/strong><\/p>\n<div style=\"padding-left: 50px;\">\n<ul>\n<li>Obrim el projecte on es troba l&#8217;element que volem copiar. A la part inferior de la pantalla de l&#8217;Scratch hi ha una petita fletxa, cliquem sobre ella i s&#8217;obrir\u00e0 l&#8217;espai de la <strong>motxilla<\/strong><\/li>\n<li>Ens situem a la part que volem copiar. Pot ser un personatge que hem creat, un escenari, un so, per\u00f2 tamb\u00e9 algun programa relacionat amb un personatge o amb un escenari<\/li>\n<li>Amb el ratol\u00ed arrosseguem la part que volem aprofitar a la motxilla<\/li>\n<li>Obrim el projecte on volem fer servir el que hem arrossegat a la motxilla, obrim la motxilla i ho arrosseguem al lloc corresponent. Hem d&#8217;estar segur que col\u00b7loquem el nou element en el lloc adient<\/li>\n<\/ul>\n<p><img loading=\"lazy\" decoding=\"async\" class=\"alignnone size-large wp-image-17748\" src=\"https:\/\/projectes.xtec.cat\/programacioirobotica\/wp-content\/uploads\/usu604\/2019\/01\/s11m1motxilla-1024x157.jpg\" alt=\"\" width=\"1024\" height=\"157\" \/><\/p>\n<\/div>\n<p>Tamb\u00e9 podem aprofitar parts d&#8217;un projecte dins del mateix projecte<\/p>\n<p><img decoding=\"async\" class=\"alignnone\" src=\"http:\/\/projectes.xtec.cat\/programacioirobotica\/wp-content\/uploads\/usu604\/2017\/06\/scratch-icona_tasques.png\" alt=\"Icona tasques\" width=\"32\" \/><strong>Fem-ho pas a pas<\/strong><\/p>\n<div style=\"padding-left: 50px;\">\n<ul>\n<li>Obrim el projecte i triem el personatge del qual volem copiar el programa.<\/li>\n<li>Ens col\u00b7loquem sobre el programa que volem copiar, el seleccionem i l&#8217;arrosseguem sobre el personatge que volem que aprofiti el programa<\/li>\n<\/ul>\n<\/div>\n<hr \/>\n<h2>Anem programant i donant forma<\/h2>\n<p><img decoding=\"async\" class=\"alignnone\" src=\"http:\/\/projectes.xtec.cat\/programacioirobotica\/wp-content\/uploads\/usu604\/2017\/06\/scratch-icona_projecte2.png\" alt=\"Icona projecte\" width=\"32\" \/> <strong>El nostre projecte creix&#8230;<\/strong><\/p>\n<p>Ja ho tenim tot a punt per comen\u00e7ar a programar o b\u00e9 continuar si hem anat treballant de forma pr\u00e8via. La descripci\u00f3 de la postal que hem actualitzat a l&#8217;inici d&#8217;aquesta sessi\u00f3 ens ha de servir per anar comprovant que seguim la feina de forma correcta. Podem fer-nos una llista i anar marcant les coses resoltes, repartir-nos les tasques i planificar-nos. Treballem en equip com treballen els programadors i programadores, tothom aportem i opinem per anar construint el nostre projecte.<\/p>\n","protected":false},"excerpt":{"rendered":"<p>Pla de treball<\/p>\n<ul>\n<li>Revisi\u00f3 de la descripci\u00f3 del projecte<\/li>\n<li>Programaci\u00f3 del projecte<\/li>\n<li>Aprofitar altres projectes o programes<\/li>\n<li>Control de funcionament del projecte<\/li>\n<\/ul>\n<p>A per feina&#8230;<br \/>\nAl llarg de totes les sessions anteriors, hem anat aprenent moltes de les possibilitats que t\u00e9 l&#8217;Scratch i hem resolt tots els reptes que s&#8217;han plantejat.&hellip;  <a href=\"https:\/\/agora.xtec.cat\/iesdeltebre\/curs-scratch\/modul-1-comenca-lscratch-aventura-scratch-3\/sessio-11-i-ara-acabem-el-nostre-projecte\/\" title=\"Read Sessi\u00f3 11. I ara acabem el nostre projecte\">Llegeix m\u00e9s\u00bb<\/a><\/p>\n","protected":false},"author":1,"featured_media":0,"parent":17494,"menu_order":10,"comment_status":"closed","ping_status":"closed","template":"page-templates\/side-menu.php","meta":{"_bbp_topic_count":0,"_bbp_reply_count":0,"_bbp_total_topic_count":0,"_bbp_total_reply_count":0,"_bbp_voice_count":0,"_bbp_anonymous_reply_count":0,"_bbp_topic_count_hidden":0,"_bbp_reply_count_hidden":0,"_bbp_forum_subforum_count":0,"footnotes":""},"class_list":["post-17517","page","type-page","status-publish","hentry"],"post_mailing_queue_ids":[],"_links":{"self":[{"href":"https:\/\/agora.xtec.cat\/iesdeltebre\/wp-json\/wp\/v2\/pages\/17517","targetHints":{"allow":["GET"]}}],"collection":[{"href":"https:\/\/agora.xtec.cat\/iesdeltebre\/wp-json\/wp\/v2\/pages"}],"about":[{"href":"https:\/\/agora.xtec.cat\/iesdeltebre\/wp-json\/wp\/v2\/types\/page"}],"author":[{"embeddable":true,"href":"https:\/\/agora.xtec.cat\/iesdeltebre\/wp-json\/wp\/v2\/users\/1"}],"replies":[{"embeddable":true,"href":"https:\/\/agora.xtec.cat\/iesdeltebre\/wp-json\/wp\/v2\/comments?post=17517"}],"version-history":[{"count":0,"href":"https:\/\/agora.xtec.cat\/iesdeltebre\/wp-json\/wp\/v2\/pages\/17517\/revisions"}],"up":[{"embeddable":true,"href":"https:\/\/agora.xtec.cat\/iesdeltebre\/wp-json\/wp\/v2\/pages\/17494"}],"wp:attachment":[{"href":"https:\/\/agora.xtec.cat\/iesdeltebre\/wp-json\/wp\/v2\/media?parent=17517"}],"curies":[{"name":"wp","href":"https:\/\/api.w.org\/{rel}","templated":true}]}}