{"id":17494,"date":"2019-02-08T12:45:45","date_gmt":"2019-02-08T11:45:45","guid":{"rendered":"http:\/\/projectes.xtec.cat\/programacioirobotica\/?page_id=17494"},"modified":"2021-03-08T14:18:18","modified_gmt":"2021-03-08T13:18:18","slug":"modul-1-comenca-lscratch-aventura-scratch-3","status":"publish","type":"page","link":"https:\/\/agora.xtec.cat\/iesdeltebre\/curs-scratch\/modul-1-comenca-lscratch-aventura-scratch-3\/","title":{"rendered":"M\u00f2dul 1. Comen\u00e7a l&#8217;Scratch aventura (Scratch 3.0)"},"content":{"rendered":"<p>En aquest m\u00f2dul comen\u00e7arem a treballar amb l&#8217;Scratch, un viatge al\u00b7lucinant pel cam\u00ed de la programaci\u00f3!<\/p>\n<p>El\u00a0repte final d\u2019aquest m\u00f2dul ser\u00e0 la creaci\u00f3 de <strong>postals interactives<\/strong>. Per tal de resoldre el repte descobrirem l&#8217;entorn de l&#8217;Scratch i la necessitat de programar. Explorarem els objectes i els personatges que seran els protagonistes de la nostra postal. Comen\u00e7arem a programar fent un di\u00e0leg, movent els personatges \u00a0per anar construint l&#8217;acci\u00f3 i animant els objectes i els personatges.<\/p>\n<table style=\"width: 790px;\">\n<tbody>\n<tr style=\"height: 31px;\">\n<td style=\"width: 122px; height: 31px;\">SESSI\u00d3<\/td>\n<td style=\"width: 243px; height: 31px;\">PLANS DE TREBALL<\/td>\n<td style=\"width: 415px; height: 31px;\">ACTIVITATS<\/td>\n<\/tr>\n<tr style=\"height: 42px;\">\n<td style=\"width: 122px; height: 42px;\">Sessi\u00f3 1<\/p>\n<p>Comencem: el projecte<\/td>\n<td style=\"width: 243px;\">Qu\u00e8 \u00e9s l\u2019Scratch?<\/p>\n<p>Descobrim el web de l&#8217;Scratch<\/p>\n<p>Creem un usuari per comen\u00e7ar a treballar<\/p>\n<p>Presentem el projecte<\/td>\n<td style=\"width: 415px; height: 42px;\">\n<ul>\n<li>Presentaci\u00f3 de l\u2019activitat<\/li>\n<li>Presentaci\u00f3 del programa Scratch<\/li>\n<li>L&#8217;espai del grup a l&#8217;Scratch: usuari i contrasenya<\/li>\n<li>Definici\u00f3 del projecte: postal interactiva<\/li>\n<li>Observaci\u00f3 d&#8217;exemples de postals a l&#8217;Scratch<\/li>\n<\/ul>\n<\/td>\n<\/tr>\n<tr style=\"height: 18px;\">\n<td style=\"width: 122px; height: 18px;\">Sessi\u00f3 2<\/p>\n<p>Creem personatges i els fem parlar<\/td>\n<td style=\"width: 243px;\">Planificaci\u00f3 del projecte<\/p>\n<p>L\u2019entorn de programaci\u00f3 de l\u2019Scratch<\/p>\n<p>Creaci\u00f3 de personatges<\/p>\n<p>Di\u00e0leg entre personatges<\/td>\n<td style=\"width: 415px; height: 18px;\">\n<ul>\n<li>Definici\u00f3 del projecte de grup<\/li>\n<li>Descoberta de la interf\u00edcie de l&#8217;Scratch<\/li>\n<li>Afegir personatges<\/li>\n<li>Di\u00e0legs entre personatges<\/li>\n<\/ul>\n<\/td>\n<\/tr>\n<tr style=\"height: 141px;\">\n<td style=\"width: 122px; height: 141px;\">Sessi\u00f3 3<\/p>\n<p>Movem els personatges<\/td>\n<td style=\"width: 243px;\">Els personatges es poden moure?<\/p>\n<p>El bloc de moviment<\/p>\n<p>Primers moviments: mou-te, rebota, fixa la rotaci\u00f3, posici\u00f3 inicial, v\u00e9s a, llisca<\/p>\n<p>Estructura iterativa<\/p>\n<p>Direcci\u00f3 del moviment<\/p>\n<p>Personatges animats<\/td>\n<td style=\"width: 415px; height: 141px;\">\n<ul>\n<li>Primers moviments, rebota, fixa la rotaci\u00f3, posici\u00f3 inicial,\u00a0v\u00e9s a, llisca.<\/li>\n<li>Moviments amb canvis de vestit<\/li>\n<\/ul>\n<\/td>\n<\/tr>\n<tr style=\"height: 130px;\">\n<td style=\"width: 122px; height: 130px;\">Sessi\u00f3 4<\/p>\n<p>Incorporem-hi m\u00e9s personatges<\/td>\n<td style=\"width: 243px;\">Dibuixar personatges<\/p>\n<p>Editar vestits<\/p>\n<p>Mode mapa de bits i mode vectorial<\/p>\n<p>Importaci\u00f3 de personatges<\/p>\n<p>Respecte als drets d\u2019autor<\/p>\n<p>\u00das de la c\u00e0mera per crear personatges<\/td>\n<td style=\"width: 415px; height: 130px;\">\n<ul>\n<li>Creaci\u00f3 de personatges<\/li>\n<li>Disseny de personatges: galeria i categories, esborrar i duplicar<\/li>\n<li>Gesti\u00f3 de l\u2019aspecte dels personatges (mida, color\u2026)<\/li>\n<li>Disseny d\u2019un personatge propi<\/li>\n<li>Drets d&#8217;autor: llic\u00e8ncies Creative Commons<\/li>\n<\/ul>\n<\/td>\n<\/tr>\n<tr style=\"height: 118px;\">\n<td style=\"width: 122px; height: 118px;\">Sessi\u00f3 5<\/p>\n<p>Ens movem en totes direccions<\/td>\n<td style=\"width: 243px;\">Propietats dels personatges<\/p>\n<p>Els personatges saben dibuixar<\/p>\n<p>El bloc \u201cllapis\u201d<\/p>\n<p>Dibuixem pol\u00edgons i estrelles<\/td>\n<td style=\"width: 415px; height: 118px;\">\n<ul>\n<li>Propietats dels personatges<\/li>\n<li>Control de les direccions dels personatges en l&#8217;inici i el moviment<\/li>\n<li>Dibuix mitjan\u00e7ant moviment d&#8217;un personatge<\/li>\n<li>Estructura iterativa<\/li>\n<\/ul>\n<\/td>\n<\/tr>\n<tr style=\"height: 29px;\">\n<td style=\"width: 122px; height: 29px;\">Sessi\u00f3 6<\/p>\n<p>Dibuixem l&#8217;escenari<\/td>\n<td style=\"width: 243px; height: 29px;\">On s\u00f3n els personatges?<\/td>\n<td style=\"width: 415px; height: 29px;\">\n<ul>\n<li>Creaci\u00f3 d&#8217;un escenari<\/li>\n<li>Disseny i modificaci\u00f3 del fons<\/li>\n<li>Efectes sobre els escenaris<\/li>\n<\/ul>\n<\/td>\n<\/tr>\n<tr style=\"height: 74px;\">\n<td style=\"width: 122px; height: 74px;\">Sessi\u00f3 7<\/p>\n<p>Efectes gr\u00e0fics dels personatges<\/td>\n<td>Efectes gr\u00e0fics dels personatges<\/p>\n<p>Altres propietats dels personatges<\/p>\n<p>Dibuix de figures i estampaci\u00f3 de personatges<\/p>\n<p>Nombres aleatoris<\/p>\n<p>Coordenades de l\u2019escenari<\/td>\n<td style=\"width: 415px; height: 74px;\">\n<ul>\n<li>Canvis d&#8217;aspecte dels personatges<\/li>\n<li>Accions aleat\u00f2ries<\/li>\n<\/ul>\n<\/td>\n<\/tr>\n<tr style=\"height: 89px;\">\n<td style=\"width: 122px; height: 89px;\">Sessi\u00f3 8<\/p>\n<p>Efectes de so<\/td>\n<td>Afegim so des de la galeria<\/p>\n<p>Enregistrament de so<\/p>\n<p>Afegim so des d&#8217;un fitxer<\/p>\n<p>Fem m\u00fasica<\/td>\n<td style=\"width: 415px; height: 89px;\">\n<ul>\n<li>\u00das de sons de la galeria<\/li>\n<li>Enregistrament de sons i afegir-los<\/li>\n<li>Creaci\u00f3 de m\u00fasica amb l&#8217;extensi\u00f3: instruments, notes i tempo<\/li>\n<\/ul>\n<\/td>\n<\/tr>\n<tr style=\"height: 143px;\">\n<td style=\"width: 122px; height: 143px;\">Sessi\u00f3 9<\/p>\n<p>Potser s\u00ed, potser no<\/td>\n<td>Estructures condicionals<\/p>\n<p>Expressions l\u00f2giques<\/p>\n<p>Sensors i operadors<\/p>\n<p>Preguntes i respostes<\/td>\n<td style=\"width: 415px; height: 143px;\">\n<ul>\n<li><span style=\"font-weight: 400;\">C\u00f2pia i canvi de nom dels projectes<\/span><\/li>\n<li><span style=\"font-weight: 400;\">Estructura condicional. \u00das d\u2019expressions l\u00f2giques<\/span><\/li>\n<li><span style=\"font-weight: 400;\">Finalitzaci\u00f3 d\u2019una estructura iterativa amb una estructura condicional<\/span><\/li>\n<li><span style=\"font-weight: 400;\">Comunicaci\u00f3 amb l\u2019usuari<\/span><\/li>\n<\/ul>\n<\/td>\n<\/tr>\n<tr style=\"height: 97px;\">\n<td style=\"width: 122px; height: 97px;\">Sessi\u00f3 10<\/p>\n<p>Els personatges es comuniquen<\/td>\n<td>Esdeveniments<\/p>\n<p>Enviament de missatges<\/td>\n<td style=\"width: 415px; height: 97px;\">\n<ul>\n<li>Enviament de missatges entre personatges<\/li>\n<li>Treballar amb les Scratch Cards<\/li>\n<\/ul>\n<p>&nbsp;<\/td>\n<\/tr>\n<tr style=\"height: 120px;\">\n<td style=\"width: 122px; height: 120px;\">Sessi\u00f3 11<\/p>\n<p>I ara acabem el nostre projecte<\/td>\n<td>Revisi\u00f3 de la descripci\u00f3 del projecte<\/p>\n<p>Programaci\u00f3 del projecte<\/p>\n<p>Aprofitar altres projectes o programes<\/p>\n<p>Control de funcionament del projecte<\/td>\n<td style=\"width: 415px; height: 120px;\">\n<ul>\n<li>Descripci\u00f3 final de projecte<\/li>\n<li>Copia de projectes i programes<\/li>\n<li>Programaci\u00f3 del projecte<\/li>\n<\/ul>\n<\/td>\n<\/tr>\n<tr style=\"height: 97px;\">\n<td style=\"width: 122px; height: 97px;\">Sessi\u00f3 12<\/p>\n<p>Presentem el nostre projecte i el valorem<\/td>\n<td>Com fer una presentaci\u00f3?<\/p>\n<p>Ens autoavaluem<\/p>\n<p>Ens avaluem com a grup<strong>\u00a0<\/strong><\/td>\n<td style=\"width: 415px; height: 97px;\">\n<ul>\n<li>Pautes per dur a terme la presentaci\u00f3 del projecte<\/li>\n<li>Coavaluaci\u00f3 del grup<\/li>\n<li>Autoavaluaci\u00f3 dels alumnes<\/li>\n<\/ul>\n<\/td>\n<\/tr>\n<\/tbody>\n<\/table>\n","protected":false},"excerpt":{"rendered":"<p>En aquest m\u00f2dul comen\u00e7arem a treballar amb l&#8217;Scratch, un viatge al\u00b7lucinant pel cam\u00ed de la programaci\u00f3!<br \/>\nEl\u00a0repte final d\u2019aquest m\u00f2dul ser\u00e0 la creaci\u00f3 de postals interactives. Per tal de resoldre el repte descobrirem l&#8217;entorn de l&#8217;Scratch i la necessitat de programar. Explorarem els objectes i els&hellip;  <a href=\"https:\/\/agora.xtec.cat\/iesdeltebre\/curs-scratch\/modul-1-comenca-lscratch-aventura-scratch-3\/\" title=\"Read M\u00f2dul 1. Comen\u00e7a l&#8217;Scratch aventura (Scratch 3.0)\">Llegeix m\u00e9s\u00bb<\/a><\/p>\n","protected":false},"author":1,"featured_media":0,"parent":19063,"menu_order":15,"comment_status":"closed","ping_status":"closed","template":"page-templates\/side-menu.php","meta":{"_bbp_topic_count":0,"_bbp_reply_count":0,"_bbp_total_topic_count":0,"_bbp_total_reply_count":0,"_bbp_voice_count":0,"_bbp_anonymous_reply_count":0,"_bbp_topic_count_hidden":0,"_bbp_reply_count_hidden":0,"_bbp_forum_subforum_count":0,"footnotes":""},"class_list":["post-17494","page","type-page","status-publish","hentry"],"post_mailing_queue_ids":[],"_links":{"self":[{"href":"https:\/\/agora.xtec.cat\/iesdeltebre\/wp-json\/wp\/v2\/pages\/17494","targetHints":{"allow":["GET"]}}],"collection":[{"href":"https:\/\/agora.xtec.cat\/iesdeltebre\/wp-json\/wp\/v2\/pages"}],"about":[{"href":"https:\/\/agora.xtec.cat\/iesdeltebre\/wp-json\/wp\/v2\/types\/page"}],"author":[{"embeddable":true,"href":"https:\/\/agora.xtec.cat\/iesdeltebre\/wp-json\/wp\/v2\/users\/1"}],"replies":[{"embeddable":true,"href":"https:\/\/agora.xtec.cat\/iesdeltebre\/wp-json\/wp\/v2\/comments?post=17494"}],"version-history":[{"count":1,"href":"https:\/\/agora.xtec.cat\/iesdeltebre\/wp-json\/wp\/v2\/pages\/17494\/revisions"}],"predecessor-version":[{"id":19071,"href":"https:\/\/agora.xtec.cat\/iesdeltebre\/wp-json\/wp\/v2\/pages\/17494\/revisions\/19071"}],"up":[{"embeddable":true,"href":"https:\/\/agora.xtec.cat\/iesdeltebre\/wp-json\/wp\/v2\/pages\/19063"}],"wp:attachment":[{"href":"https:\/\/agora.xtec.cat\/iesdeltebre\/wp-json\/wp\/v2\/media?parent=17494"}],"curies":[{"name":"wp","href":"https:\/\/api.w.org\/{rel}","templated":true}]}}