{"id":16334,"date":"2020-06-01T16:49:23","date_gmt":"2020-06-01T14:49:23","guid":{"rendered":"http:\/\/agora.xtec.cat\/iesdeltebre\/?page_id=16334"},"modified":"2025-07-01T12:02:18","modified_gmt":"2025-07-01T10:02:18","slug":"comanda-de-llibres-curs","status":"publish","type":"page","link":"https:\/\/agora.xtec.cat\/iesdeltebre\/families\/comanda-de-llibres-curs\/","title":{"rendered":"Llibres curs 25-26"},"content":{"rendered":"<hr \/>\n<p><strong>Contingut actualitzat a 01\/07\/2025<\/strong><\/p>\n<p><a href=\"https:\/\/agora.xtec.cat\/iesdeltebre\/wp-content\/uploads\/usu809\/2025\/07\/Llibres_25-26-2.pdf\" target=\"_blank\" rel=\"noopener\">Llibres: Curs 25-26<\/a><\/p>\n<p><a href=\"https:\/\/agora.xtec.cat\/iesdeltebre\/wp-content\/uploads\/usu809\/2025\/07\/Lectures_25-26.pdf\" target=\"_blank\" rel=\"noopener\">Lectures: Curs 25-26<\/a><\/p>\n<p>Tingueu present que l&#8217;AFA no s&#8217;encarregar\u00e0 de la distribuci\u00f3 de llibres per al curs 25-26, per\u00f2 s\u00ed de la compra conjunta de les llic\u00e8ncies digitals i agenda corporativa, per la qual cosa us emplacem a seguir aquest <a href=\"https:\/\/agora.xtec.cat\/iesdeltebre\/families\/afa-reserva-llibres-curs\/\" target=\"_blank\" rel=\"noopener\">enlla\u00e7<\/a><\/p>\n<hr \/>\n<p>&nbsp;<\/p>\n","protected":false},"excerpt":{"rendered":"<p>Contingut actualitzat a 01\/07\/2025<br \/>\n<a href=\"https:\/\/agora.xtec.cat\/iesdeltebre\/wp-content\/uploads\/usu809\/2025\/07\/Llibres_25-26-2.pdf\" target=\"_blank\" rel=\"noopener\">Llibres: Curs 25-26<\/a><br \/>\n<a href=\"https:\/\/agora.xtec.cat\/iesdeltebre\/wp-content\/uploads\/usu809\/2025\/07\/Lectures_25-26.pdf\" target=\"_blank\" rel=\"noopener\">Lectures: Curs 25-26<\/a><br \/>\nTingueu present que l&#8217;AFA no s&#8217;encarregar\u00e0 de la distribuci\u00f3 de llibres per al curs 25-26, per\u00f2 s\u00ed de la compra conjunta de les llic\u00e8ncies digitals i agenda corporativa, per la qual cosa&hellip;  <a href=\"https:\/\/agora.xtec.cat\/iesdeltebre\/families\/comanda-de-llibres-curs\/\" title=\"Read Llibres curs 25-26\">Llegeix m\u00e9s\u00bb<\/a><\/p>\n","protected":false},"author":1,"featured_media":0,"parent":333,"menu_order":2,"comment_status":"closed","ping_status":"closed","template":"page-templates\/side-menu.php","meta":{"_bbp_topic_count":0,"_bbp_reply_count":0,"_bbp_total_topic_count":0,"_bbp_total_reply_count":0,"_bbp_voice_count":0,"_bbp_anonymous_reply_count":0,"_bbp_topic_count_hidden":0,"_bbp_reply_count_hidden":0,"_bbp_forum_subforum_count":0,"footnotes":""},"class_list":["post-16334","page","type-page","status-publish","hentry"],"post_mailing_queue_ids":[],"_links":{"self":[{"href":"https:\/\/agora.xtec.cat\/iesdeltebre\/wp-json\/wp\/v2\/pages\/16334","targetHints":{"allow":["GET"]}}],"collection":[{"href":"https:\/\/agora.xtec.cat\/iesdeltebre\/wp-json\/wp\/v2\/pages"}],"about":[{"href":"https:\/\/agora.xtec.cat\/iesdeltebre\/wp-json\/wp\/v2\/types\/page"}],"author":[{"embeddable":true,"href":"https:\/\/agora.xtec.cat\/iesdeltebre\/wp-json\/wp\/v2\/users\/1"}],"replies":[{"embeddable":true,"href":"https:\/\/agora.xtec.cat\/iesdeltebre\/wp-json\/wp\/v2\/comments?post=16334"}],"version-history":[{"count":8,"href":"https:\/\/agora.xtec.cat\/iesdeltebre\/wp-json\/wp\/v2\/pages\/16334\/revisions"}],"predecessor-version":[{"id":20287,"href":"https:\/\/agora.xtec.cat\/iesdeltebre\/wp-json\/wp\/v2\/pages\/16334\/revisions\/20287"}],"up":[{"embeddable":true,"href":"https:\/\/agora.xtec.cat\/iesdeltebre\/wp-json\/wp\/v2\/pages\/333"}],"wp:attachment":[{"href":"https:\/\/agora.xtec.cat\/iesdeltebre\/wp-json\/wp\/v2\/media?parent=16334"}],"curies":[{"name":"wp","href":"https:\/\/api.w.org\/{rel}","templated":true}]}}