{"id":16231,"date":"2020-02-09T18:58:22","date_gmt":"2020-02-09T17:58:22","guid":{"rendered":"http:\/\/agora.xtec.cat\/iesdeltebre\/?page_id=16231"},"modified":"2023-11-10T11:54:30","modified_gmt":"2023-11-10T10:54:30","slug":"estructura-organitzativa-interna","status":"publish","type":"page","link":"https:\/\/agora.xtec.cat\/iesdeltebre\/informacio-publica\/estructura-organitzativa-interna\/","title":{"rendered":"Estructura Organitzativa Interna"},"content":{"rendered":"<p><strong>Adreces de correu electr\u00f2nic de contacte<\/strong><\/p>\n<p><strong style=\"font-size: medium; font-family: inherit; line-height: 1.6;\">Centre<\/strong><\/p>\n<ul>\n<li><span style=\"font-size: medium;\">B\u00fastia General: <\/span><a href=\"mailto:e3006964@xtec.cat\">e3006964<wbr \/>@xtec.cat<\/a><\/li>\n<li><span style=\"font-size: medium;\">Directora: <a href=\"mailto:e3006964@xtec.cat\">Anna Bertomeu Sabat\u00e9<\/a><\/span><\/li>\n<li>Cap d&#8217;Estudis ESO i Batxillerat:\u00a0<a href=\"ladell2@xtec.cat\" target=\"_blank\" rel=\"noopener noreferrer\">Lorena Adell<\/a><\/li>\n<li>Cap d&#8217;Estudis adjunta: <a href=\"mailto:cpallar7@xtec.cat\" target=\"_blank\" rel=\"noopener noreferrer\">Carme Pallar\u00e9s Ferr\u00e9<\/a><\/li>\n<li>Cap d&#8217;Estudis FP : <a href=\"lnoche@xtec.cat\" target=\"_blank\" rel=\"noopener\">Laura Noche Arnau<\/a><\/li>\n<li>Coordinadora Pedag\u00f2gica:\u00a0<a href=\"mailto:jcid2@xtec.at\" target=\"_blank\" rel=\"noopener noreferrer\">Joana Cid Nadal<\/a><\/li>\n<li>Secretari: <a href=\"mailto:jrosel35@xtec.cat\" target=\"_blank\" rel=\"noopener noreferrer\">Jes\u00fas Rosell\u00f3-Figueras Fontcuberta<\/a><span style=\"color: #008080;\"><br \/>\n<\/span><\/li>\n<\/ul>\n<p><span style=\"font-size: medium;\"><strong>BATX Coordinaci\u00f3<\/strong><\/span><\/p>\n<ul>\n<li><span style=\"font-size: medium;\">Coordinaci\u00f3: <a href=\"mailto:mcosta59@xtec.cat\" target=\"_blank\" rel=\"noopener noreferrer\">Merc\u00e8 Costa Franch<\/a><\/span><\/li>\n<\/ul>\n<p><span style=\"font-size: medium;\"><strong>ESO\u00a0Coordinaci\u00f3<\/strong><\/span><\/p>\n<ul>\n<li><span style=\"font-size: medium;\">Coordinaci\u00f3 1r ESO: <a href=\"aaguilo2@xtec.cat\" target=\"_blank\" rel=\"noopener\">Araceli Teresa Aguil\u00f3 Marqu\u00e9s<\/a><\/span><\/li>\n<li><span style=\"font-size: medium;\">Coordinaci\u00f3 2n ESO: <a href=\"lbonet21@xtec.cat\" target=\"_blank\" rel=\"noopener\">Laura Bonet Iborra<\/a><\/span><\/li>\n<li><span style=\"font-size: medium;\">Coordinaci\u00f3 3r ESO: <a href=\"epaloma4@xtec.cat\" target=\"_blank\" rel=\"noopener\">Esther Palomares Call\u00e9n<\/a><\/span><\/li>\n<li><span style=\"font-size: medium;\">Coordinaci\u00f3 4t ESO: <a href=\"jtomas32@xtec.cat\" target=\"_blank\" rel=\"noopener\">Jose Miguel Tom\u00e0s Esteban<\/a><\/span><\/li>\n<\/ul>\n<p><span style=\"font-size: medium;\"><strong>\u00c0MBITS<\/strong><\/span><\/p>\n<ul>\n<li>\u00c0mbit Ling\u00fcistic: <a href=\"eruiz29@xtec.cat\" target=\"_blank\" rel=\"noopener\">Eva Ru\u00edz Fabregat<\/a><\/li>\n<li><span style=\"font-size: medium;\">\u00c0mbit Steam: <a href=\"afibla5@xtec.cat\" target=\"_blank\" rel=\"noopener\">Aida Fibla Tom\u00e1s<\/a><\/span><\/li>\n<li>\u00c0mbit Social: <a href=\"mperona4@xtec.cat\" target=\"_blank\" rel=\"noopener\">Miriam Perona Blay<\/a><\/li>\n<li>\u00c0mbit Cicles: <a href=\"ssubirat@xtec.cat\" target=\"_blank\" rel=\"noopener\">Susanna Subirats Sol\u00e9<\/a><\/li>\n<\/ul>\n<p><span style=\"font-size: medium;\"><strong>COMISSIONS I COORDINACIONS:<\/strong><\/span><\/p>\n<ul>\n<li><span style=\"font-size: medium;\">Projecte Pluriling\u00fce: <a href=\"ajovani2@xtec.cat\" target=\"_blank\" rel=\"noopener\">Alicia Jovan\u00ed Ferreres<\/a><\/span><\/li>\n<li><span style=\"font-size: medium;\">Batxillerat (treballs de recerca, &#8230;):\u00a0<a href=\"mailto:mcosta59@xtec.cat\" target=\"_blank\" rel=\"noopener noreferrer\">Merc\u00e8 Costa Franch<\/a><\/span><\/li>\n<li><span style=\"font-size: medium;\">Coordinaci\u00f3 Biblioteca: <a href=\"eruiz29@xtec.cat\" target=\"_blank\" rel=\"noopener\">Eva Ruiz<\/a>, <a href=\"mcallejo@xtec.cat\" target=\"_blank\" rel=\"noopener\">Merc\u00e8 Callejon<\/a> i <a href=\"sroig3@xtec.cat\" target=\"_blank\" rel=\"noopener\">Soraia Roig<\/a><\/span><\/li>\n<li>Coordinaci\u00f3 Salut:\u00a0<a href=\"mailto:ssubirat@xtec.cat\" target=\"_blank\" rel=\"noopener noreferrer\">Susana Subirats Sol\u00e9<\/a><\/li>\n<li>Prevenci\u00f3 de riscos laborals:\u00a0<a href=\"mailto:jroe@xtec.cat\" target=\"_blank\" rel=\"noopener noreferrer\">Jes\u00fas Roe Arasa<\/a><\/li>\n<li>SIEI:\u00a0<a href=\"mailto:ajuan5@xtec.cat\" target=\"_blank\" rel=\"noopener noreferrer\">Ana Juan Albiol<\/a><\/li>\n<li>Mediaci\u00f3: <a href=\"mailto:cpallar7@xtec.cat\" target=\"_blank\" rel=\"noopener noreferrer\">Carme Pallar\u00e9s Ferr\u00e9<\/a><\/li>\n<li>Cultiu del silenci: <a href=\"epaloma4@xtec.cat\" target=\"_blank\" rel=\"noopener\">Esther Palomares Call\u00e9n<\/a><\/li>\n<li>Xarxes socials: <a href=\"epaloma4@xtec.cat\" target=\"_blank\" rel=\"noopener\">Esther Palomares Call\u00e9n<\/a><\/li>\n<li>Escola verda: <a href=\"lbonet21@xtec.cat\" target=\"_blank\" rel=\"noopener\">Laura Bonet<\/a><\/li>\n<li><span style=\"font-size: medium;\">Digital: <a href=\"ralujas2@xtec.cat\" target=\"_blank\" rel=\"noopener\">Ramon Alujas Tejada<\/a><\/span><\/li>\n<li>ESO: <a href=\"epaloma4@xtec.cat\" target=\"_blank\" rel=\"noopener\">Esther Palomares Call\u00e9n<\/a><\/li>\n<li>Activitats l\u00fadic-recreatives: <a href=\"fnavar12@xtec.cat\" target=\"_blank\" rel=\"noopener\">Ferran Navarro Guillen<\/a><\/li>\n<li>Activitats escolars: <span style=\"font-size: medium;\"><a href=\"mailto:jtomas32@xtec.cat\" target=\"_blank\" rel=\"noopener noreferrer\">Miquel Tomas Esteban<\/a><\/span><\/li>\n<li>Pla d&#8217;esport: <a href=\"msalaet@xtec.cat\" target=\"_blank\" rel=\"noopener\">M\u00f2nica Salaet Pag\u00e1<\/a><\/li>\n<li>Coordinaci\u00f3 art\u00edstica: <a href=\"cdomene2@xtec.cat\" target=\"_blank\" rel=\"noopener\">Carme Domenech<\/a> i <a href=\"rpaloma5@xtec.cat\" target=\"_blank\" rel=\"noopener\">Raquel Palomar<\/a><\/li>\n<li>Comissi\u00f3 Digital de Centre: <a href=\"fnavar12@xtec.cat\" target=\"_blank\" rel=\"noopener\">Ferran Navarro Guillen<\/a>, <a href=\"jsegur14@xtec.cat\" target=\"_blank\" rel=\"noopener\">Joaquim Segura<\/a>, <a href=\"ralujas2@xtec.cat\" target=\"_blank\" rel=\"noopener\">Ramon Alujas<\/a> i <a href=\"jrosel35@xtec.cat\" target=\"_blank\" rel=\"noopener\">Jes\u00fas Rosell\u00f3-Figueras<\/a><\/li>\n<li>Coordinaci\u00f3 de coeducaci\u00f3, conviv\u00e8ncia i benestar de l&#8217;alumnat: <a href=\"mailto:ajuan5@xtec.cat\" target=\"_blank\" rel=\"noopener noreferrer\">Ana Juan Albiol<\/a><\/li>\n<li>Aula acollida: <a href=\"pcorrea3@xtec.cat\" target=\"_blank\" rel=\"noopener\">Pablo Correa Julve<\/a><\/li>\n<li>Servei comunitari: <a href=\"mailto:ajuan5@xtec.cat\" target=\"_blank\" rel=\"noopener noreferrer\">Ana Juan Albiol<\/a><\/li>\n<li>Coeducaci\u00f3: <a href=\"cabril@xtec.cat\" target=\"_blank\" rel=\"noopener\">Carme Abril Ferrer<\/a><\/li>\n<\/ul>\n","protected":false},"excerpt":{"rendered":"<p>Adreces de correu electr\u00f2nic de contacte<br \/>\nCentre<\/p>\n<ul>\n<li>B\u00fastia General: <a href=\"mailto:e3006964@xtec.cat\">e3006964@xtec.cat<\/a><\/li>\n<li>Directora: <a href=\"mailto:e3006964@xtec.cat\">Anna Bertomeu Sabat\u00e9<\/a><\/li>\n<li>Cap d&#8217;Estudis ESO i Batxillerat:\u00a0<a href=\"ladell2@xtec.cat\" target=\"_blank\" rel=\"noopener noreferrer\">Lorena Adell<\/a><\/li>\n<li>Cap d&#8217;Estudis adjunta: <a href=\"mailto:cpallar7@xtec.cat\" target=\"_blank\" rel=\"noopener noreferrer\">Carme Pallar\u00e9s Ferr\u00e9<\/a><\/li>\n<li>Cap d&#8217;Estudis FP : <a href=\"lnoche@xtec.cat\" target=\"_blank\" rel=\"noopener\">Laura Noche Arnau<\/a><\/li>\n<li>Coordinadora Pedag\u00f2gica:\u00a0<a href=\"mailto:jcid2@xtec.at\" target=\"_blank\" rel=\"noopener noreferrer\">Joana&hellip;  <a href=\"https:\/\/agora.xtec.cat\/iesdeltebre\/informacio-publica\/estructura-organitzativa-interna\/\" title=\"Read Estructura Organitzativa Interna\">Llegeix m\u00e9s\u00bb<\/a><br \/>\n","protected":false},"author":1,"featured_media":0,"parent":16204,"menu_order":50,"comment_status":"closed","ping_status":"closed","template":"page-templates\/side-menu.php","meta":{"_bbp_topic_count":0,"_bbp_reply_count":0,"_bbp_total_topic_count":0,"_bbp_total_reply_count":0,"_bbp_voice_count":0,"_bbp_anonymous_reply_count":0,"_bbp_topic_count_hidden":0,"_bbp_reply_count_hidden":0,"_bbp_forum_subforum_count":0,"footnotes":""},"class_list":["post-16231","page","type-page","status-publish","hentry"],"post_mailing_queue_ids":[],"_links":{"self":[{"href":"https:\/\/agora.xtec.cat\/iesdeltebre\/wp-json\/wp\/v2\/pages\/16231","targetHints":{"allow":["GET"]}}],"collection":[{"href":"https:\/\/agora.xtec.cat\/iesdeltebre\/wp-json\/wp\/v2\/pages"}],"about":[{"href":"https:\/\/agora.xtec.cat\/iesdeltebre\/wp-json\/wp\/v2\/types\/page"}],"author":[{"embeddable":true,"href":"https:\/\/agora.xtec.cat\/iesdeltebre\/wp-json\/wp\/v2\/users\/1"}],"replies":[{"embeddable":true,"href":"https:\/\/agora.xtec.cat\/iesdeltebre\/wp-json\/wp\/v2\/comments?post=16231"}],"version-history":[{"count":5,"href":"https:\/\/agora.xtec.cat\/iesdeltebre\/wp-json\/wp\/v2\/pages\/16231\/revisions"}],"predecessor-version":[{"id":19850,"href":"https:\/\/agora.xtec.cat\/iesdeltebre\/wp-json\/wp\/v2\/pages\/16231\/revisions\/19850"}],"up":[{"embeddable":true,"href":"https:\/\/agora.xtec.cat\/iesdeltebre\/wp-json\/wp\/v2\/pages\/16204"}],"wp:attachment":[{"href":"https:\/\/agora.xtec.cat\/iesdeltebre\/wp-json\/wp\/v2\/media?parent=16231"}],"curies":[{"name":"wp","href":"https:\/\/api.w.org\/{rel}","templated":true}]}}