{"id":15865,"date":"2018-09-03T12:23:57","date_gmt":"2018-09-03T10:23:57","guid":{"rendered":"http:\/\/projectes.xtec.cat\/programacioirobotica\/?page_id=15865"},"modified":"2018-09-03T12:23:57","modified_gmt":"2018-09-03T10:23:57","slug":"modul-6-sessio-2-bis","status":"publish","type":"page","link":"https:\/\/agora.xtec.cat\/iesdeltebre\/modul-6-sessio-2-bis\/","title":{"rendered":"M\u00f2dul 6. Dissenya, construeix i programa el teu robot"},"content":{"rendered":"<p>En aquest m\u00f2dul us proposem construir una caixa forta i el vostre propi robot. Aqu\u00ed podr\u00edeu donar soluci\u00f3 a alguna necessitat que tingueu a la vostra escola.<\/p>\n<p>En aquesta ocasi\u00f3 us guiarem en la construcci\u00f3 d&#8217;una caixa forta feta amb un kit de rob\u00f2tica que es pot programar amb una versi\u00f3 modificada d&#8217;Scratch. Tamb\u00e9 podreu con\u00e8ixer molts tipus de robots i fer una pluja d&#8217;idees per decidir com ser\u00e0 finalment el vostre robot. A les sessions del m\u00f2dul us hem facilitat molts recursos per a qu\u00e8 els incorporeu. A la vegada, anireu elaborant un document que recollir\u00e0 detalls sobre el proc\u00e9s de disseny i construcci\u00f3 de la caixa forta i del robot.<\/p>\n<p>Tamb\u00e9 podeu, com als m\u00f2duls anteriors, trobar refer\u00e8ncies i enlla\u00e7os a funcions treballades a sessions d&#8217;aquest o altres m\u00f2duls. D\u2019aquesta forma podeu anar retrocedint i consultant aquells punts en concret que us puguin donar una empenta all\u00e0 on us atureu.<\/p>\n<p>Al final del m\u00f2dul teniu m\u00e9s temps per revisar i comprovar el funcionament del vostre robot.<\/p>\n<p>Us convertireu d&#8217;aquesta manera en creadors de robots.<\/p>\n<table style=\"width: 790px;\">\n<tbody>\n<tr style=\"height: 31px;\">\n<td style=\"width: 122px; height: 31px;\">SESSI\u00d3<\/td>\n<td style=\"width: 243px; height: 31px;\">PLANS DE TREBALL<\/td>\n<td style=\"width: 415px; height: 31px;\">ACTIVITATS<\/td>\n<\/tr>\n<tr style=\"height: 42px;\">\n<td style=\"width: 122px; height: 42px;\">Sessi\u00f3 1<\/p>\n<p class=\"entry-title\">I si fem ara robots ?<\/p>\n<\/td>\n<td style=\"width: 243px;\">\n<div>\n<p>La caixa forta<\/p>\n<p>Els robots<\/p>\n<\/div>\n<\/td>\n<td style=\"width: 415px; height: 42px;\">\n<ul>\n<li>Presentaci\u00f3 dels 2 projectes que es construiran<\/li>\n<li>Pluja d\u2019idees per crear el nostre robot<\/li>\n<li>Iniciar el document de text del projecte<\/li>\n<\/ul>\n<\/td>\n<\/tr>\n<tr style=\"height: 18px;\">\n<td style=\"width: 122px; height: 18px;\">Sessi\u00f3 2<\/p>\n<p class=\"entry-title\">El cervell del teu robot: la placa programada amb Scratch for Arduino<\/p>\n<\/td>\n<td style=\"width: 243px;\">\n<div>\n<div>\n<p>La placa del kit de rob\u00f2tica<\/p>\n<p>Els components que es poden connectar a la placa<\/p>\n<p>Els blocs espec\u00edfics de programaci\u00f3 de l\u2019Scratch for Arduino<\/p>\n<\/div>\n<\/div>\n<\/td>\n<td style=\"width: 415px; height: 18px;\">\n<ul>\n<li>Connectar la placa amb S4A<\/li>\n<li>Visualitzar la taula de sensors<\/li>\n<li>Programar l&#8217;encesa i l&#8217;apagada d&#8217;un LED<\/li>\n<li>Programar el gir d&#8217;un motor<\/li>\n<\/ul>\n<\/td>\n<\/tr>\n<tr style=\"height: 141px;\">\n<td style=\"width: 122px; height: 141px;\">Sessi\u00f3 3<\/p>\n<p class=\"entry-title\">Constru\u00efm la nostra caixa forta i posem-li 2 LEDs : oberta\/tancada<\/p>\n<\/td>\n<td style=\"width: 243px;\">\n<div>\n<p>Construcci\u00f3 d&#8217;una caixa forta<\/p>\n<p>Els LEDs<\/p>\n<p>Relacionar personatges i components<\/p>\n<\/div>\n<\/td>\n<td style=\"width: 415px; height: 141px;\">\n<ul>\n<li>Comen\u00e7ar a construir la caixa forta<\/li>\n<li>Fixar i connectar 2 LEDs<\/li>\n<li>Programar els LEDs<\/li>\n<li>Posar personatges en forma de botons que encenguin i apaguin els LEDs<\/li>\n<\/ul>\n<\/td>\n<\/tr>\n<tr style=\"height: 130px;\">\n<td style=\"width: 122px; height: 130px;\">Sessi\u00f3 4<\/p>\n<p class=\"entry-title\">Ens volen obrir la caixa forta !!!<\/p>\n<\/td>\n<td style=\"width: 243px;\">\n<div>\n<div>\n<p>Els avisos sonors<\/p>\n<p>El brunzidor<\/p>\n<p>Relacionar personatges i components<\/p>\n<\/div>\n<\/div>\n<\/td>\n<td style=\"width: 415px; height: 130px;\">\n<ul>\n<li>Fixar un brunzidor a la caixa forta<\/li>\n<li>Programar les alarmes<\/li>\n<li>Posar personatges en forma de botons que activin les alarmes<\/li>\n<\/ul>\n<\/td>\n<\/tr>\n<tr style=\"height: 118px;\">\n<td style=\"width: 122px; height: 118px;\">Sessi\u00f3 5<\/p>\n<p class=\"entry-title\">Alarma : s\u2019emporten la nostra caixa forta !!!<\/p>\n<\/td>\n<td style=\"width: 243px;\">\n<div>\n<div>\n<p>El sensor de llum<\/p>\n<p>Detecci\u00f3 del nivell d&#8217;il\u00b7luminaci\u00f3<\/p>\n<\/div>\n<\/div>\n<\/td>\n<td style=\"width: 415px; height: 118px;\">\n<ul>\n<li>Fixar i connectar un sensor de llum<\/li>\n<li>Afegir un comptador de intents de robatori<\/li>\n<li>Afegir un recordatori d&#8217;alarma<\/li>\n<\/ul>\n<\/td>\n<\/tr>\n<tr style=\"height: 29px;\">\n<td style=\"width: 122px; height: 29px;\">Sessi\u00f3 6<\/p>\n<p class=\"entry-title\">Li posem una contrasenya ?<\/p>\n<\/td>\n<td style=\"width: 243px; height: 29px;\">\n<div>\n<p>Els potenci\u00f2metres<\/p>\n<p>Les contrasenyes<\/p>\n<p>&nbsp;<\/p>\n<\/div>\n<\/td>\n<td style=\"width: 415px; height: 29px;\">\n<ul>\n<li>Fixar i connectar potenci\u00f2metres a la capsa<\/li>\n<li>Formar una combinaci\u00f3 de xifres amb els potenci\u00f2metres<\/li>\n<li>Fer visible la combinaci\u00f3 a l&#8217;escenari<\/li>\n<\/ul>\n<\/td>\n<\/tr>\n<tr style=\"height: 74px;\">\n<td style=\"width: 122px; height: 74px;\">Sessi\u00f3 7<\/p>\n<p class=\"entry-title\">I si volem canviar la contrasenya ?<\/p>\n<\/td>\n<td>\n<div>\n<div>\n<p>Contrasenya inicial<\/p>\n<p>Canvi de contrasenya<\/p>\n<\/div>\n<\/div>\n<\/td>\n<td style=\"width: 415px; height: 74px;\">\n<ul>\n<li>Fixar un polsador<\/li>\n<li>Programar l&#8217;obertura i el tancament de la caixa forta<\/li>\n<li>Programar l&#8217;alarma per contrasenya incorrecta<\/li>\n<\/ul>\n<\/td>\n<\/tr>\n<tr style=\"height: 89px;\">\n<td style=\"width: 122px; height: 89px;\">Sessi\u00f3 8<\/p>\n<p class=\"entry-title\">I ara obrim i tanquem la porta de la caixa forta!!!<\/p>\n<\/td>\n<td>\n<div>\n<div>\n<p>Servomotors<\/p>\n<p>Sistema d\u2019obertura de la caixa forta<\/p>\n<\/div>\n<\/div>\n<\/td>\n<td style=\"width: 415px; height: 89px;\">\n<ul>\n<li>Fixar mini servo i goma el\u00e0stica a la caixa forta<\/li>\n<li>Programar el mini servo<\/li>\n<\/ul>\n<\/td>\n<\/tr>\n<tr style=\"height: 143px;\">\n<td style=\"width: 122px; height: 143px;\">Sessi\u00f3 9<\/p>\n<p class=\"entry-title\">Caixa forta completada i ara \u2026 La construcci\u00f3 del vostre robot!<\/p>\n<\/td>\n<td>\n<div>\n<p>El robot<\/p>\n<\/div>\n<\/td>\n<td style=\"width: 415px; height: 143px;\">\n<ul>\n<li>Dissenyar el robot<\/li>\n<li>Seleccionar els components del robot<\/li>\n<li>Iniciar la construcci\u00f3 del robot<\/li>\n<li>Iniciar la programaci\u00f3 del robot<\/li>\n<\/ul>\n<\/td>\n<\/tr>\n<tr style=\"height: 97px;\">\n<td style=\"width: 122px; height: 97px;\">Sessi\u00f3 10<\/p>\n<p class=\"entry-title\">Construcci\u00f3 i programaci\u00f3 del vostre robot<\/p>\n<\/td>\n<td>\n<div>\n<div>Construcci\u00f3 i programaci\u00f3 del robot<\/div>\n<\/div>\n<\/td>\n<td style=\"width: 415px; height: 97px;\">\n<ul>\n<li>Continuar construint el robot<\/li>\n<li>Continuar programant el funcionament del robot<\/li>\n<li>Comprovaci\u00f3 del funcionament dels components<\/li>\n<li>Compartir i con\u00e8ixer les propostes de robot d\u2019altres grups<\/li>\n<\/ul>\n<\/td>\n<\/tr>\n<tr style=\"height: 120px;\">\n<td style=\"width: 122px; height: 120px;\">Sessi\u00f3 11<\/p>\n<p class=\"entry-title\">Atenci\u00f3 arriba el moment de provar el robot!<\/p>\n<\/td>\n<td>\n<div>\n<div>\n<p>Funcionament del robot<\/p>\n<p>Comprovar el funcionament del robot<\/p>\n<\/div>\n<\/div>\n<\/td>\n<td style=\"width: 415px; height: 120px;\">\n<ul>\n<li>Finalitzar la construcci\u00f3 del robot<\/li>\n<li>Comprovar el funcionament del robot<\/li>\n<\/ul>\n<\/td>\n<\/tr>\n<tr style=\"height: 97px;\">\n<td style=\"width: 122px; height: 97px;\">Sessi\u00f3 12<\/p>\n<p class=\"entry-title\">Presentaci\u00f3 del projecte: autoavaluaci\u00f3 i avaluaci\u00f3 (les r\u00fabriques)<\/p>\n<\/td>\n<td>\n<div>\n<p>Com fer una presentaci\u00f3<\/p>\n<p>Ens autoavaluem<\/p>\n<p>Ens avaluem com a grup<\/p>\n<\/div>\n<\/td>\n<td style=\"width: 415px; height: 97px;\">\n<ul>\n<li>Pautes per dur a terme la presentaci\u00f3 del projecte<\/li>\n<li>Coavaluaci\u00f3 del grup<\/li>\n<li>Autoavaluaci\u00f3 dels alumnes<\/li>\n<\/ul>\n<\/td>\n<\/tr>\n<\/tbody>\n<\/table>\n<p>&nbsp;<\/p>\n<div><\/div>\n","protected":false},"excerpt":{"rendered":"<p>En aquest m\u00f2dul us proposem construir una caixa forta i el vostre propi robot. Aqu\u00ed podr\u00edeu donar soluci\u00f3 a alguna necessitat que tingueu a la vostra escola.<br \/>\nEn aquesta ocasi\u00f3 us guiarem en la construcci\u00f3 d&#8217;una caixa forta feta amb un kit de rob\u00f2tica que es&hellip;  <a href=\"https:\/\/agora.xtec.cat\/iesdeltebre\/modul-6-sessio-2-bis\/\" title=\"Read M\u00f2dul 6. Dissenya, construeix i programa el teu robot\">Llegeix m\u00e9s\u00bb<\/a><\/p>\n","protected":false},"author":1,"featured_media":0,"parent":0,"menu_order":60,"comment_status":"closed","ping_status":"closed","template":"page-templates\/side-menu.php","meta":{"_bbp_topic_count":0,"_bbp_reply_count":0,"_bbp_total_topic_count":0,"_bbp_total_reply_count":0,"_bbp_voice_count":0,"_bbp_anonymous_reply_count":0,"_bbp_topic_count_hidden":0,"_bbp_reply_count_hidden":0,"_bbp_forum_subforum_count":0,"footnotes":""},"class_list":["post-15865","page","type-page","status-publish","hentry"],"post_mailing_queue_ids":[],"_links":{"self":[{"href":"https:\/\/agora.xtec.cat\/iesdeltebre\/wp-json\/wp\/v2\/pages\/15865","targetHints":{"allow":["GET"]}}],"collection":[{"href":"https:\/\/agora.xtec.cat\/iesdeltebre\/wp-json\/wp\/v2\/pages"}],"about":[{"href":"https:\/\/agora.xtec.cat\/iesdeltebre\/wp-json\/wp\/v2\/types\/page"}],"author":[{"embeddable":true,"href":"https:\/\/agora.xtec.cat\/iesdeltebre\/wp-json\/wp\/v2\/users\/1"}],"replies":[{"embeddable":true,"href":"https:\/\/agora.xtec.cat\/iesdeltebre\/wp-json\/wp\/v2\/comments?post=15865"}],"version-history":[{"count":0,"href":"https:\/\/agora.xtec.cat\/iesdeltebre\/wp-json\/wp\/v2\/pages\/15865\/revisions"}],"wp:attachment":[{"href":"https:\/\/agora.xtec.cat\/iesdeltebre\/wp-json\/wp\/v2\/media?parent=15865"}],"curies":[{"name":"wp","href":"https:\/\/api.w.org\/{rel}","templated":true}]}}