{"id":13044,"date":"2018-04-10T09:48:23","date_gmt":"2018-04-10T07:48:23","guid":{"rendered":"http:\/\/projectes.xtec.cat\/programacioirobotica\/?page_id=13044"},"modified":"2018-04-10T09:48:23","modified_gmt":"2018-04-10T07:48:23","slug":"m6-sessio12","status":"publish","type":"page","link":"https:\/\/agora.xtec.cat\/iesdeltebre\/modul-6-sessio-2-bis\/m6-sessio12\/","title":{"rendered":"Sessi\u00f3 12.  Presentaci\u00f3 del projecte: autoavaluaci\u00f3 i avaluaci\u00f3 (les r\u00fabriques)"},"content":{"rendered":"<h2>Pla de treball<\/h2>\n<div style=\"padding-left: 50px;\">\n<ul>\n<li>Com fer una presentaci\u00f3<\/li>\n<li>Ens autoavaluem<\/li>\n<li>Ens avaluem com a grup<\/li>\n<\/ul>\n<\/div>\n<hr \/>\n<h2>Com fer la vostra presentaci\u00f3<\/h2>\n<p>La feina que hem fet al llarg de totes aquestes sessions ha estat molt intensa i \u00e9s per aix\u00f2 que \u00e9s important que la mostrem als nostres companys. A la mateixa vegada, els altres grups tamb\u00e9 han fet una gran feina que volem con\u00e8ixer perqu\u00e8 d&#8217;aquesta forma podem aprendre noves coses que aprofitarem de ben segur en els nostres futurs projectes. Intercanviar, opinar, ajudar-nos com ho fan els equips de programadors i programadores d&#8217;una empresa ens permet aprendre i compartir.<\/p>\n<hr \/>\n<h2>El robot<\/h2>\n<p>No n&#8217;hi ha prou amb ensenyar com funciona el projecte final, hem d&#8217;explicar quin proc\u00e9s hem seguit, quines decisions hem pres, quines dificultats hem trobat pel cam\u00ed per arribar al nostre robot\u00a0i, fins i tot, si estem contents del resultat o se&#8217;ns acudeixen algunes millores.<\/p>\n<p>Per tal que la nostra presentaci\u00f3 sigui tot un \u00e8xit hem de tenir en compte una s\u00e8rie de consells:<\/p>\n<div style=\"padding-left: 50px;\">\n<ul>\n<li>Cal que tinguem present el temps del qual disposem per no allargar-nos ni fer-ho massa r\u00e0pid<\/li>\n<li>\u00c9s una bona idea que preparem un gui\u00f3 que ens ajudi al llarg de la presentaci\u00f3<\/li>\n<li>Va molt b\u00e9 assajar pr\u00e8viament davant d&#8217;alg\u00fa que pugui indicar-nos com millorar-la, quins punts no s&#8217;entenen,&#8230;<\/li>\n<li>A la presentaci\u00f3 hem de participar tots. Hem de repartir-nos b\u00e9 el temps i qu\u00e8 explicarem cadasc\u00fa<\/li>\n<li>Estem presentant el nostre projecte davant dels nostres companys que s\u00f3n uns experts en programar. Hem de mantenir una entonaci\u00f3 clara, mirar-los directament i transmetre confian\u00e7a amb els nostres moviments<\/li>\n<\/ul>\n<\/div>\n<hr \/>\n<h2>Per \u00faltim, ens avaluem<\/h2>\n<p>Ara que hem arribat al final de tot el proc\u00e9s, ens toca valorar com ha anat, no nom\u00e9s pel que fa al projecte sin\u00f3 a com hem treballat en grup i individualment.<br \/>\nAqu\u00ed tenim la del grup que heu d&#8217;omplir de forma conjunta\u00a0<a href=\"https:\/\/docs.google.com\/document\/d\/1I-Kb5LGZpQNEz4m6ve5kHVSd5Un_bzmhoydaJQL13Yo\/edit?usp=sharing\">r\u00fabrica del projecte<\/a><\/p>\n<p>I aqu\u00ed tenim la\u00a0<a href=\"https:\/\/docs.google.com\/document\/d\/1dSq9ulPpHAv67VF8rmyHsNy58Gyx01pM2JMKIgkxZ64\/edit?usp=sharing\">r\u00fabrica d&#8217;autoavaluaci\u00f3<\/a>\u00a0que heu d&#8217;omplir de forma individual.<\/p>\n","protected":false},"excerpt":{"rendered":"<p>Pla de treball<\/p>\n<ul>\n<li>Com fer una presentaci\u00f3<\/li>\n<li>Ens autoavaluem<\/li>\n<li>Ens avaluem com a grup<\/li>\n<\/ul>\n<p>Com fer la vostra presentaci\u00f3<br \/>\nLa feina que hem fet al llarg de totes aquestes sessions ha estat molt intensa i \u00e9s per aix\u00f2 que \u00e9s important que la mostrem als nostres companys. A la mateixa&hellip;  <a href=\"https:\/\/agora.xtec.cat\/iesdeltebre\/modul-6-sessio-2-bis\/m6-sessio12\/\" title=\"Read Sessi\u00f3 12.  Presentaci\u00f3 del projecte: autoavaluaci\u00f3 i avaluaci\u00f3 (les r\u00fabriques)\">Llegeix m\u00e9s\u00bb<\/a><\/p>\n","protected":false},"author":1,"featured_media":0,"parent":15865,"menu_order":12,"comment_status":"closed","ping_status":"closed","template":"page-templates\/side-menu.php","meta":{"_bbp_topic_count":0,"_bbp_reply_count":0,"_bbp_total_topic_count":0,"_bbp_total_reply_count":0,"_bbp_voice_count":0,"_bbp_anonymous_reply_count":0,"_bbp_topic_count_hidden":0,"_bbp_reply_count_hidden":0,"_bbp_forum_subforum_count":0,"footnotes":""},"class_list":["post-13044","page","type-page","status-publish","hentry"],"post_mailing_queue_ids":[],"_links":{"self":[{"href":"https:\/\/agora.xtec.cat\/iesdeltebre\/wp-json\/wp\/v2\/pages\/13044","targetHints":{"allow":["GET"]}}],"collection":[{"href":"https:\/\/agora.xtec.cat\/iesdeltebre\/wp-json\/wp\/v2\/pages"}],"about":[{"href":"https:\/\/agora.xtec.cat\/iesdeltebre\/wp-json\/wp\/v2\/types\/page"}],"author":[{"embeddable":true,"href":"https:\/\/agora.xtec.cat\/iesdeltebre\/wp-json\/wp\/v2\/users\/1"}],"replies":[{"embeddable":true,"href":"https:\/\/agora.xtec.cat\/iesdeltebre\/wp-json\/wp\/v2\/comments?post=13044"}],"version-history":[{"count":0,"href":"https:\/\/agora.xtec.cat\/iesdeltebre\/wp-json\/wp\/v2\/pages\/13044\/revisions"}],"up":[{"embeddable":true,"href":"https:\/\/agora.xtec.cat\/iesdeltebre\/wp-json\/wp\/v2\/pages\/15865"}],"wp:attachment":[{"href":"https:\/\/agora.xtec.cat\/iesdeltebre\/wp-json\/wp\/v2\/media?parent=13044"}],"curies":[{"name":"wp","href":"https:\/\/api.w.org\/{rel}","templated":true}]}}