{"id":13042,"date":"2018-04-10T09:48:01","date_gmt":"2018-04-10T07:48:01","guid":{"rendered":"http:\/\/projectes.xtec.cat\/programacioirobotica\/?page_id=13042"},"modified":"2018-04-10T09:48:01","modified_gmt":"2018-04-10T07:48:01","slug":"m6-sessio11","status":"publish","type":"page","link":"https:\/\/agora.xtec.cat\/iesdeltebre\/modul-6-sessio-2-bis\/m6-sessio11\/","title":{"rendered":"Sessi\u00f3 11. Atenci\u00f3 arriba el moment de provar el robot!"},"content":{"rendered":"<h2><span id=\"Pla_de_treball\">Pla de treball<\/span><\/h2>\n<div style=\"padding-left: 50px;\">\n<ul>\n<li>Funcionament del robot<\/li>\n<\/ul>\n<\/div>\n<hr \/>\n\n\t\t<style type=\"text\/css\">\n\t\t\t#gallery-1 {\n\t\t\t\tmargin: auto;\n\t\t\t}\n\t\t\t#gallery-1 .gallery-item {\n\t\t\t\tfloat: left;\n\t\t\t\tmargin-top: 10px;\n\t\t\t\ttext-align: center;\n\t\t\t\twidth: 11%;\n\t\t\t}\n\t\t\t#gallery-1 img {\n\t\t\t\tborder: 2px solid #cfcfcf;\n\t\t\t}\n\t\t\t#gallery-1 .gallery-caption {\n\t\t\t\tmargin-left: 0;\n\t\t\t}\n\t\t\t\/* see gallery_shortcode() in wp-includes\/media.php *\/\n\t\t<\/style>\n\t\t<div id='gallery-1' class='gallery galleryid-13042 gallery-columns-9 gallery-size-medium'><dl class='gallery-item'>\n\t\t\t<dt class='gallery-icon landscape'>\n\t\t\t\t<a href='https:\/\/agora.xtec.cat\/iesdeltebre\/portada\/dia-de-la-ciencia-al-campus-terres-de-lebre-de-la-urv\/attachment\/dia-ciencia-urv-02\/'><img loading=\"lazy\" decoding=\"async\" width=\"300\" height=\"225\" src=\"https:\/\/agora.xtec.cat\/iesdeltebre\/wp-content\/uploads\/usu809\/2020\/03\/dia-ciencia-URV-02-300x225.jpg\" class=\"attachment-medium size-medium\" alt=\"\" srcset=\"https:\/\/agora.xtec.cat\/iesdeltebre\/wp-content\/uploads\/usu809\/2020\/03\/dia-ciencia-URV-02-300x225.jpg 300w, https:\/\/agora.xtec.cat\/iesdeltebre\/wp-content\/uploads\/usu809\/2020\/03\/dia-ciencia-URV-02-200x150.jpg 200w, https:\/\/agora.xtec.cat\/iesdeltebre\/wp-content\/uploads\/usu809\/2020\/03\/dia-ciencia-URV-02.jpg 425w\" sizes=\"auto, (max-width: 300px) 100vw, 300px\" \/><\/a>\n\t\t\t<\/dt><\/dl><dl class='gallery-item'>\n\t\t\t<dt class='gallery-icon landscape'>\n\t\t\t\t<a href='https:\/\/agora.xtec.cat\/iesdeltebre\/portada\/dia-de-la-ciencia-al-campus-terres-de-lebre-de-la-urv\/attachment\/dia-ciencia-urv-04\/'><img loading=\"lazy\" decoding=\"async\" width=\"300\" height=\"225\" src=\"https:\/\/agora.xtec.cat\/iesdeltebre\/wp-content\/uploads\/usu809\/2020\/03\/dia-ciencia-URV-04-300x225.jpg\" class=\"attachment-medium size-medium\" alt=\"\" srcset=\"https:\/\/agora.xtec.cat\/iesdeltebre\/wp-content\/uploads\/usu809\/2020\/03\/dia-ciencia-URV-04-300x225.jpg 300w, https:\/\/agora.xtec.cat\/iesdeltebre\/wp-content\/uploads\/usu809\/2020\/03\/dia-ciencia-URV-04-200x150.jpg 200w, https:\/\/agora.xtec.cat\/iesdeltebre\/wp-content\/uploads\/usu809\/2020\/03\/dia-ciencia-URV-04.jpg 425w\" sizes=\"auto, (max-width: 300px) 100vw, 300px\" \/><\/a>\n\t\t\t<\/dt><\/dl>\n\t\t\t<br style='clear: both' \/>\n\t\t<\/div>\n\n<hr \/>\n<h2><span id=\"Poseu a_prova_el_vostre_projecte8230\"><span id=\"A_per_feina8230\">Poseu\u00a0a prova el vostre robot\u2026<\/span><\/span><\/h2>\n<p>En aquesta sessi\u00f3 posarem a prova els robots de tots els companys i les companyes i els donarem la nostra opini\u00f3. No nom\u00e9s hem de provar que funcionin correctament, sin\u00f3 tamb\u00e9 si entenem les instruccions del seu funcionament.<\/p>\n<p>A la vegada, recollirem les propostes de millora dels nostres companys.<\/p>\n<hr \/>\n<h2><span id=\"i_feu_els_canvis_que_siguin_necessaris\"><span id=\"Anem_programant_i_donant_forma\">i feu els canvis que siguin necessaris<\/span><\/span><\/h2>\n<p>\u00c9s el moment de modificar el vostre robot tenint en compte i valorant els comentaris i aportacions dels altres grups.<\/p>\n<p>Heu de deixar el vostre robot a punt per la presentaci\u00f3 assegurant-vos del bon funcionament de totes les seves funcions.<\/p>\n<p>Ara s\u00ed que ja esteu a punt de finalitzar el robot.<\/p>\n<p>&nbsp;<\/p>\n","protected":false},"excerpt":{"rendered":"<p>Pla de treball<\/p>\n<ul>\n<li>Funcionament del robot<\/li>\n<\/ul>\n<p>\t\t\t#gallery-2 {<br \/>\n\t\t\t\tmargin: auto;<br \/>\n\t\t\t}<br \/>\n\t\t\t#gallery-2 .gallery-item {<br \/>\n\t\t\t\tfloat: left;<br \/>\n\t\t\t\tmargin-top: 10px;<br \/>\n\t\t\t\ttext-align: center;<br \/>\n\t\t\t\twidth: 11%;<br \/>\n\t\t\t}<br \/>\n\t\t\t#gallery-2 img {<br \/>\n\t\t\t\tborder: 2px solid #cfcfcf;<br \/>\n\t\t\t}<br \/>\n\t\t\t#gallery-2 .gallery-caption {<br \/>\n\t\t\t\tmargin-left: 0;<br \/>\n\t\t\t}<br \/>\n\t\t\t\/* see gallery_shortcode() in wp-includes\/media.php *\/<\/p>\n<p>\t\t\t\t<a href='https:\/\/agora.xtec.cat\/iesdeltebre\/portada\/dia-de-la-ciencia-al-campus-terres-de-lebre-de-la-urv\/attachment\/dia-ciencia-urv-02\/'><\/a><\/p>\n<p>\t\t\t\t<a href='https:\/\/agora.xtec.cat\/iesdeltebre\/portada\/dia-de-la-ciencia-al-campus-terres-de-lebre-de-la-urv\/attachment\/dia-ciencia-urv-04\/'><\/a><\/p>\n<p>Poseu\u00a0a prova el vostre robot\u2026<br \/>\nEn aquesta sessi\u00f3 posarem a prova els robots de tots els companys i les&hellip;  <a href=\"https:\/\/agora.xtec.cat\/iesdeltebre\/modul-6-sessio-2-bis\/m6-sessio11\/\" title=\"Read Sessi\u00f3 11. Atenci\u00f3 arriba el moment de provar el robot!\">Llegeix m\u00e9s\u00bb<\/a><\/p>\n","protected":false},"author":1,"featured_media":0,"parent":15865,"menu_order":11,"comment_status":"closed","ping_status":"closed","template":"page-templates\/side-menu.php","meta":{"_bbp_topic_count":0,"_bbp_reply_count":0,"_bbp_total_topic_count":0,"_bbp_total_reply_count":0,"_bbp_voice_count":0,"_bbp_anonymous_reply_count":0,"_bbp_topic_count_hidden":0,"_bbp_reply_count_hidden":0,"_bbp_forum_subforum_count":0,"footnotes":""},"class_list":["post-13042","page","type-page","status-publish","hentry"],"post_mailing_queue_ids":[],"_links":{"self":[{"href":"https:\/\/agora.xtec.cat\/iesdeltebre\/wp-json\/wp\/v2\/pages\/13042","targetHints":{"allow":["GET"]}}],"collection":[{"href":"https:\/\/agora.xtec.cat\/iesdeltebre\/wp-json\/wp\/v2\/pages"}],"about":[{"href":"https:\/\/agora.xtec.cat\/iesdeltebre\/wp-json\/wp\/v2\/types\/page"}],"author":[{"embeddable":true,"href":"https:\/\/agora.xtec.cat\/iesdeltebre\/wp-json\/wp\/v2\/users\/1"}],"replies":[{"embeddable":true,"href":"https:\/\/agora.xtec.cat\/iesdeltebre\/wp-json\/wp\/v2\/comments?post=13042"}],"version-history":[{"count":0,"href":"https:\/\/agora.xtec.cat\/iesdeltebre\/wp-json\/wp\/v2\/pages\/13042\/revisions"}],"up":[{"embeddable":true,"href":"https:\/\/agora.xtec.cat\/iesdeltebre\/wp-json\/wp\/v2\/pages\/15865"}],"wp:attachment":[{"href":"https:\/\/agora.xtec.cat\/iesdeltebre\/wp-json\/wp\/v2\/media?parent=13042"}],"curies":[{"name":"wp","href":"https:\/\/api.w.org\/{rel}","templated":true}]}}