{"id":13038,"date":"2018-04-10T09:47:20","date_gmt":"2018-04-10T07:47:20","guid":{"rendered":"http:\/\/projectes.xtec.cat\/programacioirobotica\/?page_id=13038"},"modified":"2018-04-10T09:47:20","modified_gmt":"2018-04-10T07:47:20","slug":"m6-sessio9","status":"publish","type":"page","link":"https:\/\/agora.xtec.cat\/iesdeltebre\/modul-6-sessio-2-bis\/m6-sessio9\/","title":{"rendered":"Sessi\u00f3 9. Caixa forta completada i ara&#8230; La construcci\u00f3 del vostre robot!"},"content":{"rendered":"<h2>Pla de treball<\/h2>\n<div style=\"padding-left: 50px;\">\n<ul>\n<li>El robot<\/li>\n<\/ul>\n<\/div>\n<hr \/>\n\n\t\t<style type=\"text\/css\">\n\t\t\t#gallery-1 {\n\t\t\t\tmargin: auto;\n\t\t\t}\n\t\t\t#gallery-1 .gallery-item {\n\t\t\t\tfloat: left;\n\t\t\t\tmargin-top: 10px;\n\t\t\t\ttext-align: center;\n\t\t\t\twidth: 20%;\n\t\t\t}\n\t\t\t#gallery-1 img {\n\t\t\t\tborder: 2px solid #cfcfcf;\n\t\t\t}\n\t\t\t#gallery-1 .gallery-caption {\n\t\t\t\tmargin-left: 0;\n\t\t\t}\n\t\t\t\/* see gallery_shortcode() in wp-includes\/media.php *\/\n\t\t<\/style>\n\t\t<div id='gallery-1' class='gallery galleryid-13038 gallery-columns-5 gallery-size-thumbnail'><dl class='gallery-item'>\n\t\t\t<dt class='gallery-icon landscape'>\n\t\t\t\t<a href='https:\/\/agora.xtec.cat\/iesdeltebre\/dia-ciencia-urv-01\/'><img loading=\"lazy\" decoding=\"async\" width=\"150\" height=\"150\" src=\"https:\/\/agora.xtec.cat\/iesdeltebre\/wp-content\/uploads\/usu809\/2020\/03\/dia-ciencia-URV-01-150x150.jpg\" class=\"attachment-thumbnail size-thumbnail\" alt=\"\" \/><\/a>\n\t\t\t<\/dt><\/dl>\n\t\t\t<br style='clear: both' \/>\n\t\t<\/div>\n\n<hr \/>\n<h2>Caixa forta completada i ara el robot &#8230;<\/h2>\n<p>Felicitats! Ja heu completat el muntatge de la caixa forta i la seva programaci\u00f3 amb S4A. Amb aix\u00f2 i despr\u00e9s de fer provatures del funcionament de la caixa forta ha arribat el moment\u00a0de dedicar-nos totalment <strong>al nostre repte final: el robot<\/strong>.<\/p>\n<p>Al llarg de totes les sessions heu anat fent la descripci\u00f3 del robot que voldr\u00edeu construir i segur que ja heu dissenyat algunes de les parts.<\/p>\n<p>Arribada aquesta sessi\u00f3 us toca fer la construcci\u00f3 i la programaci\u00f3 de cadascuna de les parts que formen el vostre robot i integrar-les. Us cal, tamb\u00e9, comprovar que els components funcionen de forma correcta tal com hav\u00edeu previst.<\/p>\n<p>A hores d\u2019ara ja hem de tenir una bona part solucionada, sobre tot tenint en compte que hem pogut aprofitar parts de la caixa forta que hem anat creant al llarg del m\u00f2dul.<\/p>\n<hr \/>\n<h2>M\u00e9s idees &#8230;<\/h2>\n<p>Segurament el vostre grup de treball ja t\u00e9 pensades les funcions que voleu que el vostre robot desenvolupi. Us deixem uns enlla\u00e7os on podeu veure molts projectes i uns quants que hem volgut destacar, perqu\u00e8 creiem que es podrien fer amb el vostre kit de rob\u00f2tica :<\/p>\n<p><a href=\"https:\/\/www.instructables.com\/technology\/arduino\/\">Instructables : Arduino<\/a><\/p>\n<p><a href=\"https:\/\/photos.google.com\/share\/AF1QipPmsJxvR3VW-JFYxDKe-Ypbb_CwsRI22HxMsmxhkzbvSN8ZZAEtEvePaNj7-xnu9g?key=UHpXLUZvVzU0bTJpeWI3ZXhjczNNYWhWWHNxTE5B\">Impulsem la rob\u00f2tica : P\u00f2sters<\/a><\/p>\n<p><a href=\"https:\/\/create.arduino.cc\/projecthub\">Arduino projects hub<\/a><\/p>\n<p><a href=\"https:\/\/www.hackster.io\/arduino\/projects\">Hackster.io : Projectes<\/a><\/p>\n<p>Mireu, mireu &#8230;<\/p>\n<table style=\"border-collapse: collapse; width: 100%;\" border=\"0\">\n<tbody>\n<tr>\n<td style=\"width: 50%;\"><iframe loading=\"lazy\" src=\"\/\/www.youtube.com\/embed\/clZyqh5h3P0?start=3\" width=\"560\" height=\"314\" allowfullscreen=\"allowfullscreen\"><\/iframe><\/td>\n<td style=\"width: 50%;\"><iframe loading=\"lazy\" src=\"\/\/www.youtube.com\/embed\/wVCSIHKecio?start=115\" width=\"560\" height=\"314\" allowfullscreen=\"allowfullscreen\"><span style=\"display: inline-block; width: 0px; overflow: hidden; line-height: 0;\" data-mce-type=\"bookmark\" class=\"mce_SELRES_start\">\ufeff<\/span><\/iframe><\/td>\n<\/tr>\n<tr>\n<td style=\"width: 50%;\"><iframe loading=\"lazy\" src=\"\/\/www.youtube.com\/embed\/9fPR65ArVtc?start=10\" width=\"560\" height=\"314\" allowfullscreen=\"allowfullscreen\"><\/iframe><\/td>\n<td style=\"width: 50%;\"><iframe loading=\"lazy\" src=\"\/\/www.youtube.com\/embed\/eHoo7aRvjE0?start=90\" width=\"560\" height=\"314\" allowfullscreen=\"allowfullscreen\"><\/iframe><\/td>\n<\/tr>\n<tr>\n<td style=\"width: 50%;\"><iframe loading=\"lazy\" src=\"https:\/\/youtube.com\/embed\/hY6tiSK-kq0\" width=\"560\" height=\"314\" frameborder=\"0\" allowfullscreen=\"allowfullscreen\"><\/iframe><\/td>\n<td style=\"width: 50%;\"><iframe loading=\"lazy\" src=\"https:\/\/youtube.com\/embed\/xJgbTgLCPJc\" width=\"560\" height=\"314\" frameborder=\"0\" allowfullscreen=\"allowfullscreen\"><\/iframe><\/td>\n<\/tr>\n<\/tbody>\n<\/table>\n<p>Els projectes que heu vist estan fets amb un kit de rob\u00f2tica diferent al que teniu, per\u00f2 amb una placa com la vostra. Veureu que estan programats amb llenguatges de programaci\u00f3 diversos; vosaltres haureu de programar amb S4A.<\/p>\n<hr \/>\n<p><img decoding=\"async\" class=\"alignnone\" src=\"http:\/\/projectes.xtec.cat\/programacioirobotica\/wp-content\/uploads\/usu604\/2017\/06\/scratch-icona_projecte2.png\" alt=\"Icona projecte\" width=\"32\" \/> <strong>El nostre projecte creix&#8230;<\/strong><\/p>\n<p>En les sessions anteriors heu anat recollint en el document de text com voleu que sigui el vostre robot i els components\u00a0 que incorpora.\u00a0 En aquesta sessi\u00f3, heu tingut una darrera oportunitat per incorporar noves idees. Aix\u00f2 us ha perm\u00e8s comen\u00e7ar a dissenyar i construir el vostre robot.<\/p>\n<p>Completeu en el <a href=\"http:\/\/projectes.xtec.cat\/programacioirobotica\/curs-scratch-primaria\/modul-6-sessio-2-bis\/m6-sessio1#document\">document de text<\/a> la fitxa del vostre robot (nom, descripci\u00f3 del funcionament, components, materials, blocs de programaci\u00f3 &#8230;).<\/p>\n","protected":false},"excerpt":{"rendered":"<p>Pla de treball<\/p>\n<ul>\n<li>El robot<\/li>\n<\/ul>\n<p>\t\t\t#gallery-2 {<br \/>\n\t\t\t\tmargin: auto;<br \/>\n\t\t\t}<br \/>\n\t\t\t#gallery-2 .gallery-item {<br \/>\n\t\t\t\tfloat: left;<br \/>\n\t\t\t\tmargin-top: 10px;<br \/>\n\t\t\t\ttext-align: center;<br \/>\n\t\t\t\twidth: 20%;<br \/>\n\t\t\t}<br \/>\n\t\t\t#gallery-2 img {<br \/>\n\t\t\t\tborder: 2px solid #cfcfcf;<br \/>\n\t\t\t}<br \/>\n\t\t\t#gallery-2 .gallery-caption {<br \/>\n\t\t\t\tmargin-left: 0;<br \/>\n\t\t\t}<br \/>\n\t\t\t\/* see gallery_shortcode() in wp-includes\/media.php *\/<\/p>\n<p>\t\t\t\t<a href='https:\/\/agora.xtec.cat\/iesdeltebre\/dia-ciencia-urv-01\/'><\/a><\/p>\n<p>Caixa forta completada i ara el robot &#8230;<br \/>\nFelicitats! Ja heu completat el muntatge de la caixa forta i la seva&hellip;  <a href=\"https:\/\/agora.xtec.cat\/iesdeltebre\/modul-6-sessio-2-bis\/m6-sessio9\/\" title=\"Read Sessi\u00f3 9. Caixa forta completada i ara&#8230; La construcci\u00f3 del vostre robot!\">Llegeix m\u00e9s\u00bb<\/a><\/p>\n","protected":false},"author":1,"featured_media":0,"parent":15865,"menu_order":9,"comment_status":"closed","ping_status":"closed","template":"page-templates\/side-menu.php","meta":{"_bbp_topic_count":0,"_bbp_reply_count":0,"_bbp_total_topic_count":0,"_bbp_total_reply_count":0,"_bbp_voice_count":0,"_bbp_anonymous_reply_count":0,"_bbp_topic_count_hidden":0,"_bbp_reply_count_hidden":0,"_bbp_forum_subforum_count":0,"footnotes":""},"class_list":["post-13038","page","type-page","status-publish","hentry"],"post_mailing_queue_ids":[],"_links":{"self":[{"href":"https:\/\/agora.xtec.cat\/iesdeltebre\/wp-json\/wp\/v2\/pages\/13038","targetHints":{"allow":["GET"]}}],"collection":[{"href":"https:\/\/agora.xtec.cat\/iesdeltebre\/wp-json\/wp\/v2\/pages"}],"about":[{"href":"https:\/\/agora.xtec.cat\/iesdeltebre\/wp-json\/wp\/v2\/types\/page"}],"author":[{"embeddable":true,"href":"https:\/\/agora.xtec.cat\/iesdeltebre\/wp-json\/wp\/v2\/users\/1"}],"replies":[{"embeddable":true,"href":"https:\/\/agora.xtec.cat\/iesdeltebre\/wp-json\/wp\/v2\/comments?post=13038"}],"version-history":[{"count":0,"href":"https:\/\/agora.xtec.cat\/iesdeltebre\/wp-json\/wp\/v2\/pages\/13038\/revisions"}],"up":[{"embeddable":true,"href":"https:\/\/agora.xtec.cat\/iesdeltebre\/wp-json\/wp\/v2\/pages\/15865"}],"wp:attachment":[{"href":"https:\/\/agora.xtec.cat\/iesdeltebre\/wp-json\/wp\/v2\/media?parent=13038"}],"curies":[{"name":"wp","href":"https:\/\/api.w.org\/{rel}","templated":true}]}}