{"id":13034,"date":"2018-04-10T09:46:33","date_gmt":"2018-04-10T07:46:33","guid":{"rendered":"http:\/\/projectes.xtec.cat\/programacioirobotica\/?page_id=13034"},"modified":"2018-04-10T09:46:33","modified_gmt":"2018-04-10T07:46:33","slug":"m6-sessio7","status":"publish","type":"page","link":"https:\/\/agora.xtec.cat\/iesdeltebre\/modul-6-sessio-2-bis\/m6-sessio7\/","title":{"rendered":"Sessi\u00f3 7. I si volem canviar la contrasenya?"},"content":{"rendered":"<h2>Pla de treball<\/h2>\n<div style=\"padding-left: 50px;\">\n<ul>\n<li>Contrasenya inicial<\/li>\n<li>Canvi de contrasenya<\/li>\n<\/ul>\n<\/div>\n<hr \/>\n\n\t\t<style type=\"text\/css\">\n\t\t\t#gallery-1 {\n\t\t\t\tmargin: auto;\n\t\t\t}\n\t\t\t#gallery-1 .gallery-item {\n\t\t\t\tfloat: left;\n\t\t\t\tmargin-top: 10px;\n\t\t\t\ttext-align: center;\n\t\t\t\twidth: 33%;\n\t\t\t}\n\t\t\t#gallery-1 img {\n\t\t\t\tborder: 2px solid #cfcfcf;\n\t\t\t}\n\t\t\t#gallery-1 .gallery-caption {\n\t\t\t\tmargin-left: 0;\n\t\t\t}\n\t\t\t\/* see gallery_shortcode() in wp-includes\/media.php *\/\n\t\t<\/style>\n\t\t<div id='gallery-1' class='gallery galleryid-13034 gallery-columns-3 gallery-size-medium'><dl class='gallery-item'>\n\t\t\t<dt class='gallery-icon landscape'>\n\t\t\t\t<a href='https:\/\/agora.xtec.cat\/iesdeltebre\/dia-ciencia-urv-01\/'><img loading=\"lazy\" decoding=\"async\" width=\"300\" height=\"225\" src=\"https:\/\/agora.xtec.cat\/iesdeltebre\/wp-content\/uploads\/usu809\/2020\/03\/dia-ciencia-URV-01-300x225.jpg\" class=\"attachment-medium size-medium\" alt=\"\" srcset=\"https:\/\/agora.xtec.cat\/iesdeltebre\/wp-content\/uploads\/usu809\/2020\/03\/dia-ciencia-URV-01-300x225.jpg 300w, https:\/\/agora.xtec.cat\/iesdeltebre\/wp-content\/uploads\/usu809\/2020\/03\/dia-ciencia-URV-01-200x150.jpg 200w, https:\/\/agora.xtec.cat\/iesdeltebre\/wp-content\/uploads\/usu809\/2020\/03\/dia-ciencia-URV-01.jpg 425w\" sizes=\"auto, (max-width: 300px) 100vw, 300px\" \/><\/a>\n\t\t\t<\/dt><\/dl><dl class='gallery-item'>\n\t\t\t<dt class='gallery-icon landscape'>\n\t\t\t\t<a href='https:\/\/agora.xtec.cat\/iesdeltebre\/portada\/dia-de-la-ciencia-al-campus-terres-de-lebre-de-la-urv\/attachment\/dia-ciencia-urv-02\/'><img loading=\"lazy\" decoding=\"async\" width=\"300\" height=\"225\" src=\"https:\/\/agora.xtec.cat\/iesdeltebre\/wp-content\/uploads\/usu809\/2020\/03\/dia-ciencia-URV-02-300x225.jpg\" class=\"attachment-medium size-medium\" alt=\"\" srcset=\"https:\/\/agora.xtec.cat\/iesdeltebre\/wp-content\/uploads\/usu809\/2020\/03\/dia-ciencia-URV-02-300x225.jpg 300w, https:\/\/agora.xtec.cat\/iesdeltebre\/wp-content\/uploads\/usu809\/2020\/03\/dia-ciencia-URV-02-200x150.jpg 200w, https:\/\/agora.xtec.cat\/iesdeltebre\/wp-content\/uploads\/usu809\/2020\/03\/dia-ciencia-URV-02.jpg 425w\" sizes=\"auto, (max-width: 300px) 100vw, 300px\" \/><\/a>\n\t\t\t<\/dt><\/dl>\n\t\t\t<br style='clear: both' \/>\n\t\t<\/div>\n\n<hr \/>\n<h2>Canviar la contrasenya<\/h2>\n<p>En el programa, establireu una contrasenya inicial. Com que aquesta contrasenya \u00e9s insegura, haureu de canviar-la inicialment i de tant en tant. Per aix\u00f2, en el pas a pas explicarem com establir la contrasenya inicial i un procediment per canviar-la per mantenir la seguretat.<\/p>\n<p><img decoding=\"async\" class=\"alignnone\" src=\"http:\/\/projectes.xtec.cat\/programacioirobotica\/wp-content\/uploads\/usu604\/2017\/06\/scratch-icona_tasques.png\" alt=\"Icona tasques\" width=\"32\" \/><strong>Fem-ho pas a pas<\/strong><\/p>\n<div style=\"padding-left: 50px;\">\n<p><strong>1. Establiu la contrasenya inicial<\/strong><\/p>\n<p>Haureu de definir una variable per cadascuna de les\u00a0 xifres de la contrasenya. <strong>En el nostre exemple<\/strong>, farem servir una contrasenya de<strong> 3 xifres<\/strong> : <em>contrasenya_1<\/em>, <em>contrasenya_2<\/em> i <em>contrasenya_3<\/em>. En cas que vosaltres treballeu amb un n\u00famero de xifres diferent, haureu de fer una adaptaci\u00f3 dels blocs.<br \/>\nSou vosaltres els qui decidiu quines xifres formen la contrasenya (per exemple, 6-3-4). Obriu el repte <strong>m6repte62,<\/strong> definiu les 3 variables i assigneu-li els valors de les 3 xifres de la contrasenya inicial :<\/p>\n<p><img loading=\"lazy\" decoding=\"async\" class=\"alignnone size-full wp-image-16777\" src=\"https:\/\/projectes.xtec.cat\/programacioirobotica\/wp-content\/uploads\/usu604\/2018\/10\/n.png\" alt=\"\" width=\"371\" height=\"164\" \/> <img loading=\"lazy\" decoding=\"async\" class=\"alignnone size-full wp-image-16778\" src=\"https:\/\/projectes.xtec.cat\/programacioirobotica\/wp-content\/uploads\/usu604\/2018\/10\/xifres_contrasenya.png\" alt=\"\" width=\"159\" height=\"73\" \/><\/p>\n<p>Deseu el projecte amb el nom <strong>m6repte71<\/strong>.<\/p>\n<\/div>\n<hr \/>\n<p><img decoding=\"async\" class=\"alignnone\" src=\"http:\/\/projectes.xtec.cat\/programacioirobotica\/wp-content\/uploads\/usu604\/2017\/06\/scratch-icona_repte.png\" alt=\"Icona repte\" width=\"32\" \/><img decoding=\"async\" class=\"alignnone\" src=\"http:\/\/projectes.xtec.cat\/programacioirobotica\/wp-content\/uploads\/usu604\/2017\/06\/scratch-repte1.png\" alt=\"Repte 1\" width=\"100\" \/><\/p>\n<p>Obriu el repte <strong>m6repte71<\/strong> i anomeneu-lo <strong>m6repte72<\/strong>. Assigneu una contrasenya inicial diferent a la de l&#8217;exemple de la sessi\u00f3 i feu que sigui invisible a l&#8217;escenari.<\/p>\n<p><img decoding=\"async\" class=\"alignnone\" src=\"http:\/\/projectes.xtec.cat\/programacioirobotica\/wp-content\/uploads\/usu604\/2017\/06\/scratch-icona_pista.png\" alt=\"Icona pista\" width=\"24\" \/> Pista: Comproveu les opcions de visibilitat de variable.<\/p>\n<hr \/>\n<div style=\"padding-left: 50px;\"><strong>2. Afegiu a la caixa forta un polsador (bot\u00f3)<\/strong><\/div>\n<div style=\"padding-left: 50px;\"><strong><br \/>\n<\/strong><img loading=\"lazy\" decoding=\"async\" class=\"alignnone wp-image-15928 size-medium\" src=\"http:\/\/projectes.xtec.cat\/programacioirobotica\/wp-content\/uploads\/usu604\/2018\/09\/m6.s2.pulsador-300x276.jpg\" alt=\"\" width=\"300\" height=\"276\" \/>Aquest polsador us servir\u00e0 per a :<\/p>\n<ol>\n<li>Obrir la caixa forta quan heu posat la contrasenya<\/li>\n<li>Fer el canvi de contrasenya quan la caixa forta est\u00e0 oberta<\/li>\n<\/ol>\n<p>Fixeu el polsador a la part de dalt de la capsa. Es fixa amb 2 cargols i 2 femelles M3. Els foradets en la capsa els podeu fer amb una barrina. Feu tamb\u00e9 un tercer forat m\u00e9s gran perqu\u00e8 sobresurti el bot\u00f3.<\/p>\n<p><a href=\"http:\/\/projectes.xtec.cat\/programacioirobotica\/wp-content\/uploads\/usu604\/2018\/10\/conjunt_boto_2.png\"><img loading=\"lazy\" decoding=\"async\" class=\"alignnone size-large wp-image-16593\" src=\"http:\/\/projectes.xtec.cat\/programacioirobotica\/wp-content\/uploads\/usu604\/2018\/10\/conjunt_boto_2-1024x293.png\" alt=\"\" width=\"1024\" height=\"293\" \/><\/a><\/p>\n<p>Connecteu el polsador al pin digital d&#8217;entrada 2 i comproveu que funciona correctament observant el valor de\u00a0<em>Digital2<\/em> de la taula de sensors. Els valors poden ser <em>true<\/em> o <em>false<\/em> (<em>premut<\/em> o <em>no premut<\/em>).<\/p>\n<hr \/>\n<p><strong>3. Programeu el canvi de contrasenya<\/strong><\/p>\n<p>Per poder canviar la contrasenya de la caixa forta, heu de ser-ne els propietaris. Per tant, heu de fer-ho amb la caixa oberta. El procediment seria :<\/p>\n<ol>\n<li><strong>Obrir<\/strong> la caixa forta amb la contrasenya actual<\/li>\n<li><strong>Fer girar<\/strong> el comandament dels potenci\u00f2metres per posar una combinaci\u00f3 de 3 xifres diferent a l&#8217;actual (nova contrasenya)<\/li>\n<li><strong>Pr\u00e9mer<\/strong> el polsador per fixar la nova contrasenya<\/li>\n<\/ol>\n<hr \/>\n<ol>\n<li>La caixa forta s&#8217;obre posant la contrasenya amb els potenci\u00f2metres i prement el polsador. Un cop oberta, teniu un temps (en el nostre exemple,10 segons) per posar o treure coses del seu interior (la caixa forta es tancar\u00e0 autom\u00e0ticament quan s&#8217;acabi aquest temps). Els procediments per obrir i tancar la caixa el veureu a la sessi\u00f3 8.<br \/>\nFeu servir una nova variable anomenada <strong><em>caixaOberta<\/em><\/strong> que us permeti saber si la caixa est\u00e0 oberta (1) o tancada (0). Si s&#8217;ha intentat obrir amb una contrasenya incorrecta, <a href=\"http:\/\/projectes.xtec.cat\/programacioirobotica\/curs-scratch-primaria\/modul-6-sessio-2-bis\/m6-sessio5\/\">saltar\u00e0 una alarma<\/a>.<br \/>\nEls blocs seg\u00fcents permeten obrir la caixa, canviar la contrasenya i fer saltar l&#8217;alarma per contrasenya incorrecta :<img loading=\"lazy\" decoding=\"async\" class=\"alignnone wp-image-16760 size-full\" src=\"http:\/\/projectes.xtec.cat\/programacioirobotica\/wp-content\/uploads\/usu604\/2018\/10\/codi_boto.png\" alt=\"\" width=\"811\" height=\"409\" \/><\/li>\n<\/ol>\n<\/div>\n<div><\/div>\n<div>\n<hr \/>\n<\/div>\n<p><img decoding=\"async\" class=\"alignnone\" src=\"http:\/\/projectes.xtec.cat\/programacioirobotica\/wp-content\/uploads\/usu604\/2017\/06\/scratch-icona_repte.png\" alt=\"Icona repte\" width=\"32\" \/><img decoding=\"async\" class=\"alignnone\" src=\"http:\/\/projectes.xtec.cat\/programacioirobotica\/wp-content\/uploads\/usu604\/2017\/06\/scratch-repte2.png\" alt=\"Repte 2\" width=\"100\" \/><\/p>\n<p>Obriu el repte <strong>m6repte72<\/strong> i anomeneu-lo <strong>m6repte73. <\/strong>Podeu afegir un comptador a la pantalla que es mostri al obrir la caixa forta i que indiqui els segons que falten pel tancament autom\u00e0tic de la caixa ?<\/p>\n<p><img decoding=\"async\" class=\"alignnone\" src=\"http:\/\/projectes.xtec.cat\/programacioirobotica\/wp-content\/uploads\/usu604\/2017\/06\/scratch-icona_pista.png\" alt=\"Icona pista\" width=\"24\" \/> Pista: Feu \u00fas d&#8217;un <a href=\"http:\/\/projectes.xtec.cat\/programacioirobotica\/curs-scratch-primaria\/modul-2\/sessio-6\/\">cron\u00f2metre<\/a><\/p>\n<hr \/>\n<p><img decoding=\"async\" class=\"alignnone\" src=\"http:\/\/projectes.xtec.cat\/programacioirobotica\/wp-content\/uploads\/usu604\/2017\/06\/scratch-icona_projecte2.png\" alt=\"Icona projecte\" width=\"32\" \/><strong>El nostre projecte creix&#8230;<\/strong><\/p>\n<p>Ja sab\u00edeu com establir una contrasenya amb els potenci\u00f2metres. En aquesta sessi\u00f3 heu afegit un polsador amb dues funcions diferents : obrir la caixa i canviar la contrasenya.<br \/>\nRecordeu que heu d\u2019anar completant el <a href=\"http:\/\/projectes.xtec.cat\/programacioirobotica\/curs-scratch-primaria\/modul-6-sessio-2-bis\/m6-sessio1#document\">document de text<\/a> acordat amb el vostre mestre al final de cada sessi\u00f3.<\/p>\n<hr \/>\n<p><img decoding=\"async\" class=\"alignnone\" src=\"http:\/\/projectes.xtec.cat\/programacioirobotica\/wp-content\/uploads\/usu604\/2017\/06\/scratch-icona_glosari.png\" alt=\"Icona glosari\" width=\"32\" \/><strong>Com que som programadors i programadores parlem de&#8230;<\/strong><\/p>\n<div style=\"padding-left: 50px;\">\n<ul>\n<li><strong>Polsador<\/strong> : Component amb la forma d&#8217;un bot\u00f3 que es connecta a un pin d&#8217;entrada digital.<\/li>\n<li><strong>Variable <em>caixaOberta<\/em><\/strong> : Variable que permet saber l&#8217;estat de la caixa forta (1 quan est\u00e0 oberta o 0 quan est\u00e0 tancada).<\/li>\n<\/ul>\n<\/div>\n","protected":false},"excerpt":{"rendered":"<p>Pla de treball<\/p>\n<ul>\n<li>Contrasenya inicial<\/li>\n<li>Canvi de contrasenya<\/li>\n<\/ul>\n<p>\t\t\t#gallery-2 {<br \/>\n\t\t\t\tmargin: auto;<br \/>\n\t\t\t}<br \/>\n\t\t\t#gallery-2 .gallery-item {<br \/>\n\t\t\t\tfloat: left;<br \/>\n\t\t\t\tmargin-top: 10px;<br \/>\n\t\t\t\ttext-align: center;<br \/>\n\t\t\t\twidth: 33%;<br \/>\n\t\t\t}<br \/>\n\t\t\t#gallery-2 img {<br \/>\n\t\t\t\tborder: 2px solid #cfcfcf;<br \/>\n\t\t\t}<br \/>\n\t\t\t#gallery-2 .gallery-caption {<br \/>\n\t\t\t\tmargin-left: 0;<br \/>\n\t\t\t}<br \/>\n\t\t\t\/* see gallery_shortcode() in wp-includes\/media.php *\/<\/p>\n<p>\t\t\t\t<a href='https:\/\/agora.xtec.cat\/iesdeltebre\/dia-ciencia-urv-01\/'><\/a><\/p>\n<p>\t\t\t\t<a href='https:\/\/agora.xtec.cat\/iesdeltebre\/portada\/dia-de-la-ciencia-al-campus-terres-de-lebre-de-la-urv\/attachment\/dia-ciencia-urv-02\/'><\/a><\/p>\n<p>Canviar la contrasenya<br \/>\nEn el programa, establireu una contrasenya inicial. Com que aquesta contrasenya \u00e9s insegura, haureu de&hellip;  <a href=\"https:\/\/agora.xtec.cat\/iesdeltebre\/modul-6-sessio-2-bis\/m6-sessio7\/\" title=\"Read Sessi\u00f3 7. I si volem canviar la contrasenya?\">Llegeix m\u00e9s\u00bb<\/a><\/p>\n","protected":false},"author":1,"featured_media":0,"parent":15865,"menu_order":7,"comment_status":"closed","ping_status":"closed","template":"page-templates\/side-menu.php","meta":{"_bbp_topic_count":0,"_bbp_reply_count":0,"_bbp_total_topic_count":0,"_bbp_total_reply_count":0,"_bbp_voice_count":0,"_bbp_anonymous_reply_count":0,"_bbp_topic_count_hidden":0,"_bbp_reply_count_hidden":0,"_bbp_forum_subforum_count":0,"footnotes":""},"class_list":["post-13034","page","type-page","status-publish","hentry"],"post_mailing_queue_ids":[],"_links":{"self":[{"href":"https:\/\/agora.xtec.cat\/iesdeltebre\/wp-json\/wp\/v2\/pages\/13034","targetHints":{"allow":["GET"]}}],"collection":[{"href":"https:\/\/agora.xtec.cat\/iesdeltebre\/wp-json\/wp\/v2\/pages"}],"about":[{"href":"https:\/\/agora.xtec.cat\/iesdeltebre\/wp-json\/wp\/v2\/types\/page"}],"author":[{"embeddable":true,"href":"https:\/\/agora.xtec.cat\/iesdeltebre\/wp-json\/wp\/v2\/users\/1"}],"replies":[{"embeddable":true,"href":"https:\/\/agora.xtec.cat\/iesdeltebre\/wp-json\/wp\/v2\/comments?post=13034"}],"version-history":[{"count":0,"href":"https:\/\/agora.xtec.cat\/iesdeltebre\/wp-json\/wp\/v2\/pages\/13034\/revisions"}],"up":[{"embeddable":true,"href":"https:\/\/agora.xtec.cat\/iesdeltebre\/wp-json\/wp\/v2\/pages\/15865"}],"wp:attachment":[{"href":"https:\/\/agora.xtec.cat\/iesdeltebre\/wp-json\/wp\/v2\/media?parent=13034"}],"curies":[{"name":"wp","href":"https:\/\/api.w.org\/{rel}","templated":true}]}}