{"id":13030,"date":"2018-04-10T09:45:49","date_gmt":"2018-04-10T07:45:49","guid":{"rendered":"http:\/\/projectes.xtec.cat\/programacioirobotica\/?page_id=13030"},"modified":"2018-04-10T09:45:49","modified_gmt":"2018-04-10T07:45:49","slug":"m6-sessio4","status":"publish","type":"page","link":"https:\/\/agora.xtec.cat\/iesdeltebre\/modul-6-sessio-2-bis\/m6-sessio4\/","title":{"rendered":"Sessi\u00f3 4. Alarma: Ens volen obrir la caixa forta!!!"},"content":{"rendered":"<div>\n<h2>Pla de treball<\/h2>\n<div style=\"padding-left: 50px;\">\n<ul>\n<li>Els avisos sonors<\/li>\n<li>El brunzidor<\/li>\n<li>Relacionar personatges i components<\/li>\n<\/ul>\n<\/div>\n<hr \/>\n\n\t\t<style type=\"text\/css\">\n\t\t\t#gallery-1 {\n\t\t\t\tmargin: auto;\n\t\t\t}\n\t\t\t#gallery-1 .gallery-item {\n\t\t\t\tfloat: left;\n\t\t\t\tmargin-top: 10px;\n\t\t\t\ttext-align: center;\n\t\t\t\twidth: 11%;\n\t\t\t}\n\t\t\t#gallery-1 img {\n\t\t\t\tborder: 2px solid #cfcfcf;\n\t\t\t}\n\t\t\t#gallery-1 .gallery-caption {\n\t\t\t\tmargin-left: 0;\n\t\t\t}\n\t\t\t\/* see gallery_shortcode() in wp-includes\/media.php *\/\n\t\t<\/style>\n\t\t<div id='gallery-1' class='gallery galleryid-13030 gallery-columns-9 gallery-size-thumbnail'><dl class='gallery-item'>\n\t\t\t<dt class='gallery-icon landscape'>\n\t\t\t\t<a href='https:\/\/agora.xtec.cat\/iesdeltebre\/portada\/dia-de-la-ciencia-al-campus-terres-de-lebre-de-la-urv\/attachment\/dia-ciencia-urv-03\/'><img loading=\"lazy\" decoding=\"async\" width=\"150\" height=\"150\" src=\"https:\/\/agora.xtec.cat\/iesdeltebre\/wp-content\/uploads\/usu809\/2020\/03\/dia-ciencia-URV-03-150x150.jpg\" class=\"attachment-thumbnail size-thumbnail\" alt=\"\" \/><\/a>\n\t\t\t<\/dt><\/dl><dl class='gallery-item'>\n\t\t\t<dt class='gallery-icon landscape'>\n\t\t\t\t<a href='https:\/\/agora.xtec.cat\/iesdeltebre\/dia-ciencia-urv-01\/'><img loading=\"lazy\" decoding=\"async\" width=\"150\" height=\"150\" src=\"https:\/\/agora.xtec.cat\/iesdeltebre\/wp-content\/uploads\/usu809\/2020\/03\/dia-ciencia-URV-01-150x150.jpg\" class=\"attachment-thumbnail size-thumbnail\" alt=\"\" \/><\/a>\n\t\t\t<\/dt><\/dl><dl class='gallery-item'>\n\t\t\t<dt class='gallery-icon landscape'>\n\t\t\t\t<a href='https:\/\/agora.xtec.cat\/iesdeltebre\/portada\/dia-de-la-ciencia-al-campus-terres-de-lebre-de-la-urv\/attachment\/dia-ciencia-urv-04\/'><img loading=\"lazy\" decoding=\"async\" width=\"150\" height=\"150\" src=\"https:\/\/agora.xtec.cat\/iesdeltebre\/wp-content\/uploads\/usu809\/2020\/03\/dia-ciencia-URV-04-150x150.jpg\" class=\"attachment-thumbnail size-thumbnail\" alt=\"\" \/><\/a>\n\t\t\t<\/dt><\/dl>\n\t\t\t<br style='clear: both' \/>\n\t\t<\/div>\n\n<hr \/>\n<h2>Si alg\u00fa intenta obrir la caixa &#8230;<\/h2>\n<p><span style=\"font-weight: 400;\">La caixa forta s&#8217;obre introduint una contrasenya. Quan alg\u00fa intenti obrir-la amb una contrasenya incorrecta la caixa ens avisar\u00e0 amb un so d&#8217;alarma. En aquesta pr\u00e0ctica afegireu a la caixa forta (on ja heu fixat uns LEDs) un component sonor (brunzidor) que avisar\u00e0 en cas d&#8217;oblit de contrasenya o robatori. A la propera sessi\u00f3 afegireu un sensor de llum que disparar\u00e0 l&#8217;alarma si alg\u00fa es vol endur la vostra caixa forta.<br \/>\n<\/span><\/p>\n<p>Heu de fixar el brunzidor a la capsa, connectar-lo a la placa i programar-ne el funcionament.<\/p>\n<hr \/>\n<\/div>\n<div>\n<h2>Fixar el brunzidor<\/h2>\n<p><img decoding=\"async\" class=\"alignnone\" src=\"http:\/\/projectes.xtec.cat\/programacioirobotica\/wp-content\/uploads\/usu604\/2017\/06\/scratch-icona_tasques.png\" alt=\"Icona tasques\" width=\"32\" \/><strong>Fem-ho pas a pas<\/strong><\/p>\n<div style=\"padding-left: 50px;\">\n<ul>\n<li>Ara fixareu el brunzidor a la capsa amb 2 cargols i 2 femelles M3. Els foradets en la capsa els podeu fer amb una barrina. Feu tamb\u00e9 un tercer forat m\u00e9s gran perqu\u00e8 sobresurti el brunzidor.<\/li>\n<\/ul>\n<\/div>\n<p><img loading=\"lazy\" decoding=\"async\" class=\"alignnone wp-image-15967 size-medium\" src=\"http:\/\/projectes.xtec.cat\/programacioirobotica\/wp-content\/uploads\/usu604\/2018\/09\/IMG-8467-300x173.jpg\" alt=\"\" width=\"300\" height=\"173\" \/>\u00a0<a href=\"http:\/\/projectes.xtec.cat\/programacioirobotica\/wp-content\/uploads\/usu604\/2018\/10\/brunzidor_fixat.jpg\"><img loading=\"lazy\" decoding=\"async\" class=\"alignnone wp-image-16557 \" src=\"http:\/\/projectes.xtec.cat\/programacioirobotica\/wp-content\/uploads\/usu604\/2018\/10\/brunzidor_fixat-300x207.jpg\" alt=\"\" width=\"251\" height=\"173\" \/><\/a><\/p>\n<div style=\"padding-left: 50px;\">\n<ul>\n<li>El brunzidor sonar\u00e0 &#8230;\n<ul>\n<li>Si alg\u00fa intenta prendre-us la caixa forta (amb un so fort intermitent durant 10 segons)<\/li>\n<li>Si alg\u00fa posa una contrasenya incorrecta (avisar\u00e0 de l&#8217;error amb 3 sons curts seguits)<\/li>\n<li>Si s&#8217;obre la caixa amb la contrasenya correcta (amb un so de confirmaci\u00f3 durant 2 segons)<\/li>\n<\/ul>\n<\/ul>\n<\/div>\n<div style=\"padding-left: 50px;\">\n<ul>\n<li>Un cop fixat el brunzidor, el connectareu a la placa per comprovar-ne el funcionament. Connecteu el brunzidor al pin de sortida anal\u00f2gic 5.<\/li>\n<\/ul>\n<\/div>\n<p>&nbsp;<\/p>\n\n<hr \/>\n<h2>Programeu-ne el funcionament<\/h2>\n<p><img decoding=\"async\" class=\"alignnone\" src=\"http:\/\/projectes.xtec.cat\/programacioirobotica\/wp-content\/uploads\/usu604\/2017\/06\/scratch-icona_tasques.png\" alt=\"Icona tasques\" width=\"32\" \/><strong>Fem-ho pas a pas<\/strong><\/p>\n<div style=\"padding-left: 50px;\">\n<ul>\n<li>A la <a href=\"http:\/\/projectes.xtec.cat\/programacioirobotica\/curs-scratch-primaria\/modul-6-sessio-2-bis\/m6-sessio3\/\">sessi\u00f3 3<\/a> ja vau programar els LEDs que informen de l&#8217;estat de la caixa. Ara, en aquesta sessi\u00f3, afegireu avisos sonors per evitar possibles robatoris. Aprofitareu les ordres\u00a0<strong><em>obreCaixa<\/em><\/strong> i <em><strong>alarmaContrasenya<\/strong>\u00a0<\/em>que vau crear a la sessi\u00f3 anterior i n&#8217;afegireu una de nova anomenada <em><strong>alarmaRobatori<\/strong><\/em>. Els efectes sobre el brunzidor de les ordres s\u00f3n :<\/li>\n<\/ul>\n<p><strong><em>obreCaixa<\/em><\/strong>: fa sonar el brunzidor durant 2 segons<\/p>\n<p><strong><em>alarmaContrasenya<\/em><\/strong>: fa sonar el brunzidor amb 3 sons curts (piulades) seguits<\/p>\n<p><em><strong>alarmaRobatori<\/strong><\/em>: fa sonar el brunzidor de forma intermitent durant 10 segons<\/p>\n<\/div>\n<p>&nbsp;<\/p>\n<div style=\"padding-left: 50px;\">\n<ul>\n<li>Obriu el projecte <strong>m6repte32 <\/strong>i anomeneu-lo <strong>m6repte41<\/strong>. En els blocs <strong><em>obreCaixa<\/em><\/strong> i <em><strong>alarmaContrasenya<\/strong><\/em> afegiu-hi els blocs per al brunzidor :<\/li>\n<\/ul>\n<\/div>\n<div>\n<p>\u00a0 \u00a0 \u00a0 \u00a0 \u00a0 \u00a0 \u00a0 \u00a0 \u00a0 \u00a0 \u00a0 \u00a0 \u00a0 \u00a0 \u00a0 \u00a0 \u00a0 \u00a0 \u00a0 \u00a0 \u00a0 \u00a0 \u00a0 \u00a0 \u00a0 \u00a0<img loading=\"lazy\" decoding=\"async\" class=\"alignnone size-full wp-image-16649\" src=\"http:\/\/projectes.xtec.cat\/programacioirobotica\/wp-content\/uploads\/usu604\/2018\/10\/obreCaixa-2.png\" alt=\"\" width=\"144\" height=\"134\" \/>\u00a0 \u00a0 \u00a0 \u00a0 \u00a0 \u00a0 \u00a0 \u00a0 \u00a0 \u00a0 \u00a0 \u00a0 \u00a0 \u00a0 \u00a0 \u00a0 \u00a0 \u00a0 \u00a0 \u00a0 \u00a0\u00a0<img loading=\"lazy\" decoding=\"async\" class=\"alignnone size-full wp-image-16639\" src=\"http:\/\/projectes.xtec.cat\/programacioirobotica\/wp-content\/uploads\/usu604\/2018\/10\/alarmaContrasenya-1.png\" alt=\"\" width=\"188\" height=\"214\" \/><\/p>\n<div style=\"padding-left: 50px;\">\n<ul>\n<li>Afegiu ara la nova ordre <strong><em>alarmaRobatori<\/em><\/strong>. Aneu als blocs de <em>Control<\/em> i trieu el bloc a<em>l rebre<\/em>. Poseu-li el nom <em>alarmaRobatori<\/em> :<\/li>\n<\/ul>\n<\/div>\n<p><a href=\"http:\/\/projectes.xtec.cat\/programacioirobotica\/wp-content\/uploads\/usu604\/2018\/10\/alarmaRobatori.png\"><img loading=\"lazy\" decoding=\"async\" class=\"size-full wp-image-16637 aligncenter\" src=\"http:\/\/projectes.xtec.cat\/programacioirobotica\/wp-content\/uploads\/usu604\/2018\/10\/alarmarobatori.png\" alt=\"\" width=\"165\" height=\"168\" \/><\/a><\/p>\n<div style=\"padding-left: 50px;\">\n<ul>\n<li>Deseu ara el projecte a la vostra carpeta.<\/li>\n<\/ul>\n<\/div>\n<\/div>\n<hr \/>\n<h2>Comproveu-ne el funcionament<\/h2>\n<p>Amb la placa connectada a l&#8217;ordinador mitjan\u00e7ant el cable USB, feu clic sobre els blocs\u00a0<em>al rebre<\/em> i comproveu que el brunzidor fa els sons tal com ho hav\u00edeu previst. En cas que no s&#8217;escoltin els sons, comproveu :<\/p>\n<ul>\n<li>Heu posat l&#8217;interruptor de la placa en posici\u00f3 ON ?<\/li>\n<li>Heu connectat la placa a l&#8217;ordinador ?<\/li>\n<li>Heu revisat que els blocs del brunzidor siguin els de sortida anal\u00f2gica ?<br \/>\n<hr \/>\n<\/li>\n<\/ul>\n<p><img decoding=\"async\" class=\"alignnone\" src=\"http:\/\/projectes.xtec.cat\/programacioirobotica\/wp-content\/uploads\/usu604\/2017\/06\/scratch-icona_repte.png\" alt=\"Icona repte\" width=\"32\" \/><img decoding=\"async\" class=\"alignnone\" src=\"http:\/\/projectes.xtec.cat\/programacioirobotica\/wp-content\/uploads\/usu604\/2017\/06\/scratch-repte1.png\" alt=\"Repte 1\" width=\"100\" \/><\/p>\n<p>Obriu el projecte <strong>m6repte41 <\/strong>i anomeneu-lo <strong>m6repte42<\/strong>. Podeu posar a l&#8217;escenari 3 personatges en forma de bot\u00f3 per activar els efectes sonors? Al fer clic sobre els botons, han de sonar els efectes sonors que heu programat.<\/p>\n<p><img decoding=\"async\" class=\"alignnone\" src=\"http:\/\/projectes.xtec.cat\/programacioirobotica\/wp-content\/uploads\/usu604\/2017\/06\/scratch-icona_pista.png\" alt=\"Icona pista\" width=\"24\" \/>Pista: No cal que dibuixeu els botons, agafeu-los de la galeria.<\/p>\n<hr \/>\n<p><img decoding=\"async\" class=\"alignnone\" src=\"http:\/\/projectes.xtec.cat\/programacioirobotica\/wp-content\/uploads\/usu604\/2017\/06\/scratch-icona_projecte2.png\" alt=\"Icona projecte\" width=\"32\" \/><strong>El nostre projecte creix&#8230;<\/strong><\/p>\n<p>En aquesta sessi\u00f3 heu connectat i programat un brunzidor que us avisa si alg\u00fa intenta prendre-us la caixa forta o posa una contrasenya incorrecta. \u00c9s important anar pensant i decidint si el vostre robot incorporar\u00e0 sons i amb quines finalitats.<br \/>\nRecordeu que heu d\u2019anar completant el <a href=\"http:\/\/projectes.xtec.cat\/programacioirobotica\/curs-scratch-primaria\/modul-6-sessio-2-bis\/m6-sessio1#document\">document de text<\/a> acordat amb el vostre mestre al final de cada sessi\u00f3.<\/p>\n<hr \/>\n<p><img decoding=\"async\" class=\"alignnone\" src=\"http:\/\/projectes.xtec.cat\/programacioirobotica\/wp-content\/uploads\/usu604\/2017\/06\/scratch-icona_glosari.png\" alt=\"Icona glosari\" width=\"32\" \/><strong>Com que som programadors i programadores parlem de&#8230;<\/strong><\/p>\n<div style=\"padding-left: 50px;\">\n<ul>\n<li><strong>Blocs:\u00a0<\/strong>Creats segons les nostres necessitats, s&#8217;encarreguen de provocar una acci\u00f3 concreta.<\/li>\n<li><strong>Brunzidor:\u00a0<\/strong>component del kit de rob\u00f2tica que pot emetre sons.<\/li>\n<li><strong>Contrasenya: <\/strong>combinaci\u00f3 de xifres num\u00e8riques que permet obrir la caixa forta.<\/li>\n<li><strong>So intermitent:\u00a0<\/strong>so que s&#8217;atura i torna a comen\u00e7ar cada cert temps.\n<div class=\"a2a_kit a2a_kit_size_25 addtoany_list\" data-a2a-url=\"http:\/\/projectes.xtec.cat\/programacioirobotica\/curs-scratch-primaria\/modul-1\/sessio-8\/\" data-a2a-title=\"Sessi\u00f3 8. Efectes de so i m\u00fasica\"><\/div>\n<\/li>\n<\/ul>\n<\/div>\n<\/div>\n<div><\/div>\n","protected":false},"excerpt":{"rendered":"<p>Pla de treball<\/p>\n<ul>\n<li>Els avisos sonors<\/li>\n<li>El brunzidor<\/li>\n<li>Relacionar personatges i components<\/li>\n<\/ul>\n<p>\t\t\t#gallery-3 {<br \/>\n\t\t\t\tmargin: auto;<br \/>\n\t\t\t}<br \/>\n\t\t\t#gallery-3 .gallery-item {<br \/>\n\t\t\t\tfloat: left;<br \/>\n\t\t\t\tmargin-top: 10px;<br \/>\n\t\t\t\ttext-align: center;<br \/>\n\t\t\t\twidth: 11%;<br \/>\n\t\t\t}<br \/>\n\t\t\t#gallery-3 img {<br \/>\n\t\t\t\tborder: 2px solid #cfcfcf;<br \/>\n\t\t\t}<br \/>\n\t\t\t#gallery-3 .gallery-caption {<br \/>\n\t\t\t\tmargin-left: 0;<br \/>\n\t\t\t}<br \/>\n\t\t\t\/* see gallery_shortcode() in wp-includes\/media.php *\/<\/p>\n<p>\t\t\t\t<a href='https:\/\/agora.xtec.cat\/iesdeltebre\/portada\/dia-de-la-ciencia-al-campus-terres-de-lebre-de-la-urv\/attachment\/dia-ciencia-urv-03\/'><\/a><\/p>\n<p>\t\t\t\t<a href='https:\/\/agora.xtec.cat\/iesdeltebre\/dia-ciencia-urv-01\/'><\/a><\/p>\n<p>\t\t\t\t<a href='https:\/\/agora.xtec.cat\/iesdeltebre\/portada\/dia-de-la-ciencia-al-campus-terres-de-lebre-de-la-urv\/attachment\/dia-ciencia-urv-04\/'><\/a><\/p>\n<p>Si alg\u00fa intenta obrir la caixa &#8230;<br \/>\nLa caixa forta s&#8217;obre introduint una contrasenya.&hellip;  <a href=\"https:\/\/agora.xtec.cat\/iesdeltebre\/modul-6-sessio-2-bis\/m6-sessio4\/\" title=\"Read Sessi\u00f3 4. Alarma: Ens volen obrir la caixa forta!!!\">Llegeix m\u00e9s\u00bb<\/a><\/p>\n","protected":false},"author":1,"featured_media":0,"parent":15865,"menu_order":4,"comment_status":"closed","ping_status":"closed","template":"page-templates\/side-menu.php","meta":{"_bbp_topic_count":0,"_bbp_reply_count":0,"_bbp_total_topic_count":0,"_bbp_total_reply_count":0,"_bbp_voice_count":0,"_bbp_anonymous_reply_count":0,"_bbp_topic_count_hidden":0,"_bbp_reply_count_hidden":0,"_bbp_forum_subforum_count":0,"footnotes":""},"class_list":["post-13030","page","type-page","status-publish","hentry"],"post_mailing_queue_ids":[],"_links":{"self":[{"href":"https:\/\/agora.xtec.cat\/iesdeltebre\/wp-json\/wp\/v2\/pages\/13030","targetHints":{"allow":["GET"]}}],"collection":[{"href":"https:\/\/agora.xtec.cat\/iesdeltebre\/wp-json\/wp\/v2\/pages"}],"about":[{"href":"https:\/\/agora.xtec.cat\/iesdeltebre\/wp-json\/wp\/v2\/types\/page"}],"author":[{"embeddable":true,"href":"https:\/\/agora.xtec.cat\/iesdeltebre\/wp-json\/wp\/v2\/users\/1"}],"replies":[{"embeddable":true,"href":"https:\/\/agora.xtec.cat\/iesdeltebre\/wp-json\/wp\/v2\/comments?post=13030"}],"version-history":[{"count":0,"href":"https:\/\/agora.xtec.cat\/iesdeltebre\/wp-json\/wp\/v2\/pages\/13030\/revisions"}],"up":[{"embeddable":true,"href":"https:\/\/agora.xtec.cat\/iesdeltebre\/wp-json\/wp\/v2\/pages\/15865"}],"wp:attachment":[{"href":"https:\/\/agora.xtec.cat\/iesdeltebre\/wp-json\/wp\/v2\/media?parent=13030"}],"curies":[{"name":"wp","href":"https:\/\/api.w.org\/{rel}","templated":true}]}}