{"id":13026,"date":"2018-04-10T09:45:07","date_gmt":"2018-04-10T07:45:07","guid":{"rendered":"http:\/\/projectes.xtec.cat\/programacioirobotica\/?page_id=13026"},"modified":"2018-04-10T09:45:07","modified_gmt":"2018-04-10T07:45:07","slug":"m6-sessio3","status":"publish","type":"page","link":"https:\/\/agora.xtec.cat\/iesdeltebre\/modul-6-sessio-2-bis\/m6-sessio3\/","title":{"rendered":"Sessi\u00f3 3. Constru\u00efm la nostra caixa forta i posem-li 2 LEDs: oberta\/tancada."},"content":{"rendered":"<h2>Pla de treball<\/h2>\n<div style=\"padding-left: 50px;\">\n<ul>\n<li>Construcci\u00f3 d&#8217;una caixa forta<\/li>\n<li>Els LEDs<\/li>\n<li>Relacionar personatges i components<\/li>\n<\/ul>\n<\/div>\n<hr \/>\n\n\t\t<style type=\"text\/css\">\n\t\t\t#gallery-1 {\n\t\t\t\tmargin: auto;\n\t\t\t}\n\t\t\t#gallery-1 .gallery-item {\n\t\t\t\tfloat: left;\n\t\t\t\tmargin-top: 10px;\n\t\t\t\ttext-align: center;\n\t\t\t\twidth: 11%;\n\t\t\t}\n\t\t\t#gallery-1 img {\n\t\t\t\tborder: 2px solid #cfcfcf;\n\t\t\t}\n\t\t\t#gallery-1 .gallery-caption {\n\t\t\t\tmargin-left: 0;\n\t\t\t}\n\t\t\t\/* see gallery_shortcode() in wp-includes\/media.php *\/\n\t\t<\/style>\n\t\t<div id='gallery-1' class='gallery galleryid-13026 gallery-columns-9 gallery-size-thumbnail'><dl class='gallery-item'>\n\t\t\t<dt class='gallery-icon landscape'>\n\t\t\t\t<a href='https:\/\/agora.xtec.cat\/iesdeltebre\/img_0971\/'><img loading=\"lazy\" decoding=\"async\" width=\"150\" height=\"150\" src=\"https:\/\/agora.xtec.cat\/iesdeltebre\/wp-content\/uploads\/usu809\/2019\/05\/IMG_0971-150x150.jpg\" class=\"attachment-thumbnail size-thumbnail\" alt=\"\" \/><\/a>\n\t\t\t<\/dt><\/dl>\n\t\t\t<br style='clear: both' \/>\n\t\t<\/div>\n\n<hr \/>\n<h2>La Caixa Forta<\/h2>\n<p><span style=\"font-weight: 400;\">En aquesta pr\u00e0ctica construireu una caixa forta o guardiola per desar-hi els vostres objectes m\u00e9s valuosos.<br \/>\n<\/span><span style=\"font-weight: 400;\">Haureu de tenir en compte:<\/span><\/p>\n<ul>\n<li style=\"font-weight: 400;\"><span style=\"font-weight: 400;\">Com s\u2019introdueixen els objectes (obrint una porta, amb una ranura per a monedes\u2026)<\/span><\/li>\n<li style=\"font-weight: 400;\"><span style=\"font-weight: 400;\">Com es protegeix la caixa per tal que cap desconegut pugui endur-se el que hi ha dins (mitjan\u00e7ant una clau, contrasenya&#8230;)<\/span><\/li>\n<li style=\"font-weight: 400;\"><span style=\"font-weight: 400;\">Com identificar-se per retirar els objectes <\/span><\/li>\n<li style=\"font-weight: 400;\"><span style=\"font-weight: 400;\">Com s\u2019obre la caixa per retirar els objectes (mitjan\u00e7ant un motor, amb un desbloqueig\u2026)<\/span><\/li>\n<\/ul>\n<p>Per tal que nom\u00e9s pugui obrir-la el propietari, ha d&#8217;estar protegida amb una contrasenya o clau secreta. El propietari ha de poder triar quina \u00e9s la contrasenya.<br \/>\nSi sabeu la contrasenya podreu obrir la caixa i agafar el que hi hagi dins. En cas contrari, es disparar\u00e0 una alarma per avisar el propietari quan :<\/p>\n<ul>\n<li>alg\u00fa sense autoritzaci\u00f3 vulgui obrir-la<\/li>\n<li>alg\u00fa pretengui robar la caixa sencera.<\/li>\n<\/ul>\n<p><img decoding=\"async\" class=\"alignnone\" src=\"http:\/\/projectes.xtec.cat\/programacioirobotica\/wp-content\/uploads\/usu604\/2017\/06\/scratch-icona_tasques.png\" alt=\"Icona tasques\" width=\"32\" \/><strong>Fem-ho pas a pas<\/strong><\/p>\n<div style=\"padding-left: 50px;\">\n<ul>\n<li>Podeu fer la caixa forta a partir d&#8217;una capsa de cartr\u00f3. En el nostre exemple, hem triat una capsa de 200x90x90 mm.<\/li>\n<\/ul>\n<\/div>\n<p><a href=\"http:\/\/projectes.xtec.cat\/programacioirobotica\/wp-content\/uploads\/usu604\/2018\/09\/capsa_aigua.png\"><img loading=\"lazy\" decoding=\"async\" class=\"wp-image-16142 size-medium aligncenter\" src=\"http:\/\/projectes.xtec.cat\/programacioirobotica\/wp-content\/uploads\/usu604\/2018\/09\/capsa_aigua-300x210.png\" alt=\"\" width=\"300\" height=\"210\" \/><\/a><\/p>\n<div style=\"padding-left: 50px;\">\n<ul>\n<li>En la part de dalt de la capsa hi fixarem els components (potenci\u00f2metres, polsador &#8230;) En el nostre exemple, hem fet servir aquesta distribuci\u00f3 dels components (que anireu fixant en aquesta i les seg\u00fcents sessions):<\/li>\n<\/ul>\n<\/div>\n<p><a href=\"http:\/\/projectes.xtec.cat\/programacioirobotica\/wp-content\/uploads\/usu604\/2018\/09\/plantilla_m6s3.png\"><img loading=\"lazy\" decoding=\"async\" class=\"wp-image-16347 aligncenter\" src=\"http:\/\/projectes.xtec.cat\/programacioirobotica\/wp-content\/uploads\/usu604\/2018\/09\/plantilla_m6s3-300x135.png\" alt=\"\" width=\"604\" height=\"272\" \/><\/a><\/p>\n<div style=\"padding-left: 50px;\">\n<ul>\n<li>Un dels laterals de la capsa far\u00e0 de porta de la caixa forta, per on es podran posar o treure els objectes que s&#8217;hi guardin.<\/li>\n<li>Talleu amb tisores o un cutter 3 dels 4 costats del rectangle de cartr\u00f3 que far\u00e0 de porta (tots excepte el costat que far\u00e0 de frontissa).<\/li>\n<\/ul>\n<p><a href=\"http:\/\/projectes.xtec.cat\/programacioirobotica\/wp-content\/uploads\/usu604\/2018\/09\/capsa_tallada.png\"><img loading=\"lazy\" decoding=\"async\" class=\"wp-image-16141 size-medium aligncenter\" src=\"http:\/\/projectes.xtec.cat\/programacioirobotica\/wp-content\/uploads\/usu604\/2018\/09\/capsa_tallada-300x205.png\" alt=\"\" width=\"300\" height=\"205\" \/><\/a><\/p>\n<ul>\n<li>Feu un forat en un costat de la capsa perqu\u00e8 pugui passar el cable USB que connecta la placa amb l&#8217;ordinador.<\/li>\n<li>Podeu preparar la capsa i decorar-la al vostre gust ara, perqu\u00e8 una vegada fixats els components tindreu m\u00e9s dificultat. Nosaltres ho hem recobert amb la t\u00e8cnica de paper mach\u00e9, i despr\u00e9s la decorarem.<\/li>\n<\/ul>\n\n\t\t<style type=\"text\/css\">\n\t\t\t#gallery-2 {\n\t\t\t\tmargin: auto;\n\t\t\t}\n\t\t\t#gallery-2 .gallery-item {\n\t\t\t\tfloat: left;\n\t\t\t\tmargin-top: 10px;\n\t\t\t\ttext-align: center;\n\t\t\t\twidth: 50%;\n\t\t\t}\n\t\t\t#gallery-2 img {\n\t\t\t\tborder: 2px solid #cfcfcf;\n\t\t\t}\n\t\t\t#gallery-2 .gallery-caption {\n\t\t\t\tmargin-left: 0;\n\t\t\t}\n\t\t\t\/* see gallery_shortcode() in wp-includes\/media.php *\/\n\t\t<\/style>\n\t\t<div id='gallery-2' class='gallery galleryid-13026 gallery-columns-2 gallery-size-medium'><dl class='gallery-item'>\n\t\t\t<dt class='gallery-icon portrait'>\n\t\t\t\t<a href='https:\/\/agora.xtec.cat\/iesdeltebre\/portada\/nadal-a-linstitut-de-deltebre\/attachment\/emk5hj4xuau_lk0\/'><img loading=\"lazy\" decoding=\"async\" width=\"225\" height=\"300\" src=\"https:\/\/agora.xtec.cat\/iesdeltebre\/wp-content\/uploads\/usu809\/2019\/12\/EMK5hj4XUAU_Lk0-225x300.jpeg\" class=\"attachment-medium size-medium\" alt=\"\" srcset=\"https:\/\/agora.xtec.cat\/iesdeltebre\/wp-content\/uploads\/usu809\/2019\/12\/EMK5hj4XUAU_Lk0-225x300.jpeg 225w, https:\/\/agora.xtec.cat\/iesdeltebre\/wp-content\/uploads\/usu809\/2019\/12\/EMK5hj4XUAU_Lk0-768x1024.jpeg 768w, https:\/\/agora.xtec.cat\/iesdeltebre\/wp-content\/uploads\/usu809\/2019\/12\/EMK5hj4XUAU_Lk0-e1576831975423.jpeg 525w\" sizes=\"auto, (max-width: 225px) 100vw, 225px\" \/><\/a>\n\t\t\t<\/dt><\/dl><dl class='gallery-item'>\n\t\t\t<dt class='gallery-icon portrait'>\n\t\t\t\t<a href='https:\/\/agora.xtec.cat\/iesdeltebre\/rsz_1emk5hj4xuau_lk0\/'><img loading=\"lazy\" decoding=\"async\" width=\"225\" height=\"300\" src=\"https:\/\/agora.xtec.cat\/iesdeltebre\/wp-content\/uploads\/usu809\/2019\/12\/rsz_1emk5hj4xuau_lk0-225x300.jpg\" class=\"attachment-medium size-medium\" alt=\"\" srcset=\"https:\/\/agora.xtec.cat\/iesdeltebre\/wp-content\/uploads\/usu809\/2019\/12\/rsz_1emk5hj4xuau_lk0-225x300.jpg 225w, https:\/\/agora.xtec.cat\/iesdeltebre\/wp-content\/uploads\/usu809\/2019\/12\/rsz_1emk5hj4xuau_lk0.jpg 350w\" sizes=\"auto, (max-width: 225px) 100vw, 225px\" \/><\/a>\n\t\t\t<\/dt><\/dl><br style=\"clear: both\" \/>\n\t\t<\/div>\n\n<ul>\n<li>En aquesta capsa hi fixareu els components necessaris per transformar-la en caixa forta al llarg de diferents sessions. Podeu fixar els components amb cargols i femelles M3 fent foradets en el cartr\u00f3.<\/li>\n<\/ul>\n\n<\/div>\n<hr \/>\n<h2>Fixeu els LEDs i programeu-los amb S4A<\/h2>\n<p><img decoding=\"async\" class=\"alignnone\" src=\"http:\/\/projectes.xtec.cat\/programacioirobotica\/wp-content\/uploads\/usu604\/2017\/06\/scratch-icona_tasques.png\" alt=\"Icona tasques\" width=\"32\" \/><strong>Fem-ho pas a pas<\/strong><\/p>\n<div style=\"padding-left: 50px;\">\n<ul>\n<li>Ara fixareu un LED verd i un LED blau a la capsa.<\/li>\n<\/ul>\n<p>&nbsp;<\/p>\n<p><img loading=\"lazy\" decoding=\"async\" class=\"wp-image-15965 size-medium aligncenter\" src=\"http:\/\/projectes.xtec.cat\/programacioirobotica\/wp-content\/uploads\/usu604\/2018\/09\/m6.s2.led_-300x178.jpg\" alt=\"\" width=\"300\" height=\"178\" \/><\/p>\n<ul>\n<li>Els LEDs proporcionen llum d&#8217;un color que us servir\u00e0 per informar al propietari de l&#8217;estat de la caixa forta.<\/li>\n<\/ul>\n\n<ul>\n<li>El LED verd s&#8217;encendr\u00e0 quan la caixa estigui oberta. El LED blau s&#8217;encendr\u00e0 si alg\u00fa ha intentat obrir-la amb una contrasenya incorrecta.<\/li>\n<li>Fixeu els LEDs a la part superior de la capsa. Cada LED es fixa amb 2 cargols i 2 femelles M3. Els foradets en la capsa els podeu fer amb una barrina.<\/li>\n<\/ul>\n\n<ul>\n<li>Un cop fixats els LEDs, connecteu-los a la placa per comprovar-ne el funcionament. Connecteu el LED verd al pin 10 i el LED blau al pin 11 (sortides digitals).<\/li>\n<\/ul>\n<p><img loading=\"lazy\" decoding=\"async\" class=\"wp-image-16160 size-medium aligncenter\" src=\"http:\/\/projectes.xtec.cat\/programacioirobotica\/wp-content\/uploads\/usu604\/2018\/09\/placa_leds-285x300.jpg\" alt=\"\" width=\"285\" height=\"300\" \/><\/p>\n<\/div>\n<p><img decoding=\"async\" class=\"alignnone\" src=\"http:\/\/projectes.xtec.cat\/programacioirobotica\/wp-content\/uploads\/usu604\/2017\/06\/scratch-icona_tasques.png\" alt=\"Icona tasques\" width=\"32\" \/><strong>Fem-ho pas a pas<\/strong><\/p>\n<div style=\"padding-left: 50px;\">\n<ul>\n<li>En la sessi\u00f3 anterior vau aprendre a fer un programa per <a href=\"http:\/\/projectes.xtec.cat\/programacioirobotica\/curs-scratch-primaria\/modul-6-sessio-2-bis\/m6-sessio2#led\">encendre o apagar un LED<\/a>. En la caixa forta, els LEDs no s&#8217;encendran quan premeu un bot\u00f3, ho faran quan rebin l&#8217;ordre <em>al rebre<\/em> relacionada amb l&#8217;estat de la caixa forta. Les ordres que fan encendre o apagar els LEDs les donar\u00e0 el programa S4A amb blocs del tipus <em>envia a tots<\/em>. Els blocs <em>envia a tots<\/em> corresponents els programareu a la sessi\u00f3 7. I si voleu canviar la contrasenya?<\/a><a href=\"http:\/\/projectes.xtec.cat\/programacioirobotica\/wp-content\/uploads\/usu604\/2018\/10\/envia-rep_2.png\"><img loading=\"lazy\" decoding=\"async\" class=\"size-full wp-image-16518 aligncenter\" src=\"http:\/\/projectes.xtec.cat\/programacioirobotica\/wp-content\/uploads\/usu604\/2018\/10\/envia-rep_2.png\" alt=\"\" width=\"532\" height=\"144\" \/><\/a><\/li>\n<li>Les ordres les anomenarem :<\/li>\n<\/ul>\n<p><strong><em>obreCaixa<\/em><\/strong>: enc\u00e9n el LED verd<\/p>\n<p><strong><em>tancaCaixa<\/em><\/strong>: apaga el LED verd<\/p>\n<p><strong><em>alarmaContrasenya<\/em><\/strong>: enc\u00e9n el LED blau durant 3 segons i despr\u00e9s l&#8217;apaga<\/p>\n<ul>\n<li>Poseu en marxa el programa S4A :<a href=\"http:\/\/projectes.xtec.cat\/programacioirobotica\/wp-content\/uploads\/usu604\/2018\/09\/m6_s2_s4a.png\"><img loading=\"lazy\" decoding=\"async\" class=\"aligncenter wp-image-15955 size-medium\" src=\"http:\/\/projectes.xtec.cat\/programacioirobotica\/wp-content\/uploads\/usu604\/2018\/09\/m6_s2_s4a-300x180.png\" alt=\"\" width=\"300\" height=\"180\" \/><\/a><\/li>\n<li>Aneu a <em>Fitxer<\/em> i trieu l&#8217;opci\u00f3 <em>Anomena i desa<\/em>. Anomeneu-lo <strong>m6repte31<\/strong> :<\/li>\n<\/ul>\n\n<ul>\n<li>Aneu als blocs de <em>Control<\/em> i trieu el bloc <em>al rebre<\/em>. Poseu-li el nom <em>obreCaixa<\/em>. Afegiu-li el bloc de <em>Moviment<\/em> <em>digital 10 enc\u00e8s.<\/em><\/li>\n<\/ul>\n<p><a href=\"http:\/\/projectes.xtec.cat\/programacioirobotica\/wp-content\/uploads\/usu604\/2018\/10\/al_rebre_obreCaixa_full.png\"><img loading=\"lazy\" decoding=\"async\" class=\"wp-image-16739 size-full aligncenter\" src=\"http:\/\/projectes.xtec.cat\/programacioirobotica\/wp-content\/uploads\/usu604\/2018\/10\/al_rebre_obreCaixa_full.png\" alt=\"\" width=\"300\" height=\"305\" \/><\/a><\/p>\n<ul>\n<li>Aneu als blocs de <em>Control<\/em> i trieu el bloc <em>al rebre<\/em>. Poseu-li el nom <em>tancaCaixa<\/em>. Afegiu-li el bloc de <em>Moviment<\/em> <em>digital 10 apagat.<\/em><a href=\"http:\/\/projectes.xtec.cat\/programacioirobotica\/wp-content\/uploads\/usu604\/2018\/10\/tancaCaixa2.png\"><img loading=\"lazy\" decoding=\"async\" class=\"size-full wp-image-16740 aligncenter\" src=\"http:\/\/projectes.xtec.cat\/programacioirobotica\/wp-content\/uploads\/usu604\/2018\/10\/tancaCaixa2.png\" alt=\"\" width=\"163\" height=\"77\" \/><\/a><\/li>\n<li>Aneu als blocs de <em>Control<\/em> i trieu el bloc a<em>l rebre<\/em>. Poseu-li el nom <em>alarmaContrasenya. <\/em>Us proposem dues formes d&#8217;informar quan alg\u00fa intenta obrir la vostra caixa sense saber-ne la contrasenya : amb el llum blau que s&#8217;enc\u00e9n durant 3 segons o amb el llum blau que s&#8217;enc\u00e9n de forma intermitent tamb\u00e9 durant 3 segons :<\/li>\n<\/ul>\n<p><img loading=\"lazy\" decoding=\"async\" class=\"alignnone size-full wp-image-16219\" src=\"http:\/\/projectes.xtec.cat\/programacioirobotica\/wp-content\/uploads\/usu604\/2018\/09\/alarmasensefons.png\" alt=\"\" width=\"188\" height=\"111\" \/>\u00a0 \u00a0 \u00a0 \u00a0 \u00a0 \u00a0 \u00a0 \u00a0 \u00a0 \u00a0 \u00a0 \u00a0\u00a0<img loading=\"lazy\" decoding=\"async\" class=\"alignnone size-full wp-image-16218\" src=\"http:\/\/projectes.xtec.cat\/programacioirobotica\/wp-content\/uploads\/usu604\/2018\/09\/alarmabuclesensefons.png\" alt=\"\" width=\"188\" height=\"168\" \/><\/p>\n<ul>\n<li>Deseu ara el projecte a la vostra carpeta.<\/li>\n<\/ul>\n<\/div>\n<hr \/>\n<h2>Comproveu-ne el funcionament<\/h2>\n<p>Connecteu la placa a l&#8217;ordinador mitjan\u00e7ant el cable USB. Feu clic sobre els blocs i comproveu que els LEDs s&#8217;encenen i s&#8217;apaguen com ho hav\u00edeu previst (ho feu manualment perqu\u00e8 els blocs e<em>nvia a tots <\/em>corresponents els programareu a la sessi\u00f3 7. En cas que no s&#8217;il\u00b7luminin el LEDs, comproveu :<\/p>\n<ul>\n<li>Heu posat l&#8217;interruptor de la placa en posici\u00f3 ON ?<\/li>\n<li>Heu connectat la placa a l&#8217;ordinador ?<\/li>\n<\/ul>\n<p>Heu revisat que els blocs siguin els d&#8217;encendre i apagar LEDs ?<\/p>\n<hr \/>\n<div style=\"padding-left: 50px;\"><\/div>\n<p><img decoding=\"async\" class=\"alignnone\" src=\"http:\/\/projectes.xtec.cat\/programacioirobotica\/wp-content\/uploads\/usu604\/2017\/06\/scratch-icona_repte.png\" alt=\"Icona repte\" width=\"32\" \/><img decoding=\"async\" class=\"alignnone\" src=\"http:\/\/projectes.xtec.cat\/programacioirobotica\/wp-content\/uploads\/usu604\/2017\/06\/scratch-repte1.png\" alt=\"Repte 1\" width=\"100\" \/><\/p>\n<p><span style=\"font-family: inherit; font-size: 1em;\">Obriu el projecte <\/span><strong style=\"font-family: inherit; font-size: 1em;\">m6repte31 <\/strong><span style=\"font-family: inherit; font-size: 1em;\">i anomeneu-lo <\/span><strong style=\"font-family: inherit; font-size: 1em;\">m6repte32<\/strong><span style=\"font-family: inherit; font-size: 1em;\">. Podeu posar 2 personatges en forma de bot\u00f3 a l&#8217;escenari que encenguin i apaguin el LED verd ?<br \/>\n<\/span><\/p>\n<p><img decoding=\"async\" class=\"alignnone\" src=\"http:\/\/projectes.xtec.cat\/programacioirobotica\/wp-content\/uploads\/usu604\/2017\/06\/scratch-icona_pista.png\" alt=\"Icona pista\" width=\"24\" \/>Pista: Agafa els personatges en forma de bot\u00f3 a la galeria .<\/p>\n<hr \/>\n<p><img decoding=\"async\" class=\"alignnone\" src=\"http:\/\/projectes.xtec.cat\/programacioirobotica\/wp-content\/uploads\/usu604\/2017\/06\/scratch-icona_projecte2.png\" alt=\"Icona projecte\" width=\"32\" \/> <strong>El nostre projecte creix&#8230;<\/strong><\/p>\n<p>Aquesta sessi\u00f3 inicia la\u00a0<span style=\"font-weight: 400;\">\u00a0construcci\u00f3 d&#8217;una caixa forta o guardiola per desar-hi els vostres objectes m\u00e9s valuosos. Ja sabeu connectar i programar uns LEDs que us informin de<\/span> l&#8217;estat de la caixa forta.<br \/>\nRecordeu que heu d\u2019anar completant el <a href=\"http:\/\/projectes.xtec.cat\/programacioirobotica\/curs-scratch-primaria\/modul-6-sessio-2-bis\/m6-sessio1#document\">document de text<\/a> acordat amb el vostre mestre al final de cada sessi\u00f3.<\/p>\n<hr \/>\n<p><img decoding=\"async\" class=\"alignnone\" src=\"http:\/\/projectes.xtec.cat\/programacioirobotica\/wp-content\/uploads\/usu604\/2017\/06\/scratch-icona_glosari.png\" alt=\"Icona glosari\" width=\"32\" \/> <strong>Com que som programadors i programadores parlem de&#8230;<\/strong><\/p>\n<div style=\"padding-left: 50px;\">\n<ul>\n<li><strong>LED:\u00a0<\/strong>\u00e9s un dels components de la placa que quan el connectem emet llum.<\/li>\n<li><strong>Digital<\/strong> : magnitud que nom\u00e9s pot tenir 2 valors. Per exemple, en la caixa forta el valor 1 seria caixa oberta i el valor 0 seria caixa tancada.<\/li>\n<li><strong>Bloc <em>al rebre <\/em><\/strong>: bloc que rep l&#8217;ordre d&#8217;un bloc <strong><em>envia a tots<\/em><\/strong> del mateix nom. Per exemple, <em><strong>envia a tots obrir<\/strong> <\/em>i <strong><em>al rebre obrir<\/em><\/strong>.<\/li>\n<\/ul>\n<\/div>\n","protected":false},"excerpt":{"rendered":"<p>Pla de treball<\/p>\n<ul>\n<li>Construcci\u00f3 d&#8217;una caixa forta<\/li>\n<li>Els LEDs<\/li>\n<li>Relacionar personatges i components<\/li>\n<\/ul>\n<p>\t\t\t#gallery-7 {<br \/>\n\t\t\t\tmargin: auto;<br \/>\n\t\t\t}<br \/>\n\t\t\t#gallery-7 .gallery-item {<br \/>\n\t\t\t\tfloat: left;<br \/>\n\t\t\t\tmargin-top: 10px;<br \/>\n\t\t\t\ttext-align: center;<br \/>\n\t\t\t\twidth: 11%;<br \/>\n\t\t\t}<br \/>\n\t\t\t#gallery-7 img {<br \/>\n\t\t\t\tborder: 2px solid #cfcfcf;<br \/>\n\t\t\t}<br \/>\n\t\t\t#gallery-7 .gallery-caption {<br \/>\n\t\t\t\tmargin-left: 0;<br \/>\n\t\t\t}<br \/>\n\t\t\t\/* see gallery_shortcode() in wp-includes\/media.php *\/<\/p>\n<p>\t\t\t\t<a href='https:\/\/agora.xtec.cat\/iesdeltebre\/img_0971\/'><\/a><\/p>\n<p>La Caixa Forta<br \/>\nEn aquesta pr\u00e0ctica construireu una caixa forta o guardiola per desar-hi els&hellip;  <a href=\"https:\/\/agora.xtec.cat\/iesdeltebre\/modul-6-sessio-2-bis\/m6-sessio3\/\" title=\"Read Sessi\u00f3 3. Constru\u00efm la nostra caixa forta i posem-li 2 LEDs: oberta\/tancada.\">Llegeix m\u00e9s\u00bb<\/a><\/p>\n","protected":false},"author":1,"featured_media":0,"parent":15865,"menu_order":3,"comment_status":"closed","ping_status":"closed","template":"page-templates\/side-menu.php","meta":{"_bbp_topic_count":0,"_bbp_reply_count":0,"_bbp_total_topic_count":0,"_bbp_total_reply_count":0,"_bbp_voice_count":0,"_bbp_anonymous_reply_count":0,"_bbp_topic_count_hidden":0,"_bbp_reply_count_hidden":0,"_bbp_forum_subforum_count":0,"footnotes":""},"class_list":["post-13026","page","type-page","status-publish","hentry"],"post_mailing_queue_ids":[],"_links":{"self":[{"href":"https:\/\/agora.xtec.cat\/iesdeltebre\/wp-json\/wp\/v2\/pages\/13026","targetHints":{"allow":["GET"]}}],"collection":[{"href":"https:\/\/agora.xtec.cat\/iesdeltebre\/wp-json\/wp\/v2\/pages"}],"about":[{"href":"https:\/\/agora.xtec.cat\/iesdeltebre\/wp-json\/wp\/v2\/types\/page"}],"author":[{"embeddable":true,"href":"https:\/\/agora.xtec.cat\/iesdeltebre\/wp-json\/wp\/v2\/users\/1"}],"replies":[{"embeddable":true,"href":"https:\/\/agora.xtec.cat\/iesdeltebre\/wp-json\/wp\/v2\/comments?post=13026"}],"version-history":[{"count":0,"href":"https:\/\/agora.xtec.cat\/iesdeltebre\/wp-json\/wp\/v2\/pages\/13026\/revisions"}],"up":[{"embeddable":true,"href":"https:\/\/agora.xtec.cat\/iesdeltebre\/wp-json\/wp\/v2\/pages\/15865"}],"wp:attachment":[{"href":"https:\/\/agora.xtec.cat\/iesdeltebre\/wp-json\/wp\/v2\/media?parent=13026"}],"curies":[{"name":"wp","href":"https:\/\/api.w.org\/{rel}","templated":true}]}}