{"id":1082,"date":"2015-06-26T22:12:01","date_gmt":"2015-06-26T21:12:01","guid":{"rendered":"http:\/\/agora.xtec.cat\/iesdeltebre\/?page_id=1082"},"modified":"2025-07-18T10:59:18","modified_gmt":"2025-07-18T08:59:18","slug":"gep","status":"publish","type":"page","link":"https:\/\/agora.xtec.cat\/iesdeltebre\/gep\/","title":{"rendered":"GEP"},"content":{"rendered":"<hr \/>\n<p>Durant el curs 2013-2014 l&#8217;Institut de Deltebre va iniciar un projecte anomenat: PILE (Pla Integrat de Lleng\u00fces Estrangeres), per tal de donar un impuls a les lleng\u00fces estrangeres, en aquest cas, l&#8217;angl\u00e8s. Aquest projecte experimental va consistir a fer les matem\u00e0tiques de 1r d&#8217;ESO en angl\u00e8s. En obtenir uns resultats molt satisfactoris, vam tenir l&#8217;opci\u00f3 de continuar aquest projecte durant el curs 2014-2015 a 1r i 2n d&#8217;ESO, i, aquest cop, dintre del GEP (Grup Experimental per al Pluriling\u00fcisme), engegat pel Departament d&#8217;Ensenyament en el qual participen diversos centres de Catalunya per tal de fomentar l&#8217;\u00fas de les lleng\u00fces estrangeres.<\/p>\n<p>Aquest projecte GEP s&#8217;ha fet seguint la metodologia AICLE (Aprenentatge integrat de continguts i llengua estrangera).<\/p>\n<p>Actualment, continuem amb el projecte GEP a les mat\u00e8ries de matem\u00e0tiques, ci\u00e8ncies socials i tecnologia treballant de manera transversal la llengua anglesa.<\/p>\n<hr \/>\n<p>&nbsp;<\/p>\n","protected":false},"excerpt":{"rendered":"<p>Durant el curs 2013-2014 l&#8217;Institut de Deltebre va iniciar un projecte anomenat: PILE (Pla Integrat de Lleng\u00fces Estrangeres), per tal de donar un impuls a les lleng\u00fces estrangeres, en aquest cas, l&#8217;angl\u00e8s. Aquest projecte experimental va consistir a fer les matem\u00e0tiques de 1r d&#8217;ESO en&hellip;  <a href=\"https:\/\/agora.xtec.cat\/iesdeltebre\/gep\/\" title=\"Read GEP\">Llegeix m\u00e9s\u00bb<\/a><\/p>\n","protected":false},"author":1,"featured_media":0,"parent":0,"menu_order":0,"comment_status":"closed","ping_status":"closed","template":"","meta":{"_bbp_topic_count":0,"_bbp_reply_count":0,"_bbp_total_topic_count":0,"_bbp_total_reply_count":0,"_bbp_voice_count":0,"_bbp_anonymous_reply_count":0,"_bbp_topic_count_hidden":0,"_bbp_reply_count_hidden":0,"_bbp_forum_subforum_count":0,"footnotes":""},"class_list":["post-1082","page","type-page","status-publish","hentry"],"post_mailing_queue_ids":[],"_links":{"self":[{"href":"https:\/\/agora.xtec.cat\/iesdeltebre\/wp-json\/wp\/v2\/pages\/1082","targetHints":{"allow":["GET"]}}],"collection":[{"href":"https:\/\/agora.xtec.cat\/iesdeltebre\/wp-json\/wp\/v2\/pages"}],"about":[{"href":"https:\/\/agora.xtec.cat\/iesdeltebre\/wp-json\/wp\/v2\/types\/page"}],"author":[{"embeddable":true,"href":"https:\/\/agora.xtec.cat\/iesdeltebre\/wp-json\/wp\/v2\/users\/1"}],"replies":[{"embeddable":true,"href":"https:\/\/agora.xtec.cat\/iesdeltebre\/wp-json\/wp\/v2\/comments?post=1082"}],"version-history":[{"count":6,"href":"https:\/\/agora.xtec.cat\/iesdeltebre\/wp-json\/wp\/v2\/pages\/1082\/revisions"}],"predecessor-version":[{"id":20321,"href":"https:\/\/agora.xtec.cat\/iesdeltebre\/wp-json\/wp\/v2\/pages\/1082\/revisions\/20321"}],"wp:attachment":[{"href":"https:\/\/agora.xtec.cat\/iesdeltebre\/wp-json\/wp\/v2\/media?parent=1082"}],"curies":[{"name":"wp","href":"https:\/\/api.w.org\/{rel}","templated":true}]}}