{"id":553,"date":"2018-06-03T15:34:38","date_gmt":"2018-06-03T13:34:38","guid":{"rendered":"http:\/\/agora.xtec.cat\/iesdecelra\/?page_id=553"},"modified":"2025-06-19T13:39:46","modified_gmt":"2025-06-19T11:39:46","slug":"convalidacions","status":"publish","type":"page","link":"https:\/\/agora.xtec.cat\/iesdecelra\/secretaria-2\/convalidacions\/","title":{"rendered":"Convalidacions"},"content":{"rendered":"<div class=\"row\" style=\"margin-bottom: 1em !important;\">\n<div class=\"small-12 large-4 text-center columns\">\n<p><img loading=\"lazy\" decoding=\"async\" class=\"aligncenter wp-image-5532\" src=\"https:\/\/agora.xtec.cat\/iesdecelra\/wp-content\/uploads\/usu1789\/2021\/11\/musica.png\" alt=\"\" width=\"149\" height=\"149\" srcset=\"https:\/\/agora.xtec.cat\/iesdecelra\/wp-content\/uploads\/usu1789\/2021\/11\/musica.png 512w, https:\/\/agora.xtec.cat\/iesdecelra\/wp-content\/uploads\/usu1789\/2021\/11\/musica-300x300.png 300w, https:\/\/agora.xtec.cat\/iesdecelra\/wp-content\/uploads\/usu1789\/2021\/11\/musica-150x150.png 150w\" sizes=\"auto, (max-width: 149px) 100vw, 149px\" \/><\/p>\n<h3>M\u00fasica<\/h3>\n<p style=\"margin-bottom: 0.2em;\"><a href=\"https:\/\/drive.google.com\/file\/d\/1gmZROrN7MeGhIDuzC-phT4LPdacjk6zN\/view?usp=share_link\">Normativa<\/a><br \/>\n<a href=\"https:\/\/drive.google.com\/file\/d\/1wrjETFY4SfLWrs86SSxuFI1HX17qs6Ja\/view?usp=share_link\">Sol\u00b7licitud ESO<\/a><\/p>\n<p style=\"margin-bottom: 0.2em;\"><a href=\"https:\/\/drive.google.com\/file\/d\/1gmoRJ1WncZm8Ey6V154WWtxicLEbFbFT\/view?usp=share_link\">Sol\u00b7licitud Batxillerat Conservatori<\/a><br \/>\n<a href=\"https:\/\/drive.google.com\/file\/d\/1BZ_H5n2i9oXevrPNwzxrCiTnM1Bx3ajv\/view?usp=share_link\">Sol\u00b7licitud Batxillerat Escola Autoritzada<\/a><\/p>\n<p>&nbsp;<\/p>\n<\/div>\n<div class=\"small-12 large-4 text-center columns\">\n<p><img loading=\"lazy\" decoding=\"async\" class=\"aligncenter wp-image-5533\" src=\"https:\/\/agora.xtec.cat\/iesdecelra\/wp-content\/uploads\/usu1789\/2021\/11\/esport.png\" alt=\"\" width=\"160\" height=\"160\" srcset=\"https:\/\/agora.xtec.cat\/iesdecelra\/wp-content\/uploads\/usu1789\/2021\/11\/esport.png 512w, https:\/\/agora.xtec.cat\/iesdecelra\/wp-content\/uploads\/usu1789\/2021\/11\/esport-300x300.png 300w, https:\/\/agora.xtec.cat\/iesdecelra\/wp-content\/uploads\/usu1789\/2021\/11\/esport-150x150.png 150w\" sizes=\"auto, (max-width: 160px) 100vw, 160px\" \/><\/p>\n<h3>Esport<\/h3>\n<p style=\"margin-bottom: 0.2em;\"><a href=\"https:\/\/drive.google.com\/file\/d\/1Z7B9gmx3l_e0YLAQOwMN4aJlkFVTdkk0\/view?usp=share_link\">Normativa<\/a><br \/>\n<a href=\"https:\/\/drive.google.com\/file\/d\/1kbVSM2WhZBzpUSlgU3SawJZljb8y6ZpU\/view?usp=share_link\">Sol\u00b7licitud ESO<\/a><br \/>\n<a href=\"https:\/\/drive.google.com\/file\/d\/1xP95NaSAiZWV_rZ8qfrtBNXvD_3ewDqa\/view?usp=share_link\">Sol\u00b7licitud Batxillerat<\/a><\/p>\n<p>&nbsp;<\/p>\n<\/div>\n<div class=\"small-12 large-4 text-center columns\">\n<p><img loading=\"lazy\" decoding=\"async\" class=\"aligncenter wp-image-5534\" src=\"https:\/\/agora.xtec.cat\/iesdecelra\/wp-content\/uploads\/usu1789\/2021\/11\/dansa.png\" alt=\"\" width=\"155\" height=\"155\" srcset=\"https:\/\/agora.xtec.cat\/iesdecelra\/wp-content\/uploads\/usu1789\/2021\/11\/dansa.png 512w, https:\/\/agora.xtec.cat\/iesdecelra\/wp-content\/uploads\/usu1789\/2021\/11\/dansa-300x300.png 300w, https:\/\/agora.xtec.cat\/iesdecelra\/wp-content\/uploads\/usu1789\/2021\/11\/dansa-150x150.png 150w\" sizes=\"auto, (max-width: 155px) 100vw, 155px\" \/><\/p>\n<h3>Dansa<\/h3>\n<p style=\"margin-bottom: 0.2em;\"><a href=\"https:\/\/drive.google.com\/file\/d\/1N4QInOdVg7Ns4FkhN4k6qITWeUMqvTLK\/view?usp=share_link\">Normativa<\/a><br \/>\n<a href=\"https:\/\/drive.google.com\/file\/d\/1nuplGaadfNpIdfW2DHyqHPDAp2YeOkV-\/view?usp=share_link\">Sol\u00b7licitud ESO<\/a><br \/>\n<a href=\"https:\/\/drive.google.com\/file\/d\/1xBQ6labfBFdCtsmElnCQ3O3uZLeVh9kA\/view?usp=share_link\">Sol\u00b7licitud Batxillerat Conservatori<\/a><br \/>\n<a href=\"https:\/\/drive.google.com\/file\/d\/1Wcch33mLG_lCvp-W1JXK_LHKdjGqL17z\/view?usp=share_link\">Sol\u00b7licitud Batxillerat Escola Autoritzada<\/a><\/p>\n<p>&nbsp;<\/p>\n<\/div>\n<\/div>\n<p>&nbsp;<\/p>\n<p>La sol\u00b7licitud per poder convalidar s&#8217;ha de presentar abans que acabi el primer trimestre del curs.<\/p>\n<ul>\n<li><span style=\"font-size: 14pt;\">M\u00fasica<\/span><\/li>\n<\/ul>\n<p style=\"padding-left: 40px;\"><a href=\"https:\/\/drive.google.com\/file\/d\/1gmZROrN7MeGhIDuzC-phT4LPdacjk6zN\/view?usp=share_link\">Normativa<\/a><\/p>\n<p style=\"padding-left: 40px;\"><a href=\"https:\/\/drive.google.com\/file\/d\/1wrjETFY4SfLWrs86SSxuFI1HX17qs6Ja\/view?usp=share_link\">Sol\u00b7licitud ESO<\/a><\/p>\n<p style=\"padding-left: 40px;\"><a href=\"https:\/\/drive.google.com\/file\/d\/1gmoRJ1WncZm8Ey6V154WWtxicLEbFbFT\/view?usp=share_link\">Sol\u00b7licitud Batxillerat Conservatori<\/a><\/p>\n<p style=\"padding-left: 40px;\"><a href=\"https:\/\/drive.google.com\/file\/d\/1BZ_H5n2i9oXevrPNwzxrCiTnM1Bx3ajv\/view?usp=share_link\">Sol\u00b7licitud Batxillerat Escola Autoritzada<\/a><\/p>\n<ul>\n<li><span style=\"font-size: 14pt;\">Dansa<\/span><\/li>\n<\/ul>\n<p style=\"padding-left: 40px;\"><a href=\"https:\/\/drive.google.com\/file\/d\/1N4QInOdVg7Ns4FkhN4k6qITWeUMqvTLK\/view?usp=share_link\">Normativa<\/a><\/p>\n<p style=\"padding-left: 40px;\"><a href=\"https:\/\/drive.google.com\/file\/d\/1nuplGaadfNpIdfW2DHyqHPDAp2YeOkV-\/view?usp=share_link\">Sol\u00b7licitud ESO<\/a><span style=\"font-family: inherit; font-size: 1em;\">\u00a0<\/span><\/p>\n<p style=\"padding-left: 40px;\"><a href=\"https:\/\/drive.google.com\/file\/d\/1xBQ6labfBFdCtsmElnCQ3O3uZLeVh9kA\/view?usp=share_link\">Sol\u00b7licitud Batxillerat Conservatori<\/a><\/p>\n<p style=\"padding-left: 40px;\"><a href=\"https:\/\/drive.google.com\/file\/d\/1Wcch33mLG_lCvp-W1JXK_LHKdjGqL17z\/view?usp=share_link\">Sol\u00b7licitud Batxillerat Escola Autoritzada<\/a><\/p>\n<ul>\n<li><span style=\"font-size: 14pt;\">Pr\u00e0ctica intensiva d&#8217;esport<\/span><\/li>\n<\/ul>\n<p style=\"padding-left: 40px;\"><a href=\"https:\/\/drive.google.com\/file\/d\/1Z7B9gmx3l_e0YLAQOwMN4aJlkFVTdkk0\/view?usp=share_link\">Normativa<\/a><\/p>\n<p style=\"padding-left: 40px;\"><a href=\"https:\/\/drive.google.com\/file\/d\/1kbVSM2WhZBzpUSlgU3SawJZljb8y6ZpU\/view?usp=share_link\">Sol\u00b7licitud ESO<\/a><\/p>\n<p style=\"padding-left: 40px;\"><a href=\"https:\/\/drive.google.com\/file\/d\/1xP95NaSAiZWV_rZ8qfrtBNXvD_3ewDqa\/view?usp=share_link\">Sol\u00b7licitud Batxillerat<\/a><\/p>\n<ul>\n<li><span style=\"font-size: 14pt;\">Convalidaci\u00f3 de mat\u00e8ries de batxillerat per als alumnes que han superat un cicle formatiu de grau mitj\u00e0 o un cicle formatiu de grau superior<\/span><\/li>\n<\/ul>\n<p style=\"padding-left: 40px;\"><a href=\"https:\/\/drive.google.com\/file\/d\/1F_ZHZ0KjfRqrlFjPKQpAmnN_iu8v3A7J\/view?usp=share_link\">Normativa<\/a><\/p>\n<p style=\"padding-left: 40px;\"><a href=\"https:\/\/drive.google.com\/file\/d\/1vyYOQb_0Pdt9ijRnF2Ruom2cR484menq\/view?usp=share_link\">Sol\u00b7licitud<\/a><\/p>\n<p>&nbsp;<\/p>\n<p>&nbsp;<\/p>\n<p>&nbsp;<\/p>\n","protected":false},"excerpt":{"rendered":"<p>M\u00fasica<br \/>\n<a href=\"https:\/\/drive.google.com\/file\/d\/1gmZROrN7MeGhIDuzC-phT4LPdacjk6zN\/view?usp=share_link\">Normativa<\/a><br \/>\n<a href=\"https:\/\/drive.google.com\/file\/d\/1wrjETFY4SfLWrs86SSxuFI1HX17qs6Ja\/view?usp=share_link\">Sol\u00b7licitud ESO<\/a><br \/>\n<a href=\"https:\/\/drive.google.com\/file\/d\/1gmoRJ1WncZm8Ey6V154WWtxicLEbFbFT\/view?usp=share_link\">Sol\u00b7licitud Batxillerat Conservatori<\/a><br \/>\n<a href=\"https:\/\/drive.google.com\/file\/d\/1BZ_H5n2i9oXevrPNwzxrCiTnM1Bx3ajv\/view?usp=share_link\">Sol\u00b7licitud Batxillerat Escola Autoritzada<\/a><br \/>\n&nbsp;<\/p>\n<p>Esport<br \/>\n<a href=\"https:\/\/drive.google.com\/file\/d\/1Z7B9gmx3l_e0YLAQOwMN4aJlkFVTdkk0\/view?usp=share_link\">Normativa<\/a><br \/>\n<a href=\"https:\/\/drive.google.com\/file\/d\/1kbVSM2WhZBzpUSlgU3SawJZljb8y6ZpU\/view?usp=share_link\">Sol\u00b7licitud ESO<\/a><br \/>\n<a href=\"https:\/\/drive.google.com\/file\/d\/1xP95NaSAiZWV_rZ8qfrtBNXvD_3ewDqa\/view?usp=share_link\">Sol\u00b7licitud Batxillerat<\/a><br \/>\n&nbsp;<\/p>\n<p>Dansa<br \/>\n<a href=\"https:\/\/drive.google.com\/file\/d\/1N4QInOdVg7Ns4FkhN4k6qITWeUMqvTLK\/view?usp=share_link\">Normativa<\/a><br \/>\n<a href=\"https:\/\/drive.google.com\/file\/d\/1nuplGaadfNpIdfW2DHyqHPDAp2YeOkV-\/view?usp=share_link\">Sol\u00b7licitud ESO<\/a><br \/>\n<a href=\"https:\/\/drive.google.com\/file\/d\/1xBQ6labfBFdCtsmElnCQ3O3uZLeVh9kA\/view?usp=share_link\">Sol\u00b7licitud Batxillerat Conservatori<\/a><br \/>\n<a href=\"https:\/\/drive.google.com\/file\/d\/1Wcch33mLG_lCvp-W1JXK_LHKdjGqL17z\/view?usp=share_link\">Sol\u00b7licitud Batxillerat Escola Autoritzada<\/a><br \/>\n&nbsp;<\/p>\n<p>&nbsp;<br \/>\nLa sol\u00b7licitud per poder convalidar s&#8217;ha de presentar abans que acabi el primer trimestre del curs.<\/p>\n<ul>\n<li>M\u00fasica<\/li>\n<\/ul>\n<p><a href=\"https:\/\/drive.google.com\/file\/d\/1gmZROrN7MeGhIDuzC-phT4LPdacjk6zN\/view?usp=share_link\">Normativa<\/a><br \/>\n<a href=\"https:\/\/drive.google.com\/file\/d\/1wrjETFY4SfLWrs86SSxuFI1HX17qs6Ja\/view?usp=share_link\">Sol\u00b7licitud ESO<\/a><br \/>\n<a href=\"https:\/\/drive.google.com\/file\/d\/1gmoRJ1WncZm8Ey6V154WWtxicLEbFbFT\/view?usp=share_link\">Sol\u00b7licitud&hellip;  <a href=\"https:\/\/agora.xtec.cat\/iesdecelra\/secretaria-2\/convalidacions\/\" title=\"Read Convalidacions\">Llegeix m\u00e9s\u00bb<\/a><\/p>\n","protected":false},"author":1,"featured_media":0,"parent":740,"menu_order":8,"comment_status":"closed","ping_status":"closed","template":"page-templates\/side-menu.php","meta":{"_bbp_topic_count":0,"_bbp_reply_count":0,"_bbp_total_topic_count":0,"_bbp_total_reply_count":0,"_bbp_voice_count":0,"_bbp_anonymous_reply_count":0,"_bbp_topic_count_hidden":0,"_bbp_reply_count_hidden":0,"_bbp_forum_subforum_count":0,"footnotes":""},"class_list":["post-553","page","type-page","status-publish","hentry"],"post_mailing_queue_ids":[],"_links":{"self":[{"href":"https:\/\/agora.xtec.cat\/iesdecelra\/wp-json\/wp\/v2\/pages\/553","targetHints":{"allow":["GET"]}}],"collection":[{"href":"https:\/\/agora.xtec.cat\/iesdecelra\/wp-json\/wp\/v2\/pages"}],"about":[{"href":"https:\/\/agora.xtec.cat\/iesdecelra\/wp-json\/wp\/v2\/types\/page"}],"author":[{"embeddable":true,"href":"https:\/\/agora.xtec.cat\/iesdecelra\/wp-json\/wp\/v2\/users\/1"}],"replies":[{"embeddable":true,"href":"https:\/\/agora.xtec.cat\/iesdecelra\/wp-json\/wp\/v2\/comments?post=553"}],"version-history":[{"count":6,"href":"https:\/\/agora.xtec.cat\/iesdecelra\/wp-json\/wp\/v2\/pages\/553\/revisions"}],"predecessor-version":[{"id":9827,"href":"https:\/\/agora.xtec.cat\/iesdecelra\/wp-json\/wp\/v2\/pages\/553\/revisions\/9827"}],"up":[{"embeddable":true,"href":"https:\/\/agora.xtec.cat\/iesdecelra\/wp-json\/wp\/v2\/pages\/740"}],"wp:attachment":[{"href":"https:\/\/agora.xtec.cat\/iesdecelra\/wp-json\/wp\/v2\/media?parent=553"}],"curies":[{"name":"wp","href":"https:\/\/api.w.org\/{rel}","templated":true}]}}