{"id":12830,"date":"2025-09-08T19:15:54","date_gmt":"2025-09-08T17:15:54","guid":{"rendered":"https:\/\/agora.xtec.cat\/iesdecelra\/?page_id=12830"},"modified":"2025-09-24T11:35:09","modified_gmt":"2025-09-24T09:35:09","slug":"descarrega","status":"publish","type":"page","link":"https:\/\/agora.xtec.cat\/iesdecelra\/families\/ieducatokapp\/descarrega\/","title":{"rendered":"Descarregar l&#8217;aplicaci\u00f3"},"content":{"rendered":"<p>Us heu de descarregar l&#8217;aplicaci\u00f3 <strong>iEduca Tokapp<\/strong> (no confondre ni amb TokApp School ni amb TokApp). La podreu trobar tant per Android com per iOS als seg\u00fcents enlla\u00e7os:<\/p>\n<table style=\"height: 64px; width: 100%; border: none;\">\n<tbody>\n<tr style=\"height: 32px;\">\n<td style=\"width: 50%; height: 32px; text-align: center; border-style: none;\"><img loading=\"lazy\" decoding=\"async\" class=\"aligncenter wp-image-12888\" src=\"https:\/\/agora.xtec.cat\/iesdecelra\/wp-content\/uploads\/usu1789\/2025\/09\/iphoneQR.png\" alt=\"\" width=\"250\" height=\"250\" srcset=\"https:\/\/agora.xtec.cat\/iesdecelra\/wp-content\/uploads\/usu1789\/2025\/09\/iphoneQR.png 556w, https:\/\/agora.xtec.cat\/iesdecelra\/wp-content\/uploads\/usu1789\/2025\/09\/iphoneQR-300x300.png 300w, https:\/\/agora.xtec.cat\/iesdecelra\/wp-content\/uploads\/usu1789\/2025\/09\/iphoneQR-150x150.png 150w\" sizes=\"auto, (max-width: 250px) 100vw, 250px\" \/><\/td>\n<td style=\"width: 50%; height: 32px; border-style: none;\"><img loading=\"lazy\" decoding=\"async\" class=\"aligncenter wp-image-12889\" src=\"https:\/\/agora.xtec.cat\/iesdecelra\/wp-content\/uploads\/usu1789\/2025\/09\/androidQR.png\" alt=\"\" width=\"250\" height=\"250\" srcset=\"https:\/\/agora.xtec.cat\/iesdecelra\/wp-content\/uploads\/usu1789\/2025\/09\/androidQR.png 556w, https:\/\/agora.xtec.cat\/iesdecelra\/wp-content\/uploads\/usu1789\/2025\/09\/androidQR-300x300.png 300w, https:\/\/agora.xtec.cat\/iesdecelra\/wp-content\/uploads\/usu1789\/2025\/09\/androidQR-150x150.png 150w\" sizes=\"auto, (max-width: 250px) 100vw, 250px\" \/><\/td>\n<\/tr>\n<tr style=\"height: 32px;\">\n<td style=\"width: 50%; height: 32px; border-style: none; background: white; text-align: center;\"><span style=\"font-size: 12pt;\"><a href=\"https:\/\/apps.apple.com\/es\/app\/ieduca-tokapp\/id1082664178?l=ca\">\ud83d\udd17<\/a><a href=\"https:\/\/apps.apple.com\/es\/app\/ieduca-tokapp\/id1082664178?l=ca\"> iOS (Apple Store)<\/a><\/span><\/td>\n<td style=\"width: 50%; height: 32px; border-style: none; background: white; text-align: center;\"><span style=\"font-size: 12pt;\"><a href=\"https:\/\/apps.apple.com\/es\/app\/ieduca-tokapp\/id1082664178?l=ca\">\ud83d\udd17<\/a><a href=\"https:\/\/play.google.com\/store\/apps\/details?id=com.MultiExpo.ieduca&amp;pcampaignid=web_share\"> Android (Google Play)<\/a><\/span><\/td>\n<\/tr>\n<\/tbody>\n<\/table>\n<p style=\"text-align: center;\"><img loading=\"lazy\" decoding=\"async\" class=\"aligncenter wp-image-12883\" src=\"https:\/\/agora.xtec.cat\/iesdecelra\/wp-content\/uploads\/usu1789\/2025\/09\/IMG_8720-2.jpeg\" alt=\"\" width=\"351\" height=\"99\" srcset=\"https:\/\/agora.xtec.cat\/iesdecelra\/wp-content\/uploads\/usu1789\/2025\/09\/IMG_8720-2.jpeg 780w, https:\/\/agora.xtec.cat\/iesdecelra\/wp-content\/uploads\/usu1789\/2025\/09\/IMG_8720-2-300x85.jpeg 300w, https:\/\/agora.xtec.cat\/iesdecelra\/wp-content\/uploads\/usu1789\/2025\/09\/IMG_8720-2-768x217.jpeg 768w\" sizes=\"auto, (max-width: 351px) 100vw, 351px\" \/> <img loading=\"lazy\" decoding=\"async\" class=\"aligncenter wp-image-12881\" src=\"https:\/\/agora.xtec.cat\/iesdecelra\/wp-content\/uploads\/usu1789\/2025\/09\/IMG_8719-2.jpeg\" alt=\"\" width=\"351\" height=\"99\" srcset=\"https:\/\/agora.xtec.cat\/iesdecelra\/wp-content\/uploads\/usu1789\/2025\/09\/IMG_8719-2.jpeg 780w, https:\/\/agora.xtec.cat\/iesdecelra\/wp-content\/uploads\/usu1789\/2025\/09\/IMG_8719-2-300x85.jpeg 300w, https:\/\/agora.xtec.cat\/iesdecelra\/wp-content\/uploads\/usu1789\/2025\/09\/IMG_8719-2-768x217.jpeg 768w\" sizes=\"auto, (max-width: 351px) 100vw, 351px\" \/><img loading=\"lazy\" decoding=\"async\" class=\"aligncenter wp-image-12882\" src=\"https:\/\/agora.xtec.cat\/iesdecelra\/wp-content\/uploads\/usu1789\/2025\/09\/IMG_8719-3.jpeg\" alt=\"\" width=\"351\" height=\"99\" srcset=\"https:\/\/agora.xtec.cat\/iesdecelra\/wp-content\/uploads\/usu1789\/2025\/09\/IMG_8719-3.jpeg 780w, https:\/\/agora.xtec.cat\/iesdecelra\/wp-content\/uploads\/usu1789\/2025\/09\/IMG_8719-3-300x85.jpeg 300w, https:\/\/agora.xtec.cat\/iesdecelra\/wp-content\/uploads\/usu1789\/2025\/09\/IMG_8719-3-768x217.jpeg 768w\" sizes=\"auto, (max-width: 351px) 100vw, 351px\" \/><\/p>\n<p><span style=\"font-size: 14pt;\"><strong>USUARI I CONTRASENYA<\/strong><\/span><\/p>\n<p>Durant les primeres setmanes d\u2019estada a l\u2019institut, cada progenitor rebr\u00e0 al correu electr\u00f2nic un nom d\u2019usuari i una contrasenya per poder accedir a iEduca &#8211; TokApp. Aquestes dades li serviran\u00a0<b>per a tots els fills<\/b>\u00a0que tingui a l\u2019institut i\u00a0<b>durant tots els anys<\/b> d\u2019escolaritzaci\u00f3 que passin al centre.<\/p>\n<p><span style=\"font-weight: 400;\">A l&#8217;aplicaci\u00f3, heu d&#8217;iniciar sessi\u00f3 buscant el centre &#8220;<strong>Instit<\/strong><\/span><strong style=\"font-family: inherit; font-size: 1em;\">ut de Celr\u00e0<\/strong><span style=\"font-family: inherit; font-size: 1em;\">&#8221; i amb el vostre <\/span><strong style=\"font-family: inherit; font-size: 1em;\">usuari<\/strong><span style=\"font-family: inherit; font-size: 1em;\"> i <\/span><strong style=\"font-family: inherit; font-size: 1em;\">contrasenya.<\/strong><\/p>\n","protected":false},"excerpt":{"rendered":"<p>Us heu de descarregar l&#8217;aplicaci\u00f3 iEduca Tokapp (no confondre ni amb TokApp School ni amb TokApp). La podreu trobar tant per Android com per iOS als seg\u00fcents enlla\u00e7os:<\/p>\n<p><a href=\"https:\/\/apps.apple.com\/es\/app\/ieduca-tokapp\/id1082664178?l=ca\">\ud83d\udd17<\/a><a href=\"https:\/\/apps.apple.com\/es\/app\/ieduca-tokapp\/id1082664178?l=ca\"> iOS (Apple Store)<\/a><br \/>\n<a href=\"https:\/\/apps.apple.com\/es\/app\/ieduca-tokapp\/id1082664178?l=ca\">\ud83d\udd17<\/a><a href=\"https:\/\/play.google.com\/store\/apps\/details?id=com.MultiExpo.ieduca&amp;pcampaignid=web_share\"> Android (Google Play)<\/a><\/p>\n<p>USUARI I CONTRASENYA<br \/>\nDurant les primeres setmanes d\u2019estada&hellip;  <a href=\"https:\/\/agora.xtec.cat\/iesdecelra\/families\/ieducatokapp\/descarrega\/\" title=\"Read Descarregar l&#8217;aplicaci\u00f3\">Llegeix m\u00e9s\u00bb<\/a><\/p>\n","protected":false},"author":1,"featured_media":0,"parent":2588,"menu_order":1,"comment_status":"closed","ping_status":"closed","template":"page-templates\/side-menu.php","meta":{"_bbp_topic_count":0,"_bbp_reply_count":0,"_bbp_total_topic_count":0,"_bbp_total_reply_count":0,"_bbp_voice_count":0,"_bbp_anonymous_reply_count":0,"_bbp_topic_count_hidden":0,"_bbp_reply_count_hidden":0,"_bbp_forum_subforum_count":0,"footnotes":""},"class_list":["post-12830","page","type-page","status-publish","hentry"],"post_mailing_queue_ids":[],"_links":{"self":[{"href":"https:\/\/agora.xtec.cat\/iesdecelra\/wp-json\/wp\/v2\/pages\/12830","targetHints":{"allow":["GET"]}}],"collection":[{"href":"https:\/\/agora.xtec.cat\/iesdecelra\/wp-json\/wp\/v2\/pages"}],"about":[{"href":"https:\/\/agora.xtec.cat\/iesdecelra\/wp-json\/wp\/v2\/types\/page"}],"author":[{"embeddable":true,"href":"https:\/\/agora.xtec.cat\/iesdecelra\/wp-json\/wp\/v2\/users\/1"}],"replies":[{"embeddable":true,"href":"https:\/\/agora.xtec.cat\/iesdecelra\/wp-json\/wp\/v2\/comments?post=12830"}],"version-history":[{"count":6,"href":"https:\/\/agora.xtec.cat\/iesdecelra\/wp-json\/wp\/v2\/pages\/12830\/revisions"}],"predecessor-version":[{"id":12950,"href":"https:\/\/agora.xtec.cat\/iesdecelra\/wp-json\/wp\/v2\/pages\/12830\/revisions\/12950"}],"up":[{"embeddable":true,"href":"https:\/\/agora.xtec.cat\/iesdecelra\/wp-json\/wp\/v2\/pages\/2588"}],"wp:attachment":[{"href":"https:\/\/agora.xtec.cat\/iesdecelra\/wp-json\/wp\/v2\/media?parent=12830"}],"curies":[{"name":"wp","href":"https:\/\/api.w.org\/{rel}","templated":true}]}}