{"id":12733,"date":"2025-07-15T09:48:18","date_gmt":"2025-07-15T07:48:18","guid":{"rendered":"https:\/\/agora.xtec.cat\/iesdecelra\/?page_id=12733"},"modified":"2025-07-18T13:33:24","modified_gmt":"2025-07-18T11:33:24","slug":"unportal","status":"publish","type":"page","link":"https:\/\/agora.xtec.cat\/iesdecelra\/families\/ampa\/unportal\/","title":{"rendered":"UnPortal"},"content":{"rendered":"<p style=\"text-align: justify;\"><span style=\"font-weight: 400;\">Des del curs 2019-2020, des de l\u2019AFA de l\u2019Institut de Celr\u00e0, es va creure convenint que el centre dispos\u00e9s d\u2019un recurs de suport a l\u2019orientaci\u00f3 adre\u00e7at als alumnes de 4t d\u2019ESO i Batxillerat, i a les seves fam\u00edlies, de cara a fer la tria d\u2019estudis universitaris (graus i m\u00e0sters) i de cicles de grau mitj\u00e0 i superior. <\/span><span style=\"font-weight: 400;\">\u00c9s per aquest motiu que cada any es contracta els serveis del web <\/span><b>www.unportal.cat<\/b>,<span style=\"font-weight: 400;\"> una eina que concentra la informaci\u00f3 disponible, permanentment actualitzada, sobre els prop de 700 t\u00edtols universitaris i els m\u00e9s de 250 ensenyaments professionals impartits a Catalunya.<\/span><\/p>\n","protected":false},"excerpt":{"rendered":"<p>Des del curs 2019-2020, des de l\u2019AFA de l\u2019Institut de Celr\u00e0, es va creure convenint que el centre dispos\u00e9s d\u2019un recurs de suport a l\u2019orientaci\u00f3 adre\u00e7at als alumnes de 4t d\u2019ESO i Batxillerat, i a les seves fam\u00edlies, de cara a fer la tria d\u2019estudis&hellip;  <a href=\"https:\/\/agora.xtec.cat\/iesdecelra\/families\/ampa\/unportal\/\" title=\"Read UnPortal\">Llegeix m\u00e9s\u00bb<\/a><\/p>\n","protected":false},"author":1,"featured_media":0,"parent":946,"menu_order":60,"comment_status":"closed","ping_status":"closed","template":"page-templates\/side-menu.php","meta":{"_bbp_topic_count":0,"_bbp_reply_count":0,"_bbp_total_topic_count":0,"_bbp_total_reply_count":0,"_bbp_voice_count":0,"_bbp_anonymous_reply_count":0,"_bbp_topic_count_hidden":0,"_bbp_reply_count_hidden":0,"_bbp_forum_subforum_count":0,"footnotes":""},"class_list":["post-12733","page","type-page","status-publish","hentry"],"post_mailing_queue_ids":[],"_links":{"self":[{"href":"https:\/\/agora.xtec.cat\/iesdecelra\/wp-json\/wp\/v2\/pages\/12733","targetHints":{"allow":["GET"]}}],"collection":[{"href":"https:\/\/agora.xtec.cat\/iesdecelra\/wp-json\/wp\/v2\/pages"}],"about":[{"href":"https:\/\/agora.xtec.cat\/iesdecelra\/wp-json\/wp\/v2\/types\/page"}],"author":[{"embeddable":true,"href":"https:\/\/agora.xtec.cat\/iesdecelra\/wp-json\/wp\/v2\/users\/1"}],"replies":[{"embeddable":true,"href":"https:\/\/agora.xtec.cat\/iesdecelra\/wp-json\/wp\/v2\/comments?post=12733"}],"version-history":[{"count":6,"href":"https:\/\/agora.xtec.cat\/iesdecelra\/wp-json\/wp\/v2\/pages\/12733\/revisions"}],"predecessor-version":[{"id":12821,"href":"https:\/\/agora.xtec.cat\/iesdecelra\/wp-json\/wp\/v2\/pages\/12733\/revisions\/12821"}],"up":[{"embeddable":true,"href":"https:\/\/agora.xtec.cat\/iesdecelra\/wp-json\/wp\/v2\/pages\/946"}],"wp:attachment":[{"href":"https:\/\/agora.xtec.cat\/iesdecelra\/wp-json\/wp\/v2\/media?parent=12733"}],"curies":[{"name":"wp","href":"https:\/\/api.w.org\/{rel}","templated":true}]}}